
{"id":34125,"date":"2025-04-01T11:53:53","date_gmt":"2025-04-01T10:53:53","guid":{"rendered":"https:\/\/www.dfi-geisler.com\/?post_type=product&#038;p=34125"},"modified":"2026-02-02T09:10:25","modified_gmt":"2026-02-02T08:10:25","slug":"universal-s-vandlaas","status":"publish","type":"product","link":"https:\/\/www.dfi-geisler.com\/sv\/produkt\/universal-s-vandlaas\/","title":{"rendered":"Universal vattenl\u00e5s"},"content":{"rendered":"Universal S-trap i ljusgr\u00e5 plast, f\u00f6r diskb\u00e4nkar med 1 tv\u00e4ttst\u00e4ll. 50 mm v\u00e4gg-\/golvanslutning.","protected":false},"excerpt":{"rendered":"<p>Universal S-trap i ljusgr\u00e5 plast, f\u00f6r diskb\u00e4nkar med 1 tv\u00e4ttst\u00e4ll. 50 mm v\u00e4gg-\/golvanslutning.<\/p>\n","protected":false},"featured_media":34266,"template":"","meta":{"_monsterinsights_skip_tracking":false,"_monsterinsights_sitenote_active":false,"_monsterinsights_sitenote_note":"","_monsterinsights_sitenote_category":0},"product_brand":[],"product_cat":[329,336],"product_tag":[],"class_list":{"0":"post-34125","1":"product","2":"type-product","3":"status-publish","4":"has-post-thumbnail","6":"product_cat-tilbehoer","7":"product_cat-vandlaase","9":"first","10":"instock","11":"taxable","12":"shipping-taxable","13":"purchasable","14":"product-type-simple"},"aioseo_notices":[],"_links":{"self":[{"href":"https:\/\/www.dfi-geisler.com\/sv\/wp-json\/wp\/v2\/product\/34125","targetHints":{"allow":["GET"]}}],"collection":[{"href":"https:\/\/www.dfi-geisler.com\/sv\/wp-json\/wp\/v2\/product"}],"about":[{"href":"https:\/\/www.dfi-geisler.com\/sv\/wp-json\/wp\/v2\/types\/product"}],"version-history":[{"count":2,"href":"https:\/\/www.dfi-geisler.com\/sv\/wp-json\/wp\/v2\/product\/34125\/revisions"}],"predecessor-version":[{"id":34282,"href":"https:\/\/www.dfi-geisler.com\/sv\/wp-json\/wp\/v2\/product\/34125\/revisions\/34282"}],"wp:featuredmedia":[{"embeddable":true,"href":"https:\/\/www.dfi-geisler.com\/sv\/wp-json\/wp\/v2\/media\/34266"}],"wp:attachment":[{"href":"https:\/\/www.dfi-geisler.com\/sv\/wp-json\/wp\/v2\/media?parent=34125"}],"wp:term":[{"taxonomy":"product_brand","embeddable":true,"href":"https:\/\/www.dfi-geisler.com\/sv\/wp-json\/wp\/v2\/product_brand?post=34125"},{"taxonomy":"product_cat","embeddable":true,"href":"https:\/\/www.dfi-geisler.com\/sv\/wp-json\/wp\/v2\/product_cat?post=34125"},{"taxonomy":"product_tag","embeddable":true,"href":"https:\/\/www.dfi-geisler.com\/sv\/wp-json\/wp\/v2\/product_tag?post=34125"}],"curies":[{"name":"wp","href":"https:\/\/api.w.org\/{rel}","templated":true}]}}