
{"id":34104,"date":"2025-04-01T11:32:33","date_gmt":"2025-04-01T10:32:33","guid":{"rendered":"https:\/\/www.dfi-geisler.com\/?post_type=product&#038;p=34104"},"modified":"2026-02-02T09:12:46","modified_gmt":"2026-02-02T08:12:46","slug":"understoetningsliste-fleksibel-1000-mm-hvid","status":"publish","type":"product","link":"https:\/\/www.dfi-geisler.com\/sv\/produkt\/understoetningsliste-fleksibel-1000-mm-hvid\/","title":{"rendered":"Underst\u00f6ttnings- liste, flexibel. 1000 mm Vit"},"content":{"rendered":"Hvitlackerad st\u00e5lprofil. 1000 mm. Kan kortas av.","protected":false},"excerpt":{"rendered":"<p>Hvitlackerad st\u00e5lprofil. 1000 mm. Kan kortas av.<\/p>\n","protected":false},"featured_media":34238,"template":"","meta":{"_monsterinsights_skip_tracking":false,"_monsterinsights_sitenote_active":false,"_monsterinsights_sitenote_note":"","_monsterinsights_sitenote_category":0},"product_brand":[],"product_cat":[329,335],"product_tag":[],"class_list":{"0":"post-34104","1":"product","2":"type-product","3":"status-publish","4":"has-post-thumbnail","6":"product_cat-tilbehoer","7":"product_cat-understoetningslister","9":"first","10":"instock","11":"taxable","12":"shipping-taxable","13":"purchasable","14":"product-type-simple"},"aioseo_notices":[],"_links":{"self":[{"href":"https:\/\/www.dfi-geisler.com\/sv\/wp-json\/wp\/v2\/product\/34104","targetHints":{"allow":["GET"]}}],"collection":[{"href":"https:\/\/www.dfi-geisler.com\/sv\/wp-json\/wp\/v2\/product"}],"about":[{"href":"https:\/\/www.dfi-geisler.com\/sv\/wp-json\/wp\/v2\/types\/product"}],"version-history":[{"count":4,"href":"https:\/\/www.dfi-geisler.com\/sv\/wp-json\/wp\/v2\/product\/34104\/revisions"}],"predecessor-version":[{"id":38340,"href":"https:\/\/www.dfi-geisler.com\/sv\/wp-json\/wp\/v2\/product\/34104\/revisions\/38340"}],"wp:featuredmedia":[{"embeddable":true,"href":"https:\/\/www.dfi-geisler.com\/sv\/wp-json\/wp\/v2\/media\/34238"}],"wp:attachment":[{"href":"https:\/\/www.dfi-geisler.com\/sv\/wp-json\/wp\/v2\/media?parent=34104"}],"wp:term":[{"taxonomy":"product_brand","embeddable":true,"href":"https:\/\/www.dfi-geisler.com\/sv\/wp-json\/wp\/v2\/product_brand?post=34104"},{"taxonomy":"product_cat","embeddable":true,"href":"https:\/\/www.dfi-geisler.com\/sv\/wp-json\/wp\/v2\/product_cat?post=34104"},{"taxonomy":"product_tag","embeddable":true,"href":"https:\/\/www.dfi-geisler.com\/sv\/wp-json\/wp\/v2\/product_tag?post=34104"}],"curies":[{"name":"wp","href":"https:\/\/api.w.org\/{rel}","templated":true}]}}