
{"id":34076,"date":"2025-04-01T10:55:12","date_gmt":"2025-04-01T09:55:12","guid":{"rendered":"https:\/\/www.dfi-geisler.com\/?post_type=product&#038;p=34076"},"modified":"2026-02-02T09:19:55","modified_gmt":"2026-02-02T08:19:55","slug":"afloebssaet-infino-mat-sort-blanco","status":"publish","type":"product","link":"https:\/\/www.dfi-geisler.com\/sv\/produkt\/afloebssaet-infino-mat-sort-blanco\/","title":{"rendered":"Korgventil Infino, Matt Svart. Blanco"},"content":{"rendered":"Avloppssats i rostfritt st\u00e5l med keramisk bel\u00e4ggning.\r\nL\u00e4mplig f\u00f6r: Blanco diskb\u00e4nkar med InFino\u00ae\/C-Overflov\u00ae avloppssats med 1 x 3,5&#8243; avlopp. T.ex. Subline och Etagon (Blanco Classimo undantaget)","protected":false},"excerpt":{"rendered":"<p>Avloppssats i rostfritt st\u00e5l med keramisk bel\u00e4ggning. L\u00e4mplig f\u00f6r: Blanco diskb\u00e4nkar med InFino\u00ae\/C-Overflov\u00ae avloppssats med 1 x 3,5&#8243; avlopp. T.ex. Subline och Etagon (Blanco Classimo undantaget)<\/p>\n","protected":false},"featured_media":34261,"template":"","meta":{"_monsterinsights_skip_tracking":false,"_monsterinsights_sitenote_active":false,"_monsterinsights_sitenote_note":"","_monsterinsights_sitenote_category":0},"product_brand":[],"product_cat":[332,329],"product_tag":[],"class_list":{"0":"post-34076","1":"product","2":"type-product","3":"status-publish","4":"has-post-thumbnail","6":"product_cat-blanco","7":"product_cat-tilbehoer","9":"first","10":"instock","11":"taxable","12":"shipping-taxable","13":"purchasable","14":"product-type-simple"},"aioseo_notices":[],"_links":{"self":[{"href":"https:\/\/www.dfi-geisler.com\/sv\/wp-json\/wp\/v2\/product\/34076","targetHints":{"allow":["GET"]}}],"collection":[{"href":"https:\/\/www.dfi-geisler.com\/sv\/wp-json\/wp\/v2\/product"}],"about":[{"href":"https:\/\/www.dfi-geisler.com\/sv\/wp-json\/wp\/v2\/types\/product"}],"version-history":[{"count":5,"href":"https:\/\/www.dfi-geisler.com\/sv\/wp-json\/wp\/v2\/product\/34076\/revisions"}],"predecessor-version":[{"id":34357,"href":"https:\/\/www.dfi-geisler.com\/sv\/wp-json\/wp\/v2\/product\/34076\/revisions\/34357"}],"wp:featuredmedia":[{"embeddable":true,"href":"https:\/\/www.dfi-geisler.com\/sv\/wp-json\/wp\/v2\/media\/34261"}],"wp:attachment":[{"href":"https:\/\/www.dfi-geisler.com\/sv\/wp-json\/wp\/v2\/media?parent=34076"}],"wp:term":[{"taxonomy":"product_brand","embeddable":true,"href":"https:\/\/www.dfi-geisler.com\/sv\/wp-json\/wp\/v2\/product_brand?post=34076"},{"taxonomy":"product_cat","embeddable":true,"href":"https:\/\/www.dfi-geisler.com\/sv\/wp-json\/wp\/v2\/product_cat?post=34076"},{"taxonomy":"product_tag","embeddable":true,"href":"https:\/\/www.dfi-geisler.com\/sv\/wp-json\/wp\/v2\/product_tag?post=34076"}],"curies":[{"name":"wp","href":"https:\/\/api.w.org\/{rel}","templated":true}]}}