
{"id":34070,"date":"2025-04-01T10:44:09","date_gmt":"2025-04-01T09:44:09","guid":{"rendered":"https:\/\/www.dfi-geisler.com\/?post_type=product&#038;p=34070"},"modified":"2026-02-02T09:20:47","modified_gmt":"2026-02-02T08:20:47","slug":"afloebssaet-antracit-franke","status":"publish","type":"product","link":"https:\/\/www.dfi-geisler.com\/sv\/produkt\/afloebssaet-antracit-franke\/","title":{"rendered":"Korgventil Antracit. Franke"},"content":{"rendered":"F-inox-belagd avloppssats i rostfrittst\u00e5l. Satsen best\u00e5r av en korgventil, t\u00e4ckbricka, t\u00e4ckplatta och br\u00e4ddavloppsventil inkl. r\u00f6rledning f\u00f6r denna.\r\nPassar till: MRG-diskhoar","protected":false},"excerpt":{"rendered":"<p>F-inox-belagd avloppssats i rostfrittst\u00e5l. Satsen best\u00e5r av en korgventil, t\u00e4ckbricka, t\u00e4ckplatta och br\u00e4ddavloppsventil inkl. r\u00f6rledning f\u00f6r denna. Passar till: MRG-diskhoar<\/p>\n","protected":false},"featured_media":34198,"template":"","meta":{"_monsterinsights_skip_tracking":false,"_monsterinsights_sitenote_active":false,"_monsterinsights_sitenote_note":"","_monsterinsights_sitenote_category":0},"product_brand":[],"product_cat":[331,329],"product_tag":[],"class_list":{"0":"post-34070","1":"product","2":"type-product","3":"status-publish","4":"has-post-thumbnail","6":"product_cat-franke","7":"product_cat-tilbehoer","9":"first","10":"instock","11":"taxable","12":"shipping-taxable","13":"purchasable","14":"product-type-simple"},"aioseo_notices":[],"_links":{"self":[{"href":"https:\/\/www.dfi-geisler.com\/sv\/wp-json\/wp\/v2\/product\/34070","targetHints":{"allow":["GET"]}}],"collection":[{"href":"https:\/\/www.dfi-geisler.com\/sv\/wp-json\/wp\/v2\/product"}],"about":[{"href":"https:\/\/www.dfi-geisler.com\/sv\/wp-json\/wp\/v2\/types\/product"}],"version-history":[{"count":6,"href":"https:\/\/www.dfi-geisler.com\/sv\/wp-json\/wp\/v2\/product\/34070\/revisions"}],"predecessor-version":[{"id":36724,"href":"https:\/\/www.dfi-geisler.com\/sv\/wp-json\/wp\/v2\/product\/34070\/revisions\/36724"}],"wp:featuredmedia":[{"embeddable":true,"href":"https:\/\/www.dfi-geisler.com\/sv\/wp-json\/wp\/v2\/media\/34198"}],"wp:attachment":[{"href":"https:\/\/www.dfi-geisler.com\/sv\/wp-json\/wp\/v2\/media?parent=34070"}],"wp:term":[{"taxonomy":"product_brand","embeddable":true,"href":"https:\/\/www.dfi-geisler.com\/sv\/wp-json\/wp\/v2\/product_brand?post=34070"},{"taxonomy":"product_cat","embeddable":true,"href":"https:\/\/www.dfi-geisler.com\/sv\/wp-json\/wp\/v2\/product_cat?post=34070"},{"taxonomy":"product_tag","embeddable":true,"href":"https:\/\/www.dfi-geisler.com\/sv\/wp-json\/wp\/v2\/product_tag?post=34070"}],"curies":[{"name":"wp","href":"https:\/\/api.w.org\/{rel}","templated":true}]}}