
{"id":29138,"date":"2024-01-16T10:43:32","date_gmt":"2024-01-16T09:43:32","guid":{"rendered":"https:\/\/www.dfi-geisler.com\/?post_type=product&#038;p=29138"},"modified":"2026-02-02T09:28:41","modified_gmt":"2026-02-02T08:28:41","slug":"wood-oil-dark-brown-250ml","status":"publish","type":"product","link":"https:\/\/www.dfi-geisler.com\/sv\/produkt\/wood-oil-dark-brown-250ml\/","title":{"rendered":"Wood Oil Dark Brown 250 ml"},"content":{"rendered":"DFI-GEISLER Wood Oil Dark Brown ger din b\u00e4nkskiva en vacker m\u00f6rkbrun f\u00e4rg och g\u00f6r din b\u00e4nkskiva mycket vatten- och smutsavvisande. Oljan kan anv\u00e4ndas p\u00e5 obehandlade tr\u00e4b\u00e4nkskivor eller p\u00e5 b\u00e4nkskivor som tidigare behandlats med m\u00f6rkbrun olja.\r\nK\u00f6p 1 st.","protected":false},"excerpt":{"rendered":"<p>DFI-GEISLER Wood Oil Dark Brown ger din b\u00e4nkskiva en vacker m\u00f6rkbrun f\u00e4rg och g\u00f6r din b\u00e4nkskiva mycket vatten- och smutsavvisande. Oljan kan anv\u00e4ndas p\u00e5 obehandlade tr\u00e4b\u00e4nkskivor<\/p>\n","protected":false},"featured_media":29165,"template":"","meta":{"_monsterinsights_skip_tracking":false,"_monsterinsights_sitenote_active":false,"_monsterinsights_sitenote_note":"","_monsterinsights_sitenote_category":0},"product_brand":[],"product_cat":[251,255],"product_tag":[],"class_list":{"0":"post-29138","1":"product","2":"type-product","3":"status-publish","4":"has-post-thumbnail","6":"product_cat-bordbehandling","7":"product_cat-massivtrae-bordbehandling","9":"first","10":"instock","11":"taxable","12":"shipping-taxable","13":"purchasable","14":"product-type-simple"},"aioseo_notices":[],"_links":{"self":[{"href":"https:\/\/www.dfi-geisler.com\/sv\/wp-json\/wp\/v2\/product\/29138","targetHints":{"allow":["GET"]}}],"collection":[{"href":"https:\/\/www.dfi-geisler.com\/sv\/wp-json\/wp\/v2\/product"}],"about":[{"href":"https:\/\/www.dfi-geisler.com\/sv\/wp-json\/wp\/v2\/types\/product"}],"version-history":[{"count":1,"href":"https:\/\/www.dfi-geisler.com\/sv\/wp-json\/wp\/v2\/product\/29138\/revisions"}],"predecessor-version":[{"id":38412,"href":"https:\/\/www.dfi-geisler.com\/sv\/wp-json\/wp\/v2\/product\/29138\/revisions\/38412"}],"wp:featuredmedia":[{"embeddable":true,"href":"https:\/\/www.dfi-geisler.com\/sv\/wp-json\/wp\/v2\/media\/29165"}],"wp:attachment":[{"href":"https:\/\/www.dfi-geisler.com\/sv\/wp-json\/wp\/v2\/media?parent=29138"}],"wp:term":[{"taxonomy":"product_brand","embeddable":true,"href":"https:\/\/www.dfi-geisler.com\/sv\/wp-json\/wp\/v2\/product_brand?post=29138"},{"taxonomy":"product_cat","embeddable":true,"href":"https:\/\/www.dfi-geisler.com\/sv\/wp-json\/wp\/v2\/product_cat?post=29138"},{"taxonomy":"product_tag","embeddable":true,"href":"https:\/\/www.dfi-geisler.com\/sv\/wp-json\/wp\/v2\/product_tag?post=29138"}],"curies":[{"name":"wp","href":"https:\/\/api.w.org\/{rel}","templated":true}]}}