
{"id":28904,"date":"2024-01-08T09:42:45","date_gmt":"2024-01-08T08:42:45","guid":{"rendered":"https:\/\/www.dfi-geisler.com\/?post_type=product&#038;p=28904"},"modified":"2026-02-02T09:29:14","modified_gmt":"2026-02-02T08:29:14","slug":"fila-mp90-xtreme","status":"publish","type":"product","link":"https:\/\/www.dfi-geisler.com\/sv\/produkt\/fila-mp90-xtreme\/","title":{"rendered":"FILA MP90 ECO XTREME"},"content":{"rendered":"<strong>FILA MP90 ECO XTREME impregneringsinstruktioner f\u00f6r MAT-yta:<\/strong>\r\n<ul>\r\n \t<li>Se till att ytan \u00e4r ren och torr &#8211; anv\u00e4nd Surface Cleaner f\u00f6r reng\u00f6ring vid behov. K\u00f6p det fr\u00e5n din \u00e5terf\u00f6rs\u00e4ljare eller h\u00e4r p\u00e5 shoppen.<\/li>\r\n \t<li>Skaka flaskan.<\/li>\r\n \t<li>Applicera MP90 ECO XTREME j\u00e4mnt och kontinuerligt med en borste eller polerull. Avl\u00e4gsna \u00f6verfl\u00f6dig impregneringsv\u00e4tska med en ren, torr och luddfri trasa innan produkten torkar.<\/li>\r\n \t<li>Om absorptionen \u00e4r h\u00f6g kan behandlingen upprepas efter 20 minuter.<\/li>\r\n \t<li>B\u00e4nkskivan kan anv\u00e4ndas efter 2 timmar. Det vatten- och oljeavvisande skyddet \u00e4r aktivt efter 24 timmar.<\/li>\r\n<\/ul>\r\n&nbsp;\r\n\r\n<strong>FILA MP90 ECO XTREME impregneringsinstruktioner f\u00f6r polerade ytor:<\/strong>\r\n<ul>\r\n \t<li>Se till att ytan \u00e4r ren och torr &#8211; anv\u00e4nd Surface Cleaner f\u00f6r reng\u00f6ring om det beh\u00f6vs.<\/li>\r\n \t<li>Skaka flaskan.<\/li>\r\n \t<li>Applicera MP90 ECO XTREME j\u00e4mnt och kontinuerligt med pensel eller roller.<\/li>\r\n \t<li>Massera in impregneringsv\u00e4tskan i ytan med en mikrofiberduk som fuktats med MP90.<\/li>\r\n \t<li>Torka av b\u00e4nkskivan med en ren och torr mikrofiberduk.<\/li>\r\n \t<li>Om absorptionen \u00e4r h\u00f6g kan behandlingen upprepas efter 20 minuter.<\/li>\r\n \t<li>B\u00e4nkskivan kan anv\u00e4ndas redan efter 2 timmar. Det vatten- och oljeavvisande skyddet \u00e4r aktivt efter 24 timmar.<\/li>\r\n<\/ul>\r\n&nbsp;\r\n\r\n&nbsp;","protected":false},"excerpt":{"rendered":"<p>FILA MP90 ECO XTREME impregneringsinstruktioner f\u00f6r MAT-yta: Se till att ytan \u00e4r ren och torr &#8211; anv\u00e4nd Surface Cleaner f\u00f6r reng\u00f6ring vid behov. K\u00f6p det fr\u00e5n<\/p>\n","protected":false},"featured_media":28905,"template":"","meta":{"_monsterinsights_skip_tracking":false,"_monsterinsights_sitenote_active":false,"_monsterinsights_sitenote_note":"","_monsterinsights_sitenote_category":0},"product_brand":[],"product_cat":[251,270],"product_tag":[],"class_list":{"0":"post-28904","1":"product","2":"type-product","3":"status-publish","4":"has-post-thumbnail","6":"product_cat-bordbehandling","7":"product_cat-natursten-2","9":"first","10":"instock","11":"taxable","12":"shipping-taxable","13":"purchasable","14":"product-type-simple"},"aioseo_notices":[],"_links":{"self":[{"href":"https:\/\/www.dfi-geisler.com\/sv\/wp-json\/wp\/v2\/product\/28904","targetHints":{"allow":["GET"]}}],"collection":[{"href":"https:\/\/www.dfi-geisler.com\/sv\/wp-json\/wp\/v2\/product"}],"about":[{"href":"https:\/\/www.dfi-geisler.com\/sv\/wp-json\/wp\/v2\/types\/product"}],"version-history":[{"count":2,"href":"https:\/\/www.dfi-geisler.com\/sv\/wp-json\/wp\/v2\/product\/28904\/revisions"}],"predecessor-version":[{"id":38414,"href":"https:\/\/www.dfi-geisler.com\/sv\/wp-json\/wp\/v2\/product\/28904\/revisions\/38414"}],"wp:featuredmedia":[{"embeddable":true,"href":"https:\/\/www.dfi-geisler.com\/sv\/wp-json\/wp\/v2\/media\/28905"}],"wp:attachment":[{"href":"https:\/\/www.dfi-geisler.com\/sv\/wp-json\/wp\/v2\/media?parent=28904"}],"wp:term":[{"taxonomy":"product_brand","embeddable":true,"href":"https:\/\/www.dfi-geisler.com\/sv\/wp-json\/wp\/v2\/product_brand?post=28904"},{"taxonomy":"product_cat","embeddable":true,"href":"https:\/\/www.dfi-geisler.com\/sv\/wp-json\/wp\/v2\/product_cat?post=28904"},{"taxonomy":"product_tag","embeddable":true,"href":"https:\/\/www.dfi-geisler.com\/sv\/wp-json\/wp\/v2\/product_tag?post=28904"}],"curies":[{"name":"wp","href":"https:\/\/api.w.org\/{rel}","templated":true}]}}