
{"id":28126,"date":"2023-06-13T09:34:48","date_gmt":"2023-06-13T08:34:48","guid":{"rendered":"https:\/\/www.dfi-geisler.com\/?post_type=product&#038;p=28126"},"modified":"2025-01-31T14:10:22","modified_gmt":"2025-01-31T13:10:22","slug":"dfi-geisler-tapasbraet","status":"publish","type":"product","link":"https:\/\/www.dfi-geisler.com\/sv\/produkt\/dfi-geisler-tapasbraet\/","title":{"rendered":"DFI-Geisler Tapasbr\u00e4da"},"content":{"rendered":"20 mm CLT Ek, naturell olja\r\nM\u00e5tt: 570&#215;160 mm\r\n\r\nProdukten \u00e4r tillverkad av spill fr\u00e5n den dagliga produktionen av b\u00e4nkskivor.\r\n\r\nVi arbetar f\u00f6r att utnyttja alla resurser.\r\n\r\nProdukten \u00e4r d\u00e4rf\u00f6r skapad av material som tidigare skulle ha kunnat kasseras och kan d\u00e4rf\u00f6r inneh\u00e5lla mindre defekter.","protected":false},"excerpt":{"rendered":"<p>20 mm CLT Ek, naturell olja M\u00e5tt: 570&#215;160 mm Produkten \u00e4r tillverkad av spill fr\u00e5n den dagliga produktionen av b\u00e4nkskivor. Vi arbetar f\u00f6r att utnyttja alla<\/p>\n","protected":false},"featured_media":28413,"template":"","meta":{"_monsterinsights_skip_tracking":false,"_monsterinsights_sitenote_active":false,"_monsterinsights_sitenote_note":"","_monsterinsights_sitenote_category":0},"product_brand":[],"product_cat":[251],"product_tag":[],"class_list":{"0":"post-28126","1":"product","2":"type-product","3":"status-publish","4":"has-post-thumbnail","6":"product_cat-bordbehandling","8":"first","9":"instock","10":"sale","11":"taxable","12":"shipping-taxable","13":"purchasable","14":"product-type-simple"},"aioseo_notices":[],"_links":{"self":[{"href":"https:\/\/www.dfi-geisler.com\/sv\/wp-json\/wp\/v2\/product\/28126","targetHints":{"allow":["GET"]}}],"collection":[{"href":"https:\/\/www.dfi-geisler.com\/sv\/wp-json\/wp\/v2\/product"}],"about":[{"href":"https:\/\/www.dfi-geisler.com\/sv\/wp-json\/wp\/v2\/types\/product"}],"version-history":[{"count":3,"href":"https:\/\/www.dfi-geisler.com\/sv\/wp-json\/wp\/v2\/product\/28126\/revisions"}],"predecessor-version":[{"id":30730,"href":"https:\/\/www.dfi-geisler.com\/sv\/wp-json\/wp\/v2\/product\/28126\/revisions\/30730"}],"wp:featuredmedia":[{"embeddable":true,"href":"https:\/\/www.dfi-geisler.com\/sv\/wp-json\/wp\/v2\/media\/28413"}],"wp:attachment":[{"href":"https:\/\/www.dfi-geisler.com\/sv\/wp-json\/wp\/v2\/media?parent=28126"}],"wp:term":[{"taxonomy":"product_brand","embeddable":true,"href":"https:\/\/www.dfi-geisler.com\/sv\/wp-json\/wp\/v2\/product_brand?post=28126"},{"taxonomy":"product_cat","embeddable":true,"href":"https:\/\/www.dfi-geisler.com\/sv\/wp-json\/wp\/v2\/product_cat?post=28126"},{"taxonomy":"product_tag","embeddable":true,"href":"https:\/\/www.dfi-geisler.com\/sv\/wp-json\/wp\/v2\/product_tag?post=28126"}],"curies":[{"name":"wp","href":"https:\/\/api.w.org\/{rel}","templated":true}]}}