
{"id":24425,"date":"2021-09-07T12:30:39","date_gmt":"2021-09-07T11:30:39","guid":{"rendered":"https:\/\/www.dfi-geisler.com\/?post_type=product&#038;p=24425"},"modified":"2026-02-02T09:32:20","modified_gmt":"2026-02-02T08:32:20","slug":"light-brown-oil-250ml","status":"publish","type":"product","link":"https:\/\/www.dfi-geisler.com\/sv\/produkt\/light-brown-oil-250ml\/","title":{"rendered":"Wood Oil Light Brown 250 ml"},"content":{"rendered":"DFI-GEISLER Tr\u00e4olja Ljusbrun ger din b\u00e4nkskiva en vacker ljusbrun f\u00e4rg och g\u00f6r din b\u00e4nkskiva mycket vatten- och smutsavvisande. Oljan anv\u00e4nds p\u00e5 obehandlade tr\u00e4b\u00e4nkskivor eller p\u00e5 b\u00e4nkskivor som tidigare behandlats med ljusbrun olja.\r\nK\u00f6p 1 styck.","protected":false},"excerpt":{"rendered":"<p>DFI-GEISLER Tr\u00e4olja Ljusbrun ger din b\u00e4nkskiva en vacker ljusbrun f\u00e4rg och g\u00f6r din b\u00e4nkskiva mycket vatten- och smutsavvisande. Oljan anv\u00e4nds p\u00e5 obehandlade tr\u00e4b\u00e4nkskivor eller p\u00e5 b\u00e4nkskivor<\/p>\n","protected":false},"featured_media":24429,"template":"","meta":{"_monsterinsights_skip_tracking":false,"_monsterinsights_sitenote_active":false,"_monsterinsights_sitenote_note":"","_monsterinsights_sitenote_category":0},"product_brand":[],"product_cat":[255],"product_tag":[],"class_list":{"0":"post-24425","1":"product","2":"type-product","3":"status-publish","4":"has-post-thumbnail","6":"product_cat-massivtrae-bordbehandling","8":"first","9":"instock","10":"taxable","11":"shipping-taxable","12":"purchasable","13":"product-type-simple"},"aioseo_notices":[],"_links":{"self":[{"href":"https:\/\/www.dfi-geisler.com\/sv\/wp-json\/wp\/v2\/product\/24425","targetHints":{"allow":["GET"]}}],"collection":[{"href":"https:\/\/www.dfi-geisler.com\/sv\/wp-json\/wp\/v2\/product"}],"about":[{"href":"https:\/\/www.dfi-geisler.com\/sv\/wp-json\/wp\/v2\/types\/product"}],"version-history":[{"count":5,"href":"https:\/\/www.dfi-geisler.com\/sv\/wp-json\/wp\/v2\/product\/24425\/revisions"}],"predecessor-version":[{"id":38415,"href":"https:\/\/www.dfi-geisler.com\/sv\/wp-json\/wp\/v2\/product\/24425\/revisions\/38415"}],"wp:featuredmedia":[{"embeddable":true,"href":"https:\/\/www.dfi-geisler.com\/sv\/wp-json\/wp\/v2\/media\/24429"}],"wp:attachment":[{"href":"https:\/\/www.dfi-geisler.com\/sv\/wp-json\/wp\/v2\/media?parent=24425"}],"wp:term":[{"taxonomy":"product_brand","embeddable":true,"href":"https:\/\/www.dfi-geisler.com\/sv\/wp-json\/wp\/v2\/product_brand?post=24425"},{"taxonomy":"product_cat","embeddable":true,"href":"https:\/\/www.dfi-geisler.com\/sv\/wp-json\/wp\/v2\/product_cat?post=24425"},{"taxonomy":"product_tag","embeddable":true,"href":"https:\/\/www.dfi-geisler.com\/sv\/wp-json\/wp\/v2\/product_tag?post=24425"}],"curies":[{"name":"wp","href":"https:\/\/api.w.org\/{rel}","templated":true}]}}