
{"id":15643,"date":"2019-02-18T11:02:38","date_gmt":"2019-02-18T11:02:38","guid":{"rendered":"https:\/\/www.dfi-geisler.com\/?post_type=product&#038;p=15643"},"modified":"2026-02-02T09:33:13","modified_gmt":"2026-02-02T08:33:13","slug":"surface-cleaner-250ml-inkl-melamin-svamp-3","status":"publish","type":"product","link":"https:\/\/www.dfi-geisler.com\/sv\/produkt\/surface-cleaner-250ml-inkl-melamin-svamp-3\/","title":{"rendered":"Surface Cleaner 250 ml inkl. melaminsvamp"},"content":{"rendered":"Upplev en helt &#8221;fr\u00e4sch&#8221; version av din b\u00e4nkskiva med v\u00e5r specialutvecklade Surface Cleaner.\r\nV\u00e5r Surface Cleaner \u00e4r l\u00e4mplig f\u00f6r alla b\u00e4nkskivor av laminat, Fibertops\u00ae, kompaktlaminat, sten och st\u00e5l. Surface Cleaner avl\u00e4gsnar fett och smuts p\u00e5 ytan och reng\u00f6r b\u00e4nkskivan grundligt.\r\nN\u00e4r du best\u00e4ller Surface Cleaner ing\u00e5r \u00e4ven en melaminsvamp av h\u00f6g kvalitet som du kan anv\u00e4nda vid reng\u00f6ring.","protected":false},"excerpt":{"rendered":"<p>Upplev en helt &#8221;fr\u00e4sch&#8221; version av din b\u00e4nkskiva med v\u00e5r specialutvecklade Surface Cleaner. V\u00e5r Surface Cleaner \u00e4r l\u00e4mplig f\u00f6r alla b\u00e4nkskivor av laminat, Fibertops\u00ae, kompaktlaminat, sten<\/p>\n","protected":false},"featured_media":24386,"template":"","meta":{"_monsterinsights_skip_tracking":false,"_monsterinsights_sitenote_active":false,"_monsterinsights_sitenote_note":"","_monsterinsights_sitenote_category":0},"product_brand":[],"product_cat":[251,263,259,271,269,272,194,270,273],"product_tag":[],"class_list":{"0":"post-15643","1":"product","2":"type-product","3":"status-publish","4":"has-post-thumbnail","6":"product_cat-bordbehandling","7":"product_cat-core-bordbehandling","8":"product_cat-corian-bordbehandling","9":"product_cat-keramik-og-dekton","10":"product_cat-kompaktlaminat-bordbehandling","11":"product_cat-kompositsten-bordbehandling","12":"product_cat-laminat-bordbehandling","13":"product_cat-natursten-2","14":"product_cat-staal-bordbehandling","16":"first","17":"instock","18":"taxable","19":"shipping-taxable","20":"purchasable","21":"product-type-simple"},"aioseo_notices":[],"_links":{"self":[{"href":"https:\/\/www.dfi-geisler.com\/sv\/wp-json\/wp\/v2\/product\/15643","targetHints":{"allow":["GET"]}}],"collection":[{"href":"https:\/\/www.dfi-geisler.com\/sv\/wp-json\/wp\/v2\/product"}],"about":[{"href":"https:\/\/www.dfi-geisler.com\/sv\/wp-json\/wp\/v2\/types\/product"}],"version-history":[{"count":3,"href":"https:\/\/www.dfi-geisler.com\/sv\/wp-json\/wp\/v2\/product\/15643\/revisions"}],"predecessor-version":[{"id":38417,"href":"https:\/\/www.dfi-geisler.com\/sv\/wp-json\/wp\/v2\/product\/15643\/revisions\/38417"}],"wp:featuredmedia":[{"embeddable":true,"href":"https:\/\/www.dfi-geisler.com\/sv\/wp-json\/wp\/v2\/media\/24386"}],"wp:attachment":[{"href":"https:\/\/www.dfi-geisler.com\/sv\/wp-json\/wp\/v2\/media?parent=15643"}],"wp:term":[{"taxonomy":"product_brand","embeddable":true,"href":"https:\/\/www.dfi-geisler.com\/sv\/wp-json\/wp\/v2\/product_brand?post=15643"},{"taxonomy":"product_cat","embeddable":true,"href":"https:\/\/www.dfi-geisler.com\/sv\/wp-json\/wp\/v2\/product_cat?post=15643"},{"taxonomy":"product_tag","embeddable":true,"href":"https:\/\/www.dfi-geisler.com\/sv\/wp-json\/wp\/v2\/product_tag?post=15643"}],"curies":[{"name":"wp","href":"https:\/\/api.w.org\/{rel}","templated":true}]}}