
{"id":15639,"date":"2019-02-18T09:46:18","date_gmt":"2019-02-18T09:46:18","guid":{"rendered":"https:\/\/www.dfi-geisler.com\/?post_type=product&#038;p=15639"},"modified":"2025-01-31T14:11:00","modified_gmt":"2025-01-31T13:11:00","slug":"150ml-bivoks","status":"publish","type":"product","link":"https:\/\/www.dfi-geisler.com\/sv\/produkt\/150ml-bivoks\/","title":{"rendered":"Bivax 150 ml"},"content":{"rendered":"V\u00e5rt specialtillverkade bivax hj\u00e4lper till att f\u00f6rsegla ytan p\u00e5 din b\u00e4nkskiva samtidigt som det g\u00f6r b\u00e4nkskivan fl\u00e4ckavvisande.\r\nBivax kan anv\u00e4ndas till b\u00e5de terrazzo och betong.\r\n\r\nKanterna (k\u00e4rnan) p\u00e5 en b\u00e4nkskiva av Fibertops\u00ae eller kompaktlaminat kan bli matt med tiden &#8211; detta \u00e5tg\u00e4rdas enkelt genom att applicera vax och sedan torka av med en luddfri trasa.","protected":false},"excerpt":{"rendered":"<p>V\u00e5rt specialtillverkade bivax hj\u00e4lper till att f\u00f6rsegla ytan p\u00e5 din b\u00e4nkskiva samtidigt som det g\u00f6r b\u00e4nkskivan fl\u00e4ckavvisande. Bivax kan anv\u00e4ndas till b\u00e5de terrazzo och betong. Kanterna<\/p>\n","protected":false},"featured_media":24391,"template":"","meta":{"_monsterinsights_skip_tracking":false,"_monsterinsights_sitenote_active":false,"_monsterinsights_sitenote_note":"","_monsterinsights_sitenote_category":0},"product_brand":[],"product_cat":[251,269,261],"product_tag":[],"class_list":{"0":"post-15639","1":"product","2":"type-product","3":"status-publish","4":"has-post-thumbnail","6":"product_cat-bordbehandling","7":"product_cat-kompaktlaminat-bordbehandling","8":"product_cat-terrazzo-beton","10":"first","11":"instock","12":"taxable","13":"shipping-taxable","14":"purchasable","15":"product-type-simple"},"aioseo_notices":[],"_links":{"self":[{"href":"https:\/\/www.dfi-geisler.com\/sv\/wp-json\/wp\/v2\/product\/15639","targetHints":{"allow":["GET"]}}],"collection":[{"href":"https:\/\/www.dfi-geisler.com\/sv\/wp-json\/wp\/v2\/product"}],"about":[{"href":"https:\/\/www.dfi-geisler.com\/sv\/wp-json\/wp\/v2\/types\/product"}],"version-history":[{"count":2,"href":"https:\/\/www.dfi-geisler.com\/sv\/wp-json\/wp\/v2\/product\/15639\/revisions"}],"predecessor-version":[{"id":26964,"href":"https:\/\/www.dfi-geisler.com\/sv\/wp-json\/wp\/v2\/product\/15639\/revisions\/26964"}],"wp:featuredmedia":[{"embeddable":true,"href":"https:\/\/www.dfi-geisler.com\/sv\/wp-json\/wp\/v2\/media\/24391"}],"wp:attachment":[{"href":"https:\/\/www.dfi-geisler.com\/sv\/wp-json\/wp\/v2\/media?parent=15639"}],"wp:term":[{"taxonomy":"product_brand","embeddable":true,"href":"https:\/\/www.dfi-geisler.com\/sv\/wp-json\/wp\/v2\/product_brand?post=15639"},{"taxonomy":"product_cat","embeddable":true,"href":"https:\/\/www.dfi-geisler.com\/sv\/wp-json\/wp\/v2\/product_cat?post=15639"},{"taxonomy":"product_tag","embeddable":true,"href":"https:\/\/www.dfi-geisler.com\/sv\/wp-json\/wp\/v2\/product_tag?post=15639"}],"curies":[{"name":"wp","href":"https:\/\/api.w.org\/{rel}","templated":true}]}}