
{"id":15635,"date":"2019-02-18T09:43:47","date_gmt":"2019-02-18T09:43:47","guid":{"rendered":"https:\/\/www.dfi-geisler.com\/?post_type=product&#038;p=15635"},"modified":"2025-01-31T14:11:10","modified_gmt":"2025-01-31T13:11:10","slug":"plejemiddel-terrazzo-og-beton","status":"publish","type":"product","link":"https:\/\/www.dfi-geisler.com\/sv\/produkt\/plejemiddel-terrazzo-og-beton\/","title":{"rendered":"V\u00e5rdande medel terrazzo og betong 1000 ml"},"content":{"rendered":"1000 ml special olja- och tv\u00e5lblandning f\u00f6r v\u00e5rd och underh\u00e5ll av b\u00e4nkskivor av gjuten terrazzo och betong.\r\n\r\nEn gjuten b\u00e4nkskiva kr\u00e4ver regelbundet underh\u00e5ll med v\u00e5rdprodukter eller bivax. Eventuella kalkavlagringar avl\u00e4gsnas l\u00e4tt med vattenslippapper (korn 1000) Kom ih\u00e5g: B\u00e4nkskivan m\u00e5ste vara v\u00e5t n\u00e4r du slipar. Efter slipningen behandlar du b\u00e4nkskivan med ett v\u00e5rdande medel och polerar sedan in bivaxet i b\u00e4nkskivan.\r\nOm ytan p\u00e5 din formpressade b\u00e4nkskiva med tiden blir lite &#8221;tr\u00f6tt&#8221; kan den fr\u00e4schas upp genom att b\u00e4nkskivan fuktas med varmt vatten och vattenslipas (korn 1000). Efter tv\u00e4tt och torkning, applicerar du v\u00e5rdprodukten \u00a0och bivaxet, enligt beskrivningen ovan.","protected":false},"excerpt":{"rendered":"<p>1000 ml special olja- och tv\u00e5lblandning f\u00f6r v\u00e5rd och underh\u00e5ll av b\u00e4nkskivor av gjuten terrazzo och betong. En gjuten b\u00e4nkskiva kr\u00e4ver regelbundet underh\u00e5ll med v\u00e5rdprodukter eller<\/p>\n","protected":false},"featured_media":24387,"template":"","meta":{"_monsterinsights_skip_tracking":false,"_monsterinsights_sitenote_active":false,"_monsterinsights_sitenote_note":"","_monsterinsights_sitenote_category":0},"product_brand":[],"product_cat":[251,261],"product_tag":[],"class_list":{"0":"post-15635","1":"product","2":"type-product","3":"status-publish","4":"has-post-thumbnail","6":"product_cat-bordbehandling","7":"product_cat-terrazzo-beton","9":"first","10":"instock","11":"taxable","12":"shipping-taxable","13":"purchasable","14":"product-type-simple"},"aioseo_notices":[],"_links":{"self":[{"href":"https:\/\/www.dfi-geisler.com\/sv\/wp-json\/wp\/v2\/product\/15635","targetHints":{"allow":["GET"]}}],"collection":[{"href":"https:\/\/www.dfi-geisler.com\/sv\/wp-json\/wp\/v2\/product"}],"about":[{"href":"https:\/\/www.dfi-geisler.com\/sv\/wp-json\/wp\/v2\/types\/product"}],"version-history":[{"count":2,"href":"https:\/\/www.dfi-geisler.com\/sv\/wp-json\/wp\/v2\/product\/15635\/revisions"}],"predecessor-version":[{"id":26965,"href":"https:\/\/www.dfi-geisler.com\/sv\/wp-json\/wp\/v2\/product\/15635\/revisions\/26965"}],"wp:featuredmedia":[{"embeddable":true,"href":"https:\/\/www.dfi-geisler.com\/sv\/wp-json\/wp\/v2\/media\/24387"}],"wp:attachment":[{"href":"https:\/\/www.dfi-geisler.com\/sv\/wp-json\/wp\/v2\/media?parent=15635"}],"wp:term":[{"taxonomy":"product_brand","embeddable":true,"href":"https:\/\/www.dfi-geisler.com\/sv\/wp-json\/wp\/v2\/product_brand?post=15635"},{"taxonomy":"product_cat","embeddable":true,"href":"https:\/\/www.dfi-geisler.com\/sv\/wp-json\/wp\/v2\/product_cat?post=15635"},{"taxonomy":"product_tag","embeddable":true,"href":"https:\/\/www.dfi-geisler.com\/sv\/wp-json\/wp\/v2\/product_tag?post=15635"}],"curies":[{"name":"wp","href":"https:\/\/api.w.org\/{rel}","templated":true}]}}