
{"id":15189,"date":"2019-02-18T08:39:51","date_gmt":"2019-02-18T08:39:51","guid":{"rendered":"https:\/\/www.dfi-geisler.com\/?post_type=product&#038;p=15189"},"modified":"2026-02-02T09:43:45","modified_gmt":"2026-02-02T08:43:45","slug":"q-action-bemaerk-500ml","status":"publish","type":"product","link":"https:\/\/www.dfi-geisler.com\/sv\/produkt\/q-action-bemaerk-500ml\/","title":{"rendered":"Q-action (obs 500 ml)"},"content":{"rendered":"Q-action \u00e4r det ultimata reng\u00f6ringsmedlet f\u00f6r b\u00e4nkskivor i sten.\r\nDen skyddar b\u00e4nkskivan samtidigt som den tar bort envisa fl\u00e4ckar som vin, olja, fett, bl\u00e4ck och syra fr\u00e5n citrusfrukter. Formeln i Q-action \u00e4r betydligt mindre aggressiv \u00e4n liknande reng\u00f6ringsprodukter, men fortfarande lika effektiv. Skydda din b\u00e4nkskiva p\u00e5 b\u00e4sta m\u00f6jliga s\u00e4tt med Q-action.\r\n\u00c4ven en utm\u00e4rkt produkt f\u00f6r reng\u00f6ring av b\u00e4nkskivor i komposit!\r\n\r\n&nbsp;","protected":false},"excerpt":{"rendered":"<p>Q-action \u00e4r det ultimata reng\u00f6ringsmedlet f\u00f6r b\u00e4nkskivor i sten. Den skyddar b\u00e4nkskivan samtidigt som den tar bort envisa fl\u00e4ckar som vin, olja, fett, bl\u00e4ck och syra<\/p>\n","protected":false},"featured_media":24383,"template":"","meta":{"_monsterinsights_skip_tracking":false,"_monsterinsights_sitenote_active":false,"_monsterinsights_sitenote_note":"","_monsterinsights_sitenote_category":0},"product_brand":[],"product_cat":[251,271,272],"product_tag":[],"class_list":{"0":"post-15189","1":"product","2":"type-product","3":"status-publish","4":"has-post-thumbnail","6":"product_cat-bordbehandling","7":"product_cat-keramik-og-dekton","8":"product_cat-kompositsten-bordbehandling","10":"first","11":"instock","12":"taxable","13":"shipping-taxable","14":"purchasable","15":"product-type-simple"},"aioseo_notices":[],"_links":{"self":[{"href":"https:\/\/www.dfi-geisler.com\/sv\/wp-json\/wp\/v2\/product\/15189","targetHints":{"allow":["GET"]}}],"collection":[{"href":"https:\/\/www.dfi-geisler.com\/sv\/wp-json\/wp\/v2\/product"}],"about":[{"href":"https:\/\/www.dfi-geisler.com\/sv\/wp-json\/wp\/v2\/types\/product"}],"version-history":[{"count":2,"href":"https:\/\/www.dfi-geisler.com\/sv\/wp-json\/wp\/v2\/product\/15189\/revisions"}],"predecessor-version":[{"id":38419,"href":"https:\/\/www.dfi-geisler.com\/sv\/wp-json\/wp\/v2\/product\/15189\/revisions\/38419"}],"wp:featuredmedia":[{"embeddable":true,"href":"https:\/\/www.dfi-geisler.com\/sv\/wp-json\/wp\/v2\/media\/24383"}],"wp:attachment":[{"href":"https:\/\/www.dfi-geisler.com\/sv\/wp-json\/wp\/v2\/media?parent=15189"}],"wp:term":[{"taxonomy":"product_brand","embeddable":true,"href":"https:\/\/www.dfi-geisler.com\/sv\/wp-json\/wp\/v2\/product_brand?post=15189"},{"taxonomy":"product_cat","embeddable":true,"href":"https:\/\/www.dfi-geisler.com\/sv\/wp-json\/wp\/v2\/product_cat?post=15189"},{"taxonomy":"product_tag","embeddable":true,"href":"https:\/\/www.dfi-geisler.com\/sv\/wp-json\/wp\/v2\/product_tag?post=15189"}],"curies":[{"name":"wp","href":"https:\/\/api.w.org\/{rel}","templated":true}]}}