
{"id":14073,"date":"2019-02-18T08:25:45","date_gmt":"2019-02-18T08:25:45","guid":{"rendered":"https:\/\/www.dfi-geisler.com\/?post_type=product&#038;p=14073"},"modified":"2026-02-02T09:37:39","modified_gmt":"2026-02-02T08:37:39","slug":"stoneoil-250ml","status":"publish","type":"product","link":"https:\/\/www.dfi-geisler.com\/sv\/produkt\/stoneoil-250ml\/","title":{"rendered":"Stenolja 250 ml"},"content":{"rendered":"V\u00e5r specialformulerade stenolja f\u00f6r behandling och underh\u00e5ll av natursten framh\u00e4ver stenens ursprungliga struktur och f\u00e4rg och skyddar mot uttorkning och smuts. Om s\u00e5 \u00f6nskas kan stenoljan anv\u00e4ndas f\u00f6r komposit.","protected":false},"excerpt":{"rendered":"<p>V\u00e5r specialformulerade stenolja f\u00f6r behandling och underh\u00e5ll av natursten framh\u00e4ver stenens ursprungliga struktur och f\u00e4rg och skyddar mot uttorkning och smuts. Om s\u00e5 \u00f6nskas kan stenoljan<\/p>\n","protected":false},"featured_media":24385,"template":"","meta":{"_monsterinsights_skip_tracking":false,"_monsterinsights_sitenote_active":false,"_monsterinsights_sitenote_note":"","_monsterinsights_sitenote_category":0},"product_brand":[],"product_cat":[251,270],"product_tag":[],"class_list":{"0":"post-14073","1":"product","2":"type-product","3":"status-publish","4":"has-post-thumbnail","6":"product_cat-bordbehandling","7":"product_cat-natursten-2","9":"first","10":"instock","11":"taxable","12":"shipping-taxable","13":"purchasable","14":"product-type-simple"},"aioseo_notices":[],"_links":{"self":[{"href":"https:\/\/www.dfi-geisler.com\/sv\/wp-json\/wp\/v2\/product\/14073","targetHints":{"allow":["GET"]}}],"collection":[{"href":"https:\/\/www.dfi-geisler.com\/sv\/wp-json\/wp\/v2\/product"}],"about":[{"href":"https:\/\/www.dfi-geisler.com\/sv\/wp-json\/wp\/v2\/types\/product"}],"version-history":[{"count":3,"href":"https:\/\/www.dfi-geisler.com\/sv\/wp-json\/wp\/v2\/product\/14073\/revisions"}],"predecessor-version":[{"id":38418,"href":"https:\/\/www.dfi-geisler.com\/sv\/wp-json\/wp\/v2\/product\/14073\/revisions\/38418"}],"wp:featuredmedia":[{"embeddable":true,"href":"https:\/\/www.dfi-geisler.com\/sv\/wp-json\/wp\/v2\/media\/24385"}],"wp:attachment":[{"href":"https:\/\/www.dfi-geisler.com\/sv\/wp-json\/wp\/v2\/media?parent=14073"}],"wp:term":[{"taxonomy":"product_brand","embeddable":true,"href":"https:\/\/www.dfi-geisler.com\/sv\/wp-json\/wp\/v2\/product_brand?post=14073"},{"taxonomy":"product_cat","embeddable":true,"href":"https:\/\/www.dfi-geisler.com\/sv\/wp-json\/wp\/v2\/product_cat?post=14073"},{"taxonomy":"product_tag","embeddable":true,"href":"https:\/\/www.dfi-geisler.com\/sv\/wp-json\/wp\/v2\/product_tag?post=14073"}],"curies":[{"name":"wp","href":"https:\/\/api.w.org\/{rel}","templated":true}]}}