
{"id":12093,"date":"2019-02-14T13:57:41","date_gmt":"2019-02-14T13:57:41","guid":{"rendered":"https:\/\/www.dfi-geisler.com\/?post_type=product&#038;p=12093"},"modified":"2026-02-02T09:44:11","modified_gmt":"2026-02-02T08:44:11","slug":"10-stk-slibesvampe","status":"publish","type":"product","link":"https:\/\/www.dfi-geisler.com\/sv\/produkt\/10-stk-slibesvampe\/","title":{"rendered":"Slipsvampar 10 stk"},"content":{"rendered":"Korn 180. Anv\u00e4nds f\u00f6r slipning av massivt tr\u00e4 f\u00f6re oljning.","protected":false},"excerpt":{"rendered":"<p>Korn 180. Anv\u00e4nds f\u00f6r slipning av massivt tr\u00e4 f\u00f6re oljning.<\/p>\n","protected":false},"featured_media":12095,"template":"","meta":{"_monsterinsights_skip_tracking":false,"_monsterinsights_sitenote_active":false,"_monsterinsights_sitenote_note":"","_monsterinsights_sitenote_category":0},"product_brand":[],"product_cat":[251,255],"product_tag":[],"class_list":{"0":"post-12093","1":"product","2":"type-product","3":"status-publish","4":"has-post-thumbnail","6":"product_cat-bordbehandling","7":"product_cat-massivtrae-bordbehandling","9":"first","10":"instock","11":"taxable","12":"shipping-taxable","13":"purchasable","14":"product-type-simple"},"aioseo_notices":[],"_links":{"self":[{"href":"https:\/\/www.dfi-geisler.com\/sv\/wp-json\/wp\/v2\/product\/12093","targetHints":{"allow":["GET"]}}],"collection":[{"href":"https:\/\/www.dfi-geisler.com\/sv\/wp-json\/wp\/v2\/product"}],"about":[{"href":"https:\/\/www.dfi-geisler.com\/sv\/wp-json\/wp\/v2\/types\/product"}],"version-history":[{"count":3,"href":"https:\/\/www.dfi-geisler.com\/sv\/wp-json\/wp\/v2\/product\/12093\/revisions"}],"predecessor-version":[{"id":38420,"href":"https:\/\/www.dfi-geisler.com\/sv\/wp-json\/wp\/v2\/product\/12093\/revisions\/38420"}],"wp:featuredmedia":[{"embeddable":true,"href":"https:\/\/www.dfi-geisler.com\/sv\/wp-json\/wp\/v2\/media\/12095"}],"wp:attachment":[{"href":"https:\/\/www.dfi-geisler.com\/sv\/wp-json\/wp\/v2\/media?parent=12093"}],"wp:term":[{"taxonomy":"product_brand","embeddable":true,"href":"https:\/\/www.dfi-geisler.com\/sv\/wp-json\/wp\/v2\/product_brand?post=12093"},{"taxonomy":"product_cat","embeddable":true,"href":"https:\/\/www.dfi-geisler.com\/sv\/wp-json\/wp\/v2\/product_cat?post=12093"},{"taxonomy":"product_tag","embeddable":true,"href":"https:\/\/www.dfi-geisler.com\/sv\/wp-json\/wp\/v2\/product_tag?post=12093"}],"curies":[{"name":"wp","href":"https:\/\/api.w.org\/{rel}","templated":true}]}}