
{"id":12087,"date":"2019-02-14T11:50:08","date_gmt":"2019-02-14T11:50:08","guid":{"rendered":"https:\/\/www.dfi-geisler.com\/?post_type=product&#038;p=12087"},"modified":"2026-02-02T09:44:52","modified_gmt":"2026-02-02T08:44:52","slug":"graaolie-250ml-x-6","status":"publish","type":"product","link":"https:\/\/www.dfi-geisler.com\/sv\/produkt\/graaolie-250ml-x-6\/","title":{"rendered":"Wood Oil Grey 250 ml x 6"},"content":{"rendered":"DFI-GEISLER Tr\u00e4olja Gr\u00e5 ger din b\u00e4nkskiva en vacker ljusgr\u00e5 f\u00e4rg och g\u00f6r din b\u00e4nkskiva mycket vatten- och smutsavvisande. Oljan anv\u00e4nds p\u00e5 obehandlade tr\u00e4b\u00e4nkskivor eller p\u00e5 b\u00e4nkskivor som tidigare behandlats med gr\u00e5 olja.\r\nK\u00f6p 6 st.","protected":false},"excerpt":{"rendered":"<p>DFI-GEISLER Tr\u00e4olja Gr\u00e5 ger din b\u00e4nkskiva en vacker ljusgr\u00e5 f\u00e4rg och g\u00f6r din b\u00e4nkskiva mycket vatten- och smutsavvisande. Oljan anv\u00e4nds p\u00e5 obehandlade tr\u00e4b\u00e4nkskivor eller p\u00e5 b\u00e4nkskivor<\/p>\n","protected":false},"featured_media":24379,"template":"","meta":{"_monsterinsights_skip_tracking":false,"_monsterinsights_sitenote_active":false,"_monsterinsights_sitenote_note":"","_monsterinsights_sitenote_category":0},"product_brand":[],"product_cat":[251,255],"product_tag":[],"class_list":{"0":"post-12087","1":"product","2":"type-product","3":"status-publish","4":"has-post-thumbnail","6":"product_cat-bordbehandling","7":"product_cat-massivtrae-bordbehandling","9":"first","10":"instock","11":"taxable","12":"shipping-taxable","13":"purchasable","14":"product-type-simple"},"aioseo_notices":[],"_links":{"self":[{"href":"https:\/\/www.dfi-geisler.com\/sv\/wp-json\/wp\/v2\/product\/12087","targetHints":{"allow":["GET"]}}],"collection":[{"href":"https:\/\/www.dfi-geisler.com\/sv\/wp-json\/wp\/v2\/product"}],"about":[{"href":"https:\/\/www.dfi-geisler.com\/sv\/wp-json\/wp\/v2\/types\/product"}],"version-history":[{"count":2,"href":"https:\/\/www.dfi-geisler.com\/sv\/wp-json\/wp\/v2\/product\/12087\/revisions"}],"predecessor-version":[{"id":38422,"href":"https:\/\/www.dfi-geisler.com\/sv\/wp-json\/wp\/v2\/product\/12087\/revisions\/38422"}],"wp:featuredmedia":[{"embeddable":true,"href":"https:\/\/www.dfi-geisler.com\/sv\/wp-json\/wp\/v2\/media\/24379"}],"wp:attachment":[{"href":"https:\/\/www.dfi-geisler.com\/sv\/wp-json\/wp\/v2\/media?parent=12087"}],"wp:term":[{"taxonomy":"product_brand","embeddable":true,"href":"https:\/\/www.dfi-geisler.com\/sv\/wp-json\/wp\/v2\/product_brand?post=12087"},{"taxonomy":"product_cat","embeddable":true,"href":"https:\/\/www.dfi-geisler.com\/sv\/wp-json\/wp\/v2\/product_cat?post=12087"},{"taxonomy":"product_tag","embeddable":true,"href":"https:\/\/www.dfi-geisler.com\/sv\/wp-json\/wp\/v2\/product_tag?post=12087"}],"curies":[{"name":"wp","href":"https:\/\/api.w.org\/{rel}","templated":true}]}}