
{"id":9121,"date":"2018-10-18T10:01:17","date_gmt":"2018-10-18T10:01:17","guid":{"rendered":"http:\/\/www.dfi-geisler.com\/?page_id=9121"},"modified":"2026-04-13T10:47:27","modified_gmt":"2026-04-13T09:47:27","slug":"jobs-4","status":"publish","type":"page","link":"https:\/\/www.dfi-geisler.com\/sv\/jobs-4\/","title":{"rendered":"Jobb"},"content":{"rendered":"<div class=\"wpb-content-wrapper\"><p>[vc_row full_width=&#8221;stretch_row_content&#8221; css=&#8221;.vc_custom_1698999066299{background-image: url(https:\/\/www.dfi-geisler.com\/wp-content\/uploads\/2023\/02\/Kompakt-cover-sort-hvid-scaled.jpg?id=27487) !important;background-position: center !important;background-repeat: no-repeat !important;background-size: cover !important;}&#8221;][vc_column width=&#8221;1\/3&#8243;][\/vc_column][vc_column width=&#8221;1\/3&#8243;][vc_empty_space height=&#8221;50&#8243;][vc_custom_heading text=&#8221;Ledige stillinger&#8221; font_container=&#8221;tag:h2|text_align:center|color:%23ffffff&#8221; google_fonts=&#8221;font_family:Lato%3A100%2C100italic%2C300%2C300italic%2Cregular%2Citalic%2C700%2C700italic%2C900%2C900italic|font_style:400%20regular%3A400%3Anormal&#8221;][vc_empty_space height=&#8221;50&#8243;][\/vc_column][vc_column width=&#8221;1\/3&#8243;][vc_single_image image=&#8221;27585&#8243; img_size=&#8221;medium&#8221; alignment=&#8221;center&#8221;][\/vc_column][\/vc_row][vc_row full_width=&#8221;stretch_row_content&#8221; el_class=&#8221;animated fadeIn duration3 eds-on-scroll&#8221;][vc_column width=&#8221;1\/3&#8243;][\/vc_column][vc_column width=&#8221;1\/3&#8243;][\/vc_column][vc_column width=&#8221;1\/3&#8243;][\/vc_column][\/vc_row][vc_row][vc_column][vc_row_inner][vc_column_inner width=&#8221;1\/2&#8243;][vc_column_text css=&#8221;&#8221;]<\/p>\n<h4>Lediga jobb:<\/h4>\n<h5>Vi har tyv\u00e4rr inga lediga tj\u00e4nster f\u00f6r tillf\u00e4llet, men du \u00e4r alltid v\u00e4lkommen att skicka in en spontanans\u00f6kan.<\/h5>\n<p>[\/vc_column_text][\/vc_column_inner][vc_column_inner width=&#8221;1\/2&#8243;][vc_single_image image=&#8221;38913&#8243; img_size=&#8221;full&#8221; css=&#8221;&#8221;][\/vc_column_inner][\/vc_row_inner][\/vc_column][\/vc_row][vc_row][vc_column][vc_separator color=&#8221;black&#8221; border_width=&#8221;2&#8243;][\/vc_column][\/vc_row][vc_row][vc_column][vc_row_inner][vc_column_inner width=&#8221;1\/2&#8243;][vc_single_image image=&#8221;9742&#8243; img_size=&#8221;full&#8221;][\/vc_column_inner][vc_column_inner width=&#8221;1\/2&#8243;][vc_column_text css_animation=&#8221;none&#8221; css=&#8221;&#8221;]<\/p>\n<h4>Spontanans\u00f6kan:<\/h4>\n<h5>Vi \u00e4r alltid intresserade av att h\u00f6ra ifr\u00e5n dig ifall du \u00e4r intresserad av ett sp\u00e4nnande jobb hos oss p\u00e5 DFI-Geisler. Skicka g\u00e4rna en spontanans\u00f6kan \u00e4ven om vi inte har n\u00e5gon ledig tj\u00e4nst som passar dina kompetenser f\u00f6r tillf\u00e4llet.<\/h5>\n<h5>Skicka din ans\u00f6kan till <a href=\"mailto:hr@dfi-geisler.com\">job@dfi-geisler.com<\/a><\/h5>\n<h5>Du \u00e4r ocks\u00e5 v\u00e4lkommen att v\u00e4nda dig personligen till oss med din ans\u00f6kan p\u00e5 f\u00f6ljande adress:<\/h5>\n<p>DFI-GEISLER A\/S<\/p>\n<h5>Industrivej 21<\/h5>\n<h5>DK-7900 Nyk\u00f8bing M.<\/h5>\n<p>[\/vc_column_text][\/vc_column_inner][\/vc_row_inner][vc_empty_space height=&#8221;50px&#8221;][vc_column_text][\/vc_column_text][\/vc_column][\/vc_row]<\/p>\n<\/div>","protected":false},"excerpt":{"rendered":"<p>[vc_row full_width=&#8221;stretch_row_content&#8221; css=&#8221;.vc_custom_1698999066299{background-image: url(https:\/\/www.dfi-geisler.com\/wp-content\/uploads\/2023\/02\/Kompakt-cover-sort-hvid-scaled.jpg?id=27487) !important;background-position: center !important;background-repeat: no-repeat !important;background-size: cover !important;}&#8221;][vc_column width=&#8221;1\/3&#8243;][\/vc_column][vc_column width=&#8221;1\/3&#8243;][vc_empty_space height=&#8221;50&#8243;][vc_custom_heading text=&#8221;Ledige stillinger&#8221; font_container=&#8221;tag:h2|text_align:center|color:%23ffffff&#8221; google_fonts=&#8221;font_family:Lato%3A100%2C100italic%2C300%2C300italic%2Cregular%2Citalic%2C700%2C700italic%2C900%2C900italic|font_style:400%20regular%3A400%3Anormal&#8221;][vc_empty_space height=&#8221;50&#8243;][\/vc_column][vc_column width=&#8221;1\/3&#8243;][vc_single_image image=&#8221;27585&#8243; img_size=&#8221;medium&#8221; alignment=&#8221;center&#8221;][\/vc_column][\/vc_row][vc_row full_width=&#8221;stretch_row_content&#8221; el_class=&#8221;animated fadeIn<\/p>\n","protected":false},"author":717,"featured_media":0,"parent":0,"menu_order":0,"comment_status":"closed","ping_status":"closed","template":"","meta":{"_monsterinsights_skip_tracking":false,"_monsterinsights_sitenote_active":false,"_monsterinsights_sitenote_note":"","_monsterinsights_sitenote_category":0,"footnotes":""},"class_list":["post-9121","page","type-page","status-publish","hentry"],"aioseo_notices":[],"_links":{"self":[{"href":"https:\/\/www.dfi-geisler.com\/sv\/wp-json\/wp\/v2\/pages\/9121","targetHints":{"allow":["GET"]}}],"collection":[{"href":"https:\/\/www.dfi-geisler.com\/sv\/wp-json\/wp\/v2\/pages"}],"about":[{"href":"https:\/\/www.dfi-geisler.com\/sv\/wp-json\/wp\/v2\/types\/page"}],"author":[{"embeddable":true,"href":"https:\/\/www.dfi-geisler.com\/sv\/wp-json\/wp\/v2\/users\/717"}],"replies":[{"embeddable":true,"href":"https:\/\/www.dfi-geisler.com\/sv\/wp-json\/wp\/v2\/comments?post=9121"}],"version-history":[{"count":197,"href":"https:\/\/www.dfi-geisler.com\/sv\/wp-json\/wp\/v2\/pages\/9121\/revisions"}],"predecessor-version":[{"id":38914,"href":"https:\/\/www.dfi-geisler.com\/sv\/wp-json\/wp\/v2\/pages\/9121\/revisions\/38914"}],"wp:attachment":[{"href":"https:\/\/www.dfi-geisler.com\/sv\/wp-json\/wp\/v2\/media?parent=9121"}],"curies":[{"name":"wp","href":"https:\/\/api.w.org\/{rel}","templated":true}]}}