
{"id":9033,"date":"2018-10-18T07:43:52","date_gmt":"2018-10-18T07:43:52","guid":{"rendered":"http:\/\/www.dfi-geisler.com\/?page_id=9033"},"modified":"2025-07-08T14:39:23","modified_gmt":"2025-07-08T13:39:23","slug":"staal","status":"publish","type":"page","link":"https:\/\/www.dfi-geisler.com\/sv\/staal\/","title":{"rendered":"St\u00e5l"},"content":{"rendered":"<div class=\"wpb-content-wrapper\"><p>[vc_row first_background_type=&#8221;gradient&#8221; first_background_gradient=&#8221;#83bae3||#a672c9||0;100||180||linear&#8221;][vc_column width=&#8221;1\/4&#8243;][vc_wp_custommenu nav_menu=&#8221;182&#8243;][\/vc_column][vc_column width=&#8221;3\/4&#8243;][vc_column_text]<\/p>\n<h2>St\u00e5l<\/h2>\n<p>[\/vc_column_text][vc_column_text css=&#8221;&#8221;]<\/p>\n<h5><strong>Ett bra val<\/strong>\u00a0om du vill ha en superhygienisk, superpraktisk och st\u00e4ndigt modern b\u00e4nkskiva som snarare blir vackrare och vackrare i takt med att st\u00e5let repas och f\u00e5r sitt naturliga patina. St\u00e5l f\u00f6rg\u00e5r inte \u2013 kan klara det mesta &#8211; och skriker praktiskt taget eter att anv\u00e4ndas.<\/h5>\n<p>[\/vc_column_text][\/vc_column][\/vc_row][vc_row][vc_column][vc_separator color=&#8221;black&#8221; border_width=&#8221;2&#8243;][\/vc_column][\/vc_row][vc_row css=&#8221;.vc_custom_1534410440830{margin-top: 40px !important;}&#8221;][vc_column width=&#8221;1\/2&#8243;][vc_column_text]<\/p>\n<h4>Vad er st\u00e5l?<\/h4>\n<p>[\/vc_column_text][vc_column_text]Det huvudsakliga r\u00e5materialet i en rostfri st\u00e5lskiva\u00a0\u00e4r j\u00e4rn. Ut\u00f6ver det best\u00e5r materialet av olika grund\u00e4mnen som fungerar som s\u00e5 kallade legeringselement.\u00a0Deras funktion \u00e4r f\u00f6rst och fr\u00e4mst att se till att st\u00e5lskivan f\u00e5r de \u00f6nskade egenskaperna, d\u00e4ribland styrka och h\u00e5rdhet. Fem av grund\u00e4mnena i st\u00e5let bidrar till att det inte kan rosta p\u00e5 samma s\u00e4tt som olegerat j\u00e4rn. Det viktigaste av dessa \u00e4mnen \u00e4r krom. \u00c4ven om en b\u00e4nkskiva i rostfritt st\u00e5l \u00e4r kall och h\u00e5rd, \u00e4r den med andra ord en bit ren och of\u00f6rfalskad natur.[\/vc_column_text][\/vc_column][vc_column width=&#8221;1\/2&#8243;][vc_single_image image=&#8221;30445&#8243; img_size=&#8221;full&#8221; alignment=&#8221;right&#8221; onclick=&#8221;link_image&#8221;][\/vc_column][\/vc_row][vc_row first_background_type=&#8221;gradient&#8221; first_background_gradient=&#8221;rgba(0,57,158,0.69)||#587d9b||0;100||84||linear&#8221; css=&#8221;.vc_custom_1534410451584{margin-top: 40px !important;}&#8221;][vc_column width=&#8221;2\/3&#8243;][vc_column_text]<\/p>\n<h4>Produktegenskaper<\/h4>\n<p>[\/vc_column_text][vc_single_image image=&#8221;10226&#8243; img_size=&#8221;large&#8221; alignment=&#8221;center&#8221; onclick=&#8221;link_image&#8221;][\/vc_column][vc_column width=&#8221;1\/3&#8243;][vc_column_text]<\/p>\n<h4>J\u00e4mf\u00f6r produkter<\/h4>\n<p>[\/vc_column_text][vc_single_image image=&#8221;29399&#8243; img_size=&#8221;medium&#8221; onclick=&#8221;link_image&#8221;][\/vc_column][\/vc_row][vc_row css=&#8221;.vc_custom_1534410410938{margin-top: 40px !important;}&#8221;][vc_column width=&#8221;1\/3&#8243;][vc_column_text]<\/p>\n<h4>Tjocklekar<\/h4>\n<p>[\/vc_column_text][vc_column_text]St\u00e5lb\u00e4nkskivor fr\u00e5n DFI-Geisler tillverkas i 1,2 mm rostfritt st\u00e5l. St\u00e5let limmas p\u00e5 en stadig sp\u00e5nskiva med en total tjocklek mellan 15 och 60 mm. I till\u00e4gg till detta levererar vi \u00e4ven b\u00e4nkskivor i 5 eller 8 mm plattst\u00e5l.<\/p>\n<p>&nbsp;<\/p>\n<p><strong>\u2022 5 mm plattst\u00e5l<\/strong><\/p>\n<p><strong>\u2022 8 mm plattst\u00e5l<\/strong><\/p>\n<p><strong>\u2022 15 mm\u00a0<\/strong><\/p>\n<p><strong>\u2022 20 mm\u00a0<\/strong><\/p>\n<p><strong>\u2022 30 mm\u00a0<\/strong><\/p>\n<p><strong>\u2022 40 mm\u00a0<\/strong><\/p>\n<p><strong>\u2022 60 mm\u00a0<\/strong><\/p>\n<p>&nbsp;<\/p>\n<p>&nbsp;<\/p>\n<p>&nbsp;<\/p>\n<p>[\/vc_column_text][\/vc_column][vc_column width=&#8221;1\/3&#8243;][vc_column_text]<\/p>\n<h4>Daglig anv\u00e4ndning<\/h4>\n<p>[\/vc_column_text][vc_column_text]Det \u00e4r ingen tillf\u00e4llighet att stj\u00e4rnkockar och de flesta professionella k\u00f6k arbetar p\u00e5 ytor i rostfritt st\u00e5l. St\u00e5l \u00e4r n\u00e4mligen otroligt hygieniskt, samtidigt som det \u00e4r extremt l\u00e4tt att h\u00e5lla rent \u2013 \u00e4ven n\u00e4r det \u00e4r full fart p\u00e5 det gastronomiska skapandet.<\/p>\n<p>B\u00e4nkskivan torkas av med en urvriden trasa som f\u00f6rst fuktats i varmt vatten, d\u00e4refter b\u00f6r du alltid eftertorka med en torr trasa. P\u00e5 s\u00e5 s\u00e4tt undviker du o\u00f6nskade kalkavlagringar.<\/p>\n<p>B\u00e4nkskivor av st\u00e5l reng\u00f6rs b\u00e4st med tv\u00e5lflingor, som f\u00f6rutom att avl\u00e4gsna envis smuts, m\u00e4ttar ytan och g\u00f6ra den mer motst\u00e5ndskraftig.<\/p>\n<p>Av kombinationen st\u00e5lb\u00e4nkskivor och heta kokk\u00e4rl och stekpannor uppst\u00e5r ingen ljuv musik. I motsats till vad man kunde tro, blir rostfritt st\u00e5l n\u00e4mligen missf\u00e4rgat om man st\u00e4ller heta f\u00f6rem\u00e5l direkt p\u00e5 skivan.<\/p>\n<p>Dessutom utvidgar st\u00e5let sig om det uts\u00e4tts f\u00f6r kraftig v\u00e4rme, och det kan medf\u00f6ra att limmet lossnar fr\u00e5n den underliggande sp\u00e5nskivan. Kort\u00a0sagt: anv\u00e4nd alltid avst\u00e4llningsgaller eller v\u00e4rmeunderl\u00e4gg.[\/vc_column_text][\/vc_column][vc_column width=&#8221;1\/3&#8243;][vc_column_text]<\/p>\n<h4>Designdetaljer<\/h4>\n<p>[\/vc_column_text][vc_column_text]St\u00e5l \u00e4r den klara favoriten hos m\u00e5nga k\u00f6ksarkitekter. Med all r\u00e4tt. Den neutrala ytan g\u00f6r det m\u00f6jligt att kombinera rostfritt st\u00e5l med vilket annat material som helst \u2013 oavsett om du vill ge st\u00e5lytorna en ledande roll eller l\u00e5ta st\u00e5let spela den designm\u00e4ssiga andrafiolen i ditt k\u00f6k.[\/vc_column_text][\/vc_column][\/vc_row][vc_row][vc_column][vc_separator color=&#8221;black&#8221; border_width=&#8221;2&#8243;][\/vc_column][\/vc_row][vc_row css=&#8221;.vc_custom_1534410467435{margin-top: 40px !important;}&#8221;][vc_column width=&#8221;1\/3&#8243;][vc_column_text]<\/p>\n<h4>F\u00e4rger och strukturer<\/h4>\n<p>[\/vc_column_text][vc_column_text]N\u00e4r du v\u00e4ljer en st\u00e5lb\u00e4nkskiva best\u00e4mmer du om den ska vara i \u201dborstat\u201d st\u00e5l eller i en \u201dcurlet look\u201d. Egenskaperna \u00e4r desamma, s\u00e5 valet handlar om tycke och smak \u2013 en j\u00e4mn slipning med ett stilrent uttryck eller\u00a0 curlet st\u00e5l med det r\u00e5a och mer patinerade utseendet.<\/p>\n<p>[\/vc_column_text][vc_btn title=&#8221;SE V\u00c5RT ST\u00c5L SORTIMENT&#8221; color=&#8221;success&#8221; link=&#8221;url:https%3A%2F%2Fwww.dfi-geisler.com%2Fstaal-sortiment%2F|target:_blank&#8221;][\/vc_column][vc_column width=&#8221;2\/3&#8243;][vc_single_image image=&#8221;9039&#8243; img_size=&#8221;large&#8221;][\/vc_column][\/vc_row][vc_row css=&#8221;.vc_custom_1534410460189{margin-top: 40px !important;}&#8221;][vc_column width=&#8221;1\/2&#8243;][vc_column_text]<\/p>\n<h4>Vaske<\/h4>\n<p>[\/vc_column_text][vc_single_image image=&#8221;9041&#8243; img_size=&#8221;large&#8221; css=&#8221;.vc_custom_1535545679743{margin-top: 40px !important;}&#8221;][vc_btn title=&#8221;SE V\u00c5RT STORA UTBUD AV DISKHOAR&#8221; color=&#8221;success&#8221; link=&#8221;url:https%3A%2F%2Fwww.dfi-geisler.com%2Fvaske-katalog%2F|target:_blank&#8221;][\/vc_column][vc_column width=&#8221;1\/2&#8243;][vc_column_text]<\/p>\n<h4>Montering av diskho<\/h4>\n<p>[\/vc_column_text][vc_column_text]St\u00e5lb\u00e4nkskivor fr\u00e5n DFI-Geisler levereras\u00a0alltid med diskhon i st\u00e5l svetsad i skivan.\u00a0Svetsningen poleras d\u00e4refter helt bort, s\u00e5 att b\u00e4nkskivan och diskhon framst\u00e5r som en ren och hygienisk enhet.[\/vc_column_text][vc_row_inner][vc_column_inner width=&#8221;1\/2&#8243;][vc_single_image image=&#8221;8841&#8243; img_size=&#8221;full&#8221; alignment=&#8221;center&#8221; style=&#8221;vc_box_border&#8221; onclick=&#8221;link_image&#8221;][vc_column_text]<\/p>\n<p style=\"text-align: center;\"><strong>Isvetsad diskho<\/strong><\/p>\n<p>[\/vc_column_text][\/vc_column_inner][vc_column_inner width=&#8221;1\/2&#8243;][\/vc_column_inner][\/vc_row_inner][vc_row_inner][vc_column_inner width=&#8221;1\/2&#8243;][\/vc_column_inner][vc_column_inner width=&#8221;1\/2&#8243;][\/vc_column_inner][\/vc_row_inner][\/vc_column][\/vc_row][vc_row][vc_column][vc_separator color=&#8221;black&#8221; border_width=&#8221;2&#8243; css=&#8221;.vc_custom_1534425122723{margin-top: 40px !important;}&#8221;][\/vc_column][\/vc_row]<\/p>\n<\/div>","protected":false},"excerpt":{"rendered":"<p>[vc_row first_background_type=&#8221;gradient&#8221; first_background_gradient=&#8221;#83bae3||#a672c9||0;100||180||linear&#8221;][vc_column width=&#8221;1\/4&#8243;][vc_wp_custommenu nav_menu=&#8221;182&#8243;][\/vc_column][vc_column width=&#8221;3\/4&#8243;][vc_column_text] St\u00e5l [\/vc_column_text][vc_column_text css=&#8221;&#8221;] Ett bra val\u00a0om du vill ha en superhygienisk, superpraktisk och st\u00e4ndigt modern b\u00e4nkskiva som snarare blir vackrare<\/p>\n","protected":false},"author":717,"featured_media":0,"parent":0,"menu_order":0,"comment_status":"closed","ping_status":"closed","template":"","meta":{"_monsterinsights_skip_tracking":false,"_monsterinsights_sitenote_active":false,"_monsterinsights_sitenote_note":"","_monsterinsights_sitenote_category":0,"footnotes":""},"class_list":["post-9033","page","type-page","status-publish","hentry"],"aioseo_notices":[],"_links":{"self":[{"href":"https:\/\/www.dfi-geisler.com\/sv\/wp-json\/wp\/v2\/pages\/9033","targetHints":{"allow":["GET"]}}],"collection":[{"href":"https:\/\/www.dfi-geisler.com\/sv\/wp-json\/wp\/v2\/pages"}],"about":[{"href":"https:\/\/www.dfi-geisler.com\/sv\/wp-json\/wp\/v2\/types\/page"}],"author":[{"embeddable":true,"href":"https:\/\/www.dfi-geisler.com\/sv\/wp-json\/wp\/v2\/users\/717"}],"replies":[{"embeddable":true,"href":"https:\/\/www.dfi-geisler.com\/sv\/wp-json\/wp\/v2\/comments?post=9033"}],"version-history":[{"count":52,"href":"https:\/\/www.dfi-geisler.com\/sv\/wp-json\/wp\/v2\/pages\/9033\/revisions"}],"predecessor-version":[{"id":36151,"href":"https:\/\/www.dfi-geisler.com\/sv\/wp-json\/wp\/v2\/pages\/9033\/revisions\/36151"}],"wp:attachment":[{"href":"https:\/\/www.dfi-geisler.com\/sv\/wp-json\/wp\/v2\/media?parent=9033"}],"curies":[{"name":"wp","href":"https:\/\/api.w.org\/{rel}","templated":true}]}}