
{"id":9025,"date":"2018-10-18T08:36:07","date_gmt":"2018-10-18T08:36:07","guid":{"rendered":"http:\/\/www.dfi-geisler.com\/?page_id=9025"},"modified":"2025-07-10T10:49:31","modified_gmt":"2025-07-10T09:49:31","slug":"kompositsten","status":"publish","type":"page","link":"https:\/\/www.dfi-geisler.com\/sv\/kompositsten\/","title":{"rendered":"Kompositsten"},"content":{"rendered":"<div class=\"wpb-content-wrapper\"><p>[vc_row first_background_type=&#8221;gradient&#8221; first_background_gradient=&#8221;#83bae3||#a672c9||0;100||180||linear&#8221;][vc_column width=&#8221;1\/4&#8243;][vc_wp_custommenu nav_menu=&#8221;177&#8243;][\/vc_column][vc_column width=&#8221;3\/4&#8243;][vc_column_text]<\/p>\n<h2>Kompositsten<\/h2>\n<p>[\/vc_column_text][vc_column_text css=&#8221;&#8221;]<\/p>\n<h5><strong>Ett bra val<\/strong> om du vill ha det b\u00e4sta av tv\u00e5 v\u00e4rldar. Med kompositsten f\u00e5r du en snygg b\u00e4nkskiva som tillverkas av minst 90 % kvartsmineraler och estetiskt framst\u00e5r som en \u00e4kta naturprodukt.<\/h5>\n<h5>Den pulveriserade graniten blandas med hartslim och gjuts i formar. Till skillnad fr\u00e5n natursten \u00e4r ytan d\u00e4rf\u00f6r helt st\u00e4ngd, s\u00e5 att fetter och annat inte kan tr\u00e4nga in och orsaka fl\u00e4ckar. Du f\u00e5r med andra ord naturstenens exklusiva uttryck och innovationens effektiva produktegenskaper samlad i en och samma b\u00e4nkskiva.<\/h5>\n<p>[\/vc_column_text][\/vc_column][\/vc_row][vc_row][vc_column][vc_separator color=&#8221;black&#8221; border_width=&#8221;2&#8243;][\/vc_column][\/vc_row][vc_row css=&#8221;.vc_custom_1534410440830{margin-top: 40px !important;}&#8221;][vc_column width=&#8221;1\/2&#8243;][vc_column_text]<\/p>\n<h4>Vad \u00e2r Kompositsten?<\/h4>\n<p>[\/vc_column_text][vc_column_text css=&#8221;&#8221;]Kompositsten \u00e4r p\u00e5 en samma g\u00e5ng naturligt och konstgjort material. Det best\u00e5r av minst 90 % kvarts i pulvriserad form som blandats med ett laboratorieutvecklat hartslim och eventuella f\u00e4rgpigment. N\u00e4r blandningen upphettas och pressas ner i en gjutform blir resultatet en extremt stark skiva med ett helt slutet ytskikt.<\/p>\n<p>Hos DFI-Geisler s\u00e4ljer vi kompositstenskivor fr\u00e5n Europas ledande leverant\u00f6rer, d\u00e4ribland den spanska producenten Cosentino. De var \u00e5r 1990 f\u00f6rst med att utveckla materialet, och i dag marknadsf\u00f6r de det under namnet Silestone\u00ae.<\/p>\n<p>Du kan l\u00e4sa mer allm\u00e4nt om kompositstenskivor och om Cosentinos skivor i synnerhet p\u00e5 <a href=\"http:\/\/silestone.com\/\">silestone.com<\/a>. H\u00e4r\u00a0hittar du ocks\u00e5 massor av inspiration.[\/vc_column_text][\/vc_column][vc_column width=&#8221;1\/2&#8243;][vc_empty_space][vc_single_image image=&#8221;9027&#8243; img_size=&#8221;full&#8221; alignment=&#8221;right&#8221; onclick=&#8221;link_image&#8221;][\/vc_column][\/vc_row][vc_row first_background_type=&#8221;gradient&#8221; first_background_gradient=&#8221;rgba(0,57,158,0.69)||#587d9b||0;100||84||linear&#8221; css=&#8221;.vc_custom_1534410451584{margin-top: 40px !important;}&#8221;][vc_column width=&#8221;2\/3&#8243;][vc_column_text]<\/p>\n<h4>Produktegenskaper<\/h4>\n<p>[\/vc_column_text][vc_single_image image=&#8221;10224&#8243; img_size=&#8221;large&#8221; alignment=&#8221;center&#8221; onclick=&#8221;link_image&#8221;][vc_column_text]<\/p>\n<p style=\"text-align: right;\">* Mindre reparationer som t.ex. kantskador kan utf\u00f6ras av kvalificerad fackman.<\/p>\n<p>[\/vc_column_text][\/vc_column][vc_column width=&#8221;1\/3&#8243;][vc_column_text]<\/p>\n<h4>J\u00e4mf\u00f6r produkter<\/h4>\n<p>[\/vc_column_text][vc_single_image image=&#8221;29399&#8243; img_size=&#8221;medium&#8221; onclick=&#8221;link_image&#8221;][\/vc_column][\/vc_row][vc_row css=&#8221;.vc_custom_1534410410938{margin-top: 40px !important;}&#8221;][vc_column width=&#8221;1\/3&#8243;][vc_column_text]<\/p>\n<h4>Tjocklekar<\/h4>\n<p>[\/vc_column_text][vc_column_text]Kompositsten finns i tre tjocklekar. Eftersom materialet gjuts, g\u00e5r det att tillverka en b\u00e4nkskiva p\u00e5 bara 12 mm. Det \u00f6ppnar f\u00f6r en rad unika k\u00f6ksdesigner, d\u00e4r materialets solida uttryck st\u00e5r i fascinerande kontrast till skivans tjocklek.<\/p>\n<p><strong>\u2022 12 mm<\/strong><\/p>\n<p><strong>\u2022 20 mm<\/strong><\/p>\n<p><strong>\u2022 30 mm<\/strong><br \/>\n[\/vc_column_text][\/vc_column][vc_column width=&#8221;1\/3&#8243;][vc_column_text]<\/p>\n<h4>Daglig anv\u00e4ndning<\/h4>\n<p>[\/vc_column_text][vc_column_text css=&#8221;&#8221;]Den t\u00e4ta ytan g\u00f6r kompositstensskivan enkel och snabb att reng\u00f6ra med en mjuk, urvriden trasa. Spill torkas enkelt bort utan oro f\u00f6r fl\u00e4ckar eller hygien. Inte ens fett som sm\u00f6r och margaring tr\u00e4nger in eller l\u00e4mnar m\u00e4rken. Skivan k\u00e4nns svalare \u00e4n till exempel laminat och massivtr\u00e4, efter som materialet leder bort v\u00e4rme snabbare fr\u00e5n huden. Det g\u00f6r den s\u00e4rskilt l\u00e4mplig f\u00f6r bakning, eftersom degen sl\u00e4pper l\u00e4tt.<\/p>\n<p>Precis som med alla andra material rekommenderar vi \u00e4ven f\u00f6r kompositsten att du anv\u00e4nder avst\u00e4llningsgaller eller annat v\u00e4rmeunderl\u00e4gg till heta kokk\u00e4rl och stekpannor. Om kompositsten uts\u00e4tts f\u00f6r h\u00f6g v\u00e4rme kan missf\u00e4rgningar uppst\u00e5 p\u00e5 ytskiktet, detta g\u00e5r inte att ta bort.<\/p>\n<p>[\/vc_column_text][\/vc_column][vc_column width=&#8221;1\/3&#8243;][vc_column_text]<\/p>\n<h4>Designdetaljer<\/h4>\n<p>[\/vc_column_text][vc_column_text css=&#8221;&#8221;]<\/p>\n<p data-start=\"754\" data-end=\"1101\">Kompositb\u00e4nkskivor finns med olika ytbehandlingar, som var och en ger ett unikt uttryck. Vissa skivor poleras till en blank och sl\u00e4t finish, medan andra har en matt, slipad yta f\u00f6r ett mer naturligt utseende. Det finns \u00e4ven varianter som borstad, suede och vulcano. Vilka ytor som finns tillg\u00e4ngliga beror dock p\u00e5 den specifika kompositstenen.<\/p>\n<p data-start=\"1103\" data-end=\"1305\">\u00c4ven om kompositsten gjuts i formar, bearbetas skivorna efter\u00e5t p\u00e5 exakt samma s\u00e4tt och med samma maskiner som v\u00e5ra \u00f6vriga stenskivor. Du kan d\u00e4rf\u00f6r f\u00e5 olika kantprofiler \u2013 precis som med natursten.<\/p>\n<p>[\/vc_column_text][\/vc_column][\/vc_row][vc_row][vc_column][vc_separator color=&#8221;black&#8221; border_width=&#8221;2&#8243;][\/vc_column][\/vc_row][vc_row css=&#8221;.vc_custom_1534410467435{margin-top: 40px !important;}&#8221;][vc_column width=&#8221;1\/2&#8243;][vc_column_text]<\/p>\n<h4>F\u00e4rger och strukturer<\/h4>\n<p>[\/vc_column_text][vc_column_text css=&#8221;&#8221;]Sortimentet av kompositsten omfattar n\u00e4rmare 90 f\u00e4rgvarianter \u2013 fr\u00e5n mjuka, naturliga toner till mer framtr\u00e4dande f\u00e4rger som passar b\u00e5de klassiska och moderna k\u00f6ksdesigner. DFI-Geisler lagerf\u00f6r ett brett urval av de mest popul\u00e4ra f\u00e4rgerna, medan \u00f6vriga varianter kan best\u00e4llas med n\u00e5got l\u00e4ngre leveranstid.[\/vc_column_text][vc_btn title=&#8221;SE HELA V\u00c5RT KOMPOSITSTEN OCH SILESTONE\u00ae SORTIMENT&#8221; color=&#8221;success&#8221; link=&#8221;url:https%3A%2F%2Fwww.dfi-geisler.com%2Fkompositsten-sortiment%2F|target:_blank&#8221;][\/vc_column][vc_column width=&#8221;1\/2&#8243;][vc_single_image image=&#8221;8833&#8243; img_size=&#8221;large&#8221;][\/vc_column][\/vc_row][vc_row css=&#8221;.vc_custom_1534410467435{margin-top: 40px !important;}&#8221;][vc_column width=&#8221;1\/2&#8243;][vc_single_image image=&#8221;25979&#8243; img_size=&#8221;290&#215;425&#8243; alignment=&#8221;center&#8221; onclick=&#8221;custom_link&#8221; link=&#8221;https:\/\/www.dfi-geisler.com\/wp-content\/uploads\/2022\/04\/Kvalitetsbeskrivning-av-Fusion-kompositsten_SE.pdf&#8221;][\/vc_column][vc_column width=&#8221;1\/2&#8243;][vc_column_text]<\/p>\n<h4>Kvalitetsbeskrivning av Fusion kompositsten<\/h4>\n<p>[\/vc_column_text][vc_column_text]Denna kvalitetsbeskrivning definierar n\u00e4r avvikelser i Fusion kompositsten \u00e4r m\u00f6jliga att reklamera eller inte.<\/p>\n<p>P\u00e5 grund av tillverkningsprocessen kan det f\u00f6rekomma enstaka avvikelser i materialet, vilka belyses h\u00e4r.[\/vc_column_text][vc_btn title=&#8221;L\u00e4s mer om kvalitetsbeskrivningen&#8221; color=&#8221;success&#8221; link=&#8221;url:https%3A%2F%2Fwww.dfi-geisler.com%2Fwp-content%2Fuploads%2F2022%2F04%2FKvalitetsbeskrivning-av-Fusion-kompositsten_SE.pdf|target:_blank&#8221;][\/vc_column][\/vc_row][vc_row][vc_column][vc_separator color=&#8221;black&#8221; border_width=&#8221;2&#8243;][\/vc_column][\/vc_row][vc_row css=&#8221;.vc_custom_1534410460189{margin-top: 40px !important;}&#8221;][vc_column width=&#8221;1\/2&#8243;][vc_column_text]<\/p>\n<h4>Diskho<\/h4>\n<p>[\/vc_column_text][vc_single_image image=&#8221;8849&#8243; img_size=&#8221;large&#8221; css=&#8221;.vc_custom_1534760416918{margin-top: 40px !important;}&#8221;][vc_btn title=&#8221;SE V\u00c5RT STORA UTBUD AV DISKHOAR&#8221; color=&#8221;success&#8221; link=&#8221;url:https%3A%2F%2Fwww.dfi-geisler.com%2Fvaske-katalog%2F|target:_blank&#8221;][\/vc_column][vc_column width=&#8221;1\/2&#8243;][vc_column_text]<\/p>\n<h4>Montering av diskho<\/h4>\n<p>[\/vc_column_text][vc_column_text]Du kan f\u00e5 din vask monterad p\u00e5 fyra olika s\u00e4tt i din kompositstensb\u00e4nkskiva. V\u00e4ljer du en b\u00e4nkskiva fr\u00e5n Silestone\u00ae, kan du i n\u00e5gra av de mest popul\u00e4ra f\u00e4rgerna f\u00e5 en helgjuten och polerad vask i samma material som b\u00e4nkskivan och med helt dold \u00f6verg\u00e5ng mellan vask och b\u00e4nkskiva.<\/p>\n<p>&nbsp;<\/p>\n<p>[\/vc_column_text][vc_row_inner][vc_column_inner width=&#8221;1\/2&#8243;][vc_single_image image=&#8221;8841&#8243; img_size=&#8221;full&#8221; alignment=&#8221;center&#8221; style=&#8221;vc_box_border&#8221;][vc_column_text]<\/p>\n<p style=\"text-align: center;\"><strong>Planlimmad diskho<\/strong><\/p>\n<p style=\"text-align: center;\">Diskho och b\u00e4nkskiva \u00e4r i niv\u00e5, och \u00f6verg\u00e5ngar t\u00e4tas med silikon.<\/p>\n<p>[\/vc_column_text][\/vc_column_inner][vc_column_inner width=&#8221;1\/2&#8243;][vc_single_image image=&#8221;8839&#8243; img_size=&#8221;full&#8221; alignment=&#8221;center&#8221; style=&#8221;vc_box_border&#8221;][vc_column_text]<\/p>\n<p style=\"text-align: center;\"><strong>Underfr\u00e4st diskho<\/strong><\/p>\n<p style=\"text-align: center;\">Diskhon monteras s\u00e5 att h\u00e4lften av b\u00e4nkskivans tjocklek \u00e4r synlig.<\/p>\n<p>[\/vc_column_text][\/vc_column_inner][\/vc_row_inner][vc_row_inner][vc_column_inner width=&#8221;1\/2&#8243;][vc_single_image image=&#8221;8843&#8243; img_size=&#8221;full&#8221; alignment=&#8221;center&#8221; style=&#8221;vc_box_border&#8221;][vc_column_text]<\/p>\n<p style=\"text-align: center;\"><strong>Underlimmad diskho<\/strong><\/p>\n<p style=\"text-align: center;\">Hela b\u00e4nkskivans tjocklek \u00e4r synlig runt diskhon.<\/p>\n<p>[\/vc_column_text][\/vc_column_inner][vc_column_inner width=&#8221;1\/2&#8243;][vc_single_image image=&#8221;29694&#8243; img_size=&#8221;full&#8221; alignment=&#8221;center&#8221; style=&#8221;vc_box_border&#8221;][vc_column_text]<\/p>\n<p style=\"text-align: center;\"><strong>Unified diskho<\/strong><\/p>\n<p style=\"text-align: center;\">B\u00e5de diskhon och b\u00e4nkskivan sk\u00e4rs i vinkel och sammanfogas, s\u00e5 att diskhon blir en integrerad del av b\u00e4nkskivan.<\/p>\n<p>[\/vc_column_text][\/vc_column_inner][\/vc_row_inner][\/vc_column][\/vc_row][vc_row][vc_column][vc_separator color=&#8221;black&#8221; border_width=&#8221;2&#8243; css=&#8221;.vc_custom_1534425122723{margin-top: 40px !important;}&#8221;][\/vc_column][\/vc_row]<\/p>\n<\/div>","protected":false},"excerpt":{"rendered":"<p>[vc_row first_background_type=&#8221;gradient&#8221; first_background_gradient=&#8221;#83bae3||#a672c9||0;100||180||linear&#8221;][vc_column width=&#8221;1\/4&#8243;][vc_wp_custommenu nav_menu=&#8221;177&#8243;][\/vc_column][vc_column width=&#8221;3\/4&#8243;][vc_column_text] Kompositsten [\/vc_column_text][vc_column_text css=&#8221;&#8221;] Ett bra val om du vill ha det b\u00e4sta av tv\u00e5 v\u00e4rldar. Med kompositsten f\u00e5r du en<\/p>\n","protected":false},"author":717,"featured_media":0,"parent":0,"menu_order":0,"comment_status":"closed","ping_status":"closed","template":"","meta":{"_monsterinsights_skip_tracking":false,"_monsterinsights_sitenote_active":false,"_monsterinsights_sitenote_note":"","_monsterinsights_sitenote_category":0,"footnotes":""},"class_list":["post-9025","page","type-page","status-publish","hentry"],"aioseo_notices":[],"_links":{"self":[{"href":"https:\/\/www.dfi-geisler.com\/sv\/wp-json\/wp\/v2\/pages\/9025","targetHints":{"allow":["GET"]}}],"collection":[{"href":"https:\/\/www.dfi-geisler.com\/sv\/wp-json\/wp\/v2\/pages"}],"about":[{"href":"https:\/\/www.dfi-geisler.com\/sv\/wp-json\/wp\/v2\/types\/page"}],"author":[{"embeddable":true,"href":"https:\/\/www.dfi-geisler.com\/sv\/wp-json\/wp\/v2\/users\/717"}],"replies":[{"embeddable":true,"href":"https:\/\/www.dfi-geisler.com\/sv\/wp-json\/wp\/v2\/comments?post=9025"}],"version-history":[{"count":51,"href":"https:\/\/www.dfi-geisler.com\/sv\/wp-json\/wp\/v2\/pages\/9025\/revisions"}],"predecessor-version":[{"id":36157,"href":"https:\/\/www.dfi-geisler.com\/sv\/wp-json\/wp\/v2\/pages\/9025\/revisions\/36157"}],"wp:attachment":[{"href":"https:\/\/www.dfi-geisler.com\/sv\/wp-json\/wp\/v2\/media?parent=9025"}],"curies":[{"name":"wp","href":"https:\/\/api.w.org\/{rel}","templated":true}]}}