
{"id":8991,"date":"2018-10-18T07:41:13","date_gmt":"2018-10-18T07:41:13","guid":{"rendered":"http:\/\/www.dfi-geisler.com\/?page_id=8991"},"modified":"2025-07-08T14:34:41","modified_gmt":"2025-07-08T13:34:41","slug":"keramik-og-dekton","status":"publish","type":"page","link":"https:\/\/www.dfi-geisler.com\/sv\/keramik-og-dekton\/","title":{"rendered":"Keramik och Dekton\u00ae"},"content":{"rendered":"<div class=\"wpb-content-wrapper\"><p>[vc_row first_background_type=&#8221;gradient&#8221; first_background_gradient=&#8221;#83bae3||#a672c9||0;100||180||linear&#8221;][vc_column width=&#8221;1\/4&#8243;][vc_wp_custommenu nav_menu=&#8221;179&#8243;][\/vc_column][vc_column width=&#8221;3\/4&#8243;][vc_column_text]<\/p>\n<h2>Keramik och Dekton\u00ae<\/h2>\n<p>[\/vc_column_text][vc_column_text css=&#8221;&#8221;]<\/p>\n<h5>Ett bra val om du vill ha en exklusiv och elegant b\u00e4nkskiva med alla de goda egenskaper som du \u00f6verhuvudtaget kan dr\u00f6mma om. Keramiska plattor och Dekton\u00ae \u00e4r f\u00e4rgbest\u00e4ndiga, enkla att reng\u00f6ra och alltigenom robusta. Du f\u00e5r d\u00e4rmed en b\u00e4nkskiva som du kan njuta av att titta p\u00e5 \u2013 och som blir en fr\u00f6jd att anv\u00e4nda i \u00e5ratal.<\/h5>\n<p>[\/vc_column_text][\/vc_column][\/vc_row][vc_row][vc_column][vc_separator color=&#8221;black&#8221; border_width=&#8221;2&#8243;][\/vc_column][\/vc_row][vc_row css=&#8221;.vc_custom_1534410440830{margin-top: 40px !important;}&#8221;][vc_column width=&#8221;1\/2&#8243;][vc_column_text css=&#8221;&#8221;]<\/p>\n<h4>Vad \u00e4r keramik og Dekton\u00ae?<\/h4>\n<p>[\/vc_column_text][vc_column_text css=&#8221;&#8221;]En b\u00e4nkskiva av keramik best\u00e5r av sand, f\u00e4ltspat och lera med tillsatt f\u00e4rgpigment. Den tillredda mineralmassan h\u00e4lls i en form och upphettas till 1 200 grader, varigenom den erh\u00e5ller de m\u00e5nga attraktiva egenskaperna.<\/p>\n<p>Dekton\u00ae erh\u00e5ller samma egenskaper genom en avancerad teknik, d\u00e4r man p\u00e5 n\u00e5gra timmar f\u00e5r mineralpartiklar att utf\u00f6ra samma process som tar tusentals \u00e5r i naturen. B\u00e5de keramik och Dekton\u00ae f\u00e5r sina vackra f\u00e4rger och m\u00f6nster i form av direkt och f\u00e4rgbest\u00e4ndigt tryck.<\/p>\n<p>Dekton\u00ae och keramik \u00e4r b\u00e5da mycket h\u00e5rda och motst\u00e5ndskraftiga material, men ytorna kan repas.<\/p>\n<p>B\u00e4nkskivor i Dekton\u00ae och keramik med blanka ytor, \u00e4r visuellt j\u00e4mf\u00f6rbara med glasytorna p\u00e5 spish\u00e4llar. Det blir mindre synliga repor. F\u00f6r att undvika repor, dra inte f\u00f6rem\u00e5l \u00f6ver b\u00e4nkskivor med en glansig yta.[\/vc_column_text][\/vc_column][vc_column width=&#8221;1\/2&#8243;][vc_single_image image=&#8221;8993&#8243; img_size=&#8221;full&#8221; alignment=&#8221;right&#8221; onclick=&#8221;link_image&#8221;][\/vc_column][\/vc_row][vc_row first_background_type=&#8221;gradient&#8221; first_background_gradient=&#8221;rgba(0,57,158,0.69)||#587d9b||0;100||84||linear&#8221; css=&#8221;.vc_custom_1534410451584{margin-top: 40px !important;}&#8221;][vc_column width=&#8221;2\/3&#8243;][vc_column_text]<\/p>\n<h4>Produktegenskaper<\/h4>\n<p>[\/vc_column_text][vc_single_image image=&#8221;10222&#8243; img_size=&#8221;large&#8221; alignment=&#8221;center&#8221; onclick=&#8221;link_image&#8221;][vc_column_text]<\/p>\n<p style=\"text-align: right;\">* Mindre reparationer som t.ex. kantskador kan utf\u00f6ras av kvalificerad fackman.<\/p>\n<p>[\/vc_column_text][\/vc_column][vc_column width=&#8221;1\/3&#8243;][vc_column_text]<\/p>\n<h4>J\u00e4mf\u00f6r produkter<\/h4>\n<p>[\/vc_column_text][vc_single_image image=&#8221;29399&#8243; img_size=&#8221;medium&#8221; onclick=&#8221;link_image&#8221;][\/vc_column][\/vc_row][vc_row css=&#8221;.vc_custom_1534410410938{margin-top: 40px !important;}&#8221;][vc_column width=&#8221;1\/3&#8243;][vc_column_text]<\/p>\n<h4>Tjocklekar<\/h4>\n<p>[\/vc_column_text][vc_column_text css=&#8221;&#8221;]En b\u00e4nkskiva i keramik fr\u00e5n DFI Geisler \u00e4r som standard 12 eller 20 mm tjock. Du kan emellertid ocks\u00e5 f\u00e5 b\u00e4nkskivan i tjocklekarna 20 mm, 30 mm och \u00a040 mm, om det matchar resten av k\u00f6kets utformning b\u00e4ttre.<br \/>\nDekton\u00ae levereras som standard i 20 mm tjocklek, men finns \u00e4ven i 12 mm tjocklek &#8211; samt 4 mm tjocklek f\u00f6r anv\u00e4ndning som st\u00e4nkskydd.<\/p>\n<p><strong>Keramik<\/strong><\/p>\n<p><strong>\u2022 12 mm<\/strong><\/p>\n<p><strong>\u2022 20 mm<\/strong> (Vissa f\u00e4rger)<\/p>\n<p><strong>\u2022 30 mm<\/strong> (SG sarg)<\/p>\n<p><strong>\u2022 40 mm<\/strong> (SG sarg)<\/p>\n<p>&nbsp;<\/p>\n<p><strong>Dekton\u00ae<\/strong><\/p>\n<p><strong>\u2022 4 mm<\/strong> (Ink\u00f6psvara, bara st\u00e4nkskydd)<\/p>\n<p><strong>\u2022 12 mm<\/strong> (Ink\u00f6psvara)<\/p>\n<p><strong>\u2022 20 mm<\/strong> (Lagerf\u00f6rda + ink\u00f6psf\u00e4rger)[\/vc_column_text][\/vc_column][vc_column width=&#8221;1\/3&#8243;][vc_column_text]<\/p>\n<h4>Daglig anv\u00e4ndning<\/h4>\n<p>[\/vc_column_text][vc_column_text]Det g\u00e5r knappt att hitta enklare och mer robusta b\u00e4nkskivor till k\u00f6ket \u00e4n keramik och Dekton\u00ae. B\u00e5da produkterna har en l\u00e5ng rad egenskaper som g\u00f6r dem otroligt bekv\u00e4ma i det dagliga livet i k\u00f6ket.<\/p>\n<p>Skivorna \u00e4r s\u00e5 gott som icke-absorberande. Du kan med andra ord spilla vad som helst \u2013 och bara torka upp det med en urvriden \u00a0trasa och eventuellt n\u00e5got reng\u00f6ringsmedel vid behov.<\/p>\n<p>Dekton\u00ae och keramik \u00e4r mycket h\u00e5rda material, men ytorna kan bli repas. till exempel om ett kvartskorn kommer mellan b\u00e4nkskivan och en gryta, som dras \u00f6ver b\u00e4nkskivan.<\/p>\n<p>Repor syns oftast inte p\u00e5 matta ytor och p\u00e5 ytor med struktur i. N\u00e4r det d\u00e4remot \u00e4r en b\u00e4nkskiva med blank yta kommer \u00e4ven mindre repor av daglig anv\u00e4ndning att bli synliga.<\/p>\n<p>Keramik och Dekton\u00ae \u00e4r b\u00e5da mycket v\u00e4rmet\u00e5liga. Keramik t\u00e5l temperaturer upp till 250\u00b0. Vi rekommenderar dock alltid att anv\u00e4nda underl\u00e4gg.<\/p>\n<p>[\/vc_column_text][\/vc_column][vc_column width=&#8221;1\/3&#8243;][vc_column_text]<\/p>\n<h4>Designdetaljer<\/h4>\n<p>[\/vc_column_text][vc_column_text]B\u00e4nkskivor i keramik och Dekton\u00ae finns i en m\u00e4ngd olika f\u00e4rger och tjocklekar, som passar perfekt i nutidens moderna k\u00f6ksdesign.<\/p>\n<p>Synliga kanter \u00e4r alltid fasade 2 x 2 mm.[\/vc_column_text][\/vc_column][\/vc_row][vc_row][vc_column][vc_separator color=&#8221;black&#8221; border_width=&#8221;2&#8243;][\/vc_column][\/vc_row][vc_row css=&#8221;.vc_custom_1534410467435{margin-top: 40px !important;}&#8221;][vc_column width=&#8221;1\/3&#8243;][vc_column_text]<\/p>\n<h4>F\u00e4rger och strukturer<\/h4>\n<p>[\/vc_column_text][vc_column_text]Din Keramikb\u00e4nkskiva kan f\u00e5s i flera f\u00e4rgvarianter, som alla \u00e4r UV-best\u00e4ndiga och d\u00e4rmed inte bleknar i solljus. Dekton\u00ae finns i mer \u00e4n 60 UV-best\u00e4ndiga f\u00e4rger och m\u00f6nster \u2013 fr\u00e5n enf\u00e4rgade b\u00e4nkskivor till vackra strukturer som leder tankarna i riktning mot marmor och andra naturstenar.<\/p>\n<p>[\/vc_column_text][vc_btn title=&#8221;SE HELA V\u00c5RT KERAMIK OCH DEKTON\u00ae SORTIMENT&#8221; color=&#8221;success&#8221; link=&#8221;url:https%3A%2F%2Fwww.dfi-geisler.com%2Fceramics-sortiment-2%2F|target:_blank&#8221;][\/vc_column][vc_column width=&#8221;2\/3&#8243;][vc_single_image image=&#8221;9007&#8243; img_size=&#8221;large&#8221;][\/vc_column][\/vc_row][vc_row css=&#8221;.vc_custom_1534410460189{margin-top: 40px !important;}&#8221;][vc_column width=&#8221;1\/2&#8243;][vc_column_text]<\/p>\n<h4>Diskho<\/h4>\n<p>[\/vc_column_text][vc_single_image image=&#8221;9011&#8243; img_size=&#8221;large&#8221; alignment=&#8221;center&#8221; css=&#8221;.vc_custom_1535027571589{margin-top: 40px !important;}&#8221;][vc_btn title=&#8221;SE V\u00c5RT STORA UTBUD AV DISKHOAR&#8221; color=&#8221;success&#8221; link=&#8221;url:https%3A%2F%2Fwww.dfi-geisler.com%2Fvaske-katalog%2F|target:_blank&#8221;][\/vc_column][vc_column width=&#8221;1\/2&#8243;][vc_column_text]<\/p>\n<h4>Montering av diskho<\/h4>\n<p>[\/vc_column_text][vc_column_text css=&#8221;&#8221;]Keramik og Dekton\u00ae b\u00e4nkskivor kan antingen levereras med plan- eller underlimmad diskho. Dessutom kan ett litet antal diskhoar levereras &#8221;unified&#8221; &#8211; en vacker l\u00f6sning d\u00e4r diskhon \u00e4r integrerad i b\u00e4nkskivan.<\/p>\n<p>[\/vc_column_text][vc_row_inner][vc_column_inner width=&#8221;1\/2&#8243;][vc_single_image image=&#8221;8841&#8243; img_size=&#8221;full&#8221; alignment=&#8221;center&#8221; style=&#8221;vc_box_border&#8221; onclick=&#8221;link_image&#8221;][vc_column_text]<\/p>\n<p style=\"text-align: center;\"><strong>Planlimmad<\/strong><\/p>\n<p style=\"text-align: center;\">Diskho och b\u00e4nkskiva \u00e4r i niv\u00e5, och \u00f6verg\u00e5ngar t\u00e4tas med silikon<\/p>\n<p>[\/vc_column_text][\/vc_column_inner][vc_column_inner width=&#8221;1\/2&#8243;][vc_single_image image=&#8221;8843&#8243; img_size=&#8221;full&#8221; alignment=&#8221;center&#8221; style=&#8221;vc_box_border&#8221; onclick=&#8221;link_image&#8221;][vc_column_text]<\/p>\n<p style=\"text-align: center;\"><strong>Underlimmad<\/strong><\/p>\n<p style=\"text-align: center;\">Hela b\u00e4nkskivans tjocklek \u00e4r synlig runt diskhon.<\/p>\n<p>[\/vc_column_text][\/vc_column_inner][\/vc_row_inner][vc_row_inner][vc_column_inner width=&#8221;1\/2&#8243;][vc_single_image image=&#8221;29694&#8243; img_size=&#8221;full&#8221; alignment=&#8221;center&#8221; style=&#8221;vc_box_border&#8221; onclick=&#8221;link_image&#8221;][vc_column_text]<\/p>\n<p style=\"text-align: center;\"><strong>Unified<\/strong><\/p>\n<p style=\"text-align: center;\">B\u00e5de diskhon och b\u00e4nkskivan sk\u00e4rs i vinkel och sammanfogas, s\u00e5 att diskhon blir en integrerad del av b\u00e4nkskivan.<\/p>\n<p>&nbsp;<\/p>\n<p>[\/vc_column_text][\/vc_column_inner][\/vc_row_inner][\/vc_column][\/vc_row][vc_row][vc_column][vc_separator color=&#8221;black&#8221; border_width=&#8221;2&#8243; css=&#8221;.vc_custom_1534425122723{margin-top: 40px !important;}&#8221;][\/vc_column][\/vc_row]<\/p>\n<\/div>","protected":false},"excerpt":{"rendered":"<p>[vc_row first_background_type=&#8221;gradient&#8221; first_background_gradient=&#8221;#83bae3||#a672c9||0;100||180||linear&#8221;][vc_column width=&#8221;1\/4&#8243;][vc_wp_custommenu nav_menu=&#8221;179&#8243;][\/vc_column][vc_column width=&#8221;3\/4&#8243;][vc_column_text] Keramik och Dekton\u00ae [\/vc_column_text][vc_column_text css=&#8221;&#8221;] Ett bra val om du vill ha en exklusiv och elegant b\u00e4nkskiva med alla de<\/p>\n","protected":false},"author":717,"featured_media":0,"parent":0,"menu_order":0,"comment_status":"closed","ping_status":"closed","template":"","meta":{"_monsterinsights_skip_tracking":false,"_monsterinsights_sitenote_active":false,"_monsterinsights_sitenote_note":"","_monsterinsights_sitenote_category":0,"footnotes":""},"class_list":["post-8991","page","type-page","status-publish","hentry"],"aioseo_notices":[],"_links":{"self":[{"href":"https:\/\/www.dfi-geisler.com\/sv\/wp-json\/wp\/v2\/pages\/8991","targetHints":{"allow":["GET"]}}],"collection":[{"href":"https:\/\/www.dfi-geisler.com\/sv\/wp-json\/wp\/v2\/pages"}],"about":[{"href":"https:\/\/www.dfi-geisler.com\/sv\/wp-json\/wp\/v2\/types\/page"}],"author":[{"embeddable":true,"href":"https:\/\/www.dfi-geisler.com\/sv\/wp-json\/wp\/v2\/users\/717"}],"replies":[{"embeddable":true,"href":"https:\/\/www.dfi-geisler.com\/sv\/wp-json\/wp\/v2\/comments?post=8991"}],"version-history":[{"count":80,"href":"https:\/\/www.dfi-geisler.com\/sv\/wp-json\/wp\/v2\/pages\/8991\/revisions"}],"predecessor-version":[{"id":36149,"href":"https:\/\/www.dfi-geisler.com\/sv\/wp-json\/wp\/v2\/pages\/8991\/revisions\/36149"}],"wp:attachment":[{"href":"https:\/\/www.dfi-geisler.com\/sv\/wp-json\/wp\/v2\/media?parent=8991"}],"curies":[{"name":"wp","href":"https:\/\/api.w.org\/{rel}","templated":true}]}}