
{"id":8943,"date":"2018-10-18T07:52:17","date_gmt":"2018-10-18T07:52:17","guid":{"rendered":"http:\/\/www.dfi-geisler.com\/?page_id=8943"},"modified":"2026-04-10T08:34:46","modified_gmt":"2026-04-10T07:34:46","slug":"natursten-og-marmor-2","status":"publish","type":"page","link":"https:\/\/www.dfi-geisler.com\/sv\/natursten-og-marmor-2\/","title":{"rendered":"Natursten"},"content":{"rendered":"<div class=\"wpb-content-wrapper\"><p>[vc_row first_background_type=&#8221;gradient&#8221; first_background_gradient=&#8221;#83bae3||#a672c9||0;100||180||linear&#8221;][vc_column width=&#8221;1\/4&#8243;][vc_wp_custommenu nav_menu=&#8221;176&#8243;][\/vc_column][vc_column width=&#8221;3\/4&#8243;][vc_column_text]<\/p>\n<h2>Natursten<\/h2>\n<p>[\/vc_column_text][vc_column_text css=&#8221;&#8221;]<\/p>\n<h5><strong>Ett bra val<\/strong>\u00a0om du vill ha en b\u00e4nkskiva som har utformats av naturen under miljontals \u00e5r \u2013 och som \u00e4r alltigenom unik. Med natursten f\u00e5r du med andra ord en b\u00e4nkskiva med en enast\u00e5ende vacker yta och med alla de sm\u00e5 och stora k\u00e4nnetecknen i form av skimmer, \u00e5dringar och naturliga revor som g\u00f6r materialet s\u00e5 speciellt och unikt, och som g\u00f6r ditt k\u00f6k unikt. Natursten g\u00f6r sig dessutom perfekt ihop med andra material, som massivt tr\u00e4 och st\u00e5l.<\/h5>\n<p>[\/vc_column_text][\/vc_column][\/vc_row][vc_row][vc_column][vc_separator color=&#8221;black&#8221; border_width=&#8221;2&#8243;][\/vc_column][\/vc_row][vc_row css=&#8221;.vc_custom_1534410440830{margin-top: 40px !important;}&#8221;][vc_column width=&#8221;1\/2&#8243;][vc_column_text]<\/p>\n<h4>Vad \u00e4r natursten och marmor?<\/h4>\n<p>[\/vc_column_text][vc_column_text]Naturstenar \u00e4r vulkaniska bergarter som huvudsakligen best\u00e5r av de tre mineralerna kvarts, f\u00e4ltspat och muskovit. Det sist n\u00e4mnda \u00e4r ett glittrigt mineral och \u00e4r det som framf\u00f6rallt ger granit dess speciella utseende \u2013 som att man ser rakt in i en stj\u00e4rnhimmel. Natursten utvinns i stora block som sedan s\u00e5gas ut och fr\u00e4ses med millimeterprecision till \u00f6nskat m\u00e5tt, varefter skivan slipas och poleras. \u00c4ven marmor \u00e4r en bergart. Den bildas genom omkristallisering av kalksten. En process som, liksom f\u00f6r natursten, tar miljontals \u00e5r och inneb\u00e4r en kombination av v\u00e4rme, tryck och friktion.<\/p>\n<p>&nbsp;<\/p>\n<p>&nbsp;<\/p>\n<p>[\/vc_column_text][\/vc_column][vc_column width=&#8221;1\/2&#8243;][vc_single_image image=&#8221;8951&#8243; img_size=&#8221;large&#8221; alignment=&#8221;right&#8221; onclick=&#8221;link_image&#8221;][\/vc_column][\/vc_row][vc_row][vc_column][vc_separator color=&#8221;black&#8221; border_width=&#8221;2&#8243;][vc_empty_space height=&#8221;1px&#8221;][\/vc_column][\/vc_row][vc_row][vc_column width=&#8221;2\/3&#8243;][vc_single_image image=&#8221;23427&#8243; img_size=&#8221;full&#8221;][\/vc_column][vc_column width=&#8221;1\/3&#8243;][vc_column_text css=&#8221;&#8221;]<\/p>\n<h4><strong>Vad \u00e4r quartzi<\/strong><strong>te?<\/strong><\/h4>\n<p>[\/vc_column_text][vc_column_text css=&#8221;&#8221;]Quartzite \u00e4r en naturligt f\u00f6rekommande stensort. Den har f\u00e5tt sitt namn p\u00e5 grund av det stora inneh\u00e5llet av kvarts.<\/p>\n<p>Quartzite \u00e4r h\u00e5rdare \u00e4n natursten och marmor, och det har ett vackert och varierat \u00e5dern\u00e4t i strukturen som ger den ett exklusivt uttryck.<\/p>\n<p>P\u00e5 DFI-Geisler har vi 7 typer av quartzite. H\u00e4r kan du l\u00e4sa om stensortens ursprung, egenskaper, k\u00e4nnetecken och underh\u00e5ll.[\/vc_column_text][vc_btn title=&#8221;L\u00e4s mer om quartzite&#8221; color=&#8221;success&#8221; css=&#8221;&#8221; link=&#8221;url:https%3A%2F%2Fwww.dfi-geisler.com%2Fquartzite%2F|title:Quartzite|target:_blank&#8221;][\/vc_column][\/vc_row][vc_row][vc_column width=&#8221;1\/2&#8243;][vc_column_text]<\/p>\n<h4>Quartzite kvalitetsbeskrivningen<\/h4>\n<p>[\/vc_column_text][vc_column_text css=&#8221;&#8221;]Den h\u00e4r kvalitetsbeskrivningen definierar n\u00e4r oregelbundenheter i naturstenen kvartsit utg\u00f6r en ber\u00e4ttigad grund f\u00f6r reklamation och n\u00e4r det helt enkelt \u00e4r en del av naturstenens naturliga karakt\u00e4r.<\/p>\n<p>Det finns stora och naturligt f\u00f6rekommande variationer i quartzite.<\/p>\n<p>De handprover som visas f\u00f6r slutkunder ger inte alltid en r\u00e4ttvisande bild av hur den f\u00e4rdiga b\u00e4nkskivan ser ut.<\/p>\n<p>D\u00e4rav denna beskrivning, f\u00f6r att b\u00e4ttre kunna minska klyftan mellan f\u00f6rv\u00e4ntningar och verklighet.[\/vc_column_text][vc_btn title=&#8221;L\u00e4s mer om kvalitetsbeskrivningen&#8221; color=&#8221;success&#8221; css=&#8221;&#8221; link=&#8221;url:https%3A%2F%2Fwww.dfi-geisler.com%2Fwp-content%2Fuploads%2F2026%2F04%2FMateriale-og-kvalitetsbeskrivelse-af-quartzite_SE_09042026.pdf|title:Quartzite|target:_blank&#8221;][\/vc_column][vc_column width=&#8221;1\/2&#8243;][vc_single_image image=&#8221;38880&#8243; img_size=&#8221;290&#215;425&#8243; alignment=&#8221;center&#8221; onclick=&#8221;custom_link&#8221; css=&#8221;&#8221; link=&#8221;https:\/\/www.dfi-geisler.com\/wp-content\/uploads\/2026\/04\/Materiale-og-kvalitetsbeskrivelse-af-quartzite_SE_09042026.pdf&#8221;][\/vc_column][\/vc_row][vc_row][vc_column][vc_separator color=&#8221;black&#8221; border_width=&#8221;2&#8243;][\/vc_column][\/vc_row][vc_row first_background_type=&#8221;gradient&#8221; first_background_gradient=&#8221;rgba(0,57,158,0.69)||#587d9b||0;100||84||linear&#8221; css=&#8221;.vc_custom_1534410451584{margin-top: 40px !important;}&#8221;][vc_column width=&#8221;2\/3&#8243;][vc_column_text]<\/p>\n<h4>Produktegenskaper<\/h4>\n<p>[\/vc_column_text][vc_single_image image=&#8221;10190&#8243; img_size=&#8221;large&#8221; alignment=&#8221;center&#8221; onclick=&#8221;link_image&#8221;][vc_column_text]<\/p>\n<p style=\"text-align: right;\">* Mindre reparationer som t.ex. kantskador kan utf\u00f6ras av kvalificerad fackman.<\/p>\n<p>[\/vc_column_text][\/vc_column][vc_column width=&#8221;1\/3&#8243;][vc_column_text]<\/p>\n<h4>J\u00e4mf\u00f6r produkter<\/h4>\n<p>[\/vc_column_text][vc_single_image image=&#8221;29713&#8243; img_size=&#8221;medium&#8221; onclick=&#8221;link_image&#8221;][\/vc_column][\/vc_row][vc_row css=&#8221;.vc_custom_1534410410938{margin-top: 40px !important;}&#8221;][vc_column width=&#8221;1\/3&#8243;][vc_column_text]<\/p>\n<h4>Tjocklekar<\/h4>\n<p>[\/vc_column_text][vc_column_text]Natursten och marmor finns i tv\u00e5 tjocklekar,\u00a0vart och ett med sitt speciella designm\u00e4ssiga uttryck.<\/p>\n<p><strong>Natursten<\/strong><\/p>\n<p><strong>\u2022 20 mm<\/strong><\/p>\n<p><strong>\u2022 30 mm<\/strong><\/p>\n<p><strong>Quartzite<\/strong><\/p>\n<p><strong>\u2022 20 mm<\/strong><\/p>\n<p><strong>Marmor<\/strong><\/p>\n<p><strong>\u2022 20 mm<\/strong><\/p>\n<p><strong>\u2022 30 mm<\/strong><\/p>\n<p>[\/vc_column_text][\/vc_column][vc_column width=&#8221;1\/3&#8243;][vc_column_text]<\/p>\n<h4>Daglig anv\u00e4ndning<\/h4>\n<p>[\/vc_column_text][vc_column_text css=&#8221;&#8221;]Natursten, quartzite och marmor har alla en por\u00f6s yta med naturliga revor och sm\u00e5 h\u00e5l. Detta inneb\u00e4r att exempelvis fett fr\u00e5n matlagning tr\u00e4nger ned i ytskiktet d\u00e4r det kan bilda fl\u00e4ckar. Av denna anledning ska natursten och marmor regelbundet impreneras med FILA MP90 eller behandlas med stenolja.<\/p>\n<p>Till skillnad vad m\u00e5nga tror, t\u00e5l natursten, quartzite och marmor bara m\u00e5ttlig v\u00e4rmep\u00e5verkan. Varma kokk\u00e4rl, stekpannor eller redskap ska d\u00e4rf\u00f6r alltid st\u00e4llas p\u00e5 ett galler eller v\u00e4rmeunderl\u00e4gg. Annars kan v\u00e4rmen f\u00e5 fettet i skivan att tr\u00e4nga upp till ytan och bilda fl\u00e4ckar \u2013 eller i v\u00e4rsta fall orsaka att skivan spricker.<\/p>\n<p>Den dagliga reng\u00f6ringen \u00e4r enkel. En urvriden trasa som f\u00f6rst fuktats i varmt vatten \u00e4r oftast allt som beh\u00f6vs f\u00f6r att h\u00e5lla k\u00f6kshygienen. Om det skulle beh\u00f6vas t\u00e5l natursten och quartzite \u00e4ven de flesta reng\u00f6ringsmedel. Med marmor m\u00e5ste du vara mer f\u00f6rsiktig.[\/vc_column_text][\/vc_column][vc_column width=&#8221;1\/3&#8243;][vc_column_text]<\/p>\n<h4>Designdetaljer<\/h4>\n<p>[\/vc_column_text][vc_column_text css=&#8221;&#8221;]Varje b\u00e4nkskiva i natursten, quartzite eller marmor \u00e4r unik \u2013 med sitt eget f\u00e4rgspel och karakt\u00e4ristiska \u00e5dringar som ger den ett s\u00e4rskilt uttryck. Ytan kan bearbetas p\u00e5 olika s\u00e4tt beroende p\u00e5 vilket utseende man vill ha. Du kan till exempel v\u00e4lja en polerad finish som ger en sl\u00e4t och blank yta \u2013 eller v\u00e4lja en mattslipad yta, som ger ett mer naturligt intryck, men som i geng\u00e4ld kr\u00e4ver lite mer underh\u00e5ll.[\/vc_column_text][\/vc_column][\/vc_row][vc_row css=&#8221;.vc_custom_1534410467435{margin-top: 40px !important;}&#8221;][vc_column width=&#8221;1\/3&#8243;][vc_column_text]<\/p>\n<h4>F\u00e4rger och strukturer<\/h4>\n<p>[\/vc_column_text][vc_column_text css=&#8221;&#8221;]Natursten, quartzite och marmor har utformats av naturen. F\u00e4rger och strukturer beror d\u00e4rf\u00f6r endast p\u00e5 vilket stenbrott och vilken bergskedja stenblocken h\u00e4rstammar fr\u00e5n. Hos DFI-Geisler erbjuder vi m\u00e5nga f\u00e4rgvarianter av natursten, medan utbudet av marmor och quartzite \u00e4r n\u00e5got mindre &#8211;\u00a0 alla helt i linje med dagens designtrender. F\u00f6r en del av naturstenarna kan du v\u00e4lja om du vill ha en polerad, en satinpolerad eller en mattslipad yta. Skillnaden kan allts\u00e5 vara stor.<br \/>\nMarmor levereras alltid mattslipad. Quartzite levereras med matt eller polerad yta, beroende p\u00e5 typ.[\/vc_column_text][vc_btn title=&#8221;SE HELA V\u00c5RT NATURSTENSSORTIMENT&#8221; color=&#8221;success&#8221; link=&#8221;url:https%3A%2F%2Fwww.dfi-geisler.com%2Fnatursten-sortiment%2F&#8221;][\/vc_column][vc_column width=&#8221;2\/3&#8243;][vc_single_image image=&#8221;8967&#8243; img_size=&#8221;large&#8221; alignment=&#8221;center&#8221;][\/vc_column][\/vc_row][vc_row css=&#8221;.vc_custom_1534410460189{margin-top: 40px !important;}&#8221;][vc_column width=&#8221;1\/2&#8243;][vc_column_text]<\/p>\n<h4>Diskho<\/h4>\n<p>[\/vc_column_text][vc_single_image image=&#8221;8969&#8243; img_size=&#8221;large&#8221; css=&#8221;.vc_custom_1535017458992{margin-top: 40px !important;}&#8221;][vc_btn title=&#8221;SE V\u00c5RT STORA UTBUD AC DISKHOAR&#8221; color=&#8221;success&#8221; link=&#8221;url:https%3A%2F%2Fwww.dfi-geisler.com%2Fvaske-katalog%2F&#8221;][\/vc_column][vc_column width=&#8221;1\/2&#8243;][vc_column_text]<\/p>\n<h4>Montering av diskho<\/h4>\n<p>[\/vc_column_text][vc_column_text css=&#8221;&#8221;]Diskhon I en b\u00e4nkskiva av natursten eller marmor kan monteras p\u00e5 tre olika s\u00e4tt, vart och ett med sitt estetiska uttryck. Dessutom kan ette mindre antal diskb\u00e4nkar monteras &#8221;unified&#8221; -en vacker l\u00f6sning, d\u00e4r diskhon \u00e4r integrerad i b\u00e4nkskivan. Om du inte vet vad du ska v\u00e4lja \u00e4r din \u00e5terf\u00f6rs\u00e4ljare alltid redo att ge r\u00e5d.<\/p>\n<p>[\/vc_column_text][vc_row_inner][vc_column_inner width=&#8221;1\/2&#8243;][vc_single_image image=&#8221;8841&#8243; img_size=&#8221;full&#8221; alignment=&#8221;center&#8221; style=&#8221;vc_box_border&#8221;][vc_column_text]<\/p>\n<p style=\"text-align: center;\"><strong>Planlimmad diskho<\/strong><\/p>\n<p style=\"text-align: center;\">Diskho och b\u00e4nkskiva \u00e4r i niv\u00e5, och \u00f6verg\u00e5ngar t\u00e4tas med silikon<\/p>\n<p>[\/vc_column_text][\/vc_column_inner][vc_column_inner width=&#8221;1\/2&#8243;][vc_single_image image=&#8221;8843&#8243; img_size=&#8221;full&#8221; alignment=&#8221;center&#8221; style=&#8221;vc_box_border&#8221;][vc_column_text]<\/p>\n<p style=\"text-align: center;\"><strong>Underlimmad diskho<\/strong><\/p>\n<p style=\"text-align: center;\">Hela b\u00e4nkskivans tjocklek \u00e4r synlig runt diskhon.<\/p>\n<p>[\/vc_column_text][\/vc_column_inner][\/vc_row_inner][vc_row_inner][vc_column_inner width=&#8221;1\/2&#8243;][vc_single_image image=&#8221;8963&#8243; img_size=&#8221;full&#8221; alignment=&#8221;center&#8221; style=&#8221;vc_box_border&#8221;][vc_column_text css=&#8221;&#8221;]<\/p>\n<p style=\"text-align: center;\"><strong>Underfr\u00e4st*<\/strong><\/p>\n<p style=\"text-align: center;\">Diskhon monteras s\u00e5\u00a0att h\u00e4lften av b\u00e4nkskivans tjocklek \u00e4r synlig.<br \/>\n*Erbjuds ej i Quartzite.<\/p>\n<p>[\/vc_column_text][\/vc_column_inner][vc_column_inner width=&#8221;1\/2&#8243;][vc_single_image image=&#8221;29694&#8243; img_size=&#8221;full&#8221; alignment=&#8221;center&#8221; style=&#8221;vc_box_border&#8221;][vc_column_text]<\/p>\n<p style=\"text-align: center;\"><b>Unified<\/b><\/p>\n<p style=\"text-align: center;\">B\u00e5de diskhon och b\u00e4nkskivan sk\u00e4rs i vinkel och sammanfogas, s\u00e5 att diskhon blir en integrerad del av b\u00e4nkskivan.<\/p>\n<p>&nbsp;<\/p>\n<p>&nbsp;<\/p>\n<p>[\/vc_column_text][\/vc_column_inner][\/vc_row_inner][\/vc_column][\/vc_row][vc_row][vc_column][vc_separator color=&#8221;black&#8221; border_width=&#8221;2&#8243; css=&#8221;.vc_custom_1534425122723{margin-top: 40px !important;}&#8221;][\/vc_column][\/vc_row]<\/p>\n<\/div>","protected":false},"excerpt":{"rendered":"<p>[vc_row first_background_type=&#8221;gradient&#8221; first_background_gradient=&#8221;#83bae3||#a672c9||0;100||180||linear&#8221;][vc_column width=&#8221;1\/4&#8243;][vc_wp_custommenu nav_menu=&#8221;176&#8243;][\/vc_column][vc_column width=&#8221;3\/4&#8243;][vc_column_text] Natursten [\/vc_column_text][vc_column_text css=&#8221;&#8221;] Ett bra val\u00a0om du vill ha en b\u00e4nkskiva som har utformats av naturen under miljontals \u00e5r \u2013<\/p>\n","protected":false},"author":717,"featured_media":0,"parent":0,"menu_order":0,"comment_status":"closed","ping_status":"closed","template":"","meta":{"_monsterinsights_skip_tracking":false,"_monsterinsights_sitenote_active":false,"_monsterinsights_sitenote_note":"","_monsterinsights_sitenote_category":0,"footnotes":""},"class_list":["post-8943","page","type-page","status-publish","hentry"],"aioseo_notices":[],"_links":{"self":[{"href":"https:\/\/www.dfi-geisler.com\/sv\/wp-json\/wp\/v2\/pages\/8943","targetHints":{"allow":["GET"]}}],"collection":[{"href":"https:\/\/www.dfi-geisler.com\/sv\/wp-json\/wp\/v2\/pages"}],"about":[{"href":"https:\/\/www.dfi-geisler.com\/sv\/wp-json\/wp\/v2\/types\/page"}],"author":[{"embeddable":true,"href":"https:\/\/www.dfi-geisler.com\/sv\/wp-json\/wp\/v2\/users\/717"}],"replies":[{"embeddable":true,"href":"https:\/\/www.dfi-geisler.com\/sv\/wp-json\/wp\/v2\/comments?post=8943"}],"version-history":[{"count":135,"href":"https:\/\/www.dfi-geisler.com\/sv\/wp-json\/wp\/v2\/pages\/8943\/revisions"}],"predecessor-version":[{"id":38886,"href":"https:\/\/www.dfi-geisler.com\/sv\/wp-json\/wp\/v2\/pages\/8943\/revisions\/38886"}],"wp:attachment":[{"href":"https:\/\/www.dfi-geisler.com\/sv\/wp-json\/wp\/v2\/media?parent=8943"}],"curies":[{"name":"wp","href":"https:\/\/api.w.org\/{rel}","templated":true}]}}