
{"id":8171,"date":"2018-06-06T12:22:41","date_gmt":"2018-06-06T12:22:41","guid":{"rendered":"http:\/\/www.dfi-geisler.com\/?page_id=8171"},"modified":"2020-02-03T10:43:57","modified_gmt":"2020-02-03T09:43:57","slug":"tryghedspakker","status":"publish","type":"page","link":"https:\/\/www.dfi-geisler.com\/sv\/tryghedspakker\/","title":{"rendered":"tryghedspakker"},"content":{"rendered":"<div class=\"wpb-content-wrapper\"><p>[vc_row full_width=&#8221;stretch_row&#8221; css=&#8221;.vc_custom_1530096782945{background-image: url(http:\/\/www.dfi-geisler.com\/wp-content\/uploads\/2018\/06\/tryghedsbanner.jpg?id=8387) !important;background-position: center !important;background-repeat: no-repeat !important;background-size: cover !important;}&#8221;][vc_column][vc_empty_space height=&#8221;100&#8243;][vc_custom_heading text=&#8221;Trygghetspaket&#8221; font_container=&#8221;tag:h2|text_align:center|color:%23ffffff&#8221; google_fonts=&#8221;font_family:Lato%3A100%2C100italic%2C300%2C300italic%2Cregular%2Citalic%2C700%2C700italic%2C900%2C900italic|font_style:400%20regular%3A400%3Anormal&#8221;][vc_empty_space height=&#8221;100&#8243;][\/vc_column][\/vc_row][vc_row full_width=&#8221;stretch_row&#8221;][vc_column][vc_single_image image=&#8221;8519&#8243; img_size=&#8221;full&#8221; alignment=&#8221;center&#8221; style=&#8221;vc_box_shadow_3d&#8221;][\/vc_column][\/vc_row][vc_row][vc_column][vc_row_inner][vc_column_inner width=&#8221;1\/2&#8243;][vc_column_text css=&#8221;.vc_custom_1531141142416{margin-top: 100px !important;}&#8221;]<\/p>\n<h3 style=\"text-align: center;\">DFI-GEISLER TRYGGHETSPAKET<\/h3>\n<div class=\"page\" title=\"Page 2\">\n<div class=\"section\">\n<div class=\"layoutArea\">\n<div class=\"column\">\n<div class=\"page\" title=\"Page 2\">\n<div class=\"section\">\n<div class=\"layoutArea\">\n<div class=\"column\">\n<h5 style=\"text-align: center;\">Ett trygghetspaket \u00e4r en tj\u00e4nst som omfattar uppm\u00e4tning och installation av b\u00e4nkskivor.<\/h5>\n<h5 style=\"text-align: center;\">B\u00e4nkskivorna \u00e4r en viktig del av ditt nya k\u00f6k och vi vill att du ska f\u00f6rst\u00e5 hela processen kring trygghetspaketet.<br \/>\nI denna folder kan du l\u00e4sa hur trygghetspaketet fungerar.<\/h5>\n<h5 style=\"text-align: center;\">K\u00f6kssk\u00e5pen m\u00e5ste vara installerade innan vi kan b\u00f6rja. D\u00e4refter kommer en utbildad mont\u00f6r hem till dig f\u00f6r att ta m\u00e5tt p\u00e5 de nya b\u00e4nkskivorna (bara vid trygghetspaket 1 och trygghetspaket 2)<\/h5>\n<h5 style=\"text-align: center;\">Efter kontrollm\u00e4tning tillverkas dina b\u00e4nkskivor enligt v\u00e5r uppm\u00e4tning. 10\u201312 arbetsdagar* senare kommer mont\u00f6ren tillbaka och installerar de specialtillverkade b\u00e4nkskivorna som passar just ditt k\u00f6k.<\/h5>\n<\/div>\n<\/div>\n<\/div>\n<\/div>\n<\/div>\n<\/div>\n<\/div>\n<\/div>\n<div class=\"page\" title=\"Page 2\">\n<div class=\"section\">\n<div class=\"layoutArea\">\n<div class=\"column\">\n<div class=\"page\" title=\"Page 2\">\n<div class=\"section\">\n<div class=\"layoutArea\">\n<div class=\"column\">\n<h6 style=\"text-align: center;\">*) Med f\u00f6rbeh\u00e5ll f\u00f6r best\u00e4llningsvaror, st\u00e5lprodukter och tillverkningskapacitet. R\u00e4kna med l\u00e4ngre leveranstider under h\u00f6gt belastade perioder, som t.ex. semesters\u00e4songer.<\/h6>\n<\/div>\n<\/div>\n<\/div>\n<\/div>\n<\/div>\n<\/div>\n<\/div>\n<\/div>\n<p>[\/vc_column_text][vc_empty_space height=&#8221;500&#8243;][vc_single_image image=&#8221;8241&#8243; img_size=&#8221;large&#8221; alignment=&#8221;center&#8221; style=&#8221;vc_box_shadow_3d&#8221; css=&#8221;.vc_custom_1530177679623{margin-top: 100px !important;}&#8221;][vc_column_text css=&#8221;.vc_custom_1531141201557{margin-top: 200px !important;}&#8221;]<\/p>\n<h3 style=\"text-align: center;\">TOLERANSER<\/h3>\n<div class=\"page\" title=\"Page 3\">\n<div class=\"section\">\n<div class=\"layoutArea\">\n<div class=\"column\">\n<div class=\"page\" title=\"Page 3\">\n<div class=\"section\">\n<div class=\"layoutArea\">\n<div class=\"column\">\n<h5 style=\"text-align: center;\">Trygghetspaket inneb\u00e4r att din b\u00e4nkskiva tillverkas<br \/>\nexakt enligt m\u00e5tten i ditt k\u00f6k. Det f\u00f6rekommer alltid vissa avvikelser, dels m\u00e5ttavvikelser (s\u00e4rskilt hos stenprodukter), dels avvikelser i f\u00e4rg och struktur.<\/h5>\n<\/div>\n<\/div>\n<\/div>\n<\/div>\n<\/div>\n<\/div>\n<\/div>\n<\/div>\n<h5 style=\"text-align: center;\">\u00a0M\u00c5LTOLERANSER<\/h5>\n<div class=\"page\" title=\"Page 3\">\n<div class=\"section\">\n<div class=\"layoutArea\">\n<div class=\"column\">\n<div class=\"page\" title=\"Page 3\">\n<div class=\"section\">\n<div class=\"layoutArea\">\n<div class=\"column\">\n<h5 style=\"text-align: center;\">Som tillverkare av dina b\u00e4nkskivor f\u00f6rbeh\u00e5ller vi oss f\u00f6ljande toleranser med avseende p\u00e5 uppm\u00e4tning, tillverkning och installation av b\u00e4nkskivan:<\/h5>\n<\/div>\n<\/div>\n<\/div>\n<\/div>\n<\/div>\n<\/div>\n<\/div>\n<\/div>\n<h5 style=\"text-align: center;\"><span style=\"color: #000000;\"><strong>\u2022 B\u00e4nskivor +\/\u2013 2 mm<\/strong><\/span><\/h5>\n<h5 style=\"text-align: center;\"><span style=\"color: #000000;\"><strong>\u2022 Overh\u00e4ng vid luckor +\/\u2013 2 mm<\/strong><\/span><\/h5>\n<h5 style=\"text-align: center;\"><span style=\"color: #000000;\"><strong>\u2022 Overh\u00e4ng vid gavel +\/\u2013 2 mm<\/strong><\/span><\/h5>\n<h5 style=\"text-align: center;\"><span style=\"color: #000000;\"><strong>\u2022 Placering av ho +\/\u2013 2 mm<\/strong><\/span><\/h5>\n<h5 style=\"text-align: center;\"><span style=\"color: #000000;\"><strong>\u2022 Placering av spish\u00e4ll +\/\u2013 2 mm<\/strong><\/span><\/h5>\n<h5 style=\"text-align: center;\"><span style=\"color: #000000;\"><strong>\u2022 Ursk\u00e4rningar +\/\u2013 2 mm<\/strong><\/span><\/h5>\n<h5 style=\"text-align: center;\"><span style=\"color: #000000;\"><strong>\u2022 Fogbredd 5 mm +\/\u2013 2 mm<\/strong><\/span><\/h5>\n<p>[\/vc_column_text][\/vc_column_inner][vc_column_inner width=&#8221;1\/2&#8243;][vc_single_image image=&#8221;8209&#8243; img_size=&#8221;full&#8221; alignment=&#8221;right&#8221; style=&#8221;vc_box_shadow_3d&#8221;][vc_column_text]<\/p>\n<div class=\"page\" title=\"Page 2\">\n<div class=\"section\">\n<div class=\"layoutArea\">\n<div class=\"column\">\n<div class=\"page\" title=\"Page 2\">\n<div class=\"section\">\n<div class=\"layoutArea\">\n<div class=\"column\">\n<h3 style=\"text-align: center;\">VIKTIGT I SAMBAND<br \/>\nMED ATT V\u00c5R INSTALLATION \u00c4R KLAR<\/h3>\n<\/div>\n<\/div>\n<\/div>\n<\/div>\n<\/div>\n<\/div>\n<\/div>\n<\/div>\n<div class=\"page\" title=\"Page 2\">\n<div class=\"section\">\n<div class=\"layoutArea\">\n<div class=\"column\">\n<div class=\"page\" title=\"Page 2\">\n<div class=\"section\">\n<div class=\"layoutArea\">\n<div class=\"column\">\n<h5 style=\"text-align: center;\">Efter att v\u00e5r installation \u00e4r klar, inklusive fogning (om det har best\u00e4llts), \u00f6vers\u00e4nder vi en avslutsrapport direkt till den angivna mejladressen. D\u00e4refter betraktar vi det totala resultatet av installationen som godk\u00e4nt, om vi inte f\u00e5r ett mejl i retur inom 3 arbetsdagar.<\/h5>\n<\/div>\n<\/div>\n<\/div>\n<\/div>\n<\/div>\n<\/div>\n<\/div>\n<\/div>\n<p>[\/vc_column_text][vc_single_image image=&#8221;8269&#8243; img_size=&#8221;full&#8221; alignment=&#8221;center&#8221; style=&#8221;vc_box_shadow_3d&#8221; css=&#8221;.vc_custom_1530169511845{margin-top: 300px !important;}&#8221;][\/vc_column_inner][\/vc_row_inner][vc_column_text]<\/p>\n<h3 style=\"text-align: center;\">PROCESSEN HOS DIG: UNDER UPPM\u00c4TNING<br \/>\nOCH INSTALLATION AV DIN NYA B\u00c4NKSKIVOR<\/h3>\n<p>[\/vc_column_text][vc_separator border_width=&#8221;3&#8243;][vc_row_inner][vc_column_inner width=&#8221;1\/2&#8243;][vc_column_text]<\/p>\n<h3 style=\"text-align: center;\"><span style=\"color: #f6b200;\">STEG 1<span style=\"color: #000000;\">:\u00a0<\/span><\/span><span style=\"color: #000000;\">INLEDANDE INFORMATION<\/span><\/h3>\n<div class=\"page\" title=\"Page 4\">\n<div class=\"section\">\n<div class=\"layoutArea\">\n<div class=\"page\" title=\"Page 4\">\n<div class=\"section\">\n<div class=\"layoutArea\">\n<div class=\"column\">\n<h5 style=\"text-align: center;\">N\u00e4r du har best\u00e4llt ditt nya k\u00f6k med b\u00e4nkskivor, inklusive trygghetspaket, f\u00e5r du ett e-postmeddelande med information om vilken vecka butiken planerar att kunna m\u00e4ta upp ditt k\u00f6k.<\/h5>\n<\/div>\n<\/div>\n<\/div>\n<\/div>\n<\/div>\n<\/div>\n<\/div>\n<p>[\/vc_column_text][\/vc_column_inner][vc_column_inner width=&#8221;1\/2&#8243;][vc_single_image image=&#8221;8279&#8243; img_size=&#8221;full&#8221; alignment=&#8221;center&#8221; style=&#8221;vc_box_shadow_3d&#8221;][\/vc_column_inner][\/vc_row_inner][vc_row_inner][vc_column_inner width=&#8221;1\/2&#8243;][vc_single_image image=&#8221;8285&#8243; img_size=&#8221;full&#8221; alignment=&#8221;center&#8221; style=&#8221;vc_box_shadow_3d&#8221;][\/vc_column_inner][vc_column_inner width=&#8221;1\/2&#8243;][vc_column_text]<\/p>\n<h3 style=\"text-align: center;\"><span style=\"color: #f6b200;\">STEG 2<\/span>:\u00a0 <span style=\"color: #203246;\">BOKNING AV UPPM\u00c4TNING<\/span><\/h3>\n<div class=\"page\" title=\"Page 5\">\n<div class=\"section\">\n<div class=\"layoutArea\">\n<div class=\"column\">\n<div class=\"page\" title=\"Page 5\">\n<div class=\"section\">\n<div class=\"layoutArea\">\n<div class=\"column\">\n<h5 style=\"text-align: center;\">Cirka 5 arbetsdagar innan v\u00e5r uppm\u00e4tare kommer hem till dig, kommer du att kontaktas per telefon med exakt datum f\u00f6r uppm\u00e4tning. Vi bokar ett intervall p\u00e5 4 timmar. Det betyder att vi till exempel kan ange att vi kommer mellan kl. 09:00 och 13:00.<\/h5>\n<h5 style=\"text-align: center;\">Om du vill att mont\u00f6ren kontaktar dig f\u00f6re bes\u00f6ket s\u00e5 avtalar du det i samband med telefonsamtalet. N\u00e4r tidpunkten f\u00f6r uppm\u00e4tning \u00e4r avtalad f\u00e5r du en bekr\u00e4ftelse p\u00e5 avtalad tid via mejl.<\/h5>\n<\/div>\n<\/div>\n<\/div>\n<\/div>\n<\/div>\n<\/div>\n<\/div>\n<\/div>\n<p>[\/vc_column_text][\/vc_column_inner][\/vc_row_inner][vc_row_inner][vc_column_inner width=&#8221;1\/2&#8243;][vc_column_text]<\/p>\n<h3 style=\"text-align: center;\"><span style=\"color: #f6b200;\">STEG 3<span style=\"color: #000000;\">: DINA F\u00d6RBEREDELSER INF\u00d4R UPPM\u00c4TNINGEN<\/span><\/span><\/h3>\n<div class=\"page\" title=\"Page 5\">\n<div class=\"section\">\n<div class=\"layoutArea\">\n<div class=\"column\">\n<div class=\"page\" title=\"Page 5\">\n<div class=\"section\">\n<div class=\"layoutArea\">\n<div class=\"column\">\n<h5 style=\"text-align: center;\">F\u00f6r att mont\u00f6ren ska kunna g\u00f6ra en korrekt uppm\u00e4tning,<br \/>\n\u00e4r det viktigt att alla sk\u00e5p, inklusive eventuella frisidor,<br \/>\n\u00e4r fixerade. Den f\u00f6rsta som mont\u00f6ren g\u00f6r inf\u00f6r uppm\u00e4tningen \u00e4r att kontrollera att sk\u00e5pen \u00e4r korrekt monterade med max. 2 mm tolerans. Sk\u00e5pen ska st\u00e5 horisontellt och uppvisa en r\u00e4t frontlinje. Ett trygghetspaket innefattar uppm\u00e4tning och installation av b\u00e4nkskivor och eventuella st\u00e4nkskivor. Det omfattar allts\u00e5 inte hyllor och liknande.<\/h5>\n<\/div>\n<\/div>\n<\/div>\n<\/div>\n<\/div>\n<\/div>\n<\/div>\n<\/div>\n<p>[\/vc_column_text][\/vc_column_inner][vc_column_inner width=&#8221;1\/2&#8243;][vc_single_image image=&#8221;8289&#8243; img_size=&#8221;full&#8221; alignment=&#8221;center&#8221; style=&#8221;vc_box_shadow_3d&#8221;][\/vc_column_inner][\/vc_row_inner][vc_row_inner][vc_column_inner width=&#8221;1\/2&#8243;][vc_single_image image=&#8221;8305&#8243; img_size=&#8221;full&#8221; alignment=&#8221;center&#8221; style=&#8221;vc_box_shadow_3d&#8221;][\/vc_column_inner][vc_column_inner width=&#8221;1\/2&#8243;][vc_column_text]<\/p>\n<h3 style=\"text-align: center;\"><span style=\"color: #f6b200;\">STEG 4<\/span>:\u00a0 <span style=\"color: #203246;\">UPPM\u00c4TNING<\/span><\/h3>\n<div class=\"page\" title=\"Page 6\">\n<div class=\"section\">\n<div class=\"layoutArea\">\n<div class=\"column\">\n<div class=\"page\" title=\"Page 6\">\n<div class=\"section\">\n<div class=\"layoutArea\">\n<div class=\"column\">\n<h5 style=\"text-align: center;\">Om mont\u00f6ren i samband med uppm\u00e4tningen konstaterar ursk\u00e4rningar, varierande b\u00e4nkskivedjup eller liknande, som medf\u00f6r \u00e4ndringar av b\u00e4nkskivepriset som du har<br \/>\nf\u00e5tt av butiken kommer butiken att meddelas detta och uppdatera priset.<\/h5>\n<h5 style=\"text-align: center;\">I samband med uppm\u00e4tningen bed\u00f6mer mont\u00f6ren om det \u00e4r m\u00f6jligt att transportera in de f\u00e4rdiga b\u00e4nkskivorna i bostaden.<br \/>\nOm tillg\u00e4nglighetsf\u00f6rh\u00e5llandena kr\u00e4ver anv\u00e4ndning av kran eller extra personal f\u00f6r transport och montering<br \/>\np\u00e5 grund av b\u00e4nkskivornas vikt eller storlek kommer de faktiska kostnaderna f\u00f6r detta att l\u00e4ggas till p\u00e5 priset.<\/h5>\n<\/div>\n<\/div>\n<\/div>\n<\/div>\n<\/div>\n<\/div>\n<\/div>\n<\/div>\n<p>[\/vc_column_text][\/vc_column_inner][\/vc_row_inner][vc_row_inner][vc_column_inner width=&#8221;1\/2&#8243;][vc_column_text]<\/p>\n<h3 style=\"text-align: center;\"><span style=\"color: #f6b200;\">STEG 5<\/span>:\u00a0 <span style=\"color: #203246;\">BOKNING AV MONTERINGSDAG<\/span><\/h3>\n<div class=\"page\" title=\"Page 7\">\n<div class=\"section\">\n<div class=\"layoutArea\">\n<div class=\"column\">\n<div class=\"page\" title=\"Page 7\">\n<div class=\"section\">\n<div class=\"layoutArea\">\n<div class=\"column\">\n<h5 style=\"text-align: center;\">Efter uppm\u00e4tning inleds tillverkning av b\u00e4nkskivorna. Omkring 10 till 12 arbetsdagar* efter uppm\u00e4tning \u00e4r b\u00e4nkskivorna klara f\u00f6r installation.<br \/>\nCirka fem arbetsdagar f\u00f6re montering blir du kontaktad per telefon f\u00f6r ytterligare information om dag och tid f\u00f6r montering.<\/h5>\n<h6 style=\"text-align: center;\">*) Med f\u00f6rbeh\u00e5ll f\u00f6r best\u00e4llningsvaror, st\u00e5lprodukter och tillverkningskapacitet. R\u00e4kna med l\u00e4ngre leveranstider under h\u00f6gt belastade perioder, som t.ex. semesters\u00e4songer.<\/h6>\n<\/div>\n<\/div>\n<\/div>\n<\/div>\n<\/div>\n<\/div>\n<\/div>\n<\/div>\n<p>[\/vc_column_text][\/vc_column_inner][vc_column_inner width=&#8221;1\/2&#8243;][vc_single_image image=&#8221;8259&#8243; img_size=&#8221;full&#8221; alignment=&#8221;center&#8221; style=&#8221;vc_box_shadow_3d&#8221;][\/vc_column_inner][\/vc_row_inner][vc_row_inner][vc_column_inner width=&#8221;1\/2&#8243;][vc_single_image image=&#8221;8313&#8243; img_size=&#8221;full&#8221; alignment=&#8221;center&#8221; style=&#8221;vc_box_shadow_3d&#8221;][\/vc_column_inner][vc_column_inner width=&#8221;1\/2&#8243;][vc_column_text]<\/p>\n<h3 style=\"text-align: center;\"><span style=\"color: #f6b200;\">STEG 6<\/span>:\u00a0 <span style=\"color: #203246;\">MONTERING<\/span><\/h3>\n<div class=\"page\" title=\"Page 7\">\n<div class=\"section\">\n<div class=\"layoutArea\">\n<div class=\"column\">\n<div class=\"page\" title=\"Page 7\">\n<div class=\"section\">\n<div class=\"layoutArea\">\n<div class=\"column\">\n<h5 style=\"text-align: center;\">Vid montering, kommer det vanligtvis tv\u00e5 mont\u00f6rer. Mont\u00f6rerna kommer f\u00f6rst att kontrollera b\u00e4nkskivorna med avseende p\u00e5 transportskador. D\u00e4refter monteras b\u00e4nkskivorna, inkl. fogar vid \u00e4ndar och bakkanter, f\u00f6rutsatt att v\u00e4ggarna \u00e4r klara f\u00f6r fogning. Fogningen utf\u00f6rs alltid med svart, vit eller gr\u00e5 fogmassa. Om s\u00e5 har best\u00e4llts planlimmas \u00e4ven h\u00e4llen av installat\u00f6ren.<\/h5>\n<h5 style=\"text-align: center;\"><strong>OBS: Installat\u00f6ren kopplar inte in vatten eller el.<\/strong><\/h5>\n<h5 style=\"text-align: center;\">Monteringsarbetet avslutas med avtorkning av b\u00e4nkskivorna samt slutkontroll av b\u00e4nkskivor och montering. Det \u00e4r mycket viktigt att du skyddar golven eftersom v\u00e5ra mont\u00f6rer av s\u00e4kerhetssk\u00e4l b\u00e4r skyddsskor. Golvskyddet ska vara fast och halks\u00e4kert.<\/h5>\n<\/div>\n<\/div>\n<\/div>\n<\/div>\n<\/div>\n<\/div>\n<\/div>\n<\/div>\n<p>[\/vc_column_text][\/vc_column_inner][\/vc_row_inner][vc_empty_space height=&#8221;50px&#8221;][\/vc_column][vc_column][\/vc_column][\/vc_row]<\/p>\n<\/div>","protected":false},"excerpt":{"rendered":"<p>[vc_row full_width=&#8221;stretch_row&#8221; css=&#8221;.vc_custom_1530096782945{background-image: url(http:\/\/www.dfi-geisler.com\/wp-content\/uploads\/2018\/06\/tryghedsbanner.jpg?id=8387) !important;background-position: center !important;background-repeat: no-repeat !important;background-size: cover !important;}&#8221;][vc_column][vc_empty_space height=&#8221;100&#8243;][vc_custom_heading text=&#8221;Trygghetspaket&#8221; font_container=&#8221;tag:h2|text_align:center|color:%23ffffff&#8221; google_fonts=&#8221;font_family:Lato%3A100%2C100italic%2C300%2C300italic%2Cregular%2Citalic%2C700%2C700italic%2C900%2C900italic|font_style:400%20regular%3A400%3Anormal&#8221;][vc_empty_space height=&#8221;100&#8243;][\/vc_column][\/vc_row][vc_row full_width=&#8221;stretch_row&#8221;][vc_column][vc_single_image image=&#8221;8519&#8243; img_size=&#8221;full&#8221; alignment=&#8221;center&#8221; style=&#8221;vc_box_shadow_3d&#8221;][\/vc_column][\/vc_row][vc_row][vc_column][vc_row_inner][vc_column_inner width=&#8221;1\/2&#8243;][vc_column_text css=&#8221;.vc_custom_1531141142416{margin-top: 100px !important;}&#8221;] DFI-GEISLER<\/p>\n","protected":false},"author":717,"featured_media":0,"parent":0,"menu_order":0,"comment_status":"closed","ping_status":"closed","template":"","meta":{"_monsterinsights_skip_tracking":false,"_monsterinsights_sitenote_active":false,"_monsterinsights_sitenote_note":"","_monsterinsights_sitenote_category":0,"footnotes":""},"class_list":["post-8171","page","type-page","status-publish","hentry"],"aioseo_notices":[],"_links":{"self":[{"href":"https:\/\/www.dfi-geisler.com\/sv\/wp-json\/wp\/v2\/pages\/8171","targetHints":{"allow":["GET"]}}],"collection":[{"href":"https:\/\/www.dfi-geisler.com\/sv\/wp-json\/wp\/v2\/pages"}],"about":[{"href":"https:\/\/www.dfi-geisler.com\/sv\/wp-json\/wp\/v2\/types\/page"}],"author":[{"embeddable":true,"href":"https:\/\/www.dfi-geisler.com\/sv\/wp-json\/wp\/v2\/users\/717"}],"replies":[{"embeddable":true,"href":"https:\/\/www.dfi-geisler.com\/sv\/wp-json\/wp\/v2\/comments?post=8171"}],"version-history":[{"count":137,"href":"https:\/\/www.dfi-geisler.com\/sv\/wp-json\/wp\/v2\/pages\/8171\/revisions"}],"predecessor-version":[{"id":17796,"href":"https:\/\/www.dfi-geisler.com\/sv\/wp-json\/wp\/v2\/pages\/8171\/revisions\/17796"}],"wp:attachment":[{"href":"https:\/\/www.dfi-geisler.com\/sv\/wp-json\/wp\/v2\/media?parent=8171"}],"curies":[{"name":"wp","href":"https:\/\/api.w.org\/{rel}","templated":true}]}}