
{"id":7113,"date":"2017-09-07T07:43:33","date_gmt":"2017-09-07T07:43:33","guid":{"rendered":"http:\/\/www.dfi-geisler.com\/?page_id=7113"},"modified":"2019-02-19T15:21:36","modified_gmt":"2019-02-19T15:21:36","slug":"register","status":"publish","type":"page","link":"https:\/\/www.dfi-geisler.com\/sv\/register\/","title":{"rendered":"register"},"content":{"rendered":"<p class=\"qtranxs-available-languages-message qtranxs-available-languages-message-sv\">Tyv\u00e4rr \u00e4r denna artikel enbart tillg\u00e4nglig p\u00e5 <a href=\"https:\/\/www.dfi-geisler.com\/da\/wp-json\/wp\/v2\/pages\/7113\" class=\"qtranxs-available-language-link qtranxs-available-language-link-da\" title=\"Dansk\">Dansk<\/a>. For the sake of viewer convenience, the content is shown below in the alternative language. You may click the link to switch the active language.<\/p><div class=\"wpb-content-wrapper\"><p>[vc_row][vc_column][vc_column_text]<strong class=\"nowrap\">        <form enctype=\"multipart\/form-data\" method=\"post\" id=\"wppb-register-user\" class=\"wppb-user-forms wppb-register-user wppb-user-logged-out\" action=\"\">\n\t\t\t<ul><li class=\"wppb-form-field wppb-default-name-heading\" id=\"wppb-form-element-1\"><h4>Anv\u00e4ndaruppgifter<\/h4><span class=\"wppb-description-delimiter \"><\/span><\/li><li class=\"wppb-form-field wppb-select-user-role\" id=\"wppb-form-element-23\">\n\t\t\t\t<label for=\"custom_field_user_role\">Er du privat eller erhvervskunde?<span class=\"wppb-required\" title=\"This field is required\">*<\/span><\/label>\n\t\t\t\t<select name=\"custom_field_user_role\" id=\"\" class=\"custom_field_user_role \"  required ><option value=\"bcustomer\">Erhvervskunde<\/option><\/select><\/li><li class=\"wppb-form-field wppb-default-username\" id=\"wppb-form-element-2\">\n\t\t\t<label for=\"username\">Anv\u00e4ndarnamn<span class=\"wppb-required\" title=\"This field is required\">*<\/span><\/label>\n\t\t\t<input class=\"text-input default_field_username \" name=\"username\" maxlength=\"70\" type=\"text\" id=\"username\" value=\"\"   required \/><\/li><li class=\"wppb-form-field wppb-default-e-mail\" id=\"wppb-form-element-8\">\n\t\t\t<label for=\"email\">E-post<span class=\"wppb-required\" title=\"This field is required\">*<\/span><\/label>\n\t\t\t<input class=\"text-input default_field_email \" name=\"email\" maxlength=\"70\" type=\"email\" id=\"email\" value=\"\"  required  \/><\/li><li class=\"wppb-form-field wppb-default-password\" id=\"wppb-form-element-12\">\n\t\t\t<label for=\"passw1\">L\u00f6senord<span class=\"wppb-required\" title=\"This field is required\">*<\/span><\/label>\n\t\t\t<input class=\"text-input \" name=\"passw1\" maxlength=\"70\" type=\"password\" id=\"passw1\" value=\"\" autocomplete=\"off\"  required \/><span class=\"wppb-description-delimiter\"> <\/span><\/li><li class=\"wppb-form-field wppb-default-repeat-password\" id=\"wppb-form-element-13\">\n\t\t\t<label for=\"passw2\">Upprepa l\u00f6senord<span class=\"wppb-required\" title=\"This field is required\">*<\/span><\/label>\n\t\t\t<input class=\"text-input \" name=\"passw2\" maxlength=\"70\" type=\"password\" id=\"passw2\" value=\"\" autocomplete=\"off\"  required \/><\/li><li class=\"wppb-form-field wppb-default-contact-info-heading\" id=\"wppb-form-element-28\"><h4>Kontaktoplysninger<\/h4><span class=\"wppb-description-delimiter \"><\/span><\/li><li class=\"wppb-form-field wppb-default-first-name\" id=\"wppb-form-element-24\">\n\t\t\t<label for=\"first_name\">Namn<span class=\"wppb-required\" title=\"This field is required\">*<\/span><\/label>\n\t\t\t<input class=\"text-input default_field_firstname \" name=\"first_name\" maxlength=\"70\" type=\"text\" id=\"first_name\" value=\"\"  required  \/><\/li><li class=\"wppb-form-field wppb-default-last-name\" id=\"wppb-form-element-25\">\n\t\t\t<label for=\"last_name\">Efternavn<span class=\"wppb-required\" title=\"This field is required\">*<\/span><\/label>\n\t\t\t<input class=\"text-input default_field_lastname \" name=\"last_name\" maxlength=\"70\" type=\"text\" id=\"last_name\" value=\"\"  required \/><\/li><li class=\"wppb-form-field wppb-recaptcha\" id=\"wppb-form-element-27\"><div id=\"wppb-recaptcha-element-pb_register1\" class=\"wppb-recaptcha-element wppb-invisible-recaptcha\"><\/div><\/li><li class=\"wppb-form-field wppb-input\" id=\"wppb-form-element-26\">\n\t\t\t\t<label for=\"company_name\">F\u00f6retagsnamn<span class=\"wppb-required\" title=\"This field is required\">*<\/span><\/label>\n\t\t\t\t<input class=\"extra_field_input \" name=\"company_name\" maxlength=\"70\" type=\"text\" id=\"company_name\" value=\"\"  required \/><\/li><li class=\"wppb-form-field wppb-validation\" id=\"wppb-form-element-22\">\n\t\t\t\t<label for=\"custom_field_1\">Registreringskode<span class=\"wppb-required\" title=\"This field is required\">*<\/span><\/label>\n\t\t\t\t<input class=\"extra_field_input \" name=\"custom_field_1\" maxlength=\"70\" type=\"text\" id=\"custom_field_1\" value=\"\"  required \/><\/li><li class=\"wppb-form-field wppb-heading\" id=\"wppb-form-element-14\"><h4 class=\"extra_field_heading\">E-postservice<\/h4><span class=\"wppb-description-delimiter\"><\/span><\/li><li class=\"wppb-form-field wppb-mailchimp-subscribe\" id=\"wppb-form-element-15\"><label for=\"custom_field_mailchimp_subscribe_15\"><input name=\"custom_field_mailchimp_subscribe_15\" id=\"custom_field_mailchimp_subscribe_15\" class=\"extra_field_mailchimp\" type=\"checkbox\" value=\"09a1be0ef6\"  \/>Information\/nyheter<\/label><\/li><li class=\"wppb-form-field wppb-mailchimp-subscribe\" id=\"wppb-form-element-16\"><label for=\"custom_field_mailchimp_subscribe_16\"><input name=\"custom_field_mailchimp_subscribe_16\" id=\"custom_field_mailchimp_subscribe_16\" class=\"extra_field_mailchimp\" type=\"checkbox\" value=\"fefe34a05f\"  \/>Leveranstider<\/label><\/li><li class=\"wppb-form-field wppb-mailchimp-subscribe\" id=\"wppb-form-element-17\"><label for=\"custom_field_mailchimp_subscribe_17\"><input name=\"custom_field_mailchimp_subscribe_17\" id=\"custom_field_mailchimp_subscribe_17\" class=\"extra_field_mailchimp\" type=\"checkbox\" value=\"f4adcfd9e7\"  \/>Prislistor<\/label><\/li><li class=\"wppb-form-field wppb-mailchimp-subscribe\" id=\"wppb-form-element-18\"><label for=\"custom_field_mailchimp_subscribe_18\"><input name=\"custom_field_mailchimp_subscribe_18\" id=\"custom_field_mailchimp_subscribe_18\" class=\"extra_field_mailchimp\" type=\"checkbox\" value=\"445c8a9b40\"  \/>Formul\u00e4r<\/label><\/li><\/ul><ul><li class=\"wppb-form-field wppb-send-credentials-checkbox\"><label for=\"send_credentials_via_email\"><input id=\"send_credentials_via_email\" type=\"checkbox\" name=\"send_credentials_via_email\" value=\"sending\"\/>Send these credentials via email.<\/label><\/li><\/ul>\t\t\t<p class=\"form-submit\"  >\n\t\t\t\t                \t\t\t\t<input name=\"register\" type=\"submit\" id=\"register\" class=\"submit button\" value=\"Register\" \/>\n                \t\t\t\t<input name=\"action\" type=\"hidden\" id=\"action\" value=\"register\" \/>\n\t\t\t\t<input name=\"form_name\" type=\"hidden\" id=\"form_name\" value=\"unspecified\" \/>\n\t\t\t\t\t\t\t<\/p><!-- .form-submit -->\n\t\t\t<input type=\"hidden\" id=\"register_unspecified_nonce_field\" name=\"register_unspecified_nonce_field\" value=\"4eacf3ff5a\" \/><input type=\"hidden\" name=\"_wp_http_referer\" value=\"\/sv\/wp-json\/wp\/v2\/pages\/7113\" \/>\t\t<\/form>\n\t\t<\/strong>[\/vc_column_text][vc_column_text]BEM\u00c6RK: Du vil ved oprettelse af denne bruger samt tilmelding af vores nyhedsmails, have adgang til vores site, og modtage relevante nyheder og opdateringer fra os p\u00e5 den oplyste mailadresse. Din bruger og tilmelding til vores nyhedsmail kan til enhver tid \u00e6ndres og eller slettes.<\/p>\n<p>[\/vc_column_text][vc_column_text]<\/p>\n<h4 style=\"text-align: center; color: #2991d6;\"><a style=\"color: #2991d6;\" href=\"\/cookies\/\">Personlig databehandling<\/a><\/h4>\n<p>[\/vc_column_text][\/vc_column][\/vc_row]<\/p>\n<\/div>","protected":false},"excerpt":{"rendered":"<p>Tyv\u00e4rr \u00e4r denna artikel enbart tillg\u00e4nglig p\u00e5 Dansk. For the sake of viewer convenience, the content is shown below in the alternative language. You may click<\/p>\n","protected":false},"author":3185,"featured_media":0,"parent":0,"menu_order":0,"comment_status":"closed","ping_status":"closed","template":"","meta":{"_monsterinsights_skip_tracking":false,"_monsterinsights_sitenote_active":false,"_monsterinsights_sitenote_note":"","_monsterinsights_sitenote_category":0,"footnotes":""},"class_list":["post-7113","page","type-page","status-publish","hentry"],"aioseo_notices":[],"_links":{"self":[{"href":"https:\/\/www.dfi-geisler.com\/sv\/wp-json\/wp\/v2\/pages\/7113","targetHints":{"allow":["GET"]}}],"collection":[{"href":"https:\/\/www.dfi-geisler.com\/sv\/wp-json\/wp\/v2\/pages"}],"about":[{"href":"https:\/\/www.dfi-geisler.com\/sv\/wp-json\/wp\/v2\/types\/page"}],"author":[{"embeddable":true,"href":"https:\/\/www.dfi-geisler.com\/sv\/wp-json\/wp\/v2\/users\/3185"}],"replies":[{"embeddable":true,"href":"https:\/\/www.dfi-geisler.com\/sv\/wp-json\/wp\/v2\/comments?post=7113"}],"version-history":[{"count":1,"href":"https:\/\/www.dfi-geisler.com\/sv\/wp-json\/wp\/v2\/pages\/7113\/revisions"}],"predecessor-version":[{"id":15697,"href":"https:\/\/www.dfi-geisler.com\/sv\/wp-json\/wp\/v2\/pages\/7113\/revisions\/15697"}],"wp:attachment":[{"href":"https:\/\/www.dfi-geisler.com\/sv\/wp-json\/wp\/v2\/media?parent=7113"}],"curies":[{"name":"wp","href":"https:\/\/api.w.org\/{rel}","templated":true}]}}