
{"id":695,"date":"2017-02-09T10:44:17","date_gmt":"2017-02-09T10:44:17","guid":{"rendered":"http:\/\/dfigeisler.grafikr.dk\/?page_id=695"},"modified":"2020-05-11T12:45:57","modified_gmt":"2020-05-11T11:45:57","slug":"samarbejdspartnere","status":"publish","type":"page","link":"https:\/\/www.dfi-geisler.com\/sv\/samarbejdspartnere\/","title":{"rendered":"Samarbetspartner"},"content":{"rendered":"<div class=\"wpb-content-wrapper\"><p>[vc_row][vc_column]<div class=\"fancy_heading fancy_heading_line\"><h2 class=\"title\">Samarbetspartner<\/h2><div class=\"inside\">Vi har valt att satsa p\u00e5 en stor egenproduktion som kompletteras med produkter fr\u00e5n utvalda samarbetspartner. Vi st\u00e4ller stora krav p\u00e5 v\u00e5ra partners kvalitet, stabilitet och leveranss\u00e4kerhet. Det \u00e4r viktigt att de uppfyller v\u00e5ra krav om att leverera i tid.<\/div><\/div>\n[\/vc_column][\/vc_row][vc_row][vc_column][vc_single_image image=&#8221;7239&#8243; img_size=&#8221;full&#8221; alignment=&#8221;center&#8221; onclick=&#8221;custom_link&#8221; link=&#8221;https:\/\/www.cosentino.com\/se\/&#8221;][vc_column_text]Cosentino \u00e4r en innovativ, spansk producent utav distinkta ytmaterial, som inspirerar till kreativa inredningsl\u00f6sningar samt som skapar ramverk f\u00f6r modern design och arkitektur runt om i v\u00e4rlden.<\/p>\n<p>De tekniskt avancerade ytorna, som marknadsf\u00f6rs under de 3 utm\u00e4rkande varum\u00e4rkena, Silestone\u00ae, Dekton\u00ae\u00a0och Sensa by Cosentino\u00ae, har h\u00f6g anv\u00e4ndbarhet och h\u00e5llbarhet och passar d\u00e4rmed b\u00e5de till privata hem och offentliga milj\u00f6er \u2013 b\u00e5de inomhus och utomhus.<\/p>\n<p>Unik design tydligt inspirerad av naturmaterial och inr\u00e4ttade f\u00f6r ett modernt vardagsliv[\/vc_column_text][\/vc_column][\/vc_row][vc_row css=&#8221;.vc_custom_1486642278638{margin-bottom: 10px !important;}&#8221;][vc_column width=&#8221;1\/3&#8243; el_class=&#8221; animated fadeInLeft delay2 duration3 eds-on-scroll &#8221;]<div data-id=\"mpc_image-116a06e954d9be3\" onclick=\"\" class=\"mpc-image mpc-init \" ><a href=\"http:\/\/www.intra-teka.com\/dansk\" target=\" _blank\" title=\"\"  class=\"mpc-item mpc-transition\"><img decoding=\"async\" width=\"118\" height=\"59\" src=\"https:\/\/www.dfi-geisler.com\/wp-content\/uploads\/2017\/02\/intra.jpg\" class=\"mpc-transition attachment-medium\" alt=\"\" title=\"intra\" srcset=\"https:\/\/www.dfi-geisler.com\/wp-content\/uploads\/2017\/02\/intra.jpg 118w, https:\/\/www.dfi-geisler.com\/wp-content\/uploads\/2017\/02\/intra-50x25.jpg 50w, https:\/\/www.dfi-geisler.com\/wp-content\/uploads\/2017\/02\/intra-100x50.jpg 100w\" sizes=\"(max-width: 118px) 100vw, 118px\" \/><\/a><\/div>[vc_column_text]<\/p>\n<p class=\"p1\"><span class=\"s1\">Intra har ett brett sortiment av h\u00f6gkvalitativa diskhoar i m\u00e5nga olika storlekar och utformningar med praktiska funktioner och detaljer. Ta god tid p\u00e5 dig att v\u00e4lja helt r\u00e4tt modell och upplev gl\u00e4djen med Intras kvalitet varje dag i m\u00e5nga \u00e5r fram\u00f6ver.<\/span><\/p>\n<p>[\/vc_column_text][\/vc_column][vc_column width=&#8221;1\/3&#8243; el_class=&#8221; animated fadeInLeft delay3 duration3 eds-on-scroll &#8221;]<div data-id=\"mpc_image-216a06e954d9d3c\" onclick=\"\" class=\"mpc-image mpc-init \" ><a href=\"http:\/\/www.blanco.dk\/\" target=\" _blank\" title=\"\"  class=\"mpc-item mpc-transition\"><img decoding=\"async\" width=\"118\" height=\"59\" src=\"https:\/\/www.dfi-geisler.com\/wp-content\/uploads\/2017\/02\/BLANCO.jpg\" class=\"mpc-transition attachment-medium\" alt=\"\" title=\"BLANCO\" srcset=\"https:\/\/www.dfi-geisler.com\/wp-content\/uploads\/2017\/02\/BLANCO.jpg 118w, https:\/\/www.dfi-geisler.com\/wp-content\/uploads\/2017\/02\/BLANCO-50x25.jpg 50w, https:\/\/www.dfi-geisler.com\/wp-content\/uploads\/2017\/02\/BLANCO-100x50.jpg 100w\" sizes=\"(max-width: 118px) 100vw, 118px\" \/><\/a><\/div>[vc_column_text]<\/p>\n<p class=\"p1\"><span class=\"s1\">Blanco ser diskhon som en arbetsplats som m\u00e5ste uppfylla individuella behov. Utifr\u00e5n detta utvecklar Blanco multifunktionella diskhoar som kan kombineras p\u00e5 otaliga s\u00e4tt f\u00f6r att uppfylla dina personliga \u00f6nskem\u00e5l.<\/span><\/p>\n<p>[\/vc_column_text][\/vc_column][vc_column width=&#8221;1\/3&#8243; el_class=&#8221; animated fadeInLeft delay4 duration3 eds-on-scroll &#8221;]<div data-id=\"mpc_image-886a06e954d9e70\" onclick=\"\" class=\"mpc-image mpc-init \" ><a href=\"https:\/\/www.franke.com\/dk\/da.html\" target=\" _blank\" title=\"\"  class=\"mpc-item mpc-transition\"><img decoding=\"async\" width=\"118\" height=\"59\" src=\"https:\/\/www.dfi-geisler.com\/wp-content\/uploads\/2017\/02\/Franke.jpg\" class=\"mpc-transition attachment-medium\" alt=\"\" title=\"Franke\" srcset=\"https:\/\/www.dfi-geisler.com\/wp-content\/uploads\/2017\/02\/Franke.jpg 118w, https:\/\/www.dfi-geisler.com\/wp-content\/uploads\/2017\/02\/Franke-50x25.jpg 50w, https:\/\/www.dfi-geisler.com\/wp-content\/uploads\/2017\/02\/Franke-100x50.jpg 100w\" sizes=\"(max-width: 118px) 100vw, 118px\" \/><\/a><\/div>[vc_column_text]<\/p>\n<p class=\"p1\"><span class=\"s1\">Franke har \u00f6ver 70\u00a0\u00e5rs erfarenhet av att tillverka diskhoar med betoning p\u00e5 kvalitet, funktion och design. Alla diskhoar uppfyller de krav som st\u00e4lls av moderna arbetsf\u00f6rh\u00e5llanden och i Frankes sortiment hittar du l\u00f6sningar f\u00f6r alla smakriktningar.<\/span><\/p>\n<p>[\/vc_column_text][\/vc_column][\/vc_row][vc_row css=&#8221;.vc_custom_1486642291793{margin-bottom: 10px !important;}&#8221;][vc_column width=&#8221;1\/3&#8243; el_class=&#8221; animated fadeInLeft delay2 duration3 eds-on-scroll &#8221;]<div data-id=\"mpc_image-96a06e954d9fc2\" onclick=\"\" class=\"mpc-image mpc-init \" ><a href=\"http:\/\/strandvvs.se\/\" target=\" _blank\" title=\"\"  class=\"mpc-item mpc-transition\"><img loading=\"lazy\" decoding=\"async\" width=\"101\" height=\"59\" src=\"https:\/\/www.dfi-geisler.com\/wp-content\/uploads\/2017\/02\/strand.jpg.png\" class=\"mpc-transition attachment-medium\" alt=\"\" title=\"strand.jpg\" srcset=\"https:\/\/www.dfi-geisler.com\/wp-content\/uploads\/2017\/02\/strand.jpg.png 101w, https:\/\/www.dfi-geisler.com\/wp-content\/uploads\/2017\/02\/strand.jpg-50x29.png 50w, https:\/\/www.dfi-geisler.com\/wp-content\/uploads\/2017\/02\/strand.jpg-100x58.png 100w\" sizes=\"(max-width: 101px) 100vw, 101px\" \/><\/a><\/div>[vc_column_text]<\/p>\n<p class=\"p1\"><span class=\"s1\">Strand vvs \u00e4r ett svenskt f\u00f6retag som under m\u00e5nga \u00e5r har producerat diskhoar av h\u00f6g kvalitet med fokus p\u00e5 design och l\u00e5ng livsl\u00e4ngd.<\/span><\/p>\n<p>[\/vc_column_text][\/vc_column][vc_column width=&#8221;1\/3&#8243; el_class=&#8221; animated fadeInLeft delay3 duration3 eds-on-scroll &#8221;]<div data-id=\"mpc_image-86a06e954da0f2\" onclick=\"\" class=\"mpc-image mpc-init \" ><a href=\"http:\/\/www.cassoe.dk\/\" target=\" _blank\" title=\"\"  class=\"mpc-item mpc-transition\"><img loading=\"lazy\" decoding=\"async\" width=\"118\" height=\"59\" src=\"https:\/\/www.dfi-geisler.com\/wp-content\/uploads\/2017\/02\/Lavabo.jpg\" class=\"mpc-transition attachment-medium\" alt=\"\" title=\"Lavabo\" srcset=\"https:\/\/www.dfi-geisler.com\/wp-content\/uploads\/2017\/02\/Lavabo.jpg 118w, https:\/\/www.dfi-geisler.com\/wp-content\/uploads\/2017\/02\/Lavabo-50x25.jpg 50w, https:\/\/www.dfi-geisler.com\/wp-content\/uploads\/2017\/02\/Lavabo-100x50.jpg 100w\" sizes=\"(max-width: 118px) 100vw, 118px\" \/><\/a><\/div>[vc_column_text]<\/p>\n<p class=\"p1\"><span class=\"s1\">Lavabo erbjuder ett sortiment av tv\u00e4ttst\u00e4ll till badrummet i olika storlekar och formgivningar.<\/span><\/p>\n<p>[\/vc_column_text][\/vc_column][vc_column width=&#8221;1\/3&#8243; el_class=&#8221; animated fadeInLeft delay4 duration3 eds-on-scroll &#8221;][\/vc_column][\/vc_row][vc_row][vc_column width=&#8221;1\/3&#8243; el_class=&#8221; animated fadeInLeft duration3 eds-on-scroll &#8221;][\/vc_column][vc_column width=&#8221;1\/3&#8243; el_class=&#8221; animated fadeInLeft duration3 eds-on-scroll&#8221;][\/vc_column][vc_column width=&#8221;1\/3&#8243; el_class=&#8221; animated fadeInLeft duration3 eds-on-scroll &#8221;][\/vc_column][\/vc_row]<\/p>\n<\/div>","protected":false},"excerpt":{"rendered":"<p>[vc_row][vc_column][\/vc_column][\/vc_row][vc_row][vc_column][vc_single_image image=&#8221;7239&#8243; img_size=&#8221;full&#8221; alignment=&#8221;center&#8221; onclick=&#8221;custom_link&#8221; link=&#8221;https:\/\/www.cosentino.com\/se\/&#8221;][vc_column_text]Cosentino \u00e4r en innovativ, spansk producent utav distinkta ytmaterial, som inspirerar till kreativa inredningsl\u00f6sningar samt som skapar ramverk f\u00f6r modern design<\/p>\n","protected":false},"author":1,"featured_media":0,"parent":0,"menu_order":0,"comment_status":"closed","ping_status":"closed","template":"","meta":{"_monsterinsights_skip_tracking":false,"_monsterinsights_sitenote_active":false,"_monsterinsights_sitenote_note":"","_monsterinsights_sitenote_category":0,"footnotes":""},"class_list":["post-695","page","type-page","status-publish","hentry"],"aioseo_notices":[],"_links":{"self":[{"href":"https:\/\/www.dfi-geisler.com\/sv\/wp-json\/wp\/v2\/pages\/695","targetHints":{"allow":["GET"]}}],"collection":[{"href":"https:\/\/www.dfi-geisler.com\/sv\/wp-json\/wp\/v2\/pages"}],"about":[{"href":"https:\/\/www.dfi-geisler.com\/sv\/wp-json\/wp\/v2\/types\/page"}],"author":[{"embeddable":true,"href":"https:\/\/www.dfi-geisler.com\/sv\/wp-json\/wp\/v2\/users\/1"}],"replies":[{"embeddable":true,"href":"https:\/\/www.dfi-geisler.com\/sv\/wp-json\/wp\/v2\/comments?post=695"}],"version-history":[{"count":66,"href":"https:\/\/www.dfi-geisler.com\/sv\/wp-json\/wp\/v2\/pages\/695\/revisions"}],"predecessor-version":[{"id":19756,"href":"https:\/\/www.dfi-geisler.com\/sv\/wp-json\/wp\/v2\/pages\/695\/revisions\/19756"}],"wp:attachment":[{"href":"https:\/\/www.dfi-geisler.com\/sv\/wp-json\/wp\/v2\/media?parent=695"}],"curies":[{"name":"wp","href":"https:\/\/api.w.org\/{rel}","templated":true}]}}