
{"id":35959,"date":"2025-07-03T12:57:55","date_gmt":"2025-07-03T11:57:55","guid":{"rendered":"https:\/\/www.dfi-geisler.com\/?page_id=35959"},"modified":"2026-02-10T11:07:19","modified_gmt":"2026-02-10T10:07:19","slug":"kompositsten-miljoedokumentation","status":"publish","type":"page","link":"https:\/\/www.dfi-geisler.com\/sv\/kompositsten-miljoedokumentation\/","title":{"rendered":"Laminat &#8211; inspiration"},"content":{"rendered":"<p class=\"qtranxs-available-languages-message qtranxs-available-languages-message-sv\">Tyv\u00e4rr \u00e4r denna artikel enbart tillg\u00e4nglig p\u00e5 <a href=\"https:\/\/www.dfi-geisler.com\/da\/wp-json\/wp\/v2\/pages\/35959\" class=\"qtranxs-available-language-link qtranxs-available-language-link-da\" title=\"Dansk\">Dansk<\/a>. For the sake of viewer convenience, the content is shown below in the alternative language. You may click the link to switch the active language.<\/p><div class=\"wpb-content-wrapper\"><p>[vc_row full_width=&#8221;stretch_row_content&#8221; css=&#8221;.vc_custom_1757664673021{background-image: url(https:\/\/www.dfi-geisler.com\/wp-content\/uploads\/2025\/09\/natur_3-scaled.jpg?id=37118) !important;background-position: center !important;background-repeat: no-repeat !important;background-size: cover !important;}&#8221;][vc_column][vc_row_inner][vc_column_inner offset=&#8221;vc_hidden-xs&#8221;][vc_empty_space height=&#8221;15px&#8221;][vc_custom_heading text=&#8221;Milj\u00f8dokumentation&#8221; font_container=&#8221;tag:h1|font_size:64|text_align:center|color:%23ffffff&#8221; google_fonts=&#8221;font_family:Lato%3A100%2C100italic%2C300%2C300italic%2Cregular%2Citalic%2C700%2C700italic%2C900%2C900italic|font_style:400%20regular%3A400%3Anormal&#8221; css=&#8221;&#8221;][vc_empty_space height=&#8221;15px&#8221;][vc_column_text css=&#8221;&#8221;]<\/p>\n<h2 style=\"text-align: center;\"><span style=\"color: #ffffff;\">Komposit<\/span><\/h2>\n<p>[\/vc_column_text][\/vc_column_inner][\/vc_row_inner][vc_row_inner][vc_column_inner offset=&#8221;vc_hidden-lg vc_hidden-md vc_hidden-sm&#8221;][vc_empty_space height=&#8221;1&#8243;][vc_custom_heading text=&#8221;Milj\u00f8dokumentation&#8221; font_container=&#8221;tag:h1|font_size:38|text_align:center|color:%23ffffff&#8221; google_fonts=&#8221;font_family:Lato%3A100%2C100italic%2C300%2C300italic%2Cregular%2Citalic%2C700%2C700italic%2C900%2C900italic|font_style:400%20regular%3A400%3Anormal&#8221; css=&#8221;&#8221;][vc_empty_space height=&#8221;1&#8243;][vc_column_text css=&#8221;&#8221;]<\/p>\n<h2 style=\"text-align: center;\"><span style=\"color: #ffffff;\">Komposit<\/span><\/h2>\n<p>[\/vc_column_text][\/vc_column_inner][\/vc_row_inner][\/vc_column][\/vc_row][vc_row][vc_column width=&#8221;1\/2&#8243;][vc_column_text css=&#8221;&#8221;]<\/p>\n<h4>Milj\u00f8- og produktdeklaration<\/h4>\n<p>[\/vc_column_text][mvc_advanced_button btn_text=&#8221;Silestone\u00ae EPD&#8221; border_style=&#8221;solid&#8221; border_width=&#8221;1&#8243; btn_border=&#8221;#000000&#8243; btn_hvrclr=&#8221;#FFFFFF&#8221; btn_hvrbg=&#8221;#000000&#8243; btn_url=&#8221;url:https%3A%2F%2Fassetstools.cosentino.com%2Fapi%2Fv1%2Fbynder%2Fdoc%2F0B3399B1-9D6B-48A9-A0CD217FFED4BE69%2Fepd-silestone-en.pdf%3Fdl%3Depd-silestone-en.pdf|target:_blank&#8221;][\/vc_column][vc_column width=&#8221;1\/2&#8243;][vc_column_text css=&#8221;&#8221;]<\/p>\n<h4>SCDP<\/h4>\n<h5>Silestone\u00ae\/Kompositsten er en deklareret vare i Supply Chain Declaration Portal (forkortet SCDP) for New Buildings generation 4<\/h5>\n<p>[\/vc_column_text][mvc_advanced_button btn_text=&#8221;SCD portal&#8221; border_style=&#8221;solid&#8221; border_width=&#8221;1&#8243; btn_border=&#8221;#000000&#8243; btn_hvrclr=&#8221;#FFFFFF&#8221; btn_hvrbg=&#8221;#000000&#8243; btn_url=&#8221;url:https%3A%2F%2Fwww.supply-chain-declarations.org%2F|target:_blank&#8221;][\/vc_column][\/vc_row][vc_row disable_element=&#8221;yes&#8221;][vc_column width=&#8221;1\/2&#8243;][vc_column_text css=&#8221;&#8221;]<\/p>\n<h4>Certificering &#8211; leverand\u00f8rer<\/h4>\n<p>[\/vc_column_text][mvc_advanced_button btn_text=&#8221;&#8221; border_style=&#8221;solid&#8221; border_width=&#8221;1&#8243; btn_icon=&#8221;fas fa-file-download&#8221; btn_border=&#8221;#000000&#8243; btn_hvrclr=&#8221;#FFFFFF&#8221; btn_hvrbg=&#8221;#000000&#8243;][vc_empty_space height=&#8221;5px&#8221;][\/vc_column][vc_column width=&#8221;1\/2&#8243;][vc_column_text css=&#8221;&#8221;]<\/p>\n<h4>Dokumentation til DGNB<\/h4>\n<p>[\/vc_column_text][mvc_advanced_button btn_text=&#8221;&#8221; border_style=&#8221;solid&#8221; border_width=&#8221;1&#8243; btn_border=&#8221;#000000&#8243; btn_hvrclr=&#8221;#FFFFFF&#8221; btn_hvrbg=&#8221;#000000&#8243;][vc_empty_space height=&#8221;5px&#8221;][\/vc_column][\/vc_row][vc_row disable_element=&#8221;yes&#8221;][vc_column width=&#8221;1\/2&#8243;][vc_column_text css=&#8221;&#8221;]<\/p>\n<h4>Dokumentation til LEED<\/h4>\n<p>[\/vc_column_text][mvc_advanced_button btn_text=&#8221;&#8221; border_style=&#8221;solid&#8221; border_width=&#8221;1&#8243; btn_border=&#8221;#000000&#8243; btn_hvrclr=&#8221;#FFFFFF&#8221; btn_hvrbg=&#8221;#000000&#8243;][\/vc_column][vc_column width=&#8221;1\/2&#8243;][vc_column_text css=&#8221;&#8221;]<\/p>\n<h4>Dokumentation til Svanem\u00e6rket byggeri<\/h4>\n<p>[\/vc_column_text][mvc_advanced_button btn_text=&#8221;&#8221; border_style=&#8221;solid&#8221; border_width=&#8221;1&#8243; btn_border=&#8221;#000000&#8243; btn_hvrclr=&#8221;#FFFFFF&#8221; btn_hvrbg=&#8221;#000000&#8243;][vc_empty_space height=&#8221;5px&#8221;][\/vc_column][\/vc_row]<\/p>\n<\/div>","protected":false},"excerpt":{"rendered":"<p>Tyv\u00e4rr \u00e4r denna artikel enbart tillg\u00e4nglig p\u00e5 Dansk. For the sake of viewer convenience, the content is shown below in the alternative language. You may click<\/p>\n","protected":false},"author":1922,"featured_media":0,"parent":0,"menu_order":0,"comment_status":"closed","ping_status":"closed","template":"","meta":{"_monsterinsights_skip_tracking":false,"_monsterinsights_sitenote_active":false,"_monsterinsights_sitenote_note":"","_monsterinsights_sitenote_category":0,"footnotes":""},"class_list":["post-35959","page","type-page","status-publish","hentry"],"aioseo_notices":[],"_links":{"self":[{"href":"https:\/\/www.dfi-geisler.com\/sv\/wp-json\/wp\/v2\/pages\/35959","targetHints":{"allow":["GET"]}}],"collection":[{"href":"https:\/\/www.dfi-geisler.com\/sv\/wp-json\/wp\/v2\/pages"}],"about":[{"href":"https:\/\/www.dfi-geisler.com\/sv\/wp-json\/wp\/v2\/types\/page"}],"author":[{"embeddable":true,"href":"https:\/\/www.dfi-geisler.com\/sv\/wp-json\/wp\/v2\/users\/1922"}],"replies":[{"embeddable":true,"href":"https:\/\/www.dfi-geisler.com\/sv\/wp-json\/wp\/v2\/comments?post=35959"}],"version-history":[{"count":16,"href":"https:\/\/www.dfi-geisler.com\/sv\/wp-json\/wp\/v2\/pages\/35959\/revisions"}],"predecessor-version":[{"id":38530,"href":"https:\/\/www.dfi-geisler.com\/sv\/wp-json\/wp\/v2\/pages\/35959\/revisions\/38530"}],"wp:attachment":[{"href":"https:\/\/www.dfi-geisler.com\/sv\/wp-json\/wp\/v2\/media?parent=35959"}],"curies":[{"name":"wp","href":"https:\/\/api.w.org\/{rel}","templated":true}]}}