
{"id":35908,"date":"2025-07-03T12:59:51","date_gmt":"2025-07-03T11:59:51","guid":{"rendered":"https:\/\/www.dfi-geisler.com\/?page_id=35908"},"modified":"2026-02-26T12:03:11","modified_gmt":"2026-02-26T11:03:11","slug":"kompositsten-teknisk-dokumentation","status":"publish","type":"page","link":"https:\/\/www.dfi-geisler.com\/sv\/kompositsten-teknisk-dokumentation\/","title":{"rendered":"Laminat &#8211; inspiration"},"content":{"rendered":"<p class=\"qtranxs-available-languages-message qtranxs-available-languages-message-sv\">Tyv\u00e4rr \u00e4r denna artikel enbart tillg\u00e4nglig p\u00e5 <a href=\"https:\/\/www.dfi-geisler.com\/da\/wp-json\/wp\/v2\/pages\/35908\" class=\"qtranxs-available-language-link qtranxs-available-language-link-da\" title=\"Dansk\">Dansk<\/a>. For the sake of viewer convenience, the content is shown below in the alternative language. You may click the link to switch the active language.<\/p><div class=\"wpb-content-wrapper\"><p><\/p>\n<p>[vc_row full_width=&#8221;stretch_row_content&#8221; css=&#8221;.vc_custom_1757324684633{background-image: url(https:\/\/www.dfi-geisler.com\/wp-content\/uploads\/2020\/07\/DFI_GEISLER_253-1-scaled.jpg?id=20260) !important;background-position: center !important;background-repeat: no-repeat !important;background-size: cover !important;}&#8221;][vc_column][vc_row_inner][vc_column_inner offset=&#8221;vc_hidden-xs&#8221;][vc_empty_space height=&#8221;15px&#8221;][vc_custom_heading text=&#8221;Teknisk dokumentation&#8221; font_container=&#8221;tag:h1|font_size:64|text_align:center|color:%23ffffff&#8221; google_fonts=&#8221;font_family:Lato%3A100%2C100italic%2C300%2C300italic%2Cregular%2Citalic%2C700%2C700italic%2C900%2C900italic|font_style:400%20regular%3A400%3Anormal&#8221; css=&#8221;&#8221;][vc_empty_space height=&#8221;15px&#8221;][vc_column_text css=&#8221;&#8221;]<\/p>\n<h2 style=\"text-align: center;\"><span style=\"color: #ffffff;\">Kompositsten<\/span><\/h2>\n<p>[\/vc_column_text][\/vc_column_inner][\/vc_row_inner][vc_row_inner][vc_column_inner offset=&#8221;vc_hidden-lg vc_hidden-md vc_hidden-sm&#8221;][vc_empty_space height=&#8221;1&#8243;][vc_custom_heading text=&#8221;Teknisk dokumentation&#8221; font_container=&#8221;tag:h1|font_size:38|text_align:center|color:%23ffffff|line_height:1.2&#8243; google_fonts=&#8221;font_family:Lato%3A100%2C100italic%2C300%2C300italic%2Cregular%2Citalic%2C700%2C700italic%2C900%2C900italic|font_style:400%20regular%3A400%3Anormal&#8221; css=&#8221;&#8221;][vc_empty_space height=&#8221;1&#8243;][vc_column_text css=&#8221;&#8221;]<\/p>\n<h2 style=\"text-align: center;\"><span style=\"color: #ffffff;\">Kompositsten<\/span><\/h2>\n<p>[\/vc_column_text][\/vc_column_inner][\/vc_row_inner][\/vc_column][\/vc_row][vc_row][vc_column][vc_column_text css=&#8221;&#8221;]<\/p>\n<h4>Tekniske informationer<\/h4>\n<p>[\/vc_column_text][mvc_advanced_button btn_text=&#8221;FDV kompositsten&#8221; border_style=&#8221;solid&#8221; border_width=&#8221;1&#8243; btn_border=&#8221;#000000&#8243; btn_hvrclr=&#8221;#FFFFFF&#8221; btn_hvrbg=&#8221;#000000&#8243; btn_url=&#8221;url:https%3A%2F%2Fwww.dfi-geisler.com%2Fwp-content%2Fuploads%2F2025%2F05%2FFDV-Kompositsten-DK_27_03_2025.pdf|target:_blank&#8221; btn_icon=&#8221;far fa-file&#8221; caption_url=&#8221;&#8221; caption_urls=&#8221;&#8221; caption_urlss=&#8221;&#8221;][\/vc_column][\/vc_row][vc_row][vc_column width=&#8221;1\/3&#8243;][vc_column_text css=&#8221;&#8221;]<\/p>\n<h5><span style=\"color: #000000;\"><strong>Diresco:<\/strong><\/span><\/h5>\n<p>[\/vc_column_text][mvc_advanced_button btn_text=&#8221;Technical Specifications&#8221; border_style=&#8221;solid&#8221; border_width=&#8221;1&#8243; btn_border=&#8221;#000000&#8243; btn_hvrclr=&#8221;#FFFFFF&#8221; btn_hvrbg=&#8221;#000000&#8243; btn_url=&#8221;url:https%3A%2F%2Fdiresco.be%2Fen%2Fdownloads%2F%3F_download_type%3Dproductinformatie-en%23form_3|target:_blank&#8221; btn_icon=&#8221;fas fa-external-link-alt&#8221;][\/vc_column][vc_column width=&#8221;1\/3&#8243;][vc_column_text css=&#8221;&#8221;]<\/p>\n<h5><span style=\"color: #000000;\"><strong>SM Quartz:<\/strong><\/span><\/h5>\n<p>[\/vc_column_text][mvc_advanced_button btn_text=&#8221;Criteria for SM Quartz slabs&#8221; border_style=&#8221;solid&#8221; border_width=&#8221;1&#8243; btn_border=&#8221;#000000&#8243; btn_hvrclr=&#8221;#FFFFFF&#8221; btn_hvrbg=&#8221;#000000&#8243; btn_url=&#8221;url:https%3A%2F%2Fwww.santamargherita.net%2Fwp-content%2Fuploads%2F2018%2F09%2F03_10-Criteria-for-slabs-Q_en.pdf%3F_gl%3D1*t2ht2u*_up*MQ..*_ga*MTE1NTIwMTQyNS4xNzUxMDI3MDUz*_ga_WMRD2PLBWY*czE3NTEwMjcwNTIkbzEkZzAkdDE3NTEwMjcwNTIkajYwJGwwJGgw|target:_blank&#8221; btn_icon=&#8221;fas fa-external-link-alt&#8221;][mvc_advanced_button btn_text=&#8221;Criteria for SM Quartz slabs Wave &amp; Metropolis&#8221; border_style=&#8221;solid&#8221; border_width=&#8221;1&#8243; btn_border=&#8221;#000000&#8243; btn_hvrclr=&#8221;#FFFFFF&#8221; btn_hvrbg=&#8221;#000000&#8243; btn_url=&#8221;url:https%3A%2F%2Fwww.santamargherita.net%2Fwp-content%2Fuploads%2F2018%2F09%2F03_11-Criteria-for-Metropolis-and-Wave-slabs-Q_en.pdf%3F_gl%3D1*t2ht2u*_up*MQ..*_ga*MTE1NTIwMTQyNS4xNzUxMDI3MDUz*_ga_WMRD2PLBWY*czE3NTEwMjcwNTIkbzEkZzAkdDE3NTEwMjcwNTIkajYwJGwwJGgw|target:_blank&#8221; btn_icon=&#8221;fas fa-external-link-alt&#8221;][mvc_advanced_button btn_text=&#8221;General specification sheet&#8221; border_style=&#8221;solid&#8221; border_width=&#8221;1&#8243; btn_border=&#8221;#000000&#8243; btn_hvrclr=&#8221;#FFFFFF&#8221; btn_hvrbg=&#8221;#000000&#8243; btn_url=&#8221;url:https%3A%2F%2Fwww.santamargherita.net%2Fwp-content%2Fuploads%2F2018%2F09%2F03_02-Specification-sheet-Q_en.pdf%3F_gl%3D1*1ylwp20*_up*MQ..*_ga*MTE1NTIwMTQyNS4xNzUxMDI3MDUz*_ga_WMRD2PLBWY*czE3NTEwMjcwNTIkbzEkZzAkdDE3NTEwMjcwNTIkajYwJGwwJGgw|target:_blank&#8221; btn_icon=&#8221;fas fa-external-link-alt&#8221;][\/vc_column][vc_column width=&#8221;1\/3&#8243;][vc_column_text css=&#8221;&#8221;]<\/p>\n<h5><span style=\"color: #000000;\"><strong>Silestone:<\/strong><\/span><\/h5>\n<p>[\/vc_column_text][mvc_advanced_button btn_text=&#8221;Manual for professional use&#8221; border_style=&#8221;solid&#8221; border_width=&#8221;1&#8243; btn_border=&#8221;#000000&#8243; btn_hvrclr=&#8221;#FFFFFF&#8221; btn_hvrbg=&#8221;#000000&#8243; btn_url=&#8221;url:https%3A%2F%2Fassetstools.cosentino.com%2Fapi%2Fv1%2Fbynder%2Fdoc%2FFD803B72-DE13-4F49-829C88C92E2C0714%2Fmanual-for-professional-use-eng.pdf%3Fdl%3Dmanual-for-professional-use-eng.pdf|target:_blank&#8221; btn_icon=&#8221;fas fa-external-link-alt&#8221;][mvc_advanced_button btn_text=&#8221;Product guide&#8221; border_style=&#8221;solid&#8221; border_width=&#8221;1&#8243; btn_border=&#8221;#000000&#8243; btn_hvrclr=&#8221;#FFFFFF&#8221; btn_hvrbg=&#8221;#000000&#8243; btn_url=&#8221;url:https%3A%2F%2Fassetstools.cosentino.com%2Fapi%2Fv1%2Fbynder%2Fdoc%2FF6EA5997-CE66-43D8-A18D132AB4674ED9%2Fproduct-guide-usa.pdf%3Fdl%3Dproduct-guide-usa.pdf|target:_blank&#8221; btn_icon=&#8221;fas fa-external-link-alt&#8221;][mvc_advanced_button btn_text=&#8221;Silestone\u00ae declaration of performance&#8221; border_style=&#8221;solid&#8221; border_width=&#8221;1&#8243; btn_border=&#8221;#000000&#8243; btn_hvrclr=&#8221;#FFFFFF&#8221; btn_hvrbg=&#8221;#000000&#8243; btn_url=&#8221;url:https%3A%2F%2Fassetstools.cosentino.com%2Fapi%2Fv1%2Fbynder%2Fdoc%2F61BE335F-2CD3-4DB0-BAB2C124A89897EB%2Fsilestone-declaration-of-performance-ce-en.pdf%3Fdl%3Dsilestone-declaration-of-performance-ce-en.pdf|target:_blank&#8221; btn_icon=&#8221;fas fa-external-link-alt&#8221;][mvc_advanced_button btn_text=&#8221;Silestone\u00ae technical data sheet&#8221; border_style=&#8221;solid&#8221; border_width=&#8221;1&#8243; btn_border=&#8221;#000000&#8243; btn_hvrclr=&#8221;#FFFFFF&#8221; btn_hvrbg=&#8221;#000000&#8243; btn_url=&#8221;url:https%3A%2F%2Fassetstools.cosentino.com%2Fapi%2Fv1%2Fbynder%2Fdoc%2F66AB5881-AE8D-4A5F-87B1DC1CA95D76A7%2Fsilestone-technical-data-sheet-en.pdf%3Fdl%3Dsilestone-technical-data-sheet-en.pdf|target:_blank&#8221; btn_icon=&#8221;fas fa-external-link-alt&#8221;][\/vc_column][\/vc_row][vc_row][vc_column][vc_separator color=&#8221;black&#8221; css=&#8221;&#8221;][vc_empty_space height=&#8221;5px&#8221;][\/vc_column][\/vc_row][vc_row][vc_column][vc_column_text css=&#8221;&#8221;]<\/p>\n<h4>Sikkerhedsdata<\/h4>\n<p>[\/vc_column_text][\/vc_column][\/vc_row][vc_row][vc_column width=&#8221;1\/3&#8243;][vc_column_text css=&#8221;&#8221;]<\/p>\n<h5><span style=\"color: #000000;\"><strong>Diresco:<\/strong><\/span><\/h5>\n<p>[\/vc_column_text][mvc_advanced_button btn_text=&#8221;Health and Safety Data Sheet&#8221; border_style=&#8221;solid&#8221; border_width=&#8221;1&#8243; btn_border=&#8221;#000000&#8243; btn_hvrclr=&#8221;#FFFFFF&#8221; btn_hvrbg=&#8221;#000000&#8243; btn_url=&#8221;url:https%3A%2F%2Fdiresco.be%2Fen%2Fdownloads%2F%3F_download_type%3Dsafety%23form_3|target:_blank&#8221; btn_icon=&#8221;fas fa-link&#8221;][mvc_advanced_button btn_text=&#8221;Low Silica Certificat&#8221; border_style=&#8221;solid&#8221; border_width=&#8221;1&#8243; btn_border=&#8221;#000000&#8243; btn_hvrclr=&#8221;#FFFFFF&#8221; btn_hvrbg=&#8221;#000000&#8243; btn_url=&#8221;url:https%3A%2F%2Fdiresco.be%2Fen%2Fdownloads%2F%3F_download_type%3Dsafety%23form_3|target:_blank&#8221; btn_icon=&#8221;fas fa-link&#8221;][\/vc_column][vc_column width=&#8221;1\/3&#8243;][vc_column_text css=&#8221;&#8221;]<\/p>\n<h5><span style=\"color: #000000;\"><strong>SM Quartz:<\/strong><\/span><\/h5>\n<p>[\/vc_column_text][mvc_advanced_button btn_text=&#8221;SM Quartz Good practice guidelines&#8221; border_style=&#8221;solid&#8221; border_width=&#8221;1&#8243; btn_border=&#8221;#000000&#8243; btn_hvrclr=&#8221;#FFFFFF&#8221; btn_hvrbg=&#8221;#000000&#8243; btn_url=&#8221;url:https%3A%2F%2Fwww.santamargherita.net%2Fwp-content%2Fuploads%2F2024%2F10%2F07_01_SM_Quartz_good_practice_guideline_EN.pdf%3F_gl%3D1*1ylwp20*_up*MQ..*_ga*MTE1NTIwMTQyNS4xNzUxMDI3MDUz*_ga_WMRD2PLBWY*czE3NTEwMjcwNTIkbzEkZzAkdDE3NTEwMjcwNTIkajYwJGwwJGgw|target:_blank&#8221; btn_icon=&#8221;fas fa-external-link-alt&#8221;][mvc_advanced_button btn_text=&#8221;HPD SM Quartz&#8221; border_style=&#8221;solid&#8221; border_width=&#8221;1&#8243; btn_border=&#8221;#000000&#8243; btn_hvrclr=&#8221;#FFFFFF&#8221; btn_hvrbg=&#8221;#000000&#8243; btn_url=&#8221;url:https%3A%2F%2Fwww.dfi-geisler.com%2Fwp-content%2Fuploads%2F2026%2F02%2FHPD-SM-Quartz.pdf|target:_blank&#8221; btn_icon=&#8221;far fa-file&#8221;][\/vc_column][vc_column width=&#8221;1\/3&#8243;][vc_column_text css=&#8221;&#8221;]<\/p>\n<h5><span style=\"color: #000000;\"><strong>Silestone:<\/strong><\/span><\/h5>\n<p>[\/vc_column_text][mvc_advanced_button btn_text=&#8221;Safery Data Sheet&#8221; border_style=&#8221;solid&#8221; border_width=&#8221;1&#8243; btn_border=&#8221;#000000&#8243; btn_hvrclr=&#8221;#FFFFFF&#8221; btn_hvrbg=&#8221;#000000&#8243; btn_url=&#8221;url:https%3A%2F%2Fosh.cosentino.com%2Fwp-content%2Fuploads%2F2023%2F05%2FSafety-Datasheet-Silestone-2023-13_04-2023-EN-Digital.pdf|target:_blank&#8221; btn_icon=&#8221;fas fa-external-link-alt&#8221;][\/vc_column][\/vc_row][vc_row][vc_column][vc_separator color=&#8221;black&#8221; css=&#8221;&#8221;][vc_empty_space height=&#8221;5px&#8221;][\/vc_column][\/vc_row][vc_row][vc_column width=&#8221;1\/2&#8243;][vc_column_text css=&#8221;&#8221;]<\/p>\n<h4>Manualer og vedligehold<\/h4>\n<p>[\/vc_column_text][mvc_advanced_button btn_text=&#8221;Montering og vedligehold&#8221; border_style=&#8221;solid&#8221; border_width=&#8221;1&#8243; btn_url=&#8221;url:https%3A%2F%2Fwww.dfi-geisler.com%2Fmontage-og-vedligeholdelse-af-kompositsten%2F&#8221; btn_border=&#8221;#000000&#8243; btn_hvrclr=&#8221;#FFFFFF&#8221; btn_hvrbg=&#8221;#000000&#8243;][\/vc_column][vc_column width=&#8221;1\/2&#8243;][\/vc_column][\/vc_row][vc_row][vc_column][\/vc_column][\/vc_row]<\/p>\n<p><\/p>\n<\/div>","protected":false},"excerpt":{"rendered":"<p>Tyv\u00e4rr \u00e4r denna artikel enbart tillg\u00e4nglig p\u00e5 Dansk. For the sake of viewer convenience, the content is shown below in the alternative language. You may click<\/p>\n","protected":false},"author":1922,"featured_media":0,"parent":0,"menu_order":0,"comment_status":"closed","ping_status":"closed","template":"","meta":{"_monsterinsights_skip_tracking":false,"_monsterinsights_sitenote_active":false,"_monsterinsights_sitenote_note":"","_monsterinsights_sitenote_category":0,"footnotes":""},"class_list":["post-35908","page","type-page","status-publish","hentry"],"aioseo_notices":[],"_links":{"self":[{"href":"https:\/\/www.dfi-geisler.com\/sv\/wp-json\/wp\/v2\/pages\/35908","targetHints":{"allow":["GET"]}}],"collection":[{"href":"https:\/\/www.dfi-geisler.com\/sv\/wp-json\/wp\/v2\/pages"}],"about":[{"href":"https:\/\/www.dfi-geisler.com\/sv\/wp-json\/wp\/v2\/types\/page"}],"author":[{"embeddable":true,"href":"https:\/\/www.dfi-geisler.com\/sv\/wp-json\/wp\/v2\/users\/1922"}],"replies":[{"embeddable":true,"href":"https:\/\/www.dfi-geisler.com\/sv\/wp-json\/wp\/v2\/comments?post=35908"}],"version-history":[{"count":21,"href":"https:\/\/www.dfi-geisler.com\/sv\/wp-json\/wp\/v2\/pages\/35908\/revisions"}],"predecessor-version":[{"id":38633,"href":"https:\/\/www.dfi-geisler.com\/sv\/wp-json\/wp\/v2\/pages\/35908\/revisions\/38633"}],"wp:attachment":[{"href":"https:\/\/www.dfi-geisler.com\/sv\/wp-json\/wp\/v2\/media?parent=35908"}],"curies":[{"name":"wp","href":"https:\/\/api.w.org\/{rel}","templated":true}]}}