
{"id":35907,"date":"2025-07-03T12:59:41","date_gmt":"2025-07-03T11:59:41","guid":{"rendered":"https:\/\/www.dfi-geisler.com\/?page_id=35907"},"modified":"2026-02-27T08:57:12","modified_gmt":"2026-02-27T07:57:12","slug":"keramik-teknisk-dokumentation","status":"publish","type":"page","link":"https:\/\/www.dfi-geisler.com\/sv\/keramik-teknisk-dokumentation\/","title":{"rendered":"Laminat &#8211; inspiration"},"content":{"rendered":"<p class=\"qtranxs-available-languages-message qtranxs-available-languages-message-sv\">Tyv\u00e4rr \u00e4r denna artikel enbart tillg\u00e4nglig p\u00e5 <a href=\"https:\/\/www.dfi-geisler.com\/da\/wp-json\/wp\/v2\/pages\/35907\" class=\"qtranxs-available-language-link qtranxs-available-language-link-da\" title=\"Dansk\">Dansk<\/a>. For the sake of viewer convenience, the content is shown below in the alternative language. You may click the link to switch the active language.<\/p><div class=\"wpb-content-wrapper\"><p><\/p>\n<p>[vc_row full_width=&#8221;stretch_row_content&#8221; css=&#8221;.vc_custom_1757323563291{background-image: url(https:\/\/www.dfi-geisler.com\/wp-content\/uploads\/2020\/07\/DFI_GEISLER_253-1-scaled.jpg?id=20260) !important;background-position: center !important;background-repeat: no-repeat !important;background-size: cover !important;}&#8221;][vc_column][vc_row_inner][vc_column_inner offset=&#8221;vc_hidden-xs&#8221;][vc_empty_space height=&#8221;15px&#8221;][vc_custom_heading text=&#8221;Teknisk dokumentation&#8221; font_container=&#8221;tag:h1|font_size:64|text_align:center|color:%23ffffff&#8221; google_fonts=&#8221;font_family:Lato%3A100%2C100italic%2C300%2C300italic%2Cregular%2Citalic%2C700%2C700italic%2C900%2C900italic|font_style:400%20regular%3A400%3Anormal&#8221; css=&#8221;&#8221;][vc_empty_space height=&#8221;15px&#8221;][vc_column_text css=&#8221;&#8221;]<\/p>\n<h2 style=\"text-align: center;\"><span style=\"color: #ffffff;\">Keramik<\/span><\/h2>\n<p>[\/vc_column_text][\/vc_column_inner][\/vc_row_inner][vc_row_inner][vc_column_inner offset=&#8221;vc_hidden-lg vc_hidden-md vc_hidden-sm&#8221;][vc_empty_space height=&#8221;1&#8243;][vc_custom_heading text=&#8221;Teknisk dokumentation&#8221; font_container=&#8221;tag:h1|font_size:38|text_align:center|color:%23ffffff|line_height:1.2&#8243; google_fonts=&#8221;font_family:Lato%3A100%2C100italic%2C300%2C300italic%2Cregular%2Citalic%2C700%2C700italic%2C900%2C900italic|font_style:400%20regular%3A400%3Anormal&#8221; css=&#8221;&#8221;][vc_empty_space height=&#8221;1&#8243;][vc_column_text css=&#8221;&#8221;]<\/p>\n<h2 style=\"text-align: center;\"><span style=\"color: #ffffff;\">Keramik<\/span><\/h2>\n<p>[\/vc_column_text][\/vc_column_inner][\/vc_row_inner][\/vc_column][\/vc_row][vc_row][vc_column][vc_column_text css=&#8221;&#8221;]<\/p>\n<h4>Tekniske informationer<\/h4>\n<p>[\/vc_column_text][mvc_advanced_button btn_text=&#8221;FDV keramik&#8221; border_style=&#8221;solid&#8221; border_width=&#8221;1&#8243; btn_border=&#8221;#000000&#8243; btn_hvrclr=&#8221;#FFFFFF&#8221; btn_hvrbg=&#8221;#000000&#8243; btn_url=&#8221;url:https%3A%2F%2Fwww.dfi-geisler.com%2Fwp-content%2Fuploads%2F2025%2F05%2FFDV-Keramik-DK_03_04_2025.pdf|target:_blank&#8221; btn_icon=&#8221;far fa-file&#8221; caption_url=&#8221;&#8221; caption_urls=&#8221;&#8221; caption_urlss=&#8221;&#8221;][\/vc_column][\/vc_row][vc_row][vc_column width=&#8221;1\/3&#8243;][vc_column_text css=&#8221;&#8221;]<\/p>\n<h5><span style=\"color: #000000;\"><strong>Bricmate:<\/strong><\/span><\/h5>\n<p>[\/vc_column_text][mvc_advanced_button btn_text=&#8221;Azul Olive honed 3D, mat &#8211; produktblad&#8221; border_style=&#8221;solid&#8221; border_width=&#8221;1&#8243; btn_border=&#8221;#000000&#8243; btn_hvrclr=&#8221;#FFFFFF&#8221; btn_hvrbg=&#8221;#000000&#8243; btn_url=&#8221;url:https%3A%2F%2Fbricmate.dk%2Fsite.axd%2FBricmateB2CProductPDF%2FGenBricmateProductPDF%3FproductId%3D594cf59e-eaf2-46d7-9f25-ab4759fe322b%26pdfTemplate%3DCountertops%26websiteLanguageId%3Dacfa625e-274b-46b6-b9a5-c7e743d08f8d%26token%3D9MFa45NI5Hr_J8byOmcWUvjfvKPAEJ7J9Frqey8sCF-dpXceC-3raXqn944eyHPTzB_8QIGYHFv7zp0hGO40MxI2BHMpT-dGZ_dEMfGUWOs1|target:_blank&#8221; btn_icon=&#8221;fas fa-external-link-alt&#8221;][mvc_advanced_button btn_text=&#8221;Glanshammar, silk &#8211; produktblad&#8221; border_style=&#8221;solid&#8221; border_width=&#8221;1&#8243; btn_border=&#8221;#000000&#8243; btn_hvrclr=&#8221;#FFFFFF&#8221; btn_hvrbg=&#8221;#000000&#8243; btn_url=&#8221;url:https%3A%2F%2Fbricmate.dk%2Fsite.axd%2FBricmateB2CProductPDF%2FGenBricmateProductPDF%3FproductId%3D8aa7116a-6480-4a6d-b606-e1768ca0df01%26pdfTemplate%3DCountertops%26websiteLanguageId%3Dacfa625e-274b-46b6-b9a5-c7e743d08f8d%26token%3DFMfd6nSZ2qsANrrmKK6uXj8AzKw67-cjG5EsGzXywRwZt3osCKwkpgdaaMstRj47wZ__fZP_MZSbDIPW0k2T68mpTJIbOqKiAZqvRI2uUTM1|target:_blank&#8221; btn_icon=&#8221;fas fa-external-link-alt&#8221;][mvc_advanced_button btn_text=&#8221;Norrvange Ivory honed 3D, mat &#8211; produktblad&#8221; border_style=&#8221;solid&#8221; border_width=&#8221;1&#8243; btn_border=&#8221;#000000&#8243; btn_hvrclr=&#8221;#FFFFFF&#8221; btn_hvrbg=&#8221;#000000&#8243; btn_url=&#8221;url:https%3A%2F%2Fbricmate.dk%2Fsite.axd%2FBricmateB2CProductPDF%2FGenBricmateProductPDF%3FproductId%3D669c959e-7da9-44b5-8a86-154eb8c89ace%26pdfTemplate%3DCountertops%26websiteLanguageId%3Dacfa625e-274b-46b6-b9a5-c7e743d08f8d%26token%3D30NgRRPIjvxuUFQE9Sph0DE52Y_zZ1e5hWIPneTa0aDqzzFHv7qpe_OnrFuCqbhVz4_Nje5EAlWksAPvdgioPmn3b-j8s4OPZsiFRQVX5TA1|target:_blank&#8221; btn_icon=&#8221;fas fa-external-link-alt&#8221;][mvc_advanced_button btn_text=&#8221;Norrvange Light Grey honed 3D, mat &#8211; produktblad&#8221; border_style=&#8221;solid&#8221; border_width=&#8221;1&#8243; btn_border=&#8221;#000000&#8243; btn_hvrclr=&#8221;#FFFFFF&#8221; btn_hvrbg=&#8221;#000000&#8243; btn_url=&#8221;url:https%3A%2F%2Fbricmate.dk%2Fsite.axd%2FBricmateB2CProductPDF%2FGenBricmateProductPDF%3FproductId%3D0667c989-9c2a-4f6b-9ebd-b23a347606c5%26pdfTemplate%3DCountertops%26websiteLanguageId%3Dacfa625e-274b-46b6-b9a5-c7e743d08f8d%26token%3DmyD7756qVnnn5vzhuqEK0Ief4b8omO7-KcyU9wAgXmB6KV9GvLYAJuifWfJJS43AsjVejjDJ3rouGAS2VGesZSsfR6JeMVp5fq6V9f__p_U1%20|target:_blank&#8221; btn_icon=&#8221;fas fa-external-link-alt&#8221;][mvc_advanced_button btn_text=&#8221;Stone Select Light Grey, mat &#8211; produktblad&#8221; border_style=&#8221;solid&#8221; border_width=&#8221;1&#8243; btn_border=&#8221;#000000&#8243; btn_hvrclr=&#8221;#FFFFFF&#8221; btn_hvrbg=&#8221;#000000&#8243; btn_url=&#8221;url:https%3A%2F%2Fbricmate.dk%2Fsite.axd%2FBricmateB2CProductPDF%2FGenBricmateProductPDF%3FproductId%3D803d585c-cd28-4cb7-a7bf-3d20c4d913d7%26pdfTemplate%3DCountertops%26websiteLanguageId%3Dacfa625e-274b-46b6-b9a5-c7e743d08f8d%26token%3DKO_QVpZbtidZmWQm8RxcjvPVF5oA6QzI2d4A8VsvWR8shHO49FZc6-IK2daJiwHynjwXj50kcXuhkBe4fM2GmdsjTbe3DO3Jq7ezrjPvoTI1%20|target:_blank&#8221; btn_icon=&#8221;fas fa-external-link-alt&#8221;][mvc_advanced_button btn_text=&#8221;White Glanshammar, silk &#8211; produktblad&#8221; border_style=&#8221;solid&#8221; border_width=&#8221;1&#8243; btn_border=&#8221;#000000&#8243; btn_hvrclr=&#8221;#FFFFFF&#8221; btn_hvrbg=&#8221;#000000&#8243; btn_url=&#8221;url:https%3A%2F%2Fbricmate.dk%2Fsite.axd%2FBricmateB2CProductPDF%2FGenBricmateProductPDF%3FproductId%3D61244d82-140b-4ec6-a78c-7ea80786c4bc%26pdfTemplate%3DCountertops%26websiteLanguageId%3Dacfa625e-274b-46b6-b9a5-c7e743d08f8d%26token%3DchoqJsQEjyTu0uY9mlVdjSZApoIksVw6pwBbtbYNbFt3oEbN_8nnOKveszYLSPLax4srzyh9tEL-FtOFMDiHcdGsIa5mNpAZyMCgT-r1AhU1%20|target:_blank&#8221; btn_icon=&#8221;fas fa-external-link-alt&#8221;][\/vc_column][vc_column width=&#8221;1\/3&#8243;][vc_column_text css=&#8221;&#8221;]<\/p>\n<h5><span style=\"color: #000000;\"><strong>Marazzi:<\/strong><\/span><\/h5>\n<p>[\/vc_column_text][mvc_advanced_button btn_text=&#8221;Declaration of Performance&#8221; border_style=&#8221;solid&#8221; border_width=&#8221;1&#8243; btn_border=&#8221;#000000&#8243; btn_hvrclr=&#8221;#FFFFFF&#8221; btn_hvrbg=&#8221;#000000&#8243; btn_url=&#8221;url:https%3A%2F%2Fwww.marazzi.it%2Fapp%2Fuploads%2F2023%2F10%2F001MRZI_REV-11-with-slipperiness-table-20250410.pdf|target:_blank&#8221; btn_icon=&#8221;fas fa-external-link-alt&#8221;][\/vc_column][vc_column width=&#8221;1\/3&#8243;][vc_column_text css=&#8221;&#8221;]<\/p>\n<h5><strong><span style=\"color: #000000;\">Neolith:<\/span><\/strong><\/h5>\n<p>[\/vc_column_text][mvc_advanced_button btn_text=&#8221;Technical data&#8221; border_style=&#8221;solid&#8221; border_width=&#8221;1&#8243; btn_border=&#8221;#000000&#8243; btn_hvrclr=&#8221;#FFFFFF&#8221; btn_hvrbg=&#8221;#000000&#8243; btn_url=&#8221;url:https%3A%2F%2Fa.storyblok.com%2Ff%2F150360%2Fx%2F0ae3602589%2Fneolith_technical-data_en.pdf|target:_blank&#8221; btn_icon=&#8221;fas fa-external-link-alt&#8221;][mvc_advanced_button btn_text=&#8221;Worktops technical manual&#8221; border_style=&#8221;solid&#8221; border_width=&#8221;1&#8243; btn_border=&#8221;#000000&#8243; btn_hvrclr=&#8221;#FFFFFF&#8221; btn_hvrbg=&#8221;#000000&#8243; btn_url=&#8221;url:https%3A%2F%2Fa.storyblok.com%2Ff%2F150360%2Fx%2Fcfe5c7a2cf%2Fneolith_technical-manual_countertops_es.pdf|target:_blank&#8221; btn_icon=&#8221;fas fa-external-link-alt&#8221;][\/vc_column][\/vc_row][vc_row][vc_column width=&#8221;1\/3&#8243;][vc_column_text css=&#8221;&#8221;]<\/p>\n<h5><span style=\"color: #000000;\"><strong>Nuovo Corso:<\/strong><\/span><\/h5>\n<p>[\/vc_column_text][mvc_advanced_button btn_text=&#8221;Determination of surface quality&#8221; border_style=&#8221;solid&#8221; border_width=&#8221;1&#8243; btn_border=&#8221;#000000&#8243; btn_hvrclr=&#8221;#FFFFFF&#8221; btn_hvrbg=&#8221;#000000&#8243; btn_url=&#8221;url:https%3A%2F%2Fwww.dfi-geisler.com%2Fwp-content%2Fuploads%2F2025%2F09%2F10545-2-DETERMINATION-OF-SURFACE-QUALITY.pdf|target:_blank&#8221; btn_icon=&#8221;far fa-file&#8221;][mvc_advanced_button btn_text=&#8221;Determination of chemical resistance&#8221; border_style=&#8221;solid&#8221; border_width=&#8221;1&#8243; btn_border=&#8221;#000000&#8243; btn_hvrclr=&#8221;#FFFFFF&#8221; btn_hvrbg=&#8221;#000000&#8243; btn_url=&#8221;url:https%3A%2F%2Fwww.dfi-geisler.com%2Fwp-content%2Fuploads%2F2025%2F09%2FDETERMINATION-OF-CHEMICAL-RESISTANCE.pdf|target:_blank&#8221; btn_icon=&#8221;far fa-file&#8221;][mvc_advanced_button btn_text=&#8221;Determination of frost resistance&#8221; border_style=&#8221;solid&#8221; border_width=&#8221;1&#8243; btn_border=&#8221;#000000&#8243; btn_hvrclr=&#8221;#FFFFFF&#8221; btn_hvrbg=&#8221;#000000&#8243; btn_url=&#8221;url:https%3A%2F%2Fwww.dfi-geisler.com%2Fwp-content%2Fuploads%2F2025%2F09%2FDETERMINATION-OF-FROST-RESISTANCE.pdf|target:_blank&#8221; btn_icon=&#8221;far fa-file&#8221;][mvc_advanced_button btn_text=&#8221;Determination of linear thermal expansion&#8221; border_style=&#8221;solid&#8221; border_width=&#8221;1&#8243; btn_border=&#8221;#000000&#8243; btn_hvrclr=&#8221;#FFFFFF&#8221; btn_hvrbg=&#8221;#000000&#8243; btn_url=&#8221;url:https%3A%2F%2Fwww.dfi-geisler.com%2Fwp-content%2Fuploads%2F2025%2F09%2FDETERMINATION-OF-LINEAR-THERMAL-EXPANSION.pdf|target:_blank&#8221; btn_icon=&#8221;far fa-file&#8221;][mvc_advanced_button btn_text=&#8221;Determination of resistance to stains&#8221; border_style=&#8221;solid&#8221; border_width=&#8221;1&#8243; btn_border=&#8221;#000000&#8243; btn_hvrclr=&#8221;#FFFFFF&#8221; btn_hvrbg=&#8221;#000000&#8243; btn_url=&#8221;url:https%3A%2F%2Fwww.dfi-geisler.com%2Fwp-content%2Fuploads%2F2025%2F09%2FDETERMINATION-OF-RESISTANCE-TO-STAINS.pdf|target:_blank&#8221; btn_icon=&#8221;far fa-file&#8221;][mvc_advanced_button btn_text=&#8221;Determination of resistance to surface abrasion for glazed tiles&#8221; border_style=&#8221;solid&#8221; border_width=&#8221;1&#8243; btn_border=&#8221;#000000&#8243; btn_hvrclr=&#8221;#FFFFFF&#8221; btn_hvrbg=&#8221;#000000&#8243; btn_url=&#8221;url:https%3A%2F%2Fwww.dfi-geisler.com%2Fwp-content%2Fuploads%2F2025%2F09%2FDETERMINATION-OF-RESISTANCE-TO-SURFACE-ABRASION-FOR-GLAZED-TILES.pdf|target:_blank&#8221; btn_icon=&#8221;far fa-file&#8221;][mvc_advanced_button btn_text=&#8221;Determination of resistance to thermal shock&#8221; border_style=&#8221;solid&#8221; border_width=&#8221;1&#8243; btn_border=&#8221;#000000&#8243; btn_hvrclr=&#8221;#FFFFFF&#8221; btn_hvrbg=&#8221;#000000&#8243; btn_url=&#8221;url:https%3A%2F%2Fwww.dfi-geisler.com%2Fwp-content%2Fuploads%2F2025%2F09%2FDETERMINATION-OF-RESISTANCE-TO-THERMAL-SHOCK.pdf|target:_blank&#8221; btn_icon=&#8221;far fa-file&#8221;][mvc_advanced_button btn_text=&#8221;Determination of water absorption&#8221; border_style=&#8221;solid&#8221; border_width=&#8221;1&#8243; btn_border=&#8221;#000000&#8243; btn_hvrclr=&#8221;#FFFFFF&#8221; btn_hvrbg=&#8221;#000000&#8243; btn_url=&#8221;url:https%3A%2F%2Fwww.dfi-geisler.com%2Fwp-content%2Fuploads%2F2025%2F09%2FDETERMINATION-OF-WATER-ABSORPTION.pdf|target:_blank&#8221; btn_icon=&#8221;far fa-file&#8221;][\/vc_column][vc_column width=&#8221;1\/3&#8243;][\/vc_column][vc_column width=&#8221;1\/3&#8243;][\/vc_column][\/vc_row][vc_row][vc_column][vc_separator color=&#8221;black&#8221; css=&#8221;&#8221;][\/vc_column][\/vc_row][vc_row][vc_column][vc_empty_space height=&#8221;5px&#8221;][\/vc_column][\/vc_row][vc_row][vc_column][vc_column_text css=&#8221;&#8221;]<\/p>\n<h4>Sikkerhedsdata<\/h4>\n<p>[\/vc_column_text][\/vc_column][\/vc_row][vc_row][vc_column width=&#8221;1\/3&#8243;][\/vc_column][vc_column width=&#8221;1\/3&#8243;][vc_column_text css=&#8221;&#8221;]<\/p>\n<h5><span style=\"color: #000000;\"><strong>Marazzi:<\/strong><\/span><\/h5>\n<p>[\/vc_column_text][mvc_advanced_button btn_text=&#8221;HPD (Health Product Declaration)&#8221; border_style=&#8221;solid&#8221; border_width=&#8221;1&#8243; btn_border=&#8221;#000000&#8243; btn_hvrclr=&#8221;#FFFFFF&#8221; btn_hvrbg=&#8221;#000000&#8243; btn_url=&#8221;url:https%3A%2F%2Fwww.marazzigroup.com%2Fapp%2Fuploads%2F2023%2F10%2FHPD_Marazzi_Group_Slabs.pdf|target:_blank&#8221; btn_icon=&#8221;fas fa-external-link-alt&#8221;][\/vc_column][vc_column width=&#8221;1\/3&#8243;][vc_column_text css=&#8221;&#8221;]<\/p>\n<h5><span style=\"color: #000000;\"><strong>Neolith:<\/strong><\/span><\/h5>\n<p>[\/vc_column_text][mvc_advanced_button btn_text=&#8221;HPD (Health Product Declaration)&#8221; border_style=&#8221;solid&#8221; border_width=&#8221;1&#8243; btn_border=&#8221;#000000&#8243; btn_hvrclr=&#8221;#FFFFFF&#8221; btn_hvrbg=&#8221;#000000&#8243; btn_url=&#8221;url:https%3A%2F%2Fa.storyblok.com%2Ff%2F150360%2Fx%2Fb1ce368060%2Fneolith_health-product-declaration_2023.pdf|target:_blank&#8221; btn_icon=&#8221;fas fa-external-link-alt&#8221;][mvc_advanced_button btn_text=&#8221;Safety data sheet&#8221; border_style=&#8221;solid&#8221; border_width=&#8221;1&#8243; btn_border=&#8221;#000000&#8243; btn_hvrclr=&#8221;#FFFFFF&#8221; btn_hvrbg=&#8221;#000000&#8243; btn_url=&#8221;url:https%3A%2F%2Fa.storyblok.com%2Ff%2F150360%2Fx%2Fb386a96f5a%2Fneolith-safety-data-sheet.pdf|target:_blank&#8221; btn_icon=&#8221;fas fa-external-link-alt&#8221;][\/vc_column][\/vc_row][vc_row][vc_column width=&#8221;1\/3&#8243;][vc_column_text css=&#8221;&#8221;]<\/p>\n<h5><strong><span style=\"color: #000000;\">Nuovo Corso:<\/span><\/strong><\/h5>\n<p>[\/vc_column_text][mvc_advanced_button btn_text=&#8221;Safety information sheet&#8221; border_style=&#8221;solid&#8221; border_width=&#8221;1&#8243; btn_border=&#8221;#000000&#8243; btn_hvrclr=&#8221;#FFFFFF&#8221; btn_hvrbg=&#8221;#000000&#8243; btn_url=&#8221;url:https%3A%2F%2Fwww.dfi-geisler.com%2Fwp-content%2Fuploads%2F2025%2F09%2FSafety-Information-sheet-NC.pdf|target:_blank&#8221; btn_icon=&#8221;far fa-file&#8221;][\/vc_column][vc_column width=&#8221;1\/3&#8243;][\/vc_column][vc_column width=&#8221;1\/3&#8243;][\/vc_column][\/vc_row][vc_row][vc_column][vc_separator color=&#8221;black&#8221; css=&#8221;&#8221;][\/vc_column][\/vc_row][vc_row][vc_column][vc_empty_space height=&#8221;5px&#8221;][\/vc_column][\/vc_row][vc_row][vc_column width=&#8221;1\/2&#8243;][vc_column_text css=&#8221;&#8221;]<\/p>\n<h4>Manualer og vedligehold<\/h4>\n<p>[\/vc_column_text][mvc_advanced_button btn_text=&#8221;Montering og vedligehold&#8221; border_style=&#8221;solid&#8221; border_width=&#8221;1&#8243; btn_url=&#8221;url:https%3A%2F%2Fwww.dfi-geisler.com%2Fmontage-og-vedligeholdelse-af-ceramics%2F&#8221; btn_border=&#8221;#000000&#8243; btn_hvrclr=&#8221;#FFFFFF&#8221; btn_hvrbg=&#8221;#000000&#8243;][vc_empty_space height=&#8221;5px&#8221;][\/vc_column][vc_column width=&#8221;1\/2&#8243;][\/vc_column][\/vc_row]<\/p>\n<p><\/p>\n<\/div>","protected":false},"excerpt":{"rendered":"<p>Tyv\u00e4rr \u00e4r denna artikel enbart tillg\u00e4nglig p\u00e5 Dansk. For the sake of viewer convenience, the content is shown below in the alternative language. You may click<\/p>\n","protected":false},"author":1922,"featured_media":0,"parent":0,"menu_order":0,"comment_status":"closed","ping_status":"closed","template":"","meta":{"_monsterinsights_skip_tracking":false,"_monsterinsights_sitenote_active":false,"_monsterinsights_sitenote_note":"","_monsterinsights_sitenote_category":0,"footnotes":""},"class_list":["post-35907","page","type-page","status-publish","hentry"],"aioseo_notices":[],"_links":{"self":[{"href":"https:\/\/www.dfi-geisler.com\/sv\/wp-json\/wp\/v2\/pages\/35907","targetHints":{"allow":["GET"]}}],"collection":[{"href":"https:\/\/www.dfi-geisler.com\/sv\/wp-json\/wp\/v2\/pages"}],"about":[{"href":"https:\/\/www.dfi-geisler.com\/sv\/wp-json\/wp\/v2\/types\/page"}],"author":[{"embeddable":true,"href":"https:\/\/www.dfi-geisler.com\/sv\/wp-json\/wp\/v2\/users\/1922"}],"replies":[{"embeddable":true,"href":"https:\/\/www.dfi-geisler.com\/sv\/wp-json\/wp\/v2\/comments?post=35907"}],"version-history":[{"count":30,"href":"https:\/\/www.dfi-geisler.com\/sv\/wp-json\/wp\/v2\/pages\/35907\/revisions"}],"predecessor-version":[{"id":38629,"href":"https:\/\/www.dfi-geisler.com\/sv\/wp-json\/wp\/v2\/pages\/35907\/revisions\/38629"}],"wp:attachment":[{"href":"https:\/\/www.dfi-geisler.com\/sv\/wp-json\/wp\/v2\/media?parent=35907"}],"curies":[{"name":"wp","href":"https:\/\/api.w.org\/{rel}","templated":true}]}}