
{"id":35906,"date":"2025-07-03T12:59:35","date_gmt":"2025-07-03T11:59:35","guid":{"rendered":"https:\/\/www.dfi-geisler.com\/?page_id=35906"},"modified":"2026-02-26T12:01:21","modified_gmt":"2026-02-26T11:01:21","slug":"dekton-teknisk-dokumentation","status":"publish","type":"page","link":"https:\/\/www.dfi-geisler.com\/sv\/dekton-teknisk-dokumentation\/","title":{"rendered":"Laminat &#8211; inspiration"},"content":{"rendered":"<p class=\"qtranxs-available-languages-message qtranxs-available-languages-message-sv\">Tyv\u00e4rr \u00e4r denna artikel enbart tillg\u00e4nglig p\u00e5 <a href=\"https:\/\/www.dfi-geisler.com\/da\/wp-json\/wp\/v2\/pages\/35906\" class=\"qtranxs-available-language-link qtranxs-available-language-link-da\" title=\"Dansk\">Dansk<\/a>. For the sake of viewer convenience, the content is shown below in the alternative language. You may click the link to switch the active language.<\/p><div class=\"wpb-content-wrapper\"><p><\/p>\n<p>[vc_row full_width=&#8221;stretch_row_content&#8221; css=&#8221;.vc_custom_1757324534410{background-image: url(https:\/\/www.dfi-geisler.com\/wp-content\/uploads\/2020\/07\/DFI_GEISLER_253-1-scaled.jpg?id=20260) !important;background-position: center !important;background-repeat: no-repeat !important;background-size: cover !important;}&#8221;][vc_column][vc_row_inner][vc_column_inner offset=&#8221;vc_hidden-xs&#8221;][vc_empty_space height=&#8221;15px&#8221;][vc_custom_heading text=&#8221;Teknisk dokumentation&#8221; font_container=&#8221;tag:h1|font_size:64|text_align:center|color:%23ffffff&#8221; google_fonts=&#8221;font_family:Lato%3A100%2C100italic%2C300%2C300italic%2Cregular%2Citalic%2C700%2C700italic%2C900%2C900italic|font_style:400%20regular%3A400%3Anormal&#8221; css=&#8221;&#8221;][vc_empty_space height=&#8221;15px&#8221;][vc_column_text css=&#8221;&#8221;]<\/p>\n<h2 style=\"text-align: center;\"><span style=\"color: #ffffff;\">Dekton\u00ae<\/span><\/h2>\n<p>[\/vc_column_text][\/vc_column_inner][\/vc_row_inner][vc_row_inner][vc_column_inner offset=&#8221;vc_hidden-lg vc_hidden-md vc_hidden-sm&#8221;][vc_empty_space height=&#8221;1&#8243;][vc_custom_heading text=&#8221;Teknisk dokumentation&#8221; font_container=&#8221;tag:h1|font_size:38|text_align:center|color:%23ffffff|line_height:1.2&#8243; google_fonts=&#8221;font_family:Lato%3A100%2C100italic%2C300%2C300italic%2Cregular%2Citalic%2C700%2C700italic%2C900%2C900italic|font_style:400%20regular%3A400%3Anormal&#8221; css=&#8221;&#8221;][vc_empty_space height=&#8221;1&#8243;][vc_column_text css=&#8221;&#8221;]<\/p>\n<h2 style=\"text-align: center;\"><span style=\"color: #ffffff;\">Dekton\u00ae<\/span><\/h2>\n<h2><\/h2>\n<p>[\/vc_column_text][\/vc_column_inner][\/vc_row_inner][\/vc_column][\/vc_row][vc_row][vc_column][vc_column_text css=&#8221;&#8221;]<\/p>\n<h4>Tekniske informationer<\/h4>\n<p>[\/vc_column_text][\/vc_column][\/vc_row][vc_row][vc_column width=&#8221;1\/3&#8243;][mvc_advanced_button btn_text=&#8221;Dekton\u00ae energy efficiency guide&#8221; border_style=&#8221;solid&#8221; border_width=&#8221;1&#8243; btn_border=&#8221;#000000&#8243; btn_hvrclr=&#8221;#FFFFFF&#8221; btn_hvrbg=&#8221;#000000&#8243; btn_icon=&#8221;fas fa-external-link-alt&#8221; btn_url=&#8221;url:https%3A%2F%2Fassetstools.cosentino.com%2Fapi%2Fv1%2Fbynder%2Fdoc%2F9A874A98-8519-4CE9-91E338D70B563FE2%2Fdekton-energy-efficency-guide-en.pdf%3Fdl%3Ddekton-energy-efficency-guide-en.pdf|target:_blank&#8221;][mvc_advanced_button btn_text=&#8221;Dekton\u00ae technical data sheet&#8221; border_style=&#8221;solid&#8221; border_width=&#8221;1&#8243; btn_border=&#8221;#000000&#8243; btn_hvrclr=&#8221;#FFFFFF&#8221; btn_hvrbg=&#8221;#000000&#8243; btn_icon=&#8221;fas fa-external-link-alt&#8221; btn_url=&#8221;url:https%3A%2F%2Fassetstools.cosentino.com%2Fapi%2Fv1%2Fbynder%2Fdoc%2F221CDFBE-BDF0-4AD3-97C0F4C88210F87D%2Fdekton-technical-data-sheet-en.pdf%3Fdl%3Ddekton-technical-data-sheet-en.pdf|target:_blank&#8221;][\/vc_column][vc_column width=&#8221;1\/3&#8243;][mvc_advanced_button btn_text=&#8221;FDV Dekton\u00ae&#8221; border_style=&#8221;solid&#8221; border_width=&#8221;1&#8243; btn_border=&#8221;#000000&#8243; btn_hvrclr=&#8221;#FFFFFF&#8221; btn_hvrbg=&#8221;#000000&#8243; btn_icon=&#8221;far fa-file&#8221; btn_url=&#8221;url:https%3A%2F%2Fwww.dfi-geisler.com%2Fwp-content%2Fuploads%2F2025%2F05%2FFDV-Dekton-NO_05_05_2025.pdf|target:_blank&#8221; caption_url=&#8221;&#8221; caption_urls=&#8221;&#8221; caption_urlss=&#8221;&#8221;][\/vc_column][vc_column width=&#8221;1\/3&#8243;][\/vc_column][\/vc_row][vc_row][vc_column][vc_separator color=&#8221;black&#8221; css=&#8221;&#8221;][vc_empty_space height=&#8221;5px&#8221;][\/vc_column][\/vc_row][vc_row][vc_column][vc_column_text css=&#8221;&#8221;]<\/p>\n<h4>Sikkerhedsdata<\/h4>\n<p>[\/vc_column_text][\/vc_column][\/vc_row][vc_row][vc_column width=&#8221;1\/3&#8243;][mvc_advanced_button btn_text=&#8221;Dekton\u00ae safety data sheet&#8221; border_style=&#8221;solid&#8221; border_width=&#8221;1&#8243; btn_border=&#8221;#000000&#8243; btn_hvrclr=&#8221;#FFFFFF&#8221; btn_hvrbg=&#8221;#000000&#8243; btn_icon=&#8221;fas fa-external-link-alt&#8221; btn_url=&#8221;url:https%3A%2F%2Fassetstools.cosentino.com%2Fapi%2Fv1%2Fbynder%2Fdoc%2FAA100327-5E29-40DC-AB2E4D538DA396F7%2Fdekton-safety-data-sheet-en.pdf%3Fdl%3Ddekton-safety-data-sheet-en.pdf|target:_blank&#8221;][\/vc_column][vc_column width=&#8221;1\/3&#8243;][\/vc_column][vc_column width=&#8221;1\/3&#8243;][\/vc_column][\/vc_row][vc_row][vc_column][vc_separator color=&#8221;black&#8221; css=&#8221;&#8221;][vc_empty_space height=&#8221;5px&#8221;][\/vc_column][\/vc_row][vc_row][vc_column][vc_column_text css=&#8221;&#8221;]<\/p>\n<h4>Manualer og vedligehold<\/h4>\n<p>[\/vc_column_text][mvc_advanced_button btn_text=&#8221;Montering og vedligehold&#8221; border_style=&#8221;solid&#8221; border_width=&#8221;1&#8243; btn_url=&#8221;url:https%3A%2F%2Fwww.dfi-geisler.com%2Fmontage-og-vedligeholdelse-af-ceramics%2F&#8221; btn_border=&#8221;#000000&#8243; btn_hvrclr=&#8221;#FFFFFF&#8221; btn_hvrbg=&#8221;#000000&#8243;][vc_empty_space height=&#8221;5px&#8221;][\/vc_column][\/vc_row]<\/p>\n<p><\/p>\n<\/div>","protected":false},"excerpt":{"rendered":"<p>Tyv\u00e4rr \u00e4r denna artikel enbart tillg\u00e4nglig p\u00e5 Dansk. For the sake of viewer convenience, the content is shown below in the alternative language. You may click<\/p>\n","protected":false},"author":1922,"featured_media":0,"parent":0,"menu_order":0,"comment_status":"closed","ping_status":"closed","template":"","meta":{"_monsterinsights_skip_tracking":false,"_monsterinsights_sitenote_active":false,"_monsterinsights_sitenote_note":"","_monsterinsights_sitenote_category":0,"footnotes":""},"class_list":["post-35906","page","type-page","status-publish","hentry"],"aioseo_notices":[],"_links":{"self":[{"href":"https:\/\/www.dfi-geisler.com\/sv\/wp-json\/wp\/v2\/pages\/35906","targetHints":{"allow":["GET"]}}],"collection":[{"href":"https:\/\/www.dfi-geisler.com\/sv\/wp-json\/wp\/v2\/pages"}],"about":[{"href":"https:\/\/www.dfi-geisler.com\/sv\/wp-json\/wp\/v2\/types\/page"}],"author":[{"embeddable":true,"href":"https:\/\/www.dfi-geisler.com\/sv\/wp-json\/wp\/v2\/users\/1922"}],"replies":[{"embeddable":true,"href":"https:\/\/www.dfi-geisler.com\/sv\/wp-json\/wp\/v2\/comments?post=35906"}],"version-history":[{"count":21,"href":"https:\/\/www.dfi-geisler.com\/sv\/wp-json\/wp\/v2\/pages\/35906\/revisions"}],"predecessor-version":[{"id":38631,"href":"https:\/\/www.dfi-geisler.com\/sv\/wp-json\/wp\/v2\/pages\/35906\/revisions\/38631"}],"wp:attachment":[{"href":"https:\/\/www.dfi-geisler.com\/sv\/wp-json\/wp\/v2\/media?parent=35906"}],"curies":[{"name":"wp","href":"https:\/\/api.w.org\/{rel}","templated":true}]}}