
{"id":34904,"date":"2025-05-06T11:54:02","date_gmt":"2025-05-06T10:54:02","guid":{"rendered":"https:\/\/www.dfi-geisler.com\/?page_id=34904"},"modified":"2025-06-26T11:07:50","modified_gmt":"2025-06-26T10:07:50","slug":"kompositsten-fusion-white","status":"publish","type":"page","link":"https:\/\/www.dfi-geisler.com\/sv\/kompositsten-fusion-white\/","title":{"rendered":"Kompositsten Fusion White"},"content":{"rendered":"<p class=\"qtranxs-available-languages-message qtranxs-available-languages-message-sv\">Tyv\u00e4rr \u00e4r denna artikel enbart tillg\u00e4nglig p\u00e5 <a href=\"https:\/\/www.dfi-geisler.com\/da\/wp-json\/wp\/v2\/pages\/34904\" class=\"qtranxs-available-language-link qtranxs-available-language-link-da\" title=\"Dansk\">Dansk<\/a>. For the sake of viewer convenience, the content is shown below in the alternative language. You may click the link to switch the active language.<\/p><div class=\"wpb-content-wrapper\"><p>[vc_row][vc_column][vc_column_text css=&#8221;&#8221;]<\/p>\n<h2><span style=\"color: #f6b200;\">Colour: <span style=\"color: #000000;\">Fusion White<\/span><\/span><\/h2>\n<p>[\/vc_column_text][\/vc_column][\/vc_row][vc_row][vc_column][vc_single_image image=&#8221;34905&#8243; img_size=&#8221;500&#215;500&#8243; onclick=&#8221;link_image&#8221; css=&#8221;&#8221;][vc_column_text css=&#8221;&#8221;]<\/p>\n<h4><b>Udsnit \/ cut out<\/b><\/h4>\n<p>[\/vc_column_text][vc_empty_space][\/vc_column][\/vc_row][vc_row][vc_column][vc_single_image image=&#8221;34906&#8243; img_size=&#8221;1800&#215;600&#8243; onclick=&#8221;link_image&#8221; css=&#8221;&#8221;][vc_column_text css=&#8221;&#8221;]<\/p>\n<h4><b>Hel r\u00e5plade \/ full slab<\/b><\/h4>\n<p>[\/vc_column_text][vc_column_text css=&#8221;&#8221;]<\/p>\n<p style=\"text-align: center;\"><strong>Please note: <em>These are<\/em><em>\u00a0for sampling purpose only. Colour, shade and grain may vary from actual production<\/em><\/strong><\/p>\n<p>[\/vc_column_text][vc_separator color=&#8221;black&#8221; css=&#8221;&#8221;][\/vc_column][\/vc_row][vc_row][vc_column][\/vc_column][\/vc_row][vc_row][vc_column][vc_empty_space height=&#8221;15px&#8221;][vc_column_text css=&#8221;&#8221;]<\/p>\n<h4><strong>Inspiration<\/strong><\/h4>\n<p>[\/vc_column_text][\/vc_column][vc_column][\/vc_column][\/vc_row][vc_row][vc_column][vc_masonry_media_grid element_width=&#8221;6&#8243; gap=&#8221;10&#8243; css=&#8221;&#8221; grid_id=&#8221;vc_gid:1750932440118-b4ee2082-b49a-3&#8243; include=&#8221;24802,24801,35456&#8243;][\/vc_column][\/vc_row]<\/p>\n<\/div>","protected":false},"excerpt":{"rendered":"<p>Tyv\u00e4rr \u00e4r denna artikel enbart tillg\u00e4nglig p\u00e5 Dansk. For the sake of viewer convenience, the content is shown below in the alternative language. You may click<\/p>\n","protected":false},"author":1922,"featured_media":0,"parent":0,"menu_order":0,"comment_status":"closed","ping_status":"closed","template":"","meta":{"_monsterinsights_skip_tracking":false,"_monsterinsights_sitenote_active":false,"_monsterinsights_sitenote_note":"","_monsterinsights_sitenote_category":0,"footnotes":""},"class_list":["post-34904","page","type-page","status-publish","hentry"],"aioseo_notices":[],"_links":{"self":[{"href":"https:\/\/www.dfi-geisler.com\/sv\/wp-json\/wp\/v2\/pages\/34904","targetHints":{"allow":["GET"]}}],"collection":[{"href":"https:\/\/www.dfi-geisler.com\/sv\/wp-json\/wp\/v2\/pages"}],"about":[{"href":"https:\/\/www.dfi-geisler.com\/sv\/wp-json\/wp\/v2\/types\/page"}],"author":[{"embeddable":true,"href":"https:\/\/www.dfi-geisler.com\/sv\/wp-json\/wp\/v2\/users\/1922"}],"replies":[{"embeddable":true,"href":"https:\/\/www.dfi-geisler.com\/sv\/wp-json\/wp\/v2\/comments?post=34904"}],"version-history":[{"count":3,"href":"https:\/\/www.dfi-geisler.com\/sv\/wp-json\/wp\/v2\/pages\/34904\/revisions"}],"predecessor-version":[{"id":35812,"href":"https:\/\/www.dfi-geisler.com\/sv\/wp-json\/wp\/v2\/pages\/34904\/revisions\/35812"}],"wp:attachment":[{"href":"https:\/\/www.dfi-geisler.com\/sv\/wp-json\/wp\/v2\/media?parent=34904"}],"curies":[{"name":"wp","href":"https:\/\/api.w.org\/{rel}","templated":true}]}}