
{"id":32324,"date":"2024-10-29T14:51:18","date_gmt":"2024-10-29T13:51:18","guid":{"rendered":"https:\/\/www.dfi-geisler.com\/?page_id=32324"},"modified":"2025-09-15T09:33:13","modified_gmt":"2025-09-15T08:33:13","slug":"laminat2470","status":"publish","type":"page","link":"https:\/\/www.dfi-geisler.com\/sv\/laminat2470\/","title":{"rendered":"2470"},"content":{"rendered":"<p class=\"qtranxs-available-languages-message qtranxs-available-languages-message-sv\">Tyv\u00e4rr \u00e4r denna artikel enbart tillg\u00e4nglig p\u00e5 <a href=\"https:\/\/www.dfi-geisler.com\/da\/wp-json\/wp\/v2\/pages\/32324\" class=\"qtranxs-available-language-link qtranxs-available-language-link-da\" title=\"Dansk\">Dansk<\/a>. For the sake of viewer convenience, the content is shown below in the alternative language. You may click the link to switch the active language.<\/p><div class=\"wpb-content-wrapper\"><p>[vc_row][vc_column][vc_column_text css=&#8221;&#8221;]<\/p>\n<h2 style=\"text-align: left;\"><span style=\"color: #f6b200;\">Name: <span style=\"color: #203246;\">2470<\/span><\/span><\/h2>\n<h3><strong>Cut out<\/strong><\/h3>\n<p>[\/vc_column_text][\/vc_column][\/vc_row][vc_row][vc_column][vc_single_image image=&#8221;32853&#8243; img_size=&#8221;500&#215;500&#8243; css=&#8221;&#8221;][vc_column_text css=&#8221;&#8221;]<\/p>\n<h3><b>Full sheet <\/b><b>(max 4080 x 1285 mm)<\/b><\/h3>\n<p>[\/vc_column_text][\/vc_column][\/vc_row][vc_row][vc_column][vc_single_image image=&#8221;32325&#8243; img_size=&#8221;full&#8221; alignment=&#8221;center&#8221; onclick=&#8221;custom_link&#8221; css=&#8221;&#8221; link=&#8221;https:\/\/www.dfi-geisler.com\/wp-content\/uploads\/2024\/10\/Colima-2470-scaled.jpg&#8221;][vc_column_text]<\/p>\n<p style=\"text-align: center;\"><strong>Please note: <em>This is for sampling purpose only. Color, shade and grain may vary from actual production<\/em><\/strong><\/p>\n<p>[\/vc_column_text][\/vc_column][\/vc_row][vc_row][vc_column][vc_separator color=&#8221;black&#8221; css=&#8221;&#8221;][\/vc_column][\/vc_row][vc_row][vc_column][vc_empty_space height=&#8221;15px&#8221;][vc_column_text css=&#8221;&#8221;]<\/p>\n<h4><strong>Inspiration<\/strong><\/h4>\n<p>[\/vc_column_text][\/vc_column][vc_column][\/vc_column][\/vc_row][vc_row][vc_column][vc_masonry_media_grid element_width=&#8221;6&#8243; gap=&#8221;10&#8243; item=&#8221;masonryMedia_SimpleOverlay&#8221; css=&#8221;&#8221; grid_id=&#8221;vc_gid:1757925169009-7cf4011a-3c82-10&#8243; include=&#8221;36184,36180,36182,36179,36633,36634,36635,36631,36638,36639,37021,37178&#8243;][\/vc_column][\/vc_row]<\/p>\n<\/div>","protected":false},"excerpt":{"rendered":"<p>Tyv\u00e4rr \u00e4r denna artikel enbart tillg\u00e4nglig p\u00e5 Dansk. For the sake of viewer convenience, the content is shown below in the alternative language. You may click<\/p>\n","protected":false},"author":717,"featured_media":0,"parent":0,"menu_order":0,"comment_status":"closed","ping_status":"closed","template":"","meta":{"_monsterinsights_skip_tracking":false,"_monsterinsights_sitenote_active":false,"_monsterinsights_sitenote_note":"","_monsterinsights_sitenote_category":0,"footnotes":""},"class_list":["post-32324","page","type-page","status-publish","hentry"],"aioseo_notices":[],"_links":{"self":[{"href":"https:\/\/www.dfi-geisler.com\/sv\/wp-json\/wp\/v2\/pages\/32324","targetHints":{"allow":["GET"]}}],"collection":[{"href":"https:\/\/www.dfi-geisler.com\/sv\/wp-json\/wp\/v2\/pages"}],"about":[{"href":"https:\/\/www.dfi-geisler.com\/sv\/wp-json\/wp\/v2\/types\/page"}],"author":[{"embeddable":true,"href":"https:\/\/www.dfi-geisler.com\/sv\/wp-json\/wp\/v2\/users\/717"}],"replies":[{"embeddable":true,"href":"https:\/\/www.dfi-geisler.com\/sv\/wp-json\/wp\/v2\/comments?post=32324"}],"version-history":[{"count":13,"href":"https:\/\/www.dfi-geisler.com\/sv\/wp-json\/wp\/v2\/pages\/32324\/revisions"}],"predecessor-version":[{"id":37182,"href":"https:\/\/www.dfi-geisler.com\/sv\/wp-json\/wp\/v2\/pages\/32324\/revisions\/37182"}],"wp:attachment":[{"href":"https:\/\/www.dfi-geisler.com\/sv\/wp-json\/wp\/v2\/media?parent=32324"}],"curies":[{"name":"wp","href":"https:\/\/api.w.org\/{rel}","templated":true}]}}