
{"id":31705,"date":"2024-09-17T11:43:53","date_gmt":"2024-09-17T10:43:53","guid":{"rendered":"https:\/\/www.dfi-geisler.com\/?page_id=31705"},"modified":"2026-02-02T13:23:16","modified_gmt":"2026-02-02T12:23:16","slug":"carrara-c","status":"publish","type":"page","link":"https:\/\/www.dfi-geisler.com\/sv\/carrara-c\/","title":{"rendered":"Carrara C"},"content":{"rendered":"<div class=\"wpb-content-wrapper\"><p>[vc_row][vc_column][vc_column_text css=&#8221;&#8221;]<\/p>\n<h2 style=\"text-align: left;\"><span style=\"color: #f6b200;\"><span style=\"color: #203246;\">Marmor Carrara C<\/span><\/span><\/h2>\n<h5>Marmor \u00e4r en naturprodukt d\u00e4r det forekommer stor variation fr\u00e5n skiva till skiva. Det kan vara stora skillnader i f\u00e4rgtoner och \u00e5dring, samt sm\u00e5 f\u00f6rdjupningar och sprickor i ytan. Detta ger marmorn sitt unika utseende.<\/h5>\n<h5>Om du har sett ett litet prov av marmor kommer den slutliga b\u00e4nkskivan att skilja sig fr\u00e5n provet. Utseendet \u00e4r olika beroende p\u00e5 vilken r\u00e5skiva den har kapats fr\u00e5n och var p\u00e5 skivan den har kapats.<\/h5>\n<h5>Nedan finns exempel p\u00e5 hur hela plattor ser ut.<\/h5>\n<p>[\/vc_column_text][\/vc_column][\/vc_row][vc_row el_class=&#8221;belvedere-images&#8221;][vc_column][vc_images_carousel images=&#8221;31691,31690,31689,31688,31687,31686&#8243; img_size=&#8221;large&#8221; autoplay=&#8221;yes&#8221; wrap=&#8221;yes&#8221; css=&#8221;.vc_custom_1726571234901{padding-top: -100px !important;}&#8221;][vc_empty_space height=&#8221;50&#8243;][vc_column_text css=&#8221;&#8221; el_class=&#8221;belvedere-images&#8221;]<\/p>\n<h3 style=\"text-align: center;\"><span style=\"color: #203246;\">Skivorna p\u00e5 bilderna m\u00e4ter ca.\u00a0 2850 x 1400 mm.<\/span><\/h3>\n<h3 style=\"text-align: center;\"><span style=\"color: #203246;\">Marmor levereras i 20 mm tjocklek med matt yta.<\/span><\/h3>\n<h6 style=\"text-align: center;\"><span style=\"color: #203246;\"><strong>Observera;<\/strong> Ovanst\u00e5ende \u00e4r bara exempel p\u00e5 skillnader i f\u00e4rg och struktur. Leveransen kommer variera i f\u00f6rh\u00e5llande till bilderna ovan.<\/span><\/h6>\n<p>[\/vc_column_text][vc_empty_space height=&#8221;50&#8243;][\/vc_column][\/vc_row]<\/p>\n<\/div>","protected":false},"excerpt":{"rendered":"<p>[vc_row][vc_column][vc_column_text css=&#8221;&#8221;] Marmor Carrara C Marmor \u00e4r en naturprodukt d\u00e4r det forekommer stor variation fr\u00e5n skiva till skiva. Det kan vara stora skillnader i f\u00e4rgtoner och<\/p>\n","protected":false},"author":1922,"featured_media":0,"parent":0,"menu_order":0,"comment_status":"closed","ping_status":"closed","template":"","meta":{"_monsterinsights_skip_tracking":false,"_monsterinsights_sitenote_active":false,"_monsterinsights_sitenote_note":"","_monsterinsights_sitenote_category":0,"footnotes":""},"class_list":["post-31705","page","type-page","status-publish","hentry"],"aioseo_notices":[],"_links":{"self":[{"href":"https:\/\/www.dfi-geisler.com\/sv\/wp-json\/wp\/v2\/pages\/31705","targetHints":{"allow":["GET"]}}],"collection":[{"href":"https:\/\/www.dfi-geisler.com\/sv\/wp-json\/wp\/v2\/pages"}],"about":[{"href":"https:\/\/www.dfi-geisler.com\/sv\/wp-json\/wp\/v2\/types\/page"}],"author":[{"embeddable":true,"href":"https:\/\/www.dfi-geisler.com\/sv\/wp-json\/wp\/v2\/users\/1922"}],"replies":[{"embeddable":true,"href":"https:\/\/www.dfi-geisler.com\/sv\/wp-json\/wp\/v2\/comments?post=31705"}],"version-history":[{"count":13,"href":"https:\/\/www.dfi-geisler.com\/sv\/wp-json\/wp\/v2\/pages\/31705\/revisions"}],"predecessor-version":[{"id":38447,"href":"https:\/\/www.dfi-geisler.com\/sv\/wp-json\/wp\/v2\/pages\/31705\/revisions\/38447"}],"wp:attachment":[{"href":"https:\/\/www.dfi-geisler.com\/sv\/wp-json\/wp\/v2\/media?parent=31705"}],"curies":[{"name":"wp","href":"https:\/\/api.w.org\/{rel}","templated":true}]}}