
{"id":29206,"date":"2024-01-23T10:41:19","date_gmt":"2024-01-23T09:41:19","guid":{"rendered":"https:\/\/www.dfi-geisler.com\/?page_id=29206"},"modified":"2026-03-05T09:22:24","modified_gmt":"2026-03-05T08:22:24","slug":"fibertops","status":"publish","type":"page","link":"https:\/\/www.dfi-geisler.com\/sv\/fibertops\/","title":{"rendered":"Fibertops\u00ae"},"content":{"rendered":"<div class=\"wpb-content-wrapper\"><p>[vc_row first_background_type=&#8221;gradient&#8221; first_background_gradient=&#8221;#83bae3||#a672c9||0;100||180||linear&#8221;][vc_column width=&#8221;1\/4&#8243;][vc_wp_custommenu nav_menu=&#8221;285&#8243;][\/vc_column][vc_column width=&#8221;3\/4&#8243;][vc_column_text css=&#8221;&#8221;]<\/p>\n<h2>Fibertops\u00ae<\/h2>\n<p>[\/vc_column_text][vc_column_text css=&#8221;&#8221;]<\/p>\n<h5><strong>Ett bra val<\/strong>\u00a0f\u00f6r dig som vill ha det b\u00e4sta fr\u00e5n b\u00e5de laminat och kompaktlaminat.<br \/>\nDen 12 mm tunna skivan ger dig det eleganta utseendet av kompaktlaminat. Fr\u00e5n laminat f\u00e5r Fibertops\u00ae de h\u00e5llbara, hygieniska och reng\u00f6ringsv\u00e4nliga egenskaperna &#8211; samt ett brett utbud av f\u00e4rger och m\u00f6nster.<\/h5>\n<h5>H\u00e4r har du m\u00e5nga m\u00f6jligheter att hitta en design som passar just din stil &#8211; och till ett rimligt pris.<\/h5>\n<p>[\/vc_column_text][\/vc_column][\/vc_row][vc_row][vc_column][vc_separator color=&#8221;black&#8221; border_width=&#8221;2&#8243;][\/vc_column][\/vc_row][vc_row css=&#8221;.vc_custom_1534410440830{margin-top: 40px !important;}&#8221;][vc_column width=&#8221;1\/2&#8243;][vc_column_text css=&#8221;&#8221;]<\/p>\n<h4>Vad \u00e4r Fibertops\u00ae?<\/h4>\n<p>[\/vc_column_text][vc_column_text css=&#8221;&#8221;]<\/p>\n<h6>Kort sagt \u00e4r Fibertops\u00ae ett laminat som limmas p\u00e5 en tr\u00e4fiberskiva.<\/h6>\n<h6>F\u00f6r att s\u00e4kerst\u00e4lla skivans stabilitet limmar vi alltid ett svart och sl\u00e4tt laminat p\u00e5 undersidan &#8211; om du inte v\u00e4ljer DUO &#8211; d\u00e4r du v\u00e4ljer laminatf\u00e4rg p\u00e5 b\u00e5de \u00f6ver- och undersida. Laminat best\u00e5r\u00a0 av ett tunt lager av klar melamin, som skyddar det underliggande dekorpapperet. Under dekorpapperet finns 7\u20138 skikt h\u00e5rdpressat laminatpapper med en total tjocklek av minst 0,8 mm. Fiberskivorna, som anv\u00e4nds f\u00f6r k\u00e4rnmaterialet, best\u00e5r av \u00e5tervunnet tr\u00e4.<\/h6>\n<h6>Resultatet \u00e4r innovativt, starkt och mycket praktiskt.<\/h6>\n<p>[\/vc_column_text][\/vc_column][vc_column width=&#8221;1\/2&#8243;][vc_single_image image=&#8221;29370&#8243; img_size=&#8221;full&#8221; alignment=&#8221;right&#8221; onclick=&#8221;link_image&#8221;][\/vc_column][\/vc_row][vc_row first_background_type=&#8221;gradient&#8221; first_background_gradient=&#8221;rgba(0,57,158,0.69)||#587d9b||0;100||84||linear&#8221; css=&#8221;.vc_custom_1534410451584{margin-top: 40px !important;}&#8221;][vc_column width=&#8221;2\/3&#8243;][vc_column_text]<\/p>\n<h4>Produktegenskaper<\/h4>\n<p>[\/vc_column_text][vc_single_image image=&#8221;10218&#8243; img_size=&#8221;large&#8221; alignment=&#8221;center&#8221; onclick=&#8221;link_image&#8221;][\/vc_column][vc_column width=&#8221;1\/3&#8243;][vc_column_text]<\/p>\n<h4>J\u00e4mf\u00f6r produkter<\/h4>\n<p>[\/vc_column_text][vc_single_image image=&#8221;29399&#8243; img_size=&#8221;medium&#8221; onclick=&#8221;link_image&#8221;][\/vc_column][\/vc_row][vc_row css=&#8221;.vc_custom_1534410410938{margin-top: 40px !important;}&#8221;][vc_column width=&#8221;1\/3&#8243;][vc_column_text]<\/p>\n<h4>Tjocklekar<\/h4>\n<p>[\/vc_column_text][vc_column_text css=&#8221;&#8221;]Fibertops\u00ae levereras alltid i 12 mm.<\/p>\n<p>Konstruktionen av den tr\u00e4baserade fiberskivan, p\u00e5 vilken laminatet limmas, ger skivan h\u00f6g densitet och styrka.<\/p>\n<p><strong>\u2022 12 mm<\/strong><\/p>\n<p>&nbsp;<\/p>\n<p>[\/vc_column_text][\/vc_column][vc_column width=&#8221;1\/3&#8243;][vc_column_text]<\/p>\n<h4>Daglig av\u00e4ndning<\/h4>\n<p>[\/vc_column_text][vc_column_text css=&#8221;&#8221;]En Fibertops\u00ae-b\u00e4nkskiva \u00e4r otroligt l\u00e4tt att h\u00e5lla ren. Daglig reng\u00f6ring kan g\u00f6ras med en trasa urvriden i varmt vatten. Fibertops\u00ae t\u00e5l ocks\u00e5 de m\u00e5nga sm\u00e5 st\u00f6tar och slag, som h\u00f6r till vardagen i k\u00f6ket.<\/p>\n<p>Fiberskivor med en sl\u00e4t eller glansig yta, kan vara s\u00e4rskilt k\u00e4nsliga f\u00f6r repor. Var d\u00e4rfor f\u00f6rsiktig n\u00e4r du flyttar sk\u00e4rbr\u00e4dor, bestick, sk\u00e5lar och annat \u00f6ver skivan.<\/p>\n<p>Fibertops\u00ae klarar kontakt med heta f\u00f6rem\u00e5l (upp till 110 grader) korta stunder. Vi rekommenderar dock att du alltid anv\u00e4nder avst\u00e4llningsgaller eller underl\u00e4gg.<\/p>\n<p>[\/vc_column_text][\/vc_column][vc_column width=&#8221;1\/3&#8243;][vc_column_text]<\/p>\n<h4>Designdetaljer<\/h4>\n<p>[\/vc_column_text][vc_column_text css=&#8221;&#8221;]Med en tjocklek p\u00e5 bara 12 mm ger Fibertops\u00ae l\u00e4tthet till din design. Med fritt val av alla v\u00e5ra laminat kan du hitta exakt den design som harmonierar med din personliga stil och ditt hem. Den svarta kanten som utg\u00f6r fiberk\u00e4rnan i skivan, ger en stilren touch, som passar s\u00e4rskilt bra i moderna k\u00f6k &#8211; och \u00f6nskar du att kanterna ska matcha ytan, kan du \u00e4ven best\u00e4lla ABS-kanter.<\/p>\n<p>Fibertops\u00ae med kant 43 levereras skarpa p\u00e5 ovansidan av alla synliga kanter och med en l\u00e4tt rundning p\u00e5 undersidan av kanten.<br \/>\nFibertops\u00ae med ABS-kant levereras fasad i topp och botten.[\/vc_column_text][\/vc_column][\/vc_row][vc_row][vc_column][vc_separator color=&#8221;black&#8221; border_width=&#8221;2&#8243;][\/vc_column][\/vc_row][vc_row css=&#8221;.vc_custom_1534410467435{margin-top: 40px !important;}&#8221;][vc_column width=&#8221;1\/3&#8243;][vc_column_text]<\/p>\n<h4>F\u00e4rger och strukturer<\/h4>\n<p>[\/vc_column_text][vc_column_text css=&#8221;&#8221;]Du kan f\u00e5 din Fibertops\u00ae-bordplade i alla v\u00e5ra laminatf\u00e4rger &#8211; antingen med en svart k\u00e4rna eller ABS-kant och ett svart, sl\u00e4tt laminat, limmat p\u00e5 undersidan.<\/p>\n<p>Av alla dessa f\u00e4rger och m\u00f6nster har vi valt ut 29 av v\u00e5ra mest popul\u00e4ra laminat som standard i v\u00e5rt Fibertops\u00ae-sortiment.<\/p>\n<p>Om du vill kan du v\u00e4lja b\u00e5de yt- och underlaminat i exakt den f\u00e4rg som du tycker passar din stil och ditt hem.[\/vc_column_text][vc_btn title=&#8221;SE HELA V\u00c5RT FIBERTOPS\u00ae-SORTIMENT&#8221; color=&#8221;black&#8221; css=&#8221;&#8221; link=&#8221;url:https%3A%2F%2Fwww.dfi-geisler.com%2Ffibertops-sortiment%2F|target:_blank&#8221;][\/vc_column][vc_column width=&#8221;2\/3&#8243;][vc_single_image image=&#8221;29311&#8243; img_size=&#8221;large&#8221;][\/vc_column][\/vc_row][vc_row css=&#8221;.vc_custom_1534410460189{margin-top: 40px !important;}&#8221;][vc_column width=&#8221;1\/2&#8243;][vc_column_text]<\/p>\n<h4>Diskhoar<\/h4>\n<p>[\/vc_column_text][vc_single_image image=&#8221;29600&#8243; img_size=&#8221;300&#215;370&#8243; css=&#8221;.vc_custom_1707386118548{margin-top: 40px !important;}&#8221;][vc_btn title=&#8221;SE V\u00c5RT STORA UTBUD AV DISKHOAR&#8221; color=&#8221;black&#8221; link=&#8221;url:https%3A%2F%2Fwww.dfi-geisler.com%2Fvaske-katalog%2F|target:_blank&#8221;][\/vc_column][vc_column width=&#8221;1\/2&#8243;][vc_column_text]<\/p>\n<h4>Montering av diskho<\/h4>\n<p>[\/vc_column_text][vc_column_text css=&#8221;&#8221;]B\u00e4nkskivor av Fibertops\u00ae levereras alltid med underlimmad diskho. Limningen \u00e4r tillr\u00e4ckligt stark f\u00f6r att klara ett tryck p\u00e5 mer \u00e4n 150 kg. Du kan v\u00e4lja ur ett brett sortiment n\u00e4r det g\u00e4ller typer, designer och storlekar.[\/vc_column_text][vc_row_inner][vc_column_inner width=&#8221;1\/2&#8243;][vc_single_image image=&#8221;29332&#8243; img_size=&#8221;full&#8221; alignment=&#8221;center&#8221; style=&#8221;vc_box_border&#8221; onclick=&#8221;link_image&#8221;][vc_column_text]<\/p>\n<h6 style=\"text-align: center;\"><strong>Underlimmad diskho<\/strong><\/h6>\n<p>[\/vc_column_text][\/vc_column_inner][\/vc_row_inner][\/vc_column][\/vc_row][vc_row][vc_column][vc_separator color=&#8221;black&#8221; border_width=&#8221;2&#8243; css=&#8221;.vc_custom_1534425122723{margin-top: 40px !important;}&#8221;][\/vc_column][\/vc_row]<\/p>\n<\/div>","protected":false},"excerpt":{"rendered":"<p>[vc_row first_background_type=&#8221;gradient&#8221; first_background_gradient=&#8221;#83bae3||#a672c9||0;100||180||linear&#8221;][vc_column width=&#8221;1\/4&#8243;][vc_wp_custommenu nav_menu=&#8221;285&#8243;][\/vc_column][vc_column width=&#8221;3\/4&#8243;][vc_column_text css=&#8221;&#8221;] Fibertops\u00ae [\/vc_column_text][vc_column_text css=&#8221;&#8221;] Ett bra val\u00a0f\u00f6r dig som vill ha det b\u00e4sta fr\u00e5n b\u00e5de laminat och kompaktlaminat. Den 12<\/p>\n","protected":false},"author":717,"featured_media":0,"parent":0,"menu_order":0,"comment_status":"closed","ping_status":"closed","template":"","meta":{"_monsterinsights_skip_tracking":false,"_monsterinsights_sitenote_active":false,"_monsterinsights_sitenote_note":"","_monsterinsights_sitenote_category":0,"footnotes":""},"class_list":["post-29206","page","type-page","status-publish","hentry"],"aioseo_notices":[],"_links":{"self":[{"href":"https:\/\/www.dfi-geisler.com\/sv\/wp-json\/wp\/v2\/pages\/29206","targetHints":{"allow":["GET"]}}],"collection":[{"href":"https:\/\/www.dfi-geisler.com\/sv\/wp-json\/wp\/v2\/pages"}],"about":[{"href":"https:\/\/www.dfi-geisler.com\/sv\/wp-json\/wp\/v2\/types\/page"}],"author":[{"embeddable":true,"href":"https:\/\/www.dfi-geisler.com\/sv\/wp-json\/wp\/v2\/users\/717"}],"replies":[{"embeddable":true,"href":"https:\/\/www.dfi-geisler.com\/sv\/wp-json\/wp\/v2\/comments?post=29206"}],"version-history":[{"count":95,"href":"https:\/\/www.dfi-geisler.com\/sv\/wp-json\/wp\/v2\/pages\/29206\/revisions"}],"predecessor-version":[{"id":38698,"href":"https:\/\/www.dfi-geisler.com\/sv\/wp-json\/wp\/v2\/pages\/29206\/revisions\/38698"}],"wp:attachment":[{"href":"https:\/\/www.dfi-geisler.com\/sv\/wp-json\/wp\/v2\/media?parent=29206"}],"curies":[{"name":"wp","href":"https:\/\/api.w.org\/{rel}","templated":true}]}}