
{"id":23439,"date":"2021-04-28T09:46:49","date_gmt":"2021-04-28T08:46:49","guid":{"rendered":"https:\/\/www.dfi-geisler.com\/?page_id=23439"},"modified":"2025-08-22T16:58:14","modified_gmt":"2025-08-22T15:58:14","slug":"quartzite","status":"publish","type":"page","link":"https:\/\/www.dfi-geisler.com\/sv\/quartzite\/","title":{"rendered":"Kvartsit"},"content":{"rendered":"<div class=\"wpb-content-wrapper\"><p>[vc_row full_width=&#8221;stretch_row&#8221; css=&#8221;.vc_custom_1619596786458{padding-top: 150px !important;padding-bottom: 150px !important;background-image: url(https:\/\/www.dfi-geisler.com\/wp-content\/uploads\/2021\/01\/Belvedere-produktbillede.jpg?id=21925) !important;background-position: center !important;background-repeat: no-repeat !important;background-size: cover !important;}&#8221;][vc_column][vc_custom_heading text=&#8221;Kvartsit&#8221; font_container=&#8221;tag:h2|font_size:70|text_align:center|color:%23FFFFFF&#8221; google_fonts=&#8221;font_family:Lato%3A100%2C100italic%2C300%2C300italic%2Cregular%2Citalic%2C700%2C700italic%2C900%2C900italic|font_style:400%20regular%3A400%3Anormal&#8221; css=&#8221;&#8221;][\/vc_column][\/vc_row][vc_row][vc_column][vc_separator color=&#8221;black&#8221;][\/vc_column][\/vc_row][vc_row][vc_column width=&#8221;1\/2&#8243;][vc_column_text]<\/p>\n<h3><b>Ursprung<\/b><\/h3>\n<p>[\/vc_column_text][\/vc_column][vc_column width=&#8221;1\/2&#8243;][\/vc_column][\/vc_row][vc_row][vc_column width=&#8221;1\/2&#8243; el_class=&#8221;baeredygtighed-images&#8221;][vc_column_text css=&#8221;&#8221; el_class=&#8221;baeredygtighed-images&#8221;]<\/p>\n<h5><span style=\"color: #000000;\">Quartzite \u2013 \u00e4ven kallad kvartsit \u2013 \u00e4r en naturligt f\u00f6rekommande bergart som tillh\u00f6r gruppen metamorfa sten. Det inneb\u00e4r att bergarten ursprungligen var en annan typ av sten, men har omvandlats under h\u00f6gt tryck och temperatur. Kvartsit b\u00f6rjar som sand \u2013 typiskt sandkorn fr\u00e5n str\u00e4nder eller floder \u2013 som med tiden pressas samman och blir till sandsten. N\u00e4r sandstenen under miljontals \u00e5r begravs djupt under jordens yta uts\u00e4tts den f\u00f6r extremt tryck och v\u00e4rme. Under dessa f\u00f6rh\u00e5llanden sm\u00e4lter sandkornen n\u00e4stan samman.<\/span><\/h5>\n<h5><span style=\"color: #000000;\">Denna process \u00e4r anledningen till quartzitens h\u00f6ga h\u00e5rdhet. Namnet quartzite speglar b\u00e5de det h\u00f6ga kvartsinneh\u00e5llet och den betydande h\u00e4rdning som stenen genomg\u00e5r under sin bildning.<\/span><\/h5>\n<p>[\/vc_column_text][vc_empty_space height=&#8221;20px&#8221;][vc_single_image image=&#8221;23431&#8243; img_size=&#8221;large&#8221; el_class=&#8221;baeredygtighed-images&#8221;][vc_empty_space height=&#8221;20px&#8221;][vc_column_text el_class=&#8221;baeredygtighed-images&#8221;]<\/p>\n<h6 style=\"text-align: left;\"><span style=\"color: #000000;\">Du ser h\u00e4r ett stenbrott som utvinner Mont Blanc-stenarna. De stora blocken \u00e4r redo f\u00f6r transport. Dessa sk\u00e4rs senare i tunnare plattor som senare blir b\u00e4nkskivor<\/span><\/h6>\n<p>[\/vc_column_text][vc_empty_space height=&#8221;20px&#8221;][\/vc_column][vc_column width=&#8221;1\/2&#8243; el_class=&#8221;baeredygtighed-images&#8221;][vc_single_image image=&#8221;23428&#8243; img_size=&#8221;large&#8221;][vc_empty_space height=&#8221;20px&#8221;][vc_column_text]<\/p>\n<h6 style=\"text-align: left;\"><span style=\"color: #000000;\">H\u00e4r \u00e4r en bild av ett stenbrott d\u00e4r Belvedere-stenarna bryts. Man ser tydligt den stora variationen i f\u00e4rger och struktur p\u00e5 de olika platserna i berget.<\/span><\/h6>\n<p>[\/vc_column_text][vc_empty_space height=&#8221;60px&#8221;][vc_column_text css=&#8221;&#8221;]<\/p>\n<h5 style=\"text-align: left;\"><span style=\"color: #000000;\">Stenarna utvinns fr\u00e5n bergssidor i bland annat Afrika och Brasilien.<br \/>\n\u201dJ&#8217;adore\u201d och \u201dMont Blanc\u201d kommer fr\u00e5n stenbrott i delstaten Bahia i Brasilien, som \u00e4r k\u00e4nd f\u00f6r sin brytning av h\u00f6gkvalitativ natursten.<br \/>\n\u201dInfinity Brown\u201d och \u201dTaj Mahal\u201d utvinns i delstaten Cear\u00e1 i nord\u00f6stra Brailien &#8211; en region som ocks\u00e5 \u00e4r k\u00e5and f\u00e5or sin produktion av natursten<br \/>\n\u201dBelvedere\u201d kommer fra Angola i Afrika.<\/span><\/h5>\n<h5 style=\"text-align: left;\"><span style=\"color: #000000;\">Vid stenbrotten spr\u00e4nger och sk\u00e4r man ut stenen ur berget i flera ton tunga block. De fraktas sedan till Europa d\u00e4r de sk\u00e4rs i tjocklekar passande f\u00f6r b\u00e4nkskivor och slipas.<\/span><\/h5>\n<p>[\/vc_column_text][\/vc_column][\/vc_row][vc_row][vc_column][vc_separator color=&#8221;black&#8221;][\/vc_column][\/vc_row][vc_row][vc_column el_class=&#8221;baeredygtighed-images&#8221;][vc_column_text]<\/p>\n<h3 style=\"text-align: right;\"><b>K\u00e4nnetecken<\/b><\/h3>\n<p>[\/vc_column_text][vc_empty_space][vc_column_text]<\/p>\n<h5 style=\"text-align: left;\"><span style=\"color: #000000;\">B\u00e4nkskivor av natursten har en naturligt f\u00f6rekommande variation i m\u00f6nster, \u00e5dringar och f\u00e4rger. Karakt\u00e4ristiskt f\u00f6r kvartsitstenar, till skillnad fr\u00e5n exempelvis granit \u00e4r att f\u00e4rgen och strukturen \u00e4r ifr\u00e5n mineralerna.<\/span><\/h5>\n<h5 style=\"text-align: left;\"><span style=\"color: #000000;\">Kvartsit kan ha en rad olika f\u00e4rger fr\u00e5n svart till vitt med vackra \u00e5dringar som l\u00f6per kors och tv\u00e4rs \u00f6ver skivorna i olika kontrasterande f\u00e4rger. Dessa bildas under m\u00e5nga \u00e5r under varierat tryck och en slumpm\u00e4ssig m\u00e4ngd j\u00e4rnoxid, kiseldioxid och andra mineraler, som finns med och ing\u00e5r n\u00e4r de unika stenarna skapas. Det kan ocks\u00e5 finnas s\u00e5 kallade \u201dglas\u00e5dror\u201d som kan f\u00f6rv\u00e4xlas med sprickor i stenen, men dessa \u00e5dringar g\u00f6r inte stenen svagare. De \u00e4r en naturlig del av stenen och utg\u00f6r d\u00e4rf\u00f6r ingen ber\u00e4ttigad grund f\u00f6r reklamation.<\/span><\/h5>\n<p>[\/vc_column_text][\/vc_column][\/vc_row][vc_row][vc_column][vc_empty_space][\/vc_column][\/vc_row][vc_row][vc_column width=&#8221;1\/4&#8243; el_class=&#8221;baeredygtighed-images&#8221;][vc_column_text css=&#8221;&#8221; el_class=&#8221;baeredygtighed-images&#8221;]<\/p>\n<h4 style=\"text-align: center;\"><span style=\"color: #000000;\">Belvedere, matt<\/span><\/h4>\n<p>[\/vc_column_text][vc_empty_space height=&#8221;5px&#8221;][vc_single_image image=&#8221;23480&#8243; img_size=&#8221;250&#215;250&#8243; alignment=&#8221;center&#8221; onclick=&#8221;custom_link&#8221; el_class=&#8221;baeredygtighed-images&#8221; link=&#8221;https:\/\/www.dfi-geisler.com\/belvedere\/&#8221;][vc_empty_space][vc_column_text css=&#8221;&#8221; el_class=&#8221;baeredygtighed-images&#8221;]<\/p>\n<h4 style=\"text-align: center;\"><span style=\"color: #000000;\">Infinity Brown, pol.<\/span><\/h4>\n<p>[\/vc_column_text][vc_empty_space height=&#8221;5px&#8221;][vc_single_image image=&#8221;33071&#8243; img_size=&#8221;250&#215;250&#8243; alignment=&#8221;center&#8221; onclick=&#8221;custom_link&#8221; css=&#8221;&#8221; el_class=&#8221;baeredygtighed-images&#8221; link=&#8221;https:\/\/www.dfi-geisler.com\/infinity-brown\/&#8221;][vc_empty_space][vc_column_text css=&#8221;&#8221; el_class=&#8221;baeredygtighed-images&#8221;]<\/p>\n<h4 style=\"text-align: center;\"><span style=\"color: #000000;\">Mont Blanc, matt<\/span><\/h4>\n<p>[\/vc_column_text][vc_empty_space height=&#8221;5px&#8221;][vc_single_image image=&#8221;23481&#8243; img_size=&#8221;250&#215;250&#8243; alignment=&#8221;center&#8221; onclick=&#8221;custom_link&#8221; el_class=&#8221;baeredygtighed-images&#8221; link=&#8221;https:\/\/www.dfi-geisler.com\/montblanc\/&#8221;][\/vc_column][vc_column width=&#8221;1\/4&#8243; el_class=&#8221;baeredygtighed-images&#8221;][vc_column_text css=&#8221;&#8221; el_class=&#8221;baeredygtighed-images&#8221;]<\/p>\n<h4 style=\"text-align: center;\"><span style=\"color: #000000;\">Belvedere, pol.<\/span><\/h4>\n<p>[\/vc_column_text][vc_empty_space height=&#8221;5px&#8221;][vc_single_image image=&#8221;33073&#8243; img_size=&#8221;250&#215;250&#8243; alignment=&#8221;center&#8221; onclick=&#8221;custom_link&#8221; css=&#8221;&#8221; el_class=&#8221;baeredygtighed-images&#8221; link=&#8221;https:\/\/www.dfi-geisler.com\/belvedere\/&#8221;][vc_empty_space][vc_column_text css=&#8221;&#8221; el_class=&#8221;baeredygtighed-images&#8221;]<\/p>\n<h4 style=\"text-align: center;\"><span style=\"color: #000000;\">J\u2019adore, matt<\/span><\/h4>\n<p>[\/vc_column_text][vc_empty_space height=&#8221;5px&#8221;][vc_single_image image=&#8221;25326&#8243; img_size=&#8221;250&#215;250&#8243; alignment=&#8221;center&#8221; onclick=&#8221;custom_link&#8221; el_class=&#8221;baeredygtighed-images&#8221; link=&#8221;https:\/\/www.dfi-geisler.com\/jadore\/&#8221;][vc_empty_space][vc_column_text css=&#8221;&#8221; el_class=&#8221;baeredygtighed-images&#8221;]<\/p>\n<h4 style=\"text-align: center;\"><span style=\"color: #000000;\">Taj Mahal, matt<\/span><\/h4>\n<p>[\/vc_column_text][vc_empty_space height=&#8221;5px&#8221;][vc_single_image image=&#8221;23482&#8243; img_size=&#8221;250&#215;250&#8243; alignment=&#8221;center&#8221; onclick=&#8221;custom_link&#8221; el_class=&#8221;baeredygtighed-images&#8221; link=&#8221;https:\/\/www.dfi-geisler.com\/taj-mahal\/&#8221;][\/vc_column][vc_column width=&#8221;1\/2&#8243;][vc_empty_space height=&#8221;5px&#8221;][vc_column_text css=&#8221;&#8221;]<\/p>\n<h5 style=\"text-align: left;\"><span style=\"color: #000000;\">En naturlig del av natursten \u00e4r f\u00f6rekomsten av sm\u00e5 f\u00f6rdjupningar, h\u00e5l och luftfickor som inte g\u00e5r att undvikas.<br \/>\nDet \u00e4r inte alltid som dessa kan fyllas igen, och sm\u00e5 oj\u00e4mnheter m\u00e5ste man r\u00e4kna med.<\/span><\/h5>\n<h5 style=\"text-align: left;\"><span style=\"color: #000000;\">N\u00e4r man v\u00e4ljer en sten typ fr\u00e5n mindre prover eller bilder \u00e4r det v\u00e4ldigt viktigt att vara medveten om att det kan vara stor skillnad mellan provet och den riktiga stenb\u00e4nkskivan, eftersom alla obearbetade skivor \u00e4r olika.<\/span><\/h5>\n<h5 style=\"text-align: left;\"><span style=\"color: #000000;\">Det kan finnas stora f\u00e4lt med skimmer och \u00e5dringar, liksom stora omr\u00e5den med mer homogena f\u00e4rger.<br \/>\nDen h\u00e4r skillnaden m\u00e5ste man acceptera.<\/span><\/h5>\n<p>[\/vc_column_text][vc_btn title=&#8221;Se kvartsitskivor&#8221; style=&#8221;classic&#8221; color=&#8221;success&#8221; size=&#8221;lg&#8221; align=&#8221;center&#8221; button_block=&#8221;true&#8221; link=&#8221;url:https%3A%2F%2Fwww.dfi-geisler.com%2Fnatursten-sortiment%2F|target:_blank&#8221;][\/vc_column][\/vc_row][vc_row][vc_column width=&#8221;1\/2&#8243;][vc_empty_space height=&#8221;1px&#8221;][vc_column_text css=&#8221;&#8221;]<span style=\"color: #000000;\">Ovan syns de 5 kvartsitstenar som vi har i v\u00e5rt sortiment. P\u00e5 v\u00e5r hemsida under sortiment kan du se exempel p\u00e5 hela skivor av de olika typerna.<\/span><\/p>\n<p>[\/vc_column_text][\/vc_column][vc_column width=&#8221;1\/2&#8243;][\/vc_column][\/vc_row][vc_row][vc_column][vc_separator color=&#8221;black&#8221;][\/vc_column][\/vc_row][vc_row][vc_column][vc_column_text]<\/p>\n<h3><b>Egenskaper<\/b><\/h3>\n<p>[\/vc_column_text][vc_column_text css=&#8221;&#8221;]<\/p>\n<h5 style=\"text-align: left;\"><span style=\"color: #000000;\">Kvartsit har h\u00e5rdhet 7 p\u00e5 Mohs h\u00e5rdhetsskala vilket \u00e4r lite h\u00e5rdare \u00e4n granit, som ligger p\u00e5 h\u00e5rdhet 6. Det betyder att kvartsit \u00e4r rej\u00e4lt h\u00e5llbar.<\/span><\/h5>\n<h5 style=\"text-align: left;\"><span style=\"color: #000000;\">Kvartsit \u00e4r en slitstark sten som klarar vardaglig anv\u00e4ndning utan problem. Den \u00e4r motst\u00e5ndskraftig mot repor och v\u00e4rme, men f\u00f6r att bevara ytan p\u00e5 b\u00e4sta s\u00e4tt rekommenderas att man alltid anv\u00e4nder sk\u00e4rbr\u00e4da och grytunderl\u00e4gg. T\u00e4nk s\u00e4rskilt p\u00e5 att repor syns tydligare p\u00e5 m\u00f6rka stenar.<\/span><\/h5>\n<p>[\/vc_column_text][\/vc_column][\/vc_row][vc_row el_class=&#8221;baeredygtighed-images&#8221;][vc_column][vc_column_text]<\/p>\n<h3 style=\"text-align: right;\"><b>Mohs h\u00e5rdhetsskala<\/b><\/h3>\n<p>[\/vc_column_text][vc_empty_space height=&#8221;20px&#8221;][vc_single_image image=&#8221;23592&#8243; img_size=&#8221;large&#8221; alignment=&#8221;center&#8221;][vc_empty_space height=&#8221;20px&#8221;][vc_column_text]<\/p>\n<h6 style=\"text-align: left;\"><span style=\"color: #000000;\">Anv\u00e4nds av geologer f\u00f6r att j\u00e4mf\u00f6ra h\u00e5rdheten mellan mineraler eller stenar. Ett mineral kan repas av andra mineraler med st\u00f6rre h\u00e5rdhet.<\/span><\/h6>\n<p>[\/vc_column_text][vc_empty_space height=&#8221;20px&#8221;][\/vc_column][\/vc_row][vc_row][vc_column][vc_empty_space height=&#8221;5px&#8221;][vc_separator color=&#8221;black&#8221;][vc_empty_space height=&#8221;5px&#8221;][\/vc_column][\/vc_row][vc_row][vc_column width=&#8221;1\/2&#8243; el_class=&#8221;baeredygtighed-images&#8221;][vc_single_image image=&#8221;31152&#8243; img_size=&#8221;full&#8221; onclick=&#8221;custom_link&#8221; css=&#8221;&#8221; link=&#8221;https:\/\/www.dfi-geisler.com\/montage-og-vedligeholdelse-af-natursten\/&#8221;][vc_empty_space][vc_btn title=&#8221;Underh\u00e5llsinstruktioner&#8221; style=&#8221;classic&#8221; color=&#8221;success&#8221; size=&#8221;lg&#8221; align=&#8221;center&#8221; button_block=&#8221;true&#8221; link=&#8221;url:https%3A%2F%2Fwww.dfi-geisler.com%2Fmontage-og-vedligeholdelse-af-natursten%2F|target:_blank&#8221;][\/vc_column][vc_column width=&#8221;1\/2&#8243;][vc_column_text css=&#8221;&#8221;]<\/p>\n<h5 style=\"text-align: left; padding-left: 40px;\"><span style=\"color: #000000;\">Det rekommenderas att quartzite reng\u00f6rs och underh\u00e5lls p\u00e5 samma s\u00e4tt som andra naturstenar.<br \/>\nSe underh\u00e5llsinstruktionerna p\u00e5 v\u00e5r hemsida.<\/span><\/h5>\n<h5 style=\"text-align: left; padding-left: 40px;\"><span style=\"color: #000000;\">Quartzite torkas av med en mjuk trasa uppvriden i rent varmt vatten. Torka sedan med en torr luddfri trasa.<\/span><\/h5>\n<h5 style=\"text-align: left; padding-left: 40px;\"><span style=\"color: #000000;\">Natursten t\u00e5l de flesta reng\u00f6ringsmedel; men se till att\u00a0 reng\u00f6ringsmedel med mycket h\u00f6gt eller l\u00e5gt PH-v\u00e4rde, samt avkalknings- och blekmedel omeldelbart m\u00e5ste avl\u00e4gsnas fr\u00e5n b\u00e4nkskivan, annars skadas ytan.<br \/>\n<\/span><span style=\"color: #000000;\">Syror som \u00e4r vanliga i k\u00f6ket, t.ex. citron och vin\u00e4ger, ska torkas bort omedelbart.<\/span><\/h5>\n<h5 style=\"text-align: left; padding-left: 40px;\"><span style=\"color: #000000;\">Q Action eller Surface Cleaner kan anv\u00e4ndas f\u00f6r grundreng\u00f6ring.<\/span><\/h5>\n<h5 style=\"text-align: left; padding-left: 40px;\"><span style=\"color: #000000;\">F\u00f6r att inte olika typer av fett ska tr\u00e4nga ner i stenen, \u00e4r det viktigt att ytbehandla b\u00e4nkskivan. Anv\u00e4nd den medf\u00f6ljande impregneringsprodukten FILA MP90 ECO XTREME. Alternativt kan stenolja anv\u00e4ndas f\u00f6r att m\u00e4tta skivan.<\/span><\/h5>\n<p>[\/vc_column_text][\/vc_column][\/vc_row][vc_row][vc_column][vc_empty_space][\/vc_column][\/vc_row]<\/p>\n<\/div>","protected":false},"excerpt":{"rendered":"<p>[vc_row full_width=&#8221;stretch_row&#8221; css=&#8221;.vc_custom_1619596786458{padding-top: 150px !important;padding-bottom: 150px !important;background-image: url(https:\/\/www.dfi-geisler.com\/wp-content\/uploads\/2021\/01\/Belvedere-produktbillede.jpg?id=21925) !important;background-position: center !important;background-repeat: no-repeat !important;background-size: cover !important;}&#8221;][vc_column][vc_custom_heading text=&#8221;Kvartsit&#8221; font_container=&#8221;tag:h2|font_size:70|text_align:center|color:%23FFFFFF&#8221; google_fonts=&#8221;font_family:Lato%3A100%2C100italic%2C300%2C300italic%2Cregular%2Citalic%2C700%2C700italic%2C900%2C900italic|font_style:400%20regular%3A400%3Anormal&#8221; css=&#8221;&#8221;][\/vc_column][\/vc_row][vc_row][vc_column][vc_separator color=&#8221;black&#8221;][\/vc_column][\/vc_row][vc_row][vc_column width=&#8221;1\/2&#8243;][vc_column_text] Ursprung [\/vc_column_text][\/vc_column][vc_column width=&#8221;1\/2&#8243;][\/vc_column][\/vc_row][vc_row][vc_column width=&#8221;1\/2&#8243; el_class=&#8221;baeredygtighed-images&#8221;][vc_column_text<\/p>\n","protected":false},"author":717,"featured_media":0,"parent":0,"menu_order":0,"comment_status":"closed","ping_status":"closed","template":"","meta":{"_monsterinsights_skip_tracking":false,"_monsterinsights_sitenote_active":false,"_monsterinsights_sitenote_note":"","_monsterinsights_sitenote_category":0,"footnotes":""},"class_list":["post-23439","page","type-page","status-publish","hentry"],"aioseo_notices":[],"_links":{"self":[{"href":"https:\/\/www.dfi-geisler.com\/sv\/wp-json\/wp\/v2\/pages\/23439","targetHints":{"allow":["GET"]}}],"collection":[{"href":"https:\/\/www.dfi-geisler.com\/sv\/wp-json\/wp\/v2\/pages"}],"about":[{"href":"https:\/\/www.dfi-geisler.com\/sv\/wp-json\/wp\/v2\/types\/page"}],"author":[{"embeddable":true,"href":"https:\/\/www.dfi-geisler.com\/sv\/wp-json\/wp\/v2\/users\/717"}],"replies":[{"embeddable":true,"href":"https:\/\/www.dfi-geisler.com\/sv\/wp-json\/wp\/v2\/comments?post=23439"}],"version-history":[{"count":93,"href":"https:\/\/www.dfi-geisler.com\/sv\/wp-json\/wp\/v2\/pages\/23439\/revisions"}],"predecessor-version":[{"id":36791,"href":"https:\/\/www.dfi-geisler.com\/sv\/wp-json\/wp\/v2\/pages\/23439\/revisions\/36791"}],"wp:attachment":[{"href":"https:\/\/www.dfi-geisler.com\/sv\/wp-json\/wp\/v2\/media?parent=23439"}],"curies":[{"name":"wp","href":"https:\/\/api.w.org\/{rel}","templated":true}]}}