
{"id":21897,"date":"2021-01-12T16:07:13","date_gmt":"2021-01-12T15:07:13","guid":{"rendered":"https:\/\/www.dfi-geisler.com\/?page_id=21897"},"modified":"2021-08-26T11:56:48","modified_gmt":"2021-08-26T10:56:48","slug":"pacific-grey","status":"publish","type":"page","link":"https:\/\/www.dfi-geisler.com\/sv\/pacific-grey\/","title":{"rendered":"Pacific Grey"},"content":{"rendered":"<div class=\"wpb-content-wrapper\"><p>[vc_row][vc_column][vc_column_text]<\/p>\n<h2 style=\"text-align: left\"><span style=\"color: #f6b200\"><span style=\"color: #203246\">Quartzite Pacific Grey<\/span><\/span><\/h2>\n<h5 style=\"text-align: left\"><span style=\"color: #f6b200\"><span style=\"color: #203246\">Quartzite \u00e4r en naturprodukt med m\u00e5nga stora f\u00e4rg och struktur variationer.<\/span><\/span><\/h5>\n<h5 style=\"text-align: left\"><span style=\"color: #f6b200\"><span style=\"color: #203246\">Det finns inte tv\u00e5 kvartsitskivor som \u00e4r lika, vilket g\u00f6r produkten unik.<\/span><\/span><\/h5>\n<h5 style=\"text-align: left\"><span style=\"color: #f6b200\"><span style=\"color: #203246\">Nedanst\u00e5ende bilder visar fyra exempel p\u00e5 hur en kvartsit kan se ut.<\/span><\/span><\/h5>\n<p>[\/vc_column_text][\/vc_column][\/vc_row][vc_row el_class=&#8221;belvedere-images&#8221;][vc_column][vc_images_carousel images=&#8221;21898&#8243; img_size=&#8221;large&#8221; autoplay=&#8221;yes&#8221; wrap=&#8221;yes&#8221; css=&#8221;.vc_custom_1612186191415{padding-top: -100px !important;}&#8221;][vc_column_text el_class=&#8221;belvedere-images&#8221;]<\/p>\n<h3 style=\"text-align: center\"><span style=\"color: #203246\">Exempelbilderna \u00e4r i storlek 2900x1350mm<\/span><\/h3>\n<h3 style=\"text-align: center\"><span style=\"color: #203246\">Quartzite levereras i 20 mm tjocklek med matt yta.<\/span><\/h3>\n<h6 style=\"text-align: center\"><span style=\"color: #203246\"><strong>Observera;<\/strong> Ovanst\u00e5ende \u00e4r bara exempel p\u00e5 skillnader i f\u00e4rg och struktur. Leveransen kommer variera i f\u00f6rh\u00e5llande till bilderna ovan.<\/span><\/h6>\n<p>[\/vc_column_text][vc_empty_space height=&#8221;50&#8243;][\/vc_column][\/vc_row]<\/p>\n<\/div>","protected":false},"excerpt":{"rendered":"<p>[vc_row][vc_column][vc_column_text] Quartzite Pacific Grey Quartzite \u00e4r en naturprodukt med m\u00e5nga stora f\u00e4rg och struktur variationer. Det finns inte tv\u00e5 kvartsitskivor som \u00e4r lika, vilket g\u00f6r produkten<\/p>\n","protected":false},"author":717,"featured_media":0,"parent":0,"menu_order":0,"comment_status":"closed","ping_status":"closed","template":"","meta":{"_monsterinsights_skip_tracking":false,"_monsterinsights_sitenote_active":false,"_monsterinsights_sitenote_note":"","_monsterinsights_sitenote_category":0,"footnotes":""},"class_list":["post-21897","page","type-page","status-publish","hentry"],"aioseo_notices":[],"_links":{"self":[{"href":"https:\/\/www.dfi-geisler.com\/sv\/wp-json\/wp\/v2\/pages\/21897","targetHints":{"allow":["GET"]}}],"collection":[{"href":"https:\/\/www.dfi-geisler.com\/sv\/wp-json\/wp\/v2\/pages"}],"about":[{"href":"https:\/\/www.dfi-geisler.com\/sv\/wp-json\/wp\/v2\/types\/page"}],"author":[{"embeddable":true,"href":"https:\/\/www.dfi-geisler.com\/sv\/wp-json\/wp\/v2\/users\/717"}],"replies":[{"embeddable":true,"href":"https:\/\/www.dfi-geisler.com\/sv\/wp-json\/wp\/v2\/comments?post=21897"}],"version-history":[{"count":3,"href":"https:\/\/www.dfi-geisler.com\/sv\/wp-json\/wp\/v2\/pages\/21897\/revisions"}],"predecessor-version":[{"id":24336,"href":"https:\/\/www.dfi-geisler.com\/sv\/wp-json\/wp\/v2\/pages\/21897\/revisions\/24336"}],"wp:attachment":[{"href":"https:\/\/www.dfi-geisler.com\/sv\/wp-json\/wp\/v2\/media?parent=21897"}],"curies":[{"name":"wp","href":"https:\/\/api.w.org\/{rel}","templated":true}]}}