
{"id":21892,"date":"2021-01-12T15:58:11","date_gmt":"2021-01-12T14:58:11","guid":{"rendered":"https:\/\/www.dfi-geisler.com\/?page_id=21892"},"modified":"2026-02-17T11:55:18","modified_gmt":"2026-02-17T10:55:18","slug":"montblanc","status":"publish","type":"page","link":"https:\/\/www.dfi-geisler.com\/sv\/montblanc\/","title":{"rendered":"Mont Blanc"},"content":{"rendered":"<div class=\"wpb-content-wrapper\"><p>[vc_row][vc_column][vc_column_text css=&#8221;&#8221;]<\/p>\n<h2 style=\"text-align: left;\"><span style=\"color: #f6b200;\"><span style=\"color: #203246;\">Quartzite Mont Blanc<\/span><\/span><\/h2>\n<h5 style=\"text-align: left;\"><span style=\"color: #f6b200;\"><span style=\"color: #203246;\">Quartzite \u00e4r en naturprodukt med stora variationer i f\u00e4rg och struktur. Det finns inte tv\u00e5 b\u00e4nkskivor i Quartzite i v\u00e4rlden som \u00e4r likadana.<\/span><\/span><\/h5>\n<h5 style=\"text-align: left;\"><span style=\"color: #f6b200;\"><span style=\"color: #203246;\">Om du har sett ett litet prov av Quartzite, kommer den slutliga b\u00e4nkskivan att skilja sig fr\u00e5n provet. Utseendet skiljer sig \u00e5t, beroende p\u00e5 vilken r\u00e5skiva den har kapats fr\u00e5n och var p\u00e5 skivan den har kapats.<\/span><\/span><\/h5>\n<h5 style=\"text-align: left;\"><span style=\"color: #f6b200;\"><span style=\"color: #203246;\">Nedan finns exempler p\u00e5 hur hela r\u00e5skivor kan se ut.<\/span><\/span><\/h5>\n<p>[\/vc_column_text][\/vc_column][\/vc_row][vc_row el_class=&#8221;belvedere-images&#8221;][vc_column][vc_images_carousel images=&#8221;25616,25615,25614,21893,21894&#8243; img_size=&#8221;large&#8221; autoplay=&#8221;yes&#8221; wrap=&#8221;yes&#8221; css=&#8221;.vc_custom_1643804442885{padding-top: -100px !important;}&#8221;][vc_empty_space height=&#8221;50&#8243;][vc_column_text css=&#8221;&#8221; el_class=&#8221;belvedere-images&#8221;]<\/p>\n<h3 style=\"text-align: center;\"><span style=\"color: #203246;\">Exempelbilderna \u00e4r i storlek ca. 2900 mm x 1350 mm<\/span><\/h3>\n<h6 style=\"text-align: center;\"><span style=\"color: #203246;\"><strong>Observera;<\/strong> Ovanst\u00e5ende \u00e4r bara exempel p\u00e5 skillnader i f\u00e4rg och struktur.<br \/>\nLeveransen kommer variera i f\u00f6rh\u00e5llande till bilderna ovan.<\/span><\/h6>\n<p>[\/vc_column_text][vc_empty_space height=&#8221;50&#8243;][\/vc_column][\/vc_row]<\/p>\n<\/div>","protected":false},"excerpt":{"rendered":"<p>[vc_row][vc_column][vc_column_text css=&#8221;&#8221;] Quartzite Mont Blanc Quartzite \u00e4r en naturprodukt med stora variationer i f\u00e4rg och struktur. Det finns inte tv\u00e5 b\u00e4nkskivor i Quartzite i v\u00e4rlden som<\/p>\n","protected":false},"author":717,"featured_media":0,"parent":0,"menu_order":0,"comment_status":"closed","ping_status":"closed","template":"","meta":{"_monsterinsights_skip_tracking":false,"_monsterinsights_sitenote_active":false,"_monsterinsights_sitenote_note":"","_monsterinsights_sitenote_category":0,"footnotes":""},"class_list":["post-21892","page","type-page","status-publish","hentry"],"aioseo_notices":[],"_links":{"self":[{"href":"https:\/\/www.dfi-geisler.com\/sv\/wp-json\/wp\/v2\/pages\/21892","targetHints":{"allow":["GET"]}}],"collection":[{"href":"https:\/\/www.dfi-geisler.com\/sv\/wp-json\/wp\/v2\/pages"}],"about":[{"href":"https:\/\/www.dfi-geisler.com\/sv\/wp-json\/wp\/v2\/types\/page"}],"author":[{"embeddable":true,"href":"https:\/\/www.dfi-geisler.com\/sv\/wp-json\/wp\/v2\/users\/717"}],"replies":[{"embeddable":true,"href":"https:\/\/www.dfi-geisler.com\/sv\/wp-json\/wp\/v2\/comments?post=21892"}],"version-history":[{"count":14,"href":"https:\/\/www.dfi-geisler.com\/sv\/wp-json\/wp\/v2\/pages\/21892\/revisions"}],"predecessor-version":[{"id":38577,"href":"https:\/\/www.dfi-geisler.com\/sv\/wp-json\/wp\/v2\/pages\/21892\/revisions\/38577"}],"wp:attachment":[{"href":"https:\/\/www.dfi-geisler.com\/sv\/wp-json\/wp\/v2\/media?parent=21892"}],"curies":[{"name":"wp","href":"https:\/\/api.w.org\/{rel}","templated":true}]}}