
{"id":21587,"date":"2020-11-19T10:05:35","date_gmt":"2020-11-19T09:05:35","guid":{"rendered":"https:\/\/www.dfi-geisler.com\/?page_id=21587"},"modified":"2026-01-23T10:54:17","modified_gmt":"2026-01-23T09:54:17","slug":"tryghedspakke","status":"publish","type":"page","link":"https:\/\/www.dfi-geisler.com\/sv\/tryghedspakke\/","title":{"rendered":"Trygghetspaket"},"content":{"rendered":"<div class=\"wpb-content-wrapper\"><p>[vc_row full_width=&#8221;stretch_row&#8221; css=&#8221;.vc_custom_1606221300271{background-image: url(https:\/\/www.dfi-geisler.com\/wp-content\/uploads\/2020\/11\/DFI_GEISLER_076-scaled.jpg?id=21617) !important;background-position: center !important;background-repeat: no-repeat !important;background-size: cover !important;}&#8221;][vc_column][vc_empty_space height=&#8221;100px&#8221;][vc_custom_heading text=&#8221;Trygghetpaket&#8221; font_container=&#8221;tag:h2|font_size:100|text_align:center|color:%23ffffff&#8221; google_fonts=&#8221;font_family:Lato%3A100%2C100italic%2C300%2C300italic%2Cregular%2Citalic%2C700%2C700italic%2C900%2C900italic|font_style:400%20regular%3A400%3Anormal&#8221; css_animation=&#8221;fadeInDown&#8221;][vc_empty_space height=&#8221;100px&#8221;][\/vc_column][\/vc_row][vc_row][vc_column][vc_single_image image=&#8221;8519&#8243; img_size=&#8221;large&#8221; alignment=&#8221;center&#8221; style=&#8221;vc_box_shadow_3d&#8221; css=&#8221;&#8221;][vc_separator color=&#8221;black&#8221; border_width=&#8221;2&#8243;][\/vc_column][\/vc_row][vc_row][vc_column width=&#8221;1\/2&#8243;][vc_column_text]<\/p>\n<h3 style=\"text-align: center;\">TRYGGHETSPAKET<\/h3>\n<div class=\"page\" title=\"Page 2\">\n<div class=\"section\">\n<div class=\"layoutArea\">\n<div class=\"column\">\n<div class=\"page\" title=\"Page 2\">\n<div class=\"section\">\n<div class=\"layoutArea\">\n<div class=\"column\">\n<h5 style=\"text-align: center;\">Ett trygghetspaket \u00e4r en tj\u00e4nst som omfattar uppm\u00e4tning och installation av b\u00e4nkskivor.<\/h5>\n<h5>B\u00e4nkskivorna \u00e4r en viktig del av ditt nya k\u00f6k och vi vill att du ska f\u00f6rst\u00e5 hela processen kring trygghetspaketet. I denna folder kan du l\u00e4sa hur trygghetspaketet fungerar.<\/h5>\n<h5>K\u00f6kssk\u00e5pen m\u00e5ste vara installerade innan vi kan b\u00f6rja. D\u00e4refter kommer en utbildad mont\u00f6r hem till dig f\u00f6r att ta m\u00e5tt p\u00e5 de nya b\u00e4nkskivorna (bara vid trygghetspaket 1 och trygghetspaket 2).<\/h5>\n<h5>Efter kontrollm\u00e4tning tillverkas dina b\u00e4nkskivor enligt v\u00e5r uppm\u00e4tning. 10\u201312 arbetsdagar* senare kommer mont\u00f6ren tillbaka och installerar de specialtillverkade b\u00e4nkskivorna som passar just ditt k\u00f6k.<\/h5>\n<\/div>\n<\/div>\n<\/div>\n<\/div>\n<\/div>\n<\/div>\n<\/div>\n<\/div>\n<h5 style=\"text-align: center;\">*) Med f\u00f6rbeh\u00e5ll f\u00f6r best\u00e4llningsvaror, st\u00e5lprodukter och tillverkningskapacitet. R\u00e4kna med l\u00e4ngre leveranstider under h\u00f6gt belastade perioder, som t.ex. semesters\u00e4songer.<\/h5>\n<h5><\/h5>\n<p>[\/vc_column_text][vc_empty_space height=&#8221;1px&#8221;][vc_single_image image=&#8221;8241&#8243; img_size=&#8221;full&#8221; alignment=&#8221;center&#8221; style=&#8221;vc_box_shadow_3d&#8221;][vc_column_text css=&#8221;&#8221;]<\/p>\n<h3 style=\"text-align: center;\">TOLERANSER<\/h3>\n<div class=\"page\" title=\"Page 3\">\n<div class=\"section\">\n<div class=\"layoutArea\">\n<div class=\"column\">\n<div class=\"page\" title=\"Page 3\">\n<div class=\"section\">\n<div class=\"layoutArea\">\n<div class=\"column\">\n<h5 style=\"text-align: center;\">Trygghetspaket inneb\u00e4r att din b\u00e4nkskiva tillverkas exakt enligt m\u00e5tten i ditt k\u00f6k. Det f\u00f6rekommer alltid vissa avvikelser, dels m\u00e5ttavvikelser (s\u00e4rskilt hos stenprodukter), dels avvikelser i f\u00e4rg och struktur.<\/h5>\n<p>&nbsp;<\/p>\n<\/div>\n<\/div>\n<\/div>\n<\/div>\n<\/div>\n<\/div>\n<\/div>\n<\/div>\n<h5 style=\"text-align: center;\">\u00a0M\u00c5LTOLERANSER<\/h5>\n<div class=\"page\" title=\"Page 3\">\n<div class=\"section\">\n<div class=\"layoutArea\">\n<div class=\"column\">\n<div class=\"page\" title=\"Page 3\">\n<div class=\"section\">\n<div class=\"layoutArea\">\n<div class=\"column\">\n<h5 style=\"text-align: center;\">Som tillverkare av dina b\u00e4nkskivor f\u00f6rbeh\u00e5ller vi oss f\u00f6ljande toleranser med avseende p\u00e5 uppm\u00e4tning, tillverkning och installation av b\u00e4nkskivan:<\/h5>\n<\/div>\n<\/div>\n<\/div>\n<\/div>\n<\/div>\n<\/div>\n<\/div>\n<\/div>\n<h5 style=\"text-align: center;\"><span style=\"color: #000000;\"><strong>\u2022 B\u00e4nskivor +\/\u2013 2 mm<\/strong><\/span><\/h5>\n<h5 style=\"text-align: center;\"><span style=\"color: #000000;\"><strong>\u2022 Overh\u00e4ng vid luckor +\/\u2013 2 mm<\/strong><\/span><\/h5>\n<h5 style=\"text-align: center;\"><span style=\"color: #000000;\"><strong>\u2022 Overh\u00e4ng vid gavel +\/\u2013 2 mm<\/strong><\/span><\/h5>\n<h5 style=\"text-align: center;\"><span style=\"color: #000000;\"><strong>\u2022 Placering av ho +\/\u2013 2 mm<\/strong><\/span><\/h5>\n<h5 style=\"text-align: center;\"><span style=\"color: #000000;\"><strong>\u2022 Placering av spish\u00e4ll +\/\u2013 2 mm<\/strong><\/span><\/h5>\n<h5 style=\"text-align: center;\"><span style=\"color: #000000;\"><strong>\u2022 Ursk\u00e4rningar +\/\u2013 2 mm<\/strong><\/span><\/h5>\n<h5 style=\"text-align: center;\"><span style=\"color: #000000;\"><strong>\u2022 Fogbredd 5 mm +\/\u2013 2 mm<\/strong><\/span><\/h5>\n<h6 style=\"text-align: center;\">(kan vara bredare i massivt tr\u00e4, d\u00e5 tr\u00e4et ska kunna r\u00f6ra sig)<\/h6>\n<p>[\/vc_column_text][\/vc_column][vc_column width=&#8221;1\/2&#8243;][vc_single_image image=&#8221;8209&#8243; img_size=&#8221;full&#8221; alignment=&#8221;center&#8221; style=&#8221;vc_box_shadow_3d&#8221;][vc_column_text]<\/p>\n<div class=\"page\" title=\"Page 2\">\n<div class=\"section\">\n<div class=\"layoutArea\">\n<div class=\"column\">\n<div class=\"page\" title=\"Page 2\">\n<div class=\"section\">\n<div class=\"layoutArea\">\n<div class=\"column\">\n<h3 style=\"text-align: center;\">VIKTIGT I SAMBAND<br \/>\nMED ATT V\u00c5R INSTALLATION \u00c4R KLAR<\/h3>\n<\/div>\n<\/div>\n<\/div>\n<\/div>\n<\/div>\n<\/div>\n<\/div>\n<\/div>\n<div class=\"page\" title=\"Page 2\">\n<div class=\"section\">\n<div class=\"layoutArea\">\n<div class=\"column\">\n<div class=\"page\" title=\"Page 2\">\n<div class=\"section\">\n<div class=\"layoutArea\">\n<div class=\"column\">\n<h5 style=\"text-align: center;\">Efter att v\u00e5r installation \u00e4r klar, inklusive fogning (om v\u00e4ggen \u00e4r klar f\u00f6r fogning), \u00f6vers\u00e4nder vi en avslutsrapport direkt till den angivna mejladressen. D\u00e4refter betraktar vi det totala resultatet av installationen som godk\u00e4nt, om vi inte f\u00e5r ett mejl i retur inom 3 arbetsdagar.<\/h5>\n<\/div>\n<\/div>\n<\/div>\n<\/div>\n<\/div>\n<\/div>\n<\/div>\n<\/div>\n<p>[\/vc_column_text][vc_empty_space height=&#8221;300px&#8221;][vc_single_image image=&#8221;8269&#8243; img_size=&#8221;full&#8221; alignment=&#8221;center&#8221; style=&#8221;vc_box_shadow_3d&#8221;][\/vc_column][\/vc_row][vc_row][vc_column][vc_separator color=&#8221;black&#8221; border_width=&#8221;2&#8243; css=&#8221;&#8221;][vc_column_text css=&#8221;&#8221;]<\/p>\n<h3 style=\"text-align: center;\">S\u00c5 H\u00c4R FUNGERAR PROCESSEN HOS DIG<\/h3>\n<p style=\"text-align: center;\">UPPM\u00c4TNING OCH INSTALLATION AV DIN NYA B\u00c4NKSKIVA<\/p>\n<p>[\/vc_column_text][vc_separator border_width=&#8221;2&#8243; css=&#8221;&#8221;][\/vc_column][\/vc_row][vc_row][vc_column width=&#8221;1\/2&#8243;][vc_column_text]<\/p>\n<h3 style=\"text-align: center;\"><span style=\"color: #f6b200;\">STEG 1<span style=\"color: #000000;\">:\u00a0<\/span><\/span><span style=\"color: #000000;\">INLEDANDE INFORMATION<\/span><\/h3>\n<div class=\"page\" title=\"Page 4\">\n<div class=\"section\">\n<div class=\"layoutArea\">\n<div class=\"page\" title=\"Page 4\">\n<div class=\"section\">\n<div class=\"layoutArea\">\n<div class=\"column\">\n<h5 style=\"text-align: center;\">N\u00e4r du har best\u00e4llt ditt nya k\u00f6k med b\u00e4nkskivor, inklusive trygghetspaket, f\u00e5r du ett e-postmeddelande med information om vilken vecka butiken planerar att kunna m\u00e4ta upp ditt k\u00f6k. Mejlet som du f\u00e5r skickas fr\u00e5n tillverkaren DFI Geisler A\/S.<\/h5>\n<\/div>\n<\/div>\n<\/div>\n<\/div>\n<\/div>\n<\/div>\n<\/div>\n<p>[\/vc_column_text][\/vc_column][vc_column width=&#8221;1\/2&#8243;][vc_single_image image=&#8221;22812&#8243; img_size=&#8221;full&#8221; alignment=&#8221;center&#8221; style=&#8221;vc_box_shadow_3d&#8221;][\/vc_column][\/vc_row][vc_row][vc_column width=&#8221;1\/2&#8243;][vc_single_image image=&#8221;8285&#8243; img_size=&#8221;full&#8221; alignment=&#8221;center&#8221; style=&#8221;vc_box_shadow_3d&#8221;][\/vc_column][vc_column width=&#8221;1\/2&#8243;][vc_column_text]<\/p>\n<h3 style=\"text-align: center;\"><span style=\"color: #f6b200;\">STEG 2<\/span>:\u00a0 <span style=\"color: #203246;\">BOKNING AV UPPM\u00c4TNING<\/span><\/h3>\n<div class=\"page\" title=\"Page 5\">\n<div class=\"section\">\n<div class=\"layoutArea\">\n<div class=\"column\">\n<div class=\"page\" title=\"Page 5\">\n<div class=\"section\">\n<div class=\"layoutArea\">\n<div class=\"column\">\n<h5 style=\"text-align: center;\">Cirka 5 arbetsdagar innan v\u00e5r uppm\u00e4tare kommer hem till dig, kommer du att kontaktas per telefon med exakt datum f\u00f6r uppm\u00e4tning. Vi bokar ett intervall p\u00e5 4 timmar. Det betyder att vi till exempel kan ange att vi kommer mellan kl. 09:00 och 13:00.<\/h5>\n<h5 style=\"text-align: center;\">Om du vill att mont\u00f6ren kontaktar dig f\u00f6re bes\u00f6ket s\u00e5 avtalar du det i samband med telefonsamtalet. N\u00e4r tidpunkten f\u00f6r uppm\u00e4tning \u00e4r avtalad f\u00e5r du en bekr\u00e4ftelse p\u00e5 avtalad tid via mejl.<\/h5>\n<\/div>\n<\/div>\n<\/div>\n<\/div>\n<\/div>\n<\/div>\n<\/div>\n<\/div>\n<p>[\/vc_column_text][\/vc_column][\/vc_row][vc_row][vc_column width=&#8221;1\/2&#8243;][vc_empty_space height=&#8221;2px&#8221;][vc_column_text]<\/p>\n<h3 style=\"text-align: center;\"><span style=\"color: #f6b200;\">STEG 3<span style=\"color: #000000;\">: DINA F\u00d6RBEREDELSER INF\u00d4R UPPM\u00c4TNINGEN<\/span><\/span><\/h3>\n<div class=\"page\" title=\"Page 5\">\n<div class=\"section\">\n<div class=\"layoutArea\">\n<div class=\"column\">\n<div class=\"page\" title=\"Page 5\">\n<div class=\"section\">\n<div class=\"layoutArea\">\n<div class=\"column\">\n<h5 style=\"text-align: center;\">F\u00f6r att mont\u00f6ren ska kunna g\u00f6ra en korrekt uppm\u00e4tning, \u00e4r det viktigt att alla sk\u00e5p, inklusive eventuella frisidor, \u00e4r fixerade. Om det \u00e4r ett befintligt k\u00f6k d\u00e4r det bara ska bytas b\u00e4nkskivor, \u00e4r det viktigt att de gamla b\u00e4nkskivorna<br \/>\n\u00e4r borttagna.<\/h5>\n<h5 style=\"text-align: center;\">Den f\u00f6rsta som mont\u00f6ren g\u00f6r inf\u00f6r uppm\u00e4tningen \u00e4r att kontrollera att sk\u00e5pen \u00e4r korrekt monterade med max. 2 mm tolerans. Sk\u00e5pen ska st\u00e5 horisontellt och uppvisa en r\u00e4t frontlinje. Ett trygghetspaket innefattar uppm\u00e4tning och installation av b\u00e4nkskivor och eventuella st\u00e4nkskivor. Det omfattar allts\u00e5 inte hyllor och liknande.<\/h5>\n<\/div>\n<\/div>\n<\/div>\n<\/div>\n<\/div>\n<\/div>\n<\/div>\n<\/div>\n<h5 style=\"text-align: center;\"><\/h5>\n<p>[\/vc_column_text][\/vc_column][vc_column width=&#8221;1\/2&#8243;][vc_empty_space height=&#8221;2px&#8221;][vc_single_image image=&#8221;8289&#8243; img_size=&#8221;full&#8221; alignment=&#8221;center&#8221; style=&#8221;vc_box_shadow_3d&#8221;][\/vc_column][\/vc_row][vc_row][vc_column width=&#8221;1\/2&#8243;][vc_empty_space height=&#8221;15px&#8221;][vc_single_image image=&#8221;8305&#8243; img_size=&#8221;full&#8221; alignment=&#8221;center&#8221; style=&#8221;vc_box_shadow_3d&#8221;][\/vc_column][vc_column width=&#8221;1\/2&#8243;][vc_empty_space height=&#8221;15px&#8221;][vc_column_text]<\/p>\n<h3 style=\"text-align: center;\"><span style=\"color: #f6b200;\">STEG 4<\/span>:\u00a0 <span style=\"color: #203246;\">UPPM\u00c4TNING<\/span><\/h3>\n<div class=\"page\" title=\"Page 6\">\n<div class=\"section\">\n<div class=\"layoutArea\">\n<div class=\"column\">\n<div class=\"page\" title=\"Page 6\">\n<div class=\"section\">\n<div class=\"layoutArea\">\n<div class=\"column\">\n<h5 style=\"text-align: center;\">Om mont\u00f6ren i samband med uppm\u00e4tningen konstaterar ursk\u00e4rningar, varierande b\u00e4nkskivedjup eller liknande, som medf\u00f6r \u00e4ndringar av b\u00e4nkskivepriset som du har f\u00e5tt av butiken, kommer butiken att meddelas detta och uppdatera priset.<\/h5>\n<h5 style=\"text-align: center;\">I samband med uppm\u00e4tningen bed\u00f6mer mont\u00f6ren, om det \u00e4r m\u00f6jligt, att transportera in de f\u00e4rdiga b\u00e4nkskivorna i bostaden. Om tillg\u00e4nglighetsf\u00f6rh\u00e5llandena kr\u00e4ver anv\u00e4ndning av kran eller extra personal f\u00f6r transport och montering p\u00e5 grund av b\u00e4nkskivornas vikt eller storlek kommer de faktiska kostnaderna f\u00f6r detta att l\u00e4ggas till<br \/>\np\u00e5 priset.<\/h5>\n<h5 style=\"text-align: center;\">Vi m\u00e5ste p\u00e5peka att eventuell kamera\u00f6vervakning av arbetsomr\u00e5det M\u00c5STE meddelas v\u00e5r mont\u00f6r innan arbetet p\u00e5b\u00f6rjas. Kom ih\u00e5g att inspelningar\/bilder fr\u00e5n \u00f6vervakning \u00e4r privat material och f\u00e5r inte delas offentligt utan v\u00e5rt samtycke i enlighet med g\u00e4llande lag.<\/h5>\n<\/div>\n<\/div>\n<\/div>\n<\/div>\n<\/div>\n<\/div>\n<\/div>\n<\/div>\n<h5 style=\"text-align: center;\"><\/h5>\n<p>[\/vc_column_text][\/vc_column][\/vc_row][vc_row][vc_column width=&#8221;1\/2&#8243;][vc_empty_space height=&#8221;20px&#8221;][vc_column_text]<\/p>\n<h3 style=\"text-align: center;\"><span style=\"color: #f6b200;\">STEG 5<\/span>:\u00a0 <span style=\"color: #203246;\">BOKNING AV MONTERINGSDAG<\/span><\/h3>\n<div class=\"page\" title=\"Page 7\">\n<div class=\"section\">\n<div class=\"layoutArea\">\n<div class=\"column\">\n<div class=\"page\" title=\"Page 7\">\n<div class=\"section\">\n<div class=\"layoutArea\">\n<div class=\"column\">\n<h5 style=\"text-align: center;\">Efter uppm\u00e4tning inleds tillverkning av b\u00e4nkskivorna. Omkring 10 till 12 arbetsdagar* efter uppm\u00e4tning \u00e4r b\u00e4nkskivorna klara f\u00f6r installation.<\/h5>\n<h5 style=\"text-align: center;\">Cirka fem arbetsdagar f\u00f6re montering blir du kontaktad per telefon f\u00f6r ytterligare information om dag och tid f\u00f6r montering.<\/h5>\n<h6 style=\"text-align: center;\">*) Med f\u00f6rbeh\u00e5ll f\u00f6r best\u00e4llningsvaror, st\u00e5lprodukter och tillverkningskapacitet. R\u00e4kna med l\u00e4ngre leveranstider under h\u00f6gt belastade perioder, som t.ex. semesters\u00e4songer.<\/h6>\n<\/div>\n<\/div>\n<\/div>\n<\/div>\n<\/div>\n<\/div>\n<\/div>\n<\/div>\n<p>&nbsp;<\/p>\n<p>[\/vc_column_text][\/vc_column][vc_column width=&#8221;1\/2&#8243;][vc_empty_space height=&#8221;27px&#8221;][vc_single_image image=&#8221;8259&#8243; img_size=&#8221;full&#8221; alignment=&#8221;center&#8221; style=&#8221;vc_box_shadow_3d&#8221;][\/vc_column][\/vc_row][vc_row][vc_column width=&#8221;1\/2&#8243;][vc_single_image image=&#8221;8313&#8243; img_size=&#8221;full&#8221; alignment=&#8221;center&#8221; style=&#8221;vc_box_shadow_3d&#8221;][\/vc_column][vc_column width=&#8221;1\/2&#8243;][vc_column_text css=&#8221;&#8221;]<\/p>\n<h3 style=\"text-align: center;\"><span style=\"color: #f6b200;\">STEG 6<\/span>:\u00a0 <span style=\"color: #203246;\">MONTERING<\/span><\/h3>\n<div class=\"page\" title=\"Page 7\">\n<div class=\"section\">\n<div class=\"layoutArea\">\n<div class=\"column\">\n<div class=\"page\" title=\"Page 7\">\n<div class=\"section\">\n<div class=\"layoutArea\">\n<div class=\"column\">\n<h5 style=\"text-align: center;\">Vid montering, kommer det vanligtvis tv\u00e5 mont\u00f6rer. Mont\u00f6rerna kommer f\u00f6rst att kontrollera b\u00e4nkskivorna med avseende p\u00e5 transportskador. D\u00e4refter monteras b\u00e4nkskivorna, inklusive fogar i \u00e4nd- och bakkant, f\u00f6rutsatt att mont\u00f6ren bed\u00f6mer att det \u00e4r m\u00f6jligt med ett tillfredsst\u00e4llande resultat. Om s\u00e5 har best\u00e4llts planlimmas \u00e4ven h\u00e4llen av installat\u00f6ren. F\u00f6rutsatt att h\u00e4llen \u00e4r klar f\u00f6r installation. Det \u00e4r inte m\u00f6ligt att installera hallar med integreat emf\u00e5ng, eftersom dessa kr\u00e4ver installation av VVS \/ el.<\/h5>\n<h5 style=\"text-align: center;\"><strong>OBS: Installat\u00f6ren kopplar inte in vatten eller el.<\/strong><\/h5>\n<h5 style=\"text-align: center;\">Monteringsarbetet avslutas med avtorkning av b\u00e4nkskivorna samt slutkontroll av b\u00e4nkskivor och montering. Det \u00e4r mycket viktigt att du skyddar golven eftersom v\u00e5ra mont\u00f6rer av s\u00e4kerhetssk\u00e4l b\u00e4r skyddsskor. Golvskyddet ska vara fast och halks\u00e4kert.<\/h5>\n<\/div>\n<\/div>\n<\/div>\n<\/div>\n<\/div>\n<\/div>\n<\/div>\n<\/div>\n<p>[\/vc_column_text][\/vc_column][\/vc_row][vc_row][vc_column][vc_empty_space height=&#8221;50px&#8221;][\/vc_column][\/vc_row]<\/p>\n<\/div>","protected":false},"excerpt":{"rendered":"<p>[vc_row full_width=&#8221;stretch_row&#8221; css=&#8221;.vc_custom_1606221300271{background-image: url(https:\/\/www.dfi-geisler.com\/wp-content\/uploads\/2020\/11\/DFI_GEISLER_076-scaled.jpg?id=21617) !important;background-position: center !important;background-repeat: no-repeat !important;background-size: cover !important;}&#8221;][vc_column][vc_empty_space height=&#8221;100px&#8221;][vc_custom_heading text=&#8221;Trygghetpaket&#8221; font_container=&#8221;tag:h2|font_size:100|text_align:center|color:%23ffffff&#8221; google_fonts=&#8221;font_family:Lato%3A100%2C100italic%2C300%2C300italic%2Cregular%2Citalic%2C700%2C700italic%2C900%2C900italic|font_style:400%20regular%3A400%3Anormal&#8221; css_animation=&#8221;fadeInDown&#8221;][vc_empty_space height=&#8221;100px&#8221;][\/vc_column][\/vc_row][vc_row][vc_column][vc_single_image image=&#8221;8519&#8243; img_size=&#8221;large&#8221; alignment=&#8221;center&#8221; style=&#8221;vc_box_shadow_3d&#8221; css=&#8221;&#8221;][vc_separator color=&#8221;black&#8221; border_width=&#8221;2&#8243;][\/vc_column][\/vc_row][vc_row][vc_column width=&#8221;1\/2&#8243;][vc_column_text] TRYGGHETSPAKET<\/p>\n","protected":false},"author":717,"featured_media":0,"parent":0,"menu_order":0,"comment_status":"closed","ping_status":"closed","template":"","meta":{"_monsterinsights_skip_tracking":false,"_monsterinsights_sitenote_active":false,"_monsterinsights_sitenote_note":"","_monsterinsights_sitenote_category":0,"footnotes":""},"class_list":["post-21587","page","type-page","status-publish","hentry"],"aioseo_notices":[],"_links":{"self":[{"href":"https:\/\/www.dfi-geisler.com\/sv\/wp-json\/wp\/v2\/pages\/21587","targetHints":{"allow":["GET"]}}],"collection":[{"href":"https:\/\/www.dfi-geisler.com\/sv\/wp-json\/wp\/v2\/pages"}],"about":[{"href":"https:\/\/www.dfi-geisler.com\/sv\/wp-json\/wp\/v2\/types\/page"}],"author":[{"embeddable":true,"href":"https:\/\/www.dfi-geisler.com\/sv\/wp-json\/wp\/v2\/users\/717"}],"replies":[{"embeddable":true,"href":"https:\/\/www.dfi-geisler.com\/sv\/wp-json\/wp\/v2\/comments?post=21587"}],"version-history":[{"count":35,"href":"https:\/\/www.dfi-geisler.com\/sv\/wp-json\/wp\/v2\/pages\/21587\/revisions"}],"predecessor-version":[{"id":38360,"href":"https:\/\/www.dfi-geisler.com\/sv\/wp-json\/wp\/v2\/pages\/21587\/revisions\/38360"}],"wp:attachment":[{"href":"https:\/\/www.dfi-geisler.com\/sv\/wp-json\/wp\/v2\/media?parent=21587"}],"curies":[{"name":"wp","href":"https:\/\/api.w.org\/{rel}","templated":true}]}}