
{"id":21422,"date":"2020-11-09T19:23:50","date_gmt":"2020-11-09T18:23:50","guid":{"rendered":"https:\/\/www.dfi-geisler.com\/?page_id=21422"},"modified":"2021-03-15T10:14:15","modified_gmt":"2021-03-15T09:14:15","slug":"100-groen-el","status":"publish","type":"page","link":"https:\/\/www.dfi-geisler.com\/sv\/100-groen-el\/","title":{"rendered":"100 % gr\u00f6n el"},"content":{"rendered":"<div class=\"wpb-content-wrapper\"><p>[vc_row full_width=&#8221;stretch_row_content&#8221; css=&#8221;.vc_custom_1604946103406{background-image: url(https:\/\/www.dfi-geisler.com\/wp-content\/uploads\/2020\/11\/pexels-sharath-g-2796964-scaled.jpg?id=21423) !important;background-position: center !important;background-repeat: no-repeat !important;background-size: cover !important;}&#8221;][vc_column][vc_empty_space height=&#8221;300&#8243;][vc_custom_heading text=&#8221;100 % gr\u00f6n el&#8221; font_container=&#8221;tag:h2|font_size:70|text_align:left|color:%23ffffff&#8221; google_fonts=&#8221;font_family:Lato%3A100%2C100italic%2C300%2C300italic%2Cregular%2Citalic%2C700%2C700italic%2C900%2C900italic|font_style:400%20regular%3A400%3Anormal&#8221; css_animation=&#8221;fadeInDown&#8221;][vc_empty_space height=&#8221;25&#8243;][\/vc_column][\/vc_row][vc_row][vc_column][vc_row_inner][vc_column_inner width=&#8221;1\/2&#8243;][vc_empty_space height=&#8221;00px&#8221;][vc_column_text]<\/p>\n<h4 style=\"text-align: left;\"><span style=\"color: #000000;\"><strong>Vi producerar med h\u00e5llbar energi<\/strong><\/span><\/h4>\n<h5 style=\"text-align: left;\"><span style=\"color: #000000;\">Forskarnas dom \u00e4r klar: De globala CO<sub>2<\/sub>-utsl\u00e4ppen m\u00e5ste halveras innan 2030 om vi vill undvika en klimatkatastrof. Och \u00e4nd\u00e5 \u00f6kar utsl\u00e4ppen stadigt \u00e5r efter \u00e5r.<\/span><\/h5>\n<h5 style=\"text-align: left;\"><span style=\"color: #000000;\">N\u00e4stan 75 % av de globala utsl\u00e4ppen kommer fr\u00e5n energi som framst\u00e4llts av fossila br\u00e4nslen. Om vi vill bek\u00e4mpa klimatf\u00f6r\u00e4ndringarna \u00e4r d\u00e4rf\u00f6r omst\u00e4llningen till f\u00f6rnybar energi helt avg\u00f6rande.<\/span><\/h5>\n<h5 style=\"text-align: left;\"><span style=\"color: #000000;\">En av de centrala principerna i DFI-Geislers strategi \u00e4r att g\u00e5 \u201dfr\u00e5n fossilt till h\u00e5llbart\u201d. Det inneb\u00e4r att vi \u00f6verallt d\u00e4r det \u00e4r m\u00f6jligt, ers\u00e4tter fossila resurser med h\u00e5llbara resurser.<\/span><\/h5>\n<p>[\/vc_column_text][\/vc_column_inner][vc_column_inner width=&#8221;1\/2&#8243;][vc_single_image image=&#8221;22557&#8243; img_size=&#8221;full&#8221; alignment=&#8221;center&#8221; style=&#8221;vc_box_shadow&#8221; css_animation=&#8221;fadeInRight&#8221; css=&#8221;.vc_custom_1614074423811{margin-top: 60px !important;}&#8221;][\/vc_column_inner][\/vc_row_inner][vc_column_text]<\/p>\n<h5 style=\"text-align: left;\"><span style=\"color: #000000;\">Som det mest synliga resultatet har vi sedan 2019 uteslutande anv\u00e4nt gr\u00f6n el fr\u00e5n nordiska vattenkraftverk \u2013 producerat utan n\u00e5gra utsl\u00e4pp av CO<sub>2<\/sub>.<\/span><\/h5>\n<h5 style=\"text-align: left;\"><span style=\"color: #000000;\">\u00c4ven om v\u00e5r el \u00e4r klimatv\u00e4nlig, g\u00f6r vi kontinuerliga insatser f\u00f6r att minska f\u00f6rbrukningen och d\u00e4rmed ytterligare bidra till klimatinsatserna. Vi har d\u00e4rf\u00f6r ersatt all belysning p\u00e5 DFI-Geisler med LED-lampor, som b\u00e5de h\u00e5ller l\u00e4ngre och drar mindre str\u00f6m.<\/span><\/h5>\n<h5 style=\"text-align: left;\"><em><span style=\"color: #000000;\">Se bevis p\u00e5 ink\u00f6p av milj\u00f6v\u00e4nlig EL <strong><a href=\"https:\/\/www.dfi-geisler.com\/wp-content\/uploads\/2021\/01\/Bilag-4-1-ren-el.pdf\" target=\"_blank\" rel=\"noopener\"><span style=\"color: #009dff;\">h\u00e4r<\/span><\/a><\/strong><\/span><\/em><\/h5>\n<p>[\/vc_column_text][\/vc_column][vc_column][vc_row_inner][vc_column_inner width=&#8221;2\/3&#8243;][vc_column_text]<\/p>\n<h4 style=\"text-align: left;\"><span style=\"color: #000000;\"><strong>Vad \u00e4r ett vattenkraftverk <\/strong><\/span><\/h4>\n<h5 style=\"text-align: left;\"><span style=\"color: #000000;\">Vatten i r\u00f6relse inneh\u00e5ller energi. Och det \u00e4r denna energi som ett vattenkraftverk anv\u00e4nder f\u00f6r att producera milj\u00f6v\u00e4nlig elektricitet. N\u00e4r nederb\u00f6rd och avdunstat vatten fr\u00e5n havet har samlats i h\u00f6gt bel\u00e4gna reservoarer i de norska fj\u00e4llen, dirigeras de stora vattenm\u00e4ngderna genom kraftverkets turbiner p\u00e5 v\u00e4g nerf\u00f6r bergen. Vattnet f\u00e5r d\u00e4rmed turbinen att rotera varvid en del av energin \u00f6verf\u00f6rs fr\u00e5n vattnet till turbinen. J\u00e4mf\u00f6r med hur ett vindkraftverk fungerar. D\u00e4r \u00e4r det bara vinden som f\u00e5r turbinen (inuti vindkraftverket) att rotera och producera str\u00f6m.<\/span><\/h5>\n<p>[\/vc_column_text][\/vc_column_inner][vc_column_inner width=&#8221;1\/3&#8243;][vc_empty_space height=&#8221;5px&#8221;][vc_single_image image=&#8221;21432&#8243; img_size=&#8221;full&#8221;][\/vc_column_inner][\/vc_row_inner][\/vc_column][\/vc_row]<\/p>\n<\/div>","protected":false},"excerpt":{"rendered":"<p>[vc_row full_width=&#8221;stretch_row_content&#8221; css=&#8221;.vc_custom_1604946103406{background-image: url(https:\/\/www.dfi-geisler.com\/wp-content\/uploads\/2020\/11\/pexels-sharath-g-2796964-scaled.jpg?id=21423) !important;background-position: center !important;background-repeat: no-repeat !important;background-size: cover !important;}&#8221;][vc_column][vc_empty_space height=&#8221;300&#8243;][vc_custom_heading text=&#8221;100 % gr\u00f6n el&#8221; font_container=&#8221;tag:h2|font_size:70|text_align:left|color:%23ffffff&#8221; google_fonts=&#8221;font_family:Lato%3A100%2C100italic%2C300%2C300italic%2Cregular%2Citalic%2C700%2C700italic%2C900%2C900italic|font_style:400%20regular%3A400%3Anormal&#8221; css_animation=&#8221;fadeInDown&#8221;][vc_empty_space height=&#8221;25&#8243;][\/vc_column][\/vc_row][vc_row][vc_column][vc_row_inner][vc_column_inner width=&#8221;1\/2&#8243;][vc_empty_space height=&#8221;00px&#8221;][vc_column_text] Vi producerar med h\u00e5llbar<\/p>\n","protected":false},"author":717,"featured_media":0,"parent":0,"menu_order":0,"comment_status":"closed","ping_status":"closed","template":"","meta":{"_monsterinsights_skip_tracking":false,"_monsterinsights_sitenote_active":false,"_monsterinsights_sitenote_note":"","_monsterinsights_sitenote_category":0,"footnotes":""},"class_list":["post-21422","page","type-page","status-publish","hentry"],"aioseo_notices":[],"_links":{"self":[{"href":"https:\/\/www.dfi-geisler.com\/sv\/wp-json\/wp\/v2\/pages\/21422","targetHints":{"allow":["GET"]}}],"collection":[{"href":"https:\/\/www.dfi-geisler.com\/sv\/wp-json\/wp\/v2\/pages"}],"about":[{"href":"https:\/\/www.dfi-geisler.com\/sv\/wp-json\/wp\/v2\/types\/page"}],"author":[{"embeddable":true,"href":"https:\/\/www.dfi-geisler.com\/sv\/wp-json\/wp\/v2\/users\/717"}],"replies":[{"embeddable":true,"href":"https:\/\/www.dfi-geisler.com\/sv\/wp-json\/wp\/v2\/comments?post=21422"}],"version-history":[{"count":26,"href":"https:\/\/www.dfi-geisler.com\/sv\/wp-json\/wp\/v2\/pages\/21422\/revisions"}],"predecessor-version":[{"id":23027,"href":"https:\/\/www.dfi-geisler.com\/sv\/wp-json\/wp\/v2\/pages\/21422\/revisions\/23027"}],"wp:attachment":[{"href":"https:\/\/www.dfi-geisler.com\/sv\/wp-json\/wp\/v2\/media?parent=21422"}],"curies":[{"name":"wp","href":"https:\/\/api.w.org\/{rel}","templated":true}]}}