
{"id":21314,"date":"2020-11-05T19:25:43","date_gmt":"2020-11-05T18:25:43","guid":{"rendered":"https:\/\/www.dfi-geisler.com\/?page_id=21314"},"modified":"2021-03-15T10:14:12","modified_gmt":"2021-03-15T09:14:12","slug":"genanvendelse-er-sund-fornuft","status":"publish","type":"page","link":"https:\/\/www.dfi-geisler.com\/sv\/genanvendelse-er-sund-fornuft\/","title":{"rendered":"Det \u00e4r sunt f\u00f6rnuft att \u00e5tervinna"},"content":{"rendered":"<div class=\"wpb-content-wrapper\"><p>[vc_row full_width=&#8221;stretch_row_content&#8221; css=&#8221;.vc_custom_1604599883761{background-image: url(https:\/\/www.dfi-geisler.com\/wp-content\/uploads\/2020\/11\/coverbillede-scaled.jpg?id=21327) !important;background-position: center !important;background-repeat: no-repeat !important;background-size: cover !important;}&#8221;][vc_column][vc_empty_space height=&#8221;550&#8243;][vc_custom_heading text=&#8221;Det \u00e4r sunt f\u00f6rnuft att \u00e5tervinna&#8221; font_container=&#8221;tag:h2|font_size:60|text_align:left|color:%23ffffff&#8221; google_fonts=&#8221;font_family:Lato%3A100%2C100italic%2C300%2C300italic%2Cregular%2Citalic%2C700%2C700italic%2C900%2C900italic|font_style:400%20regular%3A400%3Anormal&#8221; css_animation=&#8221;fadeInDown&#8221;][\/vc_column][\/vc_row][vc_row][vc_column][vc_column_text]<\/p>\n<h4 style=\"text-align: left;\"><span style=\"color: #000000;\"><strong>P\u00e5 DFI-Geisler \u00e4r vi glada \u00f6ver v\u00e5rt avfall<\/strong><\/span><\/h4>\n<p>[\/vc_column_text][vc_column_text]<\/p>\n<h5><span style=\"color: #000000;\">Vi kommer fr\u00e5n ett omr\u00e5de d\u00e4r man inte gillar att sl\u00e4nga saker. D\u00e4rf\u00f6r har det alltid varit sj\u00e4lvklart f\u00f6r oss att unders\u00f6ka om v\u00e5rt avfall kan skapa v\u00e4rde. Och hur.<\/span><\/h5>\n<p>[\/vc_column_text][vc_separator][\/vc_column][\/vc_row][vc_row][vc_column width=&#8221;2\/3&#8243;][vc_column_text]<\/p>\n<h4 style=\"text-align: left;\"><span style=\"color: #000000;\"><strong>8 av 10 b\u00e4nkskivor i laminat har haft ett tidigare liv<\/strong><\/span><\/h4>\n<h5><span style=\"color: #000000;\">Varje \u00e5r producerar vi 60.000 upps\u00e4ttningar b\u00e4nkskivor i laminat till k\u00f6kskunder i Danmark, Norge och Sverige. N\u00e4r laminatavdelningen har st\u00e4dat upp efter dagens produktion, skickar vi restmaterialet till Djursland, d\u00e4r f\u00f6retaget Kronospan \u2013 Novopan Tr\u00e6industri, omvandlar avfallet till nya sp\u00e5nskivor. Dessa returneras sedan tillbaka till Mors f\u00f6r att bli nya b\u00e4nkskivor. Och s\u00e5 forts\u00e4tter cirkeln.<\/span><\/h5>\n<p>&nbsp;<\/p>\n<h5><span style=\"color: #000000;\">I dag anv\u00e4nder och \u00e5tervinner vi n\u00e4ra nog allt v\u00e5rt tr\u00e4spill. Det h\u00e5llbara resultatet av den strategin \u00e4r att 8 av 10 b\u00e4nkskivor av laminat fr\u00e5n DFI-Geisler har haft ett tidigare liv och ing\u00e5r d\u00e4rmed i det cirkul\u00e4ra kretsloppet.<\/span><\/h5>\n<p>[\/vc_column_text][\/vc_column][vc_column width=&#8221;1\/3&#8243;][vc_single_image image=&#8221;21329&#8243; img_size=&#8221;full&#8221; style=&#8221;vc_box_shadow_3d&#8221; css_animation=&#8221;fadeInRight&#8221;][\/vc_column][\/vc_row][vc_row][vc_column][vc_separator][vc_column_text]<\/p>\n<h4 style=\"text-align: left;\"><span style=\"color: #000000;\"><strong>Andra \u00e5tervinnings\u00e5tg\u00e4rder<\/strong><\/span><\/h4>\n<ul>\n<li>\n<h5 style=\"text-align: left;\"><span style=\"color: #000000;\">Spill fr\u00e5n stenproduktionen krossas och anv\u00e4nds som v\u00e4gfyllning.<\/span><\/h5>\n<\/li>\n<li>\n<h5 style=\"text-align: left;\"><span style=\"color: #000000;\">Frigolitavfall f\u00f6rvandlas till nya frigolitprodukter.<\/span><\/h5>\n<\/li>\n<li>\n<h5 style=\"text-align: left;\"><span style=\"color: #000000;\">\u2022 Spill fr\u00e5n v\u00e5ra ABS-kanter \u00e5tervinns till nya produkter.<\/span><\/h5>\n<\/li>\n<\/ul>\n<p>&nbsp;<\/p>\n<p>&nbsp;<\/p>\n<p>&nbsp;<\/p>\n<h4 style=\"text-align: left;\"><span style=\"color: #2a9df4;\"><a href=\"https:\/\/vimeo.com\/330416010\" target=\"_blank\" rel=\"noopener\">Se v\u00e5r videopresentation<\/a><\/span><\/h4>\n<p>[\/vc_column_text][vc_video link=&#8221;https:\/\/vimeo.com\/344064686&#8243; align=&#8221;center&#8221;][vc_separator][vc_column_text]<\/p>\n<h4 style=\"text-align: center; color: #000000;\"><em>V\u00e5r cirkul\u00e4ra strategi s\u00e4kerst\u00e4ller att vi f\u00e5r ut maximalt av v\u00e5ra resurser. Samtidigt skapar vi ekonomisk tillv\u00e4xt och minimerar de negativa milj\u00f6konsekvenserna.<\/em><\/h4>\n<p>[\/vc_column_text][vc_single_image image=&#8221;21532&#8243; img_size=&#8221;large&#8221; alignment=&#8221;center&#8221;][\/vc_column][\/vc_row][vc_row][vc_column][vc_empty_space][\/vc_column][\/vc_row]<\/p>\n<\/div>","protected":false},"excerpt":{"rendered":"<p>[vc_row full_width=&#8221;stretch_row_content&#8221; css=&#8221;.vc_custom_1604599883761{background-image: url(https:\/\/www.dfi-geisler.com\/wp-content\/uploads\/2020\/11\/coverbillede-scaled.jpg?id=21327) !important;background-position: center !important;background-repeat: no-repeat !important;background-size: cover !important;}&#8221;][vc_column][vc_empty_space height=&#8221;550&#8243;][vc_custom_heading text=&#8221;Det \u00e4r sunt f\u00f6rnuft att \u00e5tervinna&#8221; font_container=&#8221;tag:h2|font_size:60|text_align:left|color:%23ffffff&#8221; google_fonts=&#8221;font_family:Lato%3A100%2C100italic%2C300%2C300italic%2Cregular%2Citalic%2C700%2C700italic%2C900%2C900italic|font_style:400%20regular%3A400%3Anormal&#8221; css_animation=&#8221;fadeInDown&#8221;][\/vc_column][\/vc_row][vc_row][vc_column][vc_column_text] P\u00e5 DFI-Geisler \u00e4r vi glada<\/p>\n","protected":false},"author":717,"featured_media":0,"parent":0,"menu_order":0,"comment_status":"closed","ping_status":"closed","template":"","meta":{"_monsterinsights_skip_tracking":false,"_monsterinsights_sitenote_active":false,"_monsterinsights_sitenote_note":"","_monsterinsights_sitenote_category":0,"footnotes":""},"class_list":["post-21314","page","type-page","status-publish","hentry"],"aioseo_notices":[],"_links":{"self":[{"href":"https:\/\/www.dfi-geisler.com\/sv\/wp-json\/wp\/v2\/pages\/21314","targetHints":{"allow":["GET"]}}],"collection":[{"href":"https:\/\/www.dfi-geisler.com\/sv\/wp-json\/wp\/v2\/pages"}],"about":[{"href":"https:\/\/www.dfi-geisler.com\/sv\/wp-json\/wp\/v2\/types\/page"}],"author":[{"embeddable":true,"href":"https:\/\/www.dfi-geisler.com\/sv\/wp-json\/wp\/v2\/users\/717"}],"replies":[{"embeddable":true,"href":"https:\/\/www.dfi-geisler.com\/sv\/wp-json\/wp\/v2\/comments?post=21314"}],"version-history":[{"count":40,"href":"https:\/\/www.dfi-geisler.com\/sv\/wp-json\/wp\/v2\/pages\/21314\/revisions"}],"predecessor-version":[{"id":23028,"href":"https:\/\/www.dfi-geisler.com\/sv\/wp-json\/wp\/v2\/pages\/21314\/revisions\/23028"}],"wp:attachment":[{"href":"https:\/\/www.dfi-geisler.com\/sv\/wp-json\/wp\/v2\/media?parent=21314"}],"curies":[{"name":"wp","href":"https:\/\/api.w.org\/{rel}","templated":true}]}}