
{"id":21294,"date":"2020-11-05T18:27:53","date_gmt":"2020-11-05T17:27:53","guid":{"rendered":"https:\/\/www.dfi-geisler.com\/?page_id=21294"},"modified":"2021-02-24T16:16:10","modified_gmt":"2021-02-24T15:16:10","slug":"water-recyling","status":"publish","type":"page","link":"https:\/\/www.dfi-geisler.com\/sv\/water-recyling\/","title":{"rendered":"Water recyling"},"content":{"rendered":"<div class=\"wpb-content-wrapper\"><p>[vc_row full_width=&#8221;stretch_row_content&#8221; content_placement=&#8221;middle&#8221; css=&#8221;.vc_custom_1604596912288{background-image: url(https:\/\/www.dfi-geisler.com\/wp-content\/uploads\/2020\/11\/pexels-milena-hasvil-933701-scaled.jpg?id=21299) !important;}&#8221;][vc_column][vc_empty_space height=&#8221;150&#8243;][vc_custom_heading text=&#8221;Water recyling&#8221; font_container=&#8221;tag:h2|font_size:100|text_align:center|color:%23ffffff&#8221; google_fonts=&#8221;font_family:Lato%3A100%2C100italic%2C300%2C300italic%2Cregular%2Citalic%2C700%2C700italic%2C900%2C900italic|font_style:400%20regular%3A400%3Anormal&#8221; css_animation=&#8221;fadeInDown&#8221;][vc_empty_space height=&#8221;150&#8243;][\/vc_column][\/vc_row][vc_row][vc_column][vc_column_text]<\/p>\n<h5 style=\"text-align: left;\"><span style=\"color: #000000;\">P\u00e5 DFI-Geisler v\u00e4rnar vi om naturresurserna genom att dra nytta av bygg-, anl\u00e4ggnings- och industriavfall i nya sammanhang, precis som vi kontinuerligt utvecklar nya metoder f\u00f6r \u00e5tervinning och \u00e5teranv\u00e4ndning.<\/span><\/h5>\n<h5 style=\"text-align: left;\"><span style=\"color: #000000;\">Efter att ha unders\u00f6kt olika alternativ f\u00f6r \u00e5tervinning av spill och restprodukter i tillverkningen under en period, kunde vi ta v\u00e5r nya vatten\u00e5tervinningsanl\u00e4ggning i bruk i juni 2020.<\/span><\/h5>\n<h5 style=\"text-align: left;\"><span style=\"color: #000000;\">Anl\u00e4ggningen best\u00e5r av en bufferttank med en kapacitet p\u00e5 hela 17.000 liter. D\u00e4rmed kan vi \u00e5teranv\u00e4nda det mesta av vattnet fr\u00e5n v\u00e5ra sk\u00e4rverktyg i stenavdelningen och varje \u00e5r spara vad som motsvarar vattenf\u00f6rbrukningen i 100 hush\u00e5ll!<\/span><\/h5>\n<h5 style=\"text-align: left;\"><span style=\"color: #000000;\">Det gynnar inte bara milj\u00f6n, det ger ocks\u00e5 svarta siffror p\u00e5 nedersta raden i bokslutet.<\/span><\/h5>\n<h5 style=\"text-align: left;\"><span style=\"color: #000000;\">Men vi stannar inte h\u00e4r. M\u00e5let \u00e4r allts\u00e5 att minska den nuvarande vattenf\u00f6rbrukningen fr\u00e5n v\u00e5ra sk\u00e4rverktyg i stenavdelningen med minst 80 procent.<\/span><\/h5>\n<p>[\/vc_column_text][\/vc_column][\/vc_row][vc_row][vc_column][vc_single_image image=&#8221;20790&#8243; img_size=&#8221;700&#215;450&#8243; alignment=&#8221;center&#8221; style=&#8221;vc_box_shadow&#8221; css_animation=&#8221;fadeInUp&#8221;][\/vc_column][\/vc_row]<\/p>\n<\/div>","protected":false},"excerpt":{"rendered":"<p>[vc_row full_width=&#8221;stretch_row_content&#8221; content_placement=&#8221;middle&#8221; css=&#8221;.vc_custom_1604596912288{background-image: url(https:\/\/www.dfi-geisler.com\/wp-content\/uploads\/2020\/11\/pexels-milena-hasvil-933701-scaled.jpg?id=21299) !important;}&#8221;][vc_column][vc_empty_space height=&#8221;150&#8243;][vc_custom_heading text=&#8221;Water recyling&#8221; font_container=&#8221;tag:h2|font_size:100|text_align:center|color:%23ffffff&#8221; google_fonts=&#8221;font_family:Lato%3A100%2C100italic%2C300%2C300italic%2Cregular%2Citalic%2C700%2C700italic%2C900%2C900italic|font_style:400%20regular%3A400%3Anormal&#8221; css_animation=&#8221;fadeInDown&#8221;][vc_empty_space height=&#8221;150&#8243;][\/vc_column][\/vc_row][vc_row][vc_column][vc_column_text] P\u00e5 DFI-Geisler v\u00e4rnar vi om naturresurserna genom att dra nytta av bygg-, anl\u00e4ggnings-<\/p>\n","protected":false},"author":717,"featured_media":0,"parent":0,"menu_order":0,"comment_status":"closed","ping_status":"closed","template":"","meta":{"_monsterinsights_skip_tracking":false,"_monsterinsights_sitenote_active":false,"_monsterinsights_sitenote_note":"","_monsterinsights_sitenote_category":0,"footnotes":""},"class_list":["post-21294","page","type-page","status-publish","hentry"],"aioseo_notices":[],"_links":{"self":[{"href":"https:\/\/www.dfi-geisler.com\/sv\/wp-json\/wp\/v2\/pages\/21294","targetHints":{"allow":["GET"]}}],"collection":[{"href":"https:\/\/www.dfi-geisler.com\/sv\/wp-json\/wp\/v2\/pages"}],"about":[{"href":"https:\/\/www.dfi-geisler.com\/sv\/wp-json\/wp\/v2\/types\/page"}],"author":[{"embeddable":true,"href":"https:\/\/www.dfi-geisler.com\/sv\/wp-json\/wp\/v2\/users\/717"}],"replies":[{"embeddable":true,"href":"https:\/\/www.dfi-geisler.com\/sv\/wp-json\/wp\/v2\/comments?post=21294"}],"version-history":[{"count":25,"href":"https:\/\/www.dfi-geisler.com\/sv\/wp-json\/wp\/v2\/pages\/21294\/revisions"}],"predecessor-version":[{"id":22572,"href":"https:\/\/www.dfi-geisler.com\/sv\/wp-json\/wp\/v2\/pages\/21294\/revisions\/22572"}],"wp:attachment":[{"href":"https:\/\/www.dfi-geisler.com\/sv\/wp-json\/wp\/v2\/media?parent=21294"}],"curies":[{"name":"wp","href":"https:\/\/api.w.org\/{rel}","templated":true}]}}