
{"id":21266,"date":"2020-11-05T17:36:14","date_gmt":"2020-11-05T16:36:14","guid":{"rendered":"https:\/\/www.dfi-geisler.com\/?page_id=21266"},"modified":"2024-05-02T09:44:03","modified_gmt":"2024-05-02T08:44:03","slug":"vi-stoetter-lokalsamfundet","status":"publish","type":"page","link":"https:\/\/www.dfi-geisler.com\/sv\/vi-stoetter-lokalsamfundet\/","title":{"rendered":"Vi st\u00f6djer lokalsamh\u00e4llet"},"content":{"rendered":"<div class=\"wpb-content-wrapper\"><p>[vc_row full_width=&#8221;stretch_row_content&#8221; css=&#8221;.vc_custom_1621418291603{padding-bottom: 0px !important;background-image: url(https:\/\/www.dfi-geisler.com\/wp-content\/uploads\/2021\/05\/sallingsundbro2-scaled.jpg?id=23622) !important;background-position: center !important;background-repeat: no-repeat !important;background-size: cover !important;}&#8221;][vc_column css=&#8221;.vc_custom_1603984345981{padding-top: 0px !important;}&#8221;][vc_empty_space height=&#8221;450&#8243;][vc_custom_heading text=&#8221;Vi st\u00f6djer lokalsamh\u00e4llet&#8221; font_container=&#8221;tag:h3|font_size:70|text_align:left|color:%23ffffff|line_height:1&#8243; google_fonts=&#8221;font_family:Lato%3A100%2C100italic%2C300%2C300italic%2Cregular%2Citalic%2C700%2C700italic%2C900%2C900italic|font_style:400%20regular%3A400%3Anormal&#8221; css_animation=&#8221;fadeInDown&#8221; css=&#8221;.vc_custom_1613652918041{padding-top: 20px !important;}&#8221;][\/vc_column][\/vc_row][vc_row][vc_column][vc_empty_space height=&#8221;1px&#8221;][\/vc_column][\/vc_row][vc_row][vc_column][vc_column_text]<\/p>\n<h3><span style=\"color: #00000;\">Det \u00e4r viktigt f\u00f6r oss att bidra till ett aktivt och engagerat f\u00f6reningsliv i de lokalsamh\u00e4llen d\u00e4r vi bedriver aktiviteter.<\/span><\/h3>\n<h5 style=\"text-align: left;\"><span style=\"color: #000000;\">\u00c5tskilliga av v\u00e5ra 160 medarbetare kommer fr\u00e5n Mors och dess omgivning. Vi ser d\u00e4rf\u00f6r ett stort v\u00e4rde i att vara en del av lokalsamh\u00e4llet. Ett v\u00e4rde som samtidigt \u00e5tf\u00f6ljs av ett motsvarande stort ansvar. <\/span><\/h5>\n<h5 style=\"text-align: left;\"><span style=\"color: #000000;\">F\u00f6r att leva upp till detta ansvar och ge v\u00e5rt bidrag har DFI-Geisler bland annat valt att st\u00f6dja unga, beg\u00e5vade och ambiti\u00f6sa talanger fr\u00e5n omr\u00e5det. Dessutom erbjuder vi varje \u00e5r bist\u00e5nd till goda lokala krafter som vill g\u00f6ra skillnad f\u00f6r barn och vuxna i deras n\u00e4romr\u00e5de. <\/span><\/h5>\n<p>[\/vc_column_text][vc_single_image image=&#8221;22527&#8243; img_size=&#8221;full&#8221; style=&#8221;vc_box_shadow_3d&#8221; css_animation=&#8221;fadeIn&#8221;][\/vc_column][vc_column][vc_empty_space][\/vc_column][\/vc_row]<\/p>\n<\/div>","protected":false},"excerpt":{"rendered":"<p>[vc_row full_width=&#8221;stretch_row_content&#8221; css=&#8221;.vc_custom_1621418291603{padding-bottom: 0px !important;background-image: url(https:\/\/www.dfi-geisler.com\/wp-content\/uploads\/2021\/05\/sallingsundbro2-scaled.jpg?id=23622) !important;background-position: center !important;background-repeat: no-repeat !important;background-size: cover !important;}&#8221;][vc_column css=&#8221;.vc_custom_1603984345981{padding-top: 0px !important;}&#8221;][vc_empty_space height=&#8221;450&#8243;][vc_custom_heading text=&#8221;Vi st\u00f6djer lokalsamh\u00e4llet&#8221; font_container=&#8221;tag:h3|font_size:70|text_align:left|color:%23ffffff|line_height:1&#8243; google_fonts=&#8221;font_family:Lato%3A100%2C100italic%2C300%2C300italic%2Cregular%2Citalic%2C700%2C700italic%2C900%2C900italic|font_style:400%20regular%3A400%3Anormal&#8221; css_animation=&#8221;fadeInDown&#8221; css=&#8221;.vc_custom_1613652918041{padding-top: 20px !important;}&#8221;][\/vc_column][\/vc_row][vc_row][vc_column][vc_empty_space<\/p>\n","protected":false},"author":717,"featured_media":0,"parent":0,"menu_order":0,"comment_status":"closed","ping_status":"closed","template":"","meta":{"_monsterinsights_skip_tracking":false,"_monsterinsights_sitenote_active":false,"_monsterinsights_sitenote_note":"","_monsterinsights_sitenote_category":0,"footnotes":""},"class_list":["post-21266","page","type-page","status-publish","hentry"],"aioseo_notices":[],"_links":{"self":[{"href":"https:\/\/www.dfi-geisler.com\/sv\/wp-json\/wp\/v2\/pages\/21266","targetHints":{"allow":["GET"]}}],"collection":[{"href":"https:\/\/www.dfi-geisler.com\/sv\/wp-json\/wp\/v2\/pages"}],"about":[{"href":"https:\/\/www.dfi-geisler.com\/sv\/wp-json\/wp\/v2\/types\/page"}],"author":[{"embeddable":true,"href":"https:\/\/www.dfi-geisler.com\/sv\/wp-json\/wp\/v2\/users\/717"}],"replies":[{"embeddable":true,"href":"https:\/\/www.dfi-geisler.com\/sv\/wp-json\/wp\/v2\/comments?post=21266"}],"version-history":[{"count":23,"href":"https:\/\/www.dfi-geisler.com\/sv\/wp-json\/wp\/v2\/pages\/21266\/revisions"}],"predecessor-version":[{"id":30546,"href":"https:\/\/www.dfi-geisler.com\/sv\/wp-json\/wp\/v2\/pages\/21266\/revisions\/30546"}],"wp:attachment":[{"href":"https:\/\/www.dfi-geisler.com\/sv\/wp-json\/wp\/v2\/media?parent=21266"}],"curies":[{"name":"wp","href":"https:\/\/api.w.org\/{rel}","templated":true}]}}