
{"id":20702,"date":"2020-11-04T17:22:42","date_gmt":"2020-11-04T16:22:42","guid":{"rendered":"https:\/\/www.dfi-geisler.com\/?page_id=20702"},"modified":"2024-05-24T11:32:03","modified_gmt":"2024-05-24T10:32:03","slug":"produkternes-aftryk","status":"publish","type":"page","link":"https:\/\/www.dfi-geisler.com\/sv\/produkternes-aftryk\/","title":{"rendered":"Produkternas avtryck"},"content":{"rendered":"<div class=\"wpb-content-wrapper\"><p>[vc_row full_width=&#8221;stretch_row_content&#8221; css=&#8221;.vc_custom_1604498805371{padding-bottom: 0px !important;background-image: url(https:\/\/www.dfi-geisler.com\/wp-content\/uploads\/2020\/11\/pexels-francesco-ungaro-464321-scaled.jpg?id=21145) !important;background-position: center !important;background-repeat: no-repeat !important;background-size: cover !important;}&#8221;][vc_column css=&#8221;.vc_custom_1603984345981{padding-top: 0px !important;}&#8221;][vc_empty_space height=&#8221;500&#8243;][vc_custom_heading text=&#8221;B\u00e4nkskivornas milj\u00f6p\u00e5verkan&#8221; font_container=&#8221;tag:h2|font_size:70|text_align:left|color:%23ffffff|line_height:1&#8243; google_fonts=&#8221;font_family:Lato%3A100%2C100italic%2C300%2C300italic%2Cregular%2Citalic%2C700%2C700italic%2C900%2C900italic|font_style:400%20regular%3A400%3Anormal&#8221; css_animation=&#8221;fadeInDown&#8221; css=&#8221;.vc_custom_1614074958721{padding-top: 20px !important;}&#8221;][vc_empty_space height=&#8221;10&#8243;][\/vc_column][\/vc_row][vc_row][vc_column][vc_column_text]<\/p>\n<h5 style=\"text-align: left;\"><span style=\"color: #000000;\">F\u00f6r att fr\u00e4mja v\u00e5ra h\u00e5llbarhetsm\u00e5l har vi genomf\u00f6rt en LCA (Life Cycle Assessment) av v\u00e5ra nyckelprodukter f\u00f6r att bed\u00f6ma deras fotavtryck vad g\u00e4ller energi, vatten, avfall och v\u00e4xthusgaser under produktens hela livscykel.<\/span><\/h5>\n<p>&nbsp;<\/p>\n<h3><span style=\"color: #00000b;\">Vad \u00e4r en LCA?<\/span><\/h3>\n<h5 style=\"text-align: left;\"><span style=\"color: #000000;\">Livscykelanalys (Life Cycle Assessment eller LCA) \u00e4r en holistisk metod f\u00f6r att bed\u00f6ma b\u00e4nkskivornas milj\u00f6p\u00e5verkan under hela deras livscykel, d\u00e4ribland:<\/span><\/h5>\n<h5><span style=\"color: #00000b;\">&#8211; utvinning av r\u00e5material<\/span><\/h5>\n<h5><span style=\"color: #00000b;\">&#8211; anskaffning av naturresurser<\/span><\/h5>\n<h5><span style=\"color: #00000b;\">&#8211; transport till DFI-Geisler p\u00e5 Mors<\/span><\/h5>\n<h5><span style=\"color: #00000b;\">&#8211; tillverkning av produkten<\/span><\/h5>\n<h5><span style=\"color: #00000b;\">&#8211; distribution till konsumenten<\/span><\/h5>\n<h5><span style=\"color: #00000b;\">&#8211; anv\u00e4ndning av produkten (inklusive underh\u00e5ll och reparation)<\/span><\/h5>\n<h5><span style=\"color: #00000b;\">&#8211; End of life<\/span><\/h5>\n<p>[\/vc_column_text][vc_separator][vc_column_text]<strong><span style=\"font-size: 35px; line-height: 1.7em;\"><span style=\"color: #000000;\">B\u00e4nkskivornas CO<sub>2<\/sub>-avtryck<\/span><\/span><\/strong><\/p>\n<h5 style=\"text-align: left;\"><span style=\"color: #000000;\">En b\u00e4nkskiva fr\u00e5n DFI-Geisler \u00e4r ett bra val i alla avseenden, \u00e4ven n\u00e4r det g\u00e4ller belastningen p\u00e5 klimatet. Nedanst\u00e5ende diagram visar det sammanlagda CO2-avtrycket hos olika typer av b\u00e4nkskivor under hela deras livscykel, dvs r\u00e5material, transport, produktion, distribution, nyttjandeperiod och livsl\u00e4ngd.<\/span><\/h5>\n<p>[\/vc_column_text][vc_single_image image=&#8221;30013&#8243; img_size=&#8221;large&#8221; alignment=&#8221;center&#8221; style=&#8221;vc_box_shadow&#8221; css_animation=&#8221;fadeInUp&#8221;][\/vc_column][\/vc_row][vc_row][vc_column][vc_separator][vc_column_text]<strong><span style=\"font-size: 35px; line-height: 1.7em;\"><span style=\"color: #000000;\">B\u00e4nkskivornas livscykel<\/span><\/span><\/strong><\/p>\n<p>[\/vc_column_text][\/vc_column][\/vc_row][vc_row][vc_column width=&#8221;1\/4&#8243;][vc_column_text]<\/p>\n<h3><span style=\"color: #00000b;\">L\u00e4s mer:<\/span><\/h3>\n<ul>\n<li><a href=\"https:\/\/www.dfi-geisler.com\/sv\/massivtrae-livscyklus\/\" target=\"_blank\" rel=\"noopener\"><span style=\"font-size: 22px; line-height: 1.7em;\"><span style=\"color: #000000;\">Massivt tr\u00e4<\/span><\/span><\/a><\/li>\n<li><a href=\"https:\/\/www.dfi-geisler.com\/sv\/naturstens-livscyklus\/\" target=\"_blank\" rel=\"noopener\"><span style=\"font-size: 22px; line-height: 1.7em;\"><span style=\"color: #000000;\">Natursten<\/span><\/span><\/a><\/li>\n<li><a href=\"https:\/\/www.dfi-geisler.com\/sv\/keramiks-livscyklus\/\" target=\"_blank\" rel=\"noopener\"><span style=\"font-size: 22px; line-height: 1.7em;\"><span style=\"color: #000000;\">Keramik<\/span><\/span><\/a><\/li>\n<li><a href=\"https:\/\/www.dfi-geisler.com\/sv\/kompositstens-livscyklus\/\" target=\"_blank\" rel=\"noopener\"><span style=\"font-size: 22px; line-height: 1.7em;\"><span style=\"color: #000000;\">Kompositsten<\/span><\/span><\/a><\/li>\n<li><a href=\"https:\/\/www.dfi-geisler.com\/sv\/laminats-livscyklus\/\" target=\"_blank\" rel=\"noopener\"><span style=\"font-size: 22px; line-height: 1.7em;\"><span style=\"color: #000000;\">Laminat<\/span><\/span><\/a><\/li>\n<li><a href=\"https:\/\/www.dfi-geisler.com\/sv\/kompaktlaminats-livscyklus\/\" target=\"_blank\" rel=\"noopener\"><span style=\"font-size: 22px; line-height: 1.7em;\"><span style=\"color: #000000;\">Kompaktlaminat<\/span><\/span><\/a><\/li>\n<\/ul>\n<p>[\/vc_column_text][\/vc_column][vc_column width=&#8221;3\/4&#8243;][vc_single_image image=&#8221;26253&#8243; img_size=&#8221;full&#8221; css_animation=&#8221;none&#8221;][\/vc_column][\/vc_row][vc_row][vc_column][vc_column_text]<\/p>\n<p style=\"text-align: center;\"><span style=\"font-size: 18px; line-height: 1.7em;\"><span style=\"color: #000000;\">Vi l\u00e4gger vikt vid att minimera v\u00e5r milj\u00f6p\u00e5verkan under produktens hela livscykel.<br \/>\nL\u00e4s mer om v\u00e5ra h\u00e5llbarhets\u00e5tg\u00e4rder <a href=\"https:\/\/www.dfi-geisler.com\/sv\/vi-passer-paa-miljoeet\/\" target=\"_blank\" rel=\"noopener noreferrer\">h\u00e4r<\/a><\/span><\/span><\/p>\n<p>[\/vc_column_text][vc_separator][\/vc_column][\/vc_row][vc_row full_width=&#8221;stretch_row&#8221; css=&#8221;.vc_custom_1604506677662{background-image: url(https:\/\/www.dfi-geisler.com\/wp-content\/uploads\/2020\/11\/Hjemmeside-bl\u00e5.png?id=21179) !important;}&#8221;][vc_column][vc_empty_space height=&#8221;20px&#8221;][vc_column_text]<\/p>\n<h5 style=\"color: #ffffff; font-size: 30px; text-align: line-height: 46px;\">L\u00e4s mer om v\u00e5r LCA-rapport <a style=\"color: #06a10b;\" href=\"https:\/\/www.dfi-geisler.com\/wp-content\/uploads\/2021\/01\/LCA-DFI-Geisler-Miljogiraff-report-821-2020-09-29.pdf\" target=\"_blank\" rel=\"noopener\">h\u00e4r<\/a><\/h5>\n<p>[\/vc_column_text][vc_empty_space height=&#8221;20px&#8221;][\/vc_column][\/vc_row][vc_row][vc_column][vc_empty_space][\/vc_column][\/vc_row]<\/p>\n<\/div>","protected":false},"excerpt":{"rendered":"<p>[vc_row full_width=&#8221;stretch_row_content&#8221; css=&#8221;.vc_custom_1604498805371{padding-bottom: 0px !important;background-image: url(https:\/\/www.dfi-geisler.com\/wp-content\/uploads\/2020\/11\/pexels-francesco-ungaro-464321-scaled.jpg?id=21145) !important;background-position: center !important;background-repeat: no-repeat !important;background-size: cover !important;}&#8221;][vc_column css=&#8221;.vc_custom_1603984345981{padding-top: 0px !important;}&#8221;][vc_empty_space height=&#8221;500&#8243;][vc_custom_heading text=&#8221;B\u00e4nkskivornas milj\u00f6p\u00e5verkan&#8221; font_container=&#8221;tag:h2|font_size:70|text_align:left|color:%23ffffff|line_height:1&#8243; google_fonts=&#8221;font_family:Lato%3A100%2C100italic%2C300%2C300italic%2Cregular%2Citalic%2C700%2C700italic%2C900%2C900italic|font_style:400%20regular%3A400%3Anormal&#8221; css_animation=&#8221;fadeInDown&#8221; css=&#8221;.vc_custom_1614074958721{padding-top: 20px !important;}&#8221;][vc_empty_space height=&#8221;10&#8243;][\/vc_column][\/vc_row][vc_row][vc_column][vc_column_text]<\/p>\n","protected":false},"author":717,"featured_media":0,"parent":0,"menu_order":0,"comment_status":"closed","ping_status":"closed","template":"","meta":{"_monsterinsights_skip_tracking":false,"_monsterinsights_sitenote_active":false,"_monsterinsights_sitenote_note":"","_monsterinsights_sitenote_category":0,"footnotes":""},"class_list":["post-20702","page","type-page","status-publish","hentry"],"aioseo_notices":[],"_links":{"self":[{"href":"https:\/\/www.dfi-geisler.com\/sv\/wp-json\/wp\/v2\/pages\/20702","targetHints":{"allow":["GET"]}}],"collection":[{"href":"https:\/\/www.dfi-geisler.com\/sv\/wp-json\/wp\/v2\/pages"}],"about":[{"href":"https:\/\/www.dfi-geisler.com\/sv\/wp-json\/wp\/v2\/types\/page"}],"author":[{"embeddable":true,"href":"https:\/\/www.dfi-geisler.com\/sv\/wp-json\/wp\/v2\/users\/717"}],"replies":[{"embeddable":true,"href":"https:\/\/www.dfi-geisler.com\/sv\/wp-json\/wp\/v2\/comments?post=20702"}],"version-history":[{"count":95,"href":"https:\/\/www.dfi-geisler.com\/sv\/wp-json\/wp\/v2\/pages\/20702\/revisions"}],"predecessor-version":[{"id":30808,"href":"https:\/\/www.dfi-geisler.com\/sv\/wp-json\/wp\/v2\/pages\/20702\/revisions\/30808"}],"wp:attachment":[{"href":"https:\/\/www.dfi-geisler.com\/sv\/wp-json\/wp\/v2\/media?parent=20702"}],"curies":[{"name":"wp","href":"https:\/\/api.w.org\/{rel}","templated":true}]}}