
{"id":20700,"date":"2020-11-02T11:25:22","date_gmt":"2020-11-02T10:25:22","guid":{"rendered":"https:\/\/www.dfi-geisler.com\/?page_id=20700"},"modified":"2025-07-18T10:29:14","modified_gmt":"2025-07-18T09:29:14","slug":"baeredygtighedsstrategi","status":"publish","type":"page","link":"https:\/\/www.dfi-geisler.com\/sv\/baeredygtighedsstrategi\/","title":{"rendered":"H\u00e5llbarhetsstrategi"},"content":{"rendered":"<div class=\"wpb-content-wrapper\"><p>[vc_row full_width=&#8221;stretch_row&#8221; css=&#8221;.vc_custom_1604312388903{background-image: url(https:\/\/www.dfi-geisler.com\/wp-content\/uploads\/2020\/11\/BLAD-scaled.jpg?id=21059) !important;background-position: center !important;background-repeat: no-repeat !important;background-size: cover !important;}&#8221;][vc_column][vc_column_text]<span style=\"font-size: 45px; color: #ffffff; line-height: 1em;\">V\u00c5R<\/span><\/p>\n<p><span style=\"font-size: 45px; color: #ffffff; line-height: 1em;\">STRATEGI F\u00d6R<\/span><\/p>\n<p><span style=\"font-size: 45px; color: #ffffff; line-height: 1em;\">H\u00c5LLBARHET<\/span><br \/>\n[\/vc_column_text][vc_empty_space height=&#8221;100&#8243;][\/vc_column][\/vc_row][vc_row][vc_column][vc_column_text]<span style=\"font-size: 45px; line-height: 46px;\"><span style=\"color: #000000;\">Mot en h\u00e5llbar framtid<\/span><\/span><\/p>\n<p>[\/vc_column_text][vc_column_text]<\/p>\n<h5 style=\"text-align: left;\"><span style=\"color: #000000;\">H\u00e5llbarhet handlar om balans. I v\u00e5r f\u00f6rbrukning av resurser. V\u00e5ra utsl\u00e4pp av v\u00e4xthusgaser. S\u00e4ttet som vi producerar p\u00e5. Och hur vi hanterar v\u00e5rt avfall.<\/span><\/h5>\n<h5 style=\"text-align: left;\"><span style=\"color: #000000;\">P\u00e5 DFI-Geisler arbetar vi st\u00e4ndigt med att optimera alla dessa parametrar. P\u00e5 att minimera de avtryck som \u00e4r en oundviklig konsekvens av att producera b\u00e4nkskivor.<\/span><\/h5>\n<h5 style=\"text-align: left;\"><span style=\"color: #000000;\">Nu skulle vi givetvis kunna v\u00e4lja den enkla l\u00f6sningen och starta en \u201dgr\u00f6n kollektion\u201d med b\u00e4nkskivor skapade av \u00e5tervunnet material. Vi f\u00f6redrar dock att g\u00e5 en annan v\u00e4g. En v\u00e4g d\u00e4r vi med st\u00f6rsta m\u00f6jliga fokus str\u00e4var efter att klimat- och milj\u00f6optimera v\u00e5ra k\u00e4rnprodukter och tillh\u00f6rande processer. Och en v\u00e4g d\u00e4r vi f\u00f6rutom resursf\u00f6rbrukning och inneh\u00e5lls\u00e4mnen ser \u00f6ver produkternas h\u00e5llbarhet enligt principen: L\u00e4ngre h\u00e5llbarhet =&gt; minskad f\u00f6rbrukning =&gt; mindre fotavtryck.<\/span><\/h5>\n<h5 style=\"text-align: left;\"><span style=\"color: #000000;\">Vi kallar det h\u00e5llbarhet i balans. Helt enkelt.<\/span><\/h5>\n<p>[\/vc_column_text][vc_separator][\/vc_column][vc_column][vc_row_inner][vc_column_inner width=&#8221;1\/2&#8243;][vc_empty_space height=&#8221;50px&#8221;][vc_column_text]<\/p>\n<h5 style=\"text-align: center; line-height: 1.75em;\"><span style=\"color: #555555;\"><em>\u201d\u201dUnder de senaste \u00e5ren har vi arbetat p\u00e5 att g\u00f6ra h\u00e5llbarhet till en integrerad del av v\u00e5r aff\u00e4rsstrategi. P\u00e5 s\u00e5 s\u00e4tt kan vi bidra positivt till CO<sub>2<\/sub>-balansen och bli \u00e4nnu mer h\u00e5llbara \u00e4n idag.\u201d<\/em><\/span><\/h5>\n<p>&nbsp;<\/p>\n<h5 style=\"text-align: right;\"><span style=\"color: #555555;\">Lars Langkj\u00e6r, verkst\u00e4llande direkt\u00f6r<\/span><\/h5>\n<p>[\/vc_column_text][\/vc_column_inner][vc_column_inner width=&#8221;1\/2&#8243;][vc_single_image image=&#8221;21071&#8243; img_size=&#8221;500&#215;500&#8243;][\/vc_column_inner][\/vc_row_inner][vc_separator][\/vc_column][\/vc_row][vc_row][vc_column][vc_column_text]<span style=\"line-height: 1.25em; font-size: 38px;\"><span style=\"color: #23395d;\">V\u00e5ra ambitioner och m\u00e5l f\u00f6r en h\u00e5llbar utveckling<\/span><\/span><\/p>\n<p>[\/vc_column_text][vc_column_text]<\/p>\n<h5 style=\"color: #000000; text-align: left;\">H\u00e5llbarhet \u00e4r en integrerad del av v\u00e5r aff\u00e4rsmodell. Som Skandinaviens ledande tillverkare av b\u00e4nkskivor har vi en storlek och ett inflytande som ger oss en unik m\u00f6jlighet att st\u00e5 i fr\u00e4msta ledet och p\u00e5verka marknaden, v\u00e5ra kunder och v\u00e5ra leverant\u00f6rer i en mer h\u00e5llbar riktning. <strong>Vi fokuserar p\u00e5 h\u00e5llbarhet i vid bem\u00e4rkelse, och det p\u00e5verkar allt vi f\u00f6retar oss. Stort som sm\u00e5tt.<\/strong><\/h5>\n<p>[\/vc_column_text][\/vc_column][\/vc_row][vc_row][vc_column][vc_row_inner][vc_column_inner][vc_column_text]<\/p>\n<h3><strong>Vi fokuserar p\u00e5 3 grundl\u00e4ggande v\u00e4rden:<\/strong><\/h3>\n<p>[\/vc_column_text][\/vc_column_inner][\/vc_row_inner][vc_row_inner][vc_column_inner width=&#8221;1\/3&#8243;][vc_single_image image=&#8221;21072&#8243; img_size=&#8221;full&#8221;][vc_column_text]<\/p>\n<h4 style=\"font-size: 20px; text-align: center;\"><strong>VI V\u00c4RNAR OM MILJ\u00d6N<\/strong><\/h4>\n<ul>\n<li>\n<h5 style=\"color: #000000;\">Cirkul\u00e4r design<\/h5>\n<\/li>\n<li>\n<h5 style=\"color: #000000;\">Minskat CO<sub>2<\/sub>-utsl\u00e4pp<\/h5>\n<\/li>\n<li>\n<h5 style=\"color: #000000;\">Minskad vattenf\u00f6rbrukning<\/h5>\n<\/li>\n<li>\n<h5 style=\"color: #000000;\">H\u00e5llbart skogsbruk<\/h5>\n<\/li>\n<\/ul>\n<p>[\/vc_column_text][\/vc_column_inner][vc_column_inner width=&#8221;1\/3&#8243;][vc_single_image image=&#8221;21112&#8243; img_size=&#8221;250&#215;300&#8243; alignment=&#8221;center&#8221; css=&#8221;.vc_custom_1604412263100{padding-top: 6px !important;}&#8221;][vc_column_text]<\/p>\n<h4 style=\"font-size: 20px; text-align: center;\"><strong>VI V\u00c4RNAR OM M\u00c4NNISKOR<\/strong><\/h4>\n<ul>\n<li>\n<h5 style=\"color: #000000;\">Vi st\u00f6djer medarbetarna<\/h5>\n<\/li>\n<li>\n<h5 style=\"color: #000000;\">Vi st\u00f6djer n\u00e4romr\u00e5det<\/h5>\n<\/li>\n<\/ul>\n<p>[\/vc_column_text][\/vc_column_inner][vc_column_inner width=&#8221;1\/3&#8243;][vc_single_image image=&#8221;21075&#8243; img_size=&#8221;500&#215;400&#8243; css=&#8221;.vc_custom_1604329632446{padding-top: 77px !important;}&#8221;][vc_column_text]<\/p>\n<h4 style=\"font-size: 20px; text-align: center;\"><strong>RESPEKTFULL AFF\u00c4RSETIK<\/strong><\/h4>\n<ul>\n<li>\n<h5 style=\"color: #000000;\">Ansvarsfulla medarbetare<\/h5>\n<\/li>\n<li>\n<h5 style=\"color: #000000;\">Ansvarsfullt samarbete med leverant\u00f6rer<\/h5>\n<\/li>\n<\/ul>\n<p>[\/vc_column_text][\/vc_column_inner][\/vc_row_inner][vc_column_text]<\/p>\n<h3><span style=\"color: #1d800e;\">Vi v\u00e4rnar om milj\u00f6n<\/span><\/h3>\n<p>[\/vc_column_text][\/vc_column][\/vc_row][vc_row css=&#8221;.vc_custom_1604567765505{padding-right: 30px !important;padding-bottom: 35px !important;padding-left: 30px !important;background-image: url(https:\/\/www.dfi-geisler.com\/wp-content\/uploads\/2020\/10\/Lys-gr\u00f8n-1.png?id=20812) !important;}&#8221; el_class=&#8221;baeredygtighed-images&#8221;][vc_column][vc_row_inner content_placement=&#8221;top&#8221; css=&#8221;.vc_custom_1604331801492{background-image: url(https:\/\/www.dfi-geisler.com\/wp-content\/uploads\/2020\/11\/hvid-scaled.jpg?id=21076) !important;}&#8221;][vc_column_inner width=&#8221;1\/2&#8243;][vc_single_image image=&#8221;21081&#8243; img_size=&#8221;120&#215;70&#8243; css=&#8221;.vc_custom_1604567817245{padding-bottom: 10px !important;}&#8221;][vc_column_text css=&#8221;&#8221;]<\/p>\n<h4 style=\"color: #000000;\"><strong>Minskat CO<sub>2<\/sub>-utsl\u00e4pp<\/strong><\/h4>\n<h6 style=\"color: #000000 line-height: 2.5em;\">M\u00e5let \u00e4r att s\u00e4nka CO<sub>2<\/sub>-utsl\u00e4ppet med 60 % i 2025.<\/h6>\n<h6 style=\"color: #000000 line-height: 2.5em;\">Utg\u00e5ngsv\u00e4rde 2018 \u2013 1.852 ton<\/h6>\n<h6 style=\"color: #000000 line-height: 2.5em;\">M\u00e5l i 2025 \u2013 740 ton<\/h6>\n<p>[\/vc_column_text][vc_single_image image=&#8221;21094&#8243; img_size=&#8221;110&#215;110&#8243; css=&#8221;.vc_custom_1604567833986{padding-bottom: 10px !important;}&#8221;][vc_column_text css=&#8221;&#8221;]<\/p>\n<h4 style=\"color: #000000;\"><strong>H\u00e5llbart skogsbruk<\/strong><\/h4>\n<h6 style=\"color: #000000 line-height: 2.5em;\">M\u00e5l f\u00f6r 100 % certifierat tr\u00e4, sp\u00e5n och laminat er n\u00e5et<\/h6>\n<h6 style=\"color: #000000 line-height: 2.5em;\">CO<sub>2<\/sub>-kompensation genom skogsplantering i n\u00e4romr\u00e5det.<\/h6>\n<p>[\/vc_column_text][\/vc_column_inner][vc_column_inner width=&#8221;1\/2&#8243;][vc_single_image image=&#8221;21092&#8243; img_size=&#8221;125&#215;70&#8243; css=&#8221;.vc_custom_1604567828993{padding-bottom: 10px !important;}&#8221;][vc_column_text]<\/p>\n<h4 style=\"color: #000000;\"><strong>Cirkul\u00e4r design<\/strong><\/h4>\n<h6 style=\"color: #000000;\">M\u00e5let \u00e4r att minska deponiprodukter och kontinuerligt hitta cirkul\u00e4ra l\u00f6sningar.<\/h6>\n<h6 style=\"color: #000000;\">Alla produkter av laminat och massivt tr\u00e4 kan redan ing\u00e5 i cirkul\u00e4ra produktioner.<\/h6>\n<p>[\/vc_column_text][vc_single_image image=&#8221;21093&#8243; img_size=&#8221;200&#215;110&#8243; css=&#8221;.vc_custom_1604567838769{padding-bottom: 10px !important;}&#8221;][vc_column_text]<\/p>\n<h4 style=\"color: #000000;\"><strong>Minskad vattenf\u00f6rbrukning<\/strong><\/h4>\n<h6 style=\"color: #000000;\">\u00c5tervinningssystem, som minskar vattenf\u00f6rbrukningen med upp till 80 %, har installerats.<\/h6>\n<h6 style=\"color: #000000;\">M\u00f6jligheten att anv\u00e4nda regnvatten unders\u00f6ks.<\/h6>\n<p>&nbsp;<\/p>\n<p>&nbsp;<\/p>\n<p>[\/vc_column_text][\/vc_column_inner][\/vc_row_inner][\/vc_column][\/vc_row][vc_row][vc_column][vc_separator][vc_column_text]<\/p>\n<h3><span style=\"color: #296d98;\">Vi v\u00e4rnar om m\u00e4nniskor<\/span><\/h3>\n<p>[\/vc_column_text][\/vc_column][\/vc_row][vc_row css=&#8221;.vc_custom_1604567747731{padding-right: 30px !important;padding-bottom: 35px !important;padding-left: 30px !important;background-image: url(https:\/\/www.dfi-geisler.com\/wp-content\/uploads\/2020\/10\/lys-bl\u00e5.png?id=20782) !important;}&#8221; el_class=&#8221;baeredygtighed-images&#8221;][vc_column][vc_row_inner content_placement=&#8221;top&#8221; css=&#8221;.vc_custom_1604331801492{background-image: url(https:\/\/www.dfi-geisler.com\/wp-content\/uploads\/2020\/11\/hvid-scaled.jpg?id=21076) !important;}&#8221;][vc_column_inner width=&#8221;1\/2&#8243;][vc_single_image image=&#8221;21097&#8243; img_size=&#8221;100&#215;75&#8243; css=&#8221;.vc_custom_1604567844548{padding-bottom: 10px !important;}&#8221;][vc_column_text css=&#8221;&#8221;]<\/p>\n<h4 style=\"color: #000000;\"><strong>Arbetsskador<\/strong><\/h4>\n<h6 style=\"color: #000000 line-height: 2.5em;\">Det eviga m\u00e5let: 0 skador om \u00e5ret<\/h6>\n<h6 style=\"color: #000000 line-height: 2.5em;\">Resultat 2024 \u2013 3 skada<\/h6>\n<p>[\/vc_column_text][vc_single_image image=&#8221;21115&#8243; img_size=&#8221;90&#215;90&#8243; css=&#8221;.vc_custom_1604567855187{padding-bottom: 10px !important;}&#8221;][vc_column_text]<\/p>\n<h4 style=\"color: #000000;\"><strong>Medarbetarn\u00f6jdhet<\/strong><\/h4>\n<h6 style=\"color: #000000 line-height: 2.5em;\">Varje \u00e5r deltar vi i koncernens medarbetarunders\u00f6kning\u00a0 &#8211; Great Place to Work.<\/h6>\n<h6 style=\"color: #000000 line-height: 2.5em;\">Safety first \u00e4r alltid f\u00f6rsta prioritet<\/h6>\n<p>&nbsp;<\/p>\n<p>[\/vc_column_text][\/vc_column_inner][vc_column_inner width=&#8221;1\/2&#8243;][vc_single_image image=&#8221;21114&#8243; img_size=&#8221;160&#215;75&#8243; css=&#8221;.vc_custom_1604567849506{padding-bottom: 10px !important;}&#8221;][vc_column_text]<\/p>\n<h4 style=\"color: #000000;\"><strong>N\u00e4romr\u00e5det<\/strong><\/h4>\n<h6 style=\"color: #000000;\">Varje \u00e5r st\u00f6djer vi lokala idrottsklubbar, evenemang och v\u00e4lg\u00f6renhet.<\/h6>\n<h6 style=\"color: #000000;\">Vi har planterat v\u00e5r f\u00f6rsta f\u00f6retagsskog p\u00e5 Mors<\/h6>\n<p>[\/vc_column_text][vc_single_image image=&#8221;22607&#8243; img_size=&#8221;300&#215;300&#8243; alignment=&#8221;center&#8221; css=&#8221;.vc_custom_1614253382095{padding-top: 30px !important;}&#8221;][\/vc_column_inner][\/vc_row_inner][\/vc_column][\/vc_row][vc_row][vc_column][vc_column_text]<\/p>\n<h3><span style=\"color: #e47127;\">Respektfull aff\u00e4rsetik<\/span><\/h3>\n<p>[\/vc_column_text][\/vc_column][\/vc_row][vc_row css=&#8221;.vc_custom_1604568013155{padding-right: 30px !important;padding-bottom: 35px !important;padding-left: 30px !important;background-image: url(https:\/\/www.dfi-geisler.com\/wp-content\/uploads\/2020\/11\/orange-lys.png?id=21128) !important;}&#8221; el_class=&#8221;baeredygtighed-images&#8221;][vc_column][vc_row_inner content_placement=&#8221;top&#8221; css=&#8221;.vc_custom_1604331801492{background-image: url(https:\/\/www.dfi-geisler.com\/wp-content\/uploads\/2020\/11\/hvid-scaled.jpg?id=21076) !important;}&#8221;][vc_column_inner width=&#8221;1\/2&#8243;][vc_single_image image=&#8221;21129&#8243; img_size=&#8221;110&#215;100&#8243; css=&#8221;.vc_custom_1604567957248{padding-bottom: 10px !important;background-position: center !important;background-repeat: no-repeat !important;background-size: contain !important;}&#8221;][vc_column_text css=&#8221;&#8221;]<\/p>\n<h4 style=\"color: #000000;\"><strong>Code of Conduct \u2013 leverant\u00f6rer<\/strong><\/h4>\n<h6 style=\"color: #000000 line-height: 2.5em;\">M\u00e5l 2025: Alla leverant\u00f6rer &gt; 100t. dkk har undertecknat Code of Conduct<\/h6>\n<h6 style=\"color: #000000 line-height: 2.5em;\">Utg\u00e5ngsv\u00e4rde 2019: &gt; 1 milj. dkk<\/h6>\n<p>[\/vc_column_text][\/vc_column_inner][vc_column_inner width=&#8221;1\/2&#8243;][vc_single_image image=&#8221;21131&#8243; img_size=&#8221;100&#215;100&#8243; css=&#8221;.vc_custom_1604567961490{padding-bottom: 10px !important;}&#8221;][vc_column_text]<\/p>\n<h4 style=\"color: #000000;\"><strong>Code of Conduct \u2013 medarbetare<\/strong><\/h4>\n<h6 style=\"color: #000000;\">Alla medarbetare undertecknar uppf\u00f6randekoden (Code of Conduct) vid anst\u00e4llning.<\/h6>\n<p>[\/vc_column_text][\/vc_column_inner][\/vc_row_inner][vc_separator][\/vc_column][\/vc_row][vc_row][vc_column][vc_column_text]<span style=\"line-height: 1.25em; font-size: 38px;\"><span style=\"color: #000000;\">En del av Ballingsl\u00f6v International<\/span><\/span><\/p>\n<p>[\/vc_column_text][vc_row_inner][vc_column_inner width=&#8221;1\/2&#8243;][vc_column_text css=&#8221;&#8221;]<\/p>\n<h5 style=\"color: #000000; text-align: left;\">Som varande en del av den internationella k\u00f6kskoncernen Ballingsl\u00f6v International, f\u00f6ljer vi koncernens \u00f6vergripande h\u00e5llbarhetsstrategi. Dessutom f\u00f6ljer vi v\u00e5rt hj\u00e4rta och sunt f\u00f6rnuft, som \u00e4r en sj\u00e4lvklar sak av att vara m\u00e4nniska och ett f\u00f6retag p\u00e5 Limfjords\u00f6n Mors.<\/h5>\n<h5 style=\"color: #000000; text-align: left;\">L\u00e4s Ballingsl\u00f6v Internationals h\u00e5llbarhetsrapport <a style=\"color: #3792cb;\" href=\"https:\/\/www.flipsnack.com\/dfigeisler\/se_ballingslov_hallbarhetsrapport_2024\/full-view.html\" target=\"_blank\" rel=\"noopener\">h\u00e4r<\/a><\/h5>\n<p>[\/vc_column_text][\/vc_column_inner][vc_column_inner width=&#8221;1\/2&#8243;][vc_single_image image=&#8221;34922&#8243; img_size=&#8221;300&#215;420&#8243; alignment=&#8221;center&#8221; style=&#8221;vc_box_shadow_3d&#8221; onclick=&#8221;custom_link&#8221; css=&#8221;&#8221; link=&#8221;https:\/\/www.flipsnack.com\/dfigeisler\/se_ballingslov_hallbarhetsrapport_2024\/full-view.html&#8221;][\/vc_column_inner][\/vc_row_inner][\/vc_column][\/vc_row]<\/p>\n<\/div>","protected":false},"excerpt":{"rendered":"<p>[vc_row full_width=&#8221;stretch_row&#8221; css=&#8221;.vc_custom_1604312388903{background-image: url(https:\/\/www.dfi-geisler.com\/wp-content\/uploads\/2020\/11\/BLAD-scaled.jpg?id=21059) !important;background-position: center !important;background-repeat: no-repeat !important;background-size: cover !important;}&#8221;][vc_column][vc_column_text]V\u00c5R STRATEGI F\u00d6R H\u00c5LLBARHET [\/vc_column_text][vc_empty_space height=&#8221;100&#8243;][\/vc_column][\/vc_row][vc_row][vc_column][vc_column_text]Mot en h\u00e5llbar framtid [\/vc_column_text][vc_column_text] H\u00e5llbarhet handlar om balans. I v\u00e5r<\/p>\n","protected":false},"author":717,"featured_media":0,"parent":0,"menu_order":0,"comment_status":"closed","ping_status":"closed","template":"","meta":{"_monsterinsights_skip_tracking":false,"_monsterinsights_sitenote_active":false,"_monsterinsights_sitenote_note":"","_monsterinsights_sitenote_category":0,"footnotes":""},"class_list":["post-20700","page","type-page","status-publish","hentry"],"aioseo_notices":[],"_links":{"self":[{"href":"https:\/\/www.dfi-geisler.com\/sv\/wp-json\/wp\/v2\/pages\/20700","targetHints":{"allow":["GET"]}}],"collection":[{"href":"https:\/\/www.dfi-geisler.com\/sv\/wp-json\/wp\/v2\/pages"}],"about":[{"href":"https:\/\/www.dfi-geisler.com\/sv\/wp-json\/wp\/v2\/types\/page"}],"author":[{"embeddable":true,"href":"https:\/\/www.dfi-geisler.com\/sv\/wp-json\/wp\/v2\/users\/717"}],"replies":[{"embeddable":true,"href":"https:\/\/www.dfi-geisler.com\/sv\/wp-json\/wp\/v2\/comments?post=20700"}],"version-history":[{"count":69,"href":"https:\/\/www.dfi-geisler.com\/sv\/wp-json\/wp\/v2\/pages\/20700\/revisions"}],"predecessor-version":[{"id":36505,"href":"https:\/\/www.dfi-geisler.com\/sv\/wp-json\/wp\/v2\/pages\/20700\/revisions\/36505"}],"wp:attachment":[{"href":"https:\/\/www.dfi-geisler.com\/sv\/wp-json\/wp\/v2\/media?parent=20700"}],"curies":[{"name":"wp","href":"https:\/\/api.w.org\/{rel}","templated":true}]}}