
{"id":20696,"date":"2020-10-30T11:30:46","date_gmt":"2020-10-30T10:30:46","guid":{"rendered":"https:\/\/www.dfi-geisler.com\/?page_id=20696"},"modified":"2023-08-22T10:11:19","modified_gmt":"2023-08-22T09:11:19","slug":"vi-passer-paa-miljoeet","status":"publish","type":"page","link":"https:\/\/www.dfi-geisler.com\/sv\/vi-passer-paa-miljoeet\/","title":{"rendered":"S\u00e5 v\u00e4rnar vi om milj\u00f6n p\u00e5 DFI-Geisler"},"content":{"rendered":"<div class=\"wpb-content-wrapper\"><p>[vc_row full_width=&#8221;stretch_row_content&#8221; css=&#8221;.vc_custom_1604054794978{padding-bottom: 0px !important;background-image: url(https:\/\/www.dfi-geisler.com\/wp-content\/uploads\/2020\/10\/pexels-rudolf-jakkel-418831-scaled.jpg?id=20847) !important;background-position: center !important;background-repeat: no-repeat !important;background-size: cover !important;}&#8221;][vc_column css=&#8221;.vc_custom_1603984345981{padding-top: 0px !important;}&#8221;][vc_empty_space height=&#8221;250&#8243;][vc_custom_heading text=&#8221;S\u00e5 v\u00e4rnar vi om milj\u00f6n p\u00e5 DFI-Geisler&#8221; font_container=&#8221;tag:h2|font_size:70|text_align:center|color:%23ffffff|line_height:1&#8243; google_fonts=&#8221;font_family:Lato%3A100%2C100italic%2C300%2C300italic%2Cregular%2Citalic%2C700%2C700italic%2C900%2C900italic|font_style:400%20regular%3A400%3Anormal&#8221; css_animation=&#8221;fadeInDown&#8221; css=&#8221;.vc_custom_1613658194480{padding-top: 20px !important;}&#8221;][vc_empty_space height=&#8221;150&#8243;][\/vc_column][\/vc_row][vc_row][vc_column][vc_empty_space height=&#8221;0&#8243;][\/vc_column][\/vc_row][vc_row][vc_column css=&#8221;.vc_custom_1604053222203{background-image: url(https:\/\/www.dfi-geisler.com\/wp-content\/uploads\/2020\/10\/lys-bl\u00e5.png?id=20782) !important;}&#8221;][vc_row_inner][vc_column_inner width=&#8221;1\/2&#8243;][vc_column_text]<\/p>\n<h3><span style=\"color: #000000;\">Vi har planterat v\u00e5r f\u00f6rsta f\u00f6retagsskog p\u00e5 Mors<\/span><\/h3>\n<p>[\/vc_column_text][vc_column_text]<\/p>\n<h5 style=\"text-align: left;\"><span style=\"color: #000000;\">Som f\u00f6retag har vi ett ansvar f\u00f6r att tillf\u00f6ra naturen nya resurser, i och med att vi samtidigt anv\u00e4nder oss av naturen i v\u00e5ra produkter.<\/span><\/h5>\n<h5 style=\"text-align: left;\"><span style=\"color: #000000;\">Och d\u00e4rf\u00f6r har vi nu planterat en lokal DFI-GEISLER f\u00f6retagsskog. En l\u00f6vskog med 33 500 tr\u00e4d p\u00e5 cirka 9 hektar.<\/span><\/h5>\n<h5 style=\"text-align: left;\"><span style=\"color: #000000;\">Tanken om en skog uppstod n\u00e4r vi f\u00f6r n\u00e5gra \u00e5r sedan best\u00e4mde oss f\u00f6r att plantera ett tr\u00e4d f\u00f6r varje s\u00e5ld b\u00e4nkskiva i tr\u00e4. Vi inledde i Khasi Hills i Indien.<\/span><\/h5>\n<h5 style=\"text-align: left;\"><span style=\"color: #000000;\">Men vi ville g\u00f6ra det i v\u00e5r n\u00e4rmilj\u00f6!<br \/>\nTill nytta och n\u00f6je f\u00f6r den plats d\u00e4r vi h\u00f6r hemma \u2013 \u00f6n i Limfjorden \u2013 Mors!<br \/>\n\u2026 och vi lyckades<br \/>\n<\/span><\/h5>\n<p>[\/vc_column_text][vc_separator color=&#8221;orange&#8221; border_width=&#8221;2&#8243;][vc_column_text]<strong><a href=\"https:\/\/www.dfi-geisler.com\/vi-har-plantet-den-foerste-firmaskov-paa-mors\/\" target=\"_blank\" rel=\"noopener\"><span style=\"color: #000000;\">L\u00e4s mer h\u00e4r &gt;&gt;<\/span><\/a><\/strong>[\/vc_column_text][\/vc_column_inner][vc_column_inner width=&#8221;1\/2&#8243;][vc_empty_space height=&#8221;80px&#8221;][vc_single_image image=&#8221;25965&#8243; img_size=&#8221;full&#8221; style=&#8221;vc_box_shadow&#8221; onclick=&#8221;custom_link&#8221; link=&#8221;http:\/\/https:\/\/www.dfi-geisler.com\/vi-har-plantet-den-foerste-firmaskov-paa-mors\/&#8221;][\/vc_column_inner][\/vc_row_inner][\/vc_column][vc_column][vc_empty_space][\/vc_column][\/vc_row][vc_row][vc_column css=&#8221;.vc_custom_1604047939952{background-image: url(https:\/\/www.dfi-geisler.com\/wp-content\/uploads\/2020\/10\/baggrund.png?id=20792) !important;}&#8221;][vc_row_inner][vc_column_inner width=&#8221;1\/2&#8243;][vc_column_text]<\/p>\n<h3><strong>Vatten\u00e5tervinning<\/strong><\/h3>\n<h3><strong>(Water Recyling)<\/strong><\/h3>\n<h3><\/h3>\n<p>[\/vc_column_text][vc_column_text]<\/p>\n<h5 style=\"text-align: left;\"><span style=\"color: #000000;\">I juni 2020 tog vi v\u00e5r nya vatten\u00e5tervinningsanl\u00e4ggning i bruk. Anl\u00e4ggningen omfattar en bufferttank som rymmer hela 17.000 liter. I framtiden kommer vi d\u00e4rf\u00f6r att \u00e5teranv\u00e4nda vatten som motsvarar den \u00e5rliga f\u00f6rbrukningen hos 100 hush\u00e5ll.<\/span><\/h5>\n<h5 style=\"text-align: left;\"><span style=\"color: #000000;\">M\u00e5let \u00e4r att minska vattenf\u00f6rbrukningen fr\u00e5n sk\u00e4rverktygen i v\u00e5r stenavdelning med minst 80 procent. Det gynnar inte bara milj\u00f6n, det ger ocks\u00e5 svarta siffror p\u00e5 nedersta raden i bokslutet. Var det n\u00e5gon som sa win-win?<\/span><\/h5>\n<p>[\/vc_column_text][vc_separator color=&#8221;sandy_brown&#8221; border_width=&#8221;2&#8243;][vc_column_text]<strong><a href=\"https:\/\/www.dfi-geisler.com\/sv\/water-recyling\/\" target=\"_blank\" rel=\"noopener\"><span style=\"color: #000000;\">L\u00e4s mer h\u00e4r &gt;&gt;<\/span><\/a><\/strong>[\/vc_column_text][\/vc_column_inner][vc_column_inner width=&#8221;1\/2&#8243;][vc_empty_space][vc_single_image image=&#8221;20790&#8243; img_size=&#8221;550&#215;400&#8243; style=&#8221;vc_box_shadow&#8221;][\/vc_column_inner][\/vc_row_inner][\/vc_column][vc_column][vc_empty_space][\/vc_column][\/vc_row][vc_row][vc_column css=&#8221;.vc_custom_1604049933008{background-image: url(https:\/\/www.dfi-geisler.com\/wp-content\/uploads\/2020\/10\/gr\u00e5.png?id=20808) !important;}&#8221;][vc_row_inner][vc_column_inner width=&#8221;1\/2&#8243;][vc_column_text]<\/p>\n<h3><span style=\"color: #000080;\">\u00c5tervinning \u00e4r sunt f\u00f6rnuft<\/span><\/h3>\n<p>[\/vc_column_text][vc_column_text]<\/p>\n<h5 style=\"text-align: left;\"><span style=\"color: #000000;\">DFI-Geisler producerar \u00e5rligen omkring 60.000 upps\u00e4ttningar b\u00e4nkskivor i laminat. Allt restmaterial fr\u00e5n produktionen skickas till Djursland, d\u00e4r f\u00f6retaget Kronospan \u2013 Novopan Tr\u00e6industri, omvandlar avfallet till nya sp\u00e5nskivor. D\u00e4refter transporteras de tillbaka till Mors f\u00f6r att bli nya b\u00e4nkskivor. Och s\u00e5 vidare &#8230; Och s\u00e5 vidare &#8230; <\/span><\/h5>\n<h5 style=\"text-align: left;\"><span style=\"color: #000000;\">I dag anv\u00e4nder och \u00e5tervinner vi n\u00e4ra nog allt v\u00e5rt tr\u00e4spill. 8 av 10 b\u00e4nkskivor i laminat fr\u00e5n DFI-Geisler har s\u00e5ledes haft \u201dett tidigare liv\u201d.<\/span><\/h5>\n<p>[\/vc_column_text][vc_separator color=&#8221;blue&#8221; border_width=&#8221;2&#8243;][vc_column_text]<strong><a href=\"https:\/\/www.dfi-geisler.com\/sv\/genanvendelse-er-sund-fornuft\/\" target=\"_blank\" rel=\"noopener\"><span style=\"color: #000080;\">L\u00e4s mer h\u00e4r &gt;&gt;<\/span><\/a><\/strong>[\/vc_column_text][\/vc_column_inner][vc_column_inner width=&#8221;1\/2&#8243;][vc_empty_space][vc_single_image image=&#8221;22136&#8243; img_size=&#8221;550&#215;400&#8243; style=&#8221;vc_box_shadow&#8221;][\/vc_column_inner][\/vc_row_inner][\/vc_column][\/vc_row][vc_row][vc_column][vc_empty_space][\/vc_column][\/vc_row][vc_row][vc_column css=&#8221;.vc_custom_1604050795360{background-image: url(https:\/\/www.dfi-geisler.com\/wp-content\/uploads\/2020\/10\/Lys-gr\u00f8n-1.png?id=20812) !important;}&#8221;][vc_row_inner][vc_column_inner width=&#8221;1\/2&#8243;][vc_column_text]<\/p>\n<h3><span style=\"color: #006400;\">Gr\u00f6nare b\u00e4nkskivor<\/span><\/h3>\n<p>[\/vc_column_text][vc_column_text]<\/p>\n<h5 style=\"text-align: left;\"><span style=\"color: #000000;\">Som de f\u00f6rsta i Danmark anv\u00e4nder DFI-Geisler uteslutande FSC\u00ae-certifierade sp\u00e5nskivor i produktionen av laminatb\u00e4nkskivor. Och med n\u00e4stan 60.000 upps\u00e4ttningar b\u00e4nkskivor om \u00e5ret, \u00e4r det ett stort steg p\u00e5 v\u00e4gen mot \u00e4nnu mer h\u00e5llbar och transparent produktion.<\/span><\/h5>\n<h5 style=\"text-align: left;\"><span style=\"color: #000000;\">F\u00f6rutom laminatb\u00e4nkskivorna \u00e4r \u00e4ven v\u00e5ra b\u00e4nkskivor i massivt tr\u00e4 FSC- certifierade. Vi bidrar d\u00e4rmed till att skydda naturen och de sociala v\u00e4rdena i skogarna som virket kommer fr\u00e5n.<\/span><\/h5>\n<p>[\/vc_column_text][vc_separator color=&#8221;green&#8221; border_width=&#8221;2&#8243;][vc_column_text]<strong><a href=\"https:\/\/www.dfi-geisler.com\/sv\/groennere-bordplader\/\" target=\"_blank\" rel=\"noopener\"><span style=\"color: #006400;\">L\u00e4s mer h\u00e4r &gt;&gt;<\/span><\/a><\/strong>[\/vc_column_text][\/vc_column_inner][vc_column_inner width=&#8221;1\/2&#8243;][vc_empty_space][vc_single_image image=&#8221;20851&#8243; img_size=&#8221;600&#215;420&#8243; style=&#8221;vc_box_shadow&#8221;][\/vc_column_inner][\/vc_row_inner][\/vc_column][vc_column][vc_empty_space][\/vc_column][\/vc_row][vc_row disable_element=&#8221;yes&#8221;][vc_column css=&#8221;.vc_custom_1604052761623{background-image: url(https:\/\/www.dfi-geisler.com\/wp-content\/uploads\/2020\/10\/lys-m\u00f8rk-gr\u00f8n-1.png?id=20833) !important;}&#8221;][vc_row_inner][vc_column_inner width=&#8221;1\/2&#8243;][vc_column_text]<\/p>\n<h3><span style=\"color: #66a266;\">7 000 tr\u00e4d i Khasi Hills<\/span><\/h3>\n<p>[\/vc_column_text][vc_column_text]<\/p>\n<h5 style=\"text-align: left;\"><span style=\"color: #000000;\">Tillsammans med WeForest har DFI-Geisler planterat 7.000 tr\u00e4d i Khasi Hills i Indien. De m\u00e5nga tr\u00e4den absorberar CO<sub>2<\/sub> och \u00f6kar den biologiska m\u00e5ngfalden.<\/span><\/h5>\n<h5 style=\"text-align: left;\"><span style=\"color: #000000;\">F\u00f6rutom att \u00e5terst\u00e4lla de naturliga skogsomr\u00e5dena syftar projektet till att skapa en mer h\u00e5llbar livsstil och ekonomi f\u00f6r lokalbefolkningen. De 7.000 tr\u00e4den bidrar med andra ord till att omr\u00e5dets biologiska m\u00e5ngfald och Khasi kan blomstra i \u00f6msesidig gemenskap.<\/span><\/h5>\n<p>[\/vc_column_text][vc_separator color=&#8221;green&#8221; border_width=&#8221;2&#8243;][vc_column_text]<strong><a href=\"https:\/\/www.dfi-geisler.com\/sv\/sustainability\/\" target=\"_blank\" rel=\"noopener\"><span style=\"color: #66a266;\">L\u00e4s mer h\u00e4r &gt;&gt;<\/span><\/a><\/strong>[\/vc_column_text][\/vc_column_inner][vc_column_inner width=&#8221;1\/2&#8243;][vc_empty_space][vc_single_image image=&#8221;20837&#8243; img_size=&#8221;600&#215;420&#8243; style=&#8221;vc_box_shadow&#8221;][\/vc_column_inner][\/vc_row_inner][\/vc_column][vc_column][vc_empty_space][\/vc_column][\/vc_row][vc_row disable_element=&#8221;yes&#8221;][vc_column css=&#8221;.vc_custom_1604053222203{background-image: url(https:\/\/www.dfi-geisler.com\/wp-content\/uploads\/2020\/10\/lys-bl\u00e5.png?id=20782) !important;}&#8221;][vc_row_inner][vc_column_inner width=&#8221;1\/2&#8243;][vc_column_text]<\/p>\n<h3><span style=\"color: #000000;\">20.000 nya tr\u00e4d p\u00e5 Mors<\/span><\/h3>\n<p>[\/vc_column_text][vc_column_text]<\/p>\n<h5 style=\"text-align: left;\"><span style=\"color: #000000;\">P\u00e5 DFI-Geisler \u00e4r vi helt beroende av det material vi f\u00e5r fr\u00e5n naturen. Och d\u00e4rf\u00f6r vill vi ocks\u00e5 ge n\u00e5got tillbaka.<\/span><\/h5>\n<h5 style=\"text-align: left;\"><span style=\"color: #000000;\">Mer specifikt planerar vi att plantera en helt ny skog med 20.000 tr\u00e4d p\u00e5 Mors. Detta kommer att vara bra f\u00f6r naturen p\u00e5 Mors och samtidigt minska det totala klimatavtrycket fr\u00e5n DFI-Geisler<\/span><\/h5>\n<p>[\/vc_column_text][vc_separator color=&#8221;orange&#8221; border_width=&#8221;2&#8243;][vc_column_text]<strong><a href=\"https:\/\/www.dfi-geisler.com\/sv\/20-000-nye-traeer-paa-mors\/\" target=\"_blank\" rel=\"noopener\"><span style=\"color: #000000;\">L\u00e4s mer h\u00e4r &gt;&gt;<\/span><\/a><\/strong>[\/vc_column_text][\/vc_column_inner][vc_column_inner width=&#8221;1\/2&#8243;][vc_empty_space][vc_single_image image=&#8221;20842&#8243; img_size=&#8221;600&#215;420&#8243; style=&#8221;vc_box_shadow&#8221;][\/vc_column_inner][\/vc_row_inner][\/vc_column][vc_column][vc_empty_space][\/vc_column][\/vc_row]<\/p>\n<\/div>","protected":false},"excerpt":{"rendered":"<p>[vc_row full_width=&#8221;stretch_row_content&#8221; css=&#8221;.vc_custom_1604054794978{padding-bottom: 0px !important;background-image: url(https:\/\/www.dfi-geisler.com\/wp-content\/uploads\/2020\/10\/pexels-rudolf-jakkel-418831-scaled.jpg?id=20847) !important;background-position: center !important;background-repeat: no-repeat !important;background-size: cover !important;}&#8221;][vc_column css=&#8221;.vc_custom_1603984345981{padding-top: 0px !important;}&#8221;][vc_empty_space height=&#8221;250&#8243;][vc_custom_heading text=&#8221;S\u00e5 v\u00e4rnar vi om milj\u00f6n p\u00e5 DFI-Geisler&#8221; font_container=&#8221;tag:h2|font_size:70|text_align:center|color:%23ffffff|line_height:1&#8243; google_fonts=&#8221;font_family:Lato%3A100%2C100italic%2C300%2C300italic%2Cregular%2Citalic%2C700%2C700italic%2C900%2C900italic|font_style:400%20regular%3A400%3Anormal&#8221;<\/p>\n","protected":false},"author":717,"featured_media":0,"parent":0,"menu_order":0,"comment_status":"closed","ping_status":"closed","template":"","meta":{"_monsterinsights_skip_tracking":false,"_monsterinsights_sitenote_active":false,"_monsterinsights_sitenote_note":"","_monsterinsights_sitenote_category":0,"footnotes":""},"class_list":["post-20696","page","type-page","status-publish","hentry"],"aioseo_notices":[],"_links":{"self":[{"href":"https:\/\/www.dfi-geisler.com\/sv\/wp-json\/wp\/v2\/pages\/20696","targetHints":{"allow":["GET"]}}],"collection":[{"href":"https:\/\/www.dfi-geisler.com\/sv\/wp-json\/wp\/v2\/pages"}],"about":[{"href":"https:\/\/www.dfi-geisler.com\/sv\/wp-json\/wp\/v2\/types\/page"}],"author":[{"embeddable":true,"href":"https:\/\/www.dfi-geisler.com\/sv\/wp-json\/wp\/v2\/users\/717"}],"replies":[{"embeddable":true,"href":"https:\/\/www.dfi-geisler.com\/sv\/wp-json\/wp\/v2\/comments?post=20696"}],"version-history":[{"count":95,"href":"https:\/\/www.dfi-geisler.com\/sv\/wp-json\/wp\/v2\/pages\/20696\/revisions"}],"predecessor-version":[{"id":28320,"href":"https:\/\/www.dfi-geisler.com\/sv\/wp-json\/wp\/v2\/pages\/20696\/revisions\/28320"}],"wp:attachment":[{"href":"https:\/\/www.dfi-geisler.com\/sv\/wp-json\/wp\/v2\/media?parent=20696"}],"curies":[{"name":"wp","href":"https:\/\/api.w.org\/{rel}","templated":true}]}}