
{"id":20694,"date":"2020-10-29T17:18:43","date_gmt":"2020-10-29T16:18:43","guid":{"rendered":"https:\/\/www.dfi-geisler.com\/?page_id=20694"},"modified":"2024-05-02T09:48:08","modified_gmt":"2024-05-02T08:48:08","slug":"vi-passer-paa-vores-medarbejder-og-lokalomraadet","status":"publish","type":"page","link":"https:\/\/www.dfi-geisler.com\/sv\/vi-passer-paa-vores-medarbejder-og-lokalomraadet\/","title":{"rendered":"Vi tar hand om varandra och v\u00e5rt n\u00e4romr\u00e5de"},"content":{"rendered":"<div class=\"wpb-content-wrapper\"><p>[vc_row full_width=&#8221;stretch_row_content&#8221; css=&#8221;.vc_custom_1603987701361{padding-bottom: 0px !important;background-image: url(https:\/\/www.dfi-geisler.com\/wp-content\/uploads\/2020\/10\/DFI_GEISLER_099-scaled.jpg?id=20706) !important;background-position: center !important;background-repeat: no-repeat !important;background-size: cover !important;}&#8221;][vc_column css=&#8221;.vc_custom_1603984345981{padding-top: 0px !important;}&#8221;][vc_empty_space height=&#8221;450&#8243;][vc_custom_heading text=&#8221;VI TAR HAND OM VARANDRA OCH V\u00c5RT N\u00c4ROMR\u00c5DE&#8221; font_container=&#8221;tag:h2|font_size:70|text_align:center|color:%23ffffff|line_height:1&#8243; google_fonts=&#8221;font_family:Lato%3A100%2C100italic%2C300%2C300italic%2Cregular%2Citalic%2C700%2C700italic%2C900%2C900italic|font_style:400%20regular%3A400%3Anormal&#8221; css_animation=&#8221;fadeInDown&#8221; css=&#8221;.vc_custom_1613645568392{padding-top: 20px !important;}&#8221;][vc_empty_space height=&#8221;200&#8243;][\/vc_column][\/vc_row][vc_row][vc_column][vc_separator][\/vc_column][\/vc_row][vc_row][vc_column css=&#8221;.vc_custom_1603990697735{background-image: url(https:\/\/www.dfi-geisler.com\/wp-content\/uploads\/2020\/10\/1188.png?id=20767) !important;}&#8221;][vc_row_inner][vc_column_inner width=&#8221;1\/2&#8243;][vc_column_text]<\/p>\n<h3><strong>En bra arbetsmilj\u00f6<\/strong><\/h3>\n<p>[\/vc_column_text][vc_column_text]<\/p>\n<h5 style=\"text-align: left;\"><span style=\"color: #000000;\">De 160 medarbetarna hos DFI-Geisler \u00e4r v\u00e5r viktigaste tillg\u00e5ng. Och d\u00e4rf\u00f6r tar vi v\u00e4l hand om dem. F\u00f6r att f\u00e5 reda p\u00e5 om vi g\u00f6r det tillr\u00e4ckligt bra, deltar vi varje \u00e5r i v\u00e4rldens st\u00f6rsta medarbetarunders\u00f6kning \u201dGreat Place to Work\u201d.<\/span><\/h5>\n<h5 style=\"text-align: left;\"><span style=\"color: #000000;\">Samtidigt fokuserar vi alltid p\u00e5 h\u00e4lsa, v\u00e4lbefinnande och s\u00e4kerhet p\u00e5 arbetsplatsen. Ett bra exempel p\u00e5 detta \u00e4r r\u00f6relsekonceptet OfficeFit, som ger de kontorsanst\u00e4llda tillg\u00e5ng till olika ergonomiska verktyg, till exempel kontorscyklar.<\/span><\/h5>\n<p>[\/vc_column_text][vc_separator color=&#8221;orange&#8221; border_width=&#8221;2&#8243;][vc_column_text]<strong><a href=\"https:\/\/www.dfi-geisler.com\/sv\/et-godt-arbejdsmiljoe\/\" target=\"_blank\" rel=\"noopener\"><span style=\"color: #000080;\">L\u00e4s mer h\u00e4r &gt;&gt;<\/span><\/a><\/strong><br \/>\n[\/vc_column_text][\/vc_column_inner][vc_column_inner width=&#8221;1\/2&#8243;][vc_empty_space][vc_single_image image=&#8221;20774&#8243; img_size=&#8221;550&#215;400&#8243; style=&#8221;vc_box_shadow&#8221;][\/vc_column_inner][\/vc_row_inner][\/vc_column][vc_column][vc_empty_space][\/vc_column][\/vc_row][vc_row][vc_column css=&#8221;.vc_custom_1603990867215{background-image: url(https:\/\/www.dfi-geisler.com\/wp-content\/uploads\/2020\/10\/1168.png?id=20775) !important;}&#8221;][vc_row_inner][vc_column_inner width=&#8221;1\/2&#8243;][vc_column_text]<\/p>\n<h3><span style=\"color: #00008b;\">Ansvarsfullt f\u00f6retagande<\/span><\/h3>\n<p>[\/vc_column_text][vc_column_text]<\/p>\n<h5 style=\"text-align: left;\"><span style=\"color: #000000;\">B\u00e5de som f\u00f6retag och individ ska man uppf\u00f6ra sig v\u00e4l och behandla andra m\u00e4nniskor p\u00e5 ett r\u00e4ttvist och respektfullt s\u00e4tt.<\/span><\/h5>\n<h5 style=\"text-align: left;\"><span style=\"color: #000000;\">Denna grundl\u00e4ggande inst\u00e4llning har vi fastst\u00e4llt i en uppf\u00f6randekod, Code of Conduct, som alla v\u00e5ra medarbetare har undertecknat. Detsamma g\u00e4ller f\u00f6r de leverant\u00f6rer som \u00e5rligen s\u00e4ljer varor och tj\u00e4nster till DFI-Geisler f\u00f6r ett visst belopp.<\/span><\/h5>\n<p>&nbsp;<\/p>\n<p>&nbsp;<\/p>\n<p>[\/vc_column_text][vc_separator color=&#8221;blue&#8221; border_width=&#8221;2&#8243;][vc_column_text]<strong><a href=\"https:\/\/www.dfi-geisler.com\/sv\/ansvarlig-forretningsadfaerd\/\" target=\"_blank\" rel=\"noopener\"><span style=\"color: #00008b;\">L\u00e4s mer h\u00e4r &gt;&gt;<\/span><\/a><\/strong>[\/vc_column_text][\/vc_column_inner][vc_column_inner width=&#8221;1\/2&#8243;][vc_empty_space][vc_single_image image=&#8221;28590&#8243; img_size=&#8221;550&#215;400&#8243; style=&#8221;vc_box_shadow&#8221;][\/vc_column_inner][\/vc_row_inner][\/vc_column][\/vc_row][vc_row][vc_column][vc_empty_space][\/vc_column][\/vc_row][vc_row][vc_column css=&#8221;.vc_custom_1603991555688{background-image: url(https:\/\/www.dfi-geisler.com\/wp-content\/uploads\/2020\/10\/gr\u00e5-lys.png?id=20777) !important;}&#8221;][vc_row_inner][vc_column_inner width=&#8221;1\/2&#8243;][vc_column_text]<\/p>\n<h3><span style=\"color: #00000;\">Vi st\u00f6djer lokalsamh\u00e4llet<\/span><\/h3>\n<p>[\/vc_column_text][vc_column_text]<\/p>\n<h5 style=\"text-align: left;\"><span style=\"color: #000000;\">F\u00f6r DFI-Geisler ligger det ett stort v\u00e4rde i att ha hemvisten p\u00e5 Mors. Och eftersom de flesta av v\u00e5ra 160 anst\u00e4llda kommer fr\u00e5n omr\u00e5det, ger vi sj\u00e4lvklart v\u00e5rt bidrag till lokala aktiviteter som k\u00e4nns vettiga.<\/span><\/h5>\n<h5 style=\"text-align: left;\"><span style=\"color: #000000;\">Samtidigt st\u00f6ttar vi med stor gl\u00e4dje omr\u00e5dets unga, beg\u00e5vade och ambiti\u00f6sa talanger. Vi har bland annat gett v\u00e5rt st\u00f6d till den lokala schackspelaren Jesper Thybo, precis som vi f\u00f6r n\u00e4rvarande bland annat st\u00f6ttar handbollsklubben Mors-Thy H\u00e5ndbold, motorcross\u00e5karen Daniel Djernis Nielsen, Kulturm\u00f8det Mors, fotbollslaget FC Thy Piger och Mors\u00f8 Golfklub.<\/span><\/h5>\n<p>[\/vc_column_text][vc_separator color=&#8221;black&#8221; border_width=&#8221;2&#8243;][vc_column_text]<strong><a href=\"https:\/\/www.dfi-geisler.com\/sv\/vi-stoetter-lokalsamfundet\/\" target=\"_blank\" rel=\"noopener\"><span style=\"color: #000000;\">L\u00e4s mer h\u00e4r &gt;&gt;<\/span><\/a><\/strong>[\/vc_column_text][\/vc_column_inner][vc_column_inner width=&#8221;1\/2&#8243;][vc_empty_space][vc_single_image image=&#8221;20781&#8243; img_size=&#8221;600&#215;420&#8243; style=&#8221;vc_box_shadow&#8221;][\/vc_column_inner][\/vc_row_inner][\/vc_column][vc_column][vc_empty_space][\/vc_column][\/vc_row][vc_row][vc_column css=&#8221;.vc_custom_1603993039853{background-image: url(https:\/\/www.dfi-geisler.com\/wp-content\/uploads\/2020\/10\/lys-bl\u00e5.png?id=20782) !important;}&#8221;][vc_row_inner][vc_column_inner width=&#8221;1\/2&#8243;][vc_column_text]<\/p>\n<h3><span style=\"color: #000080;\">Ny folkskog<\/span><\/h3>\n<p>[\/vc_column_text][vc_column_text]<\/p>\n<h5 style=\"text-align: left;\"><span style=\"color: #000000;\">Som ytterligare ett initiativ i anstr\u00e4ngningarna med att minska v\u00e5rt CO<sub>2<\/sub>-avtryck planerar vi att plantera en folkskog p\u00e5 Mors. Och m\u00e4rk v\u00e4l, en skog f\u00f6r alla (annars skulle det inte vara en folkskog).<\/span><\/h5>\n<h5 style=\"text-align: left;\"><span style=\"color: #000000;\">Vi vill bidra till att minska klimatavtrycket, och d\u00e4rf\u00f6r t\u00e4nker vi anl\u00e4gga en f\u00f6retagsskog\/folkskog, som ska vara tillg\u00e4nglig f\u00f6r alla.<\/span><\/h5>\n<h5 style=\"text-align: left;\"><span style=\"color: #000000;\">Projektet \u00e4r f\u00f6r n\u00e4rvarande under utveckling i n\u00e4ra dialog med Growing Tree Network Foundation, som \u00e4r k\u00e4nda just f\u00f6r att plantera folkskogar i Danmark.<\/span><\/h5>\n<p>[\/vc_column_text][vc_separator color=&#8221;blue&#8221; border_width=&#8221;2&#8243;][vc_column_text]<strong><a href=\"https:\/\/www.dfi-geisler.com\/sv\/20-000-nye-traeer-paa-mors\/\" target=\"_blank\" rel=\"noopener\"><span style=\"color: #000080;\">L\u00e4s mer h\u00e4r &gt;&gt;<\/span><\/a><\/strong>[\/vc_column_text][\/vc_column_inner][vc_column_inner width=&#8221;1\/2&#8243;][vc_empty_space][vc_single_image image=&#8221;22175&#8243; img_size=&#8221;600&#215;420&#8243; style=&#8221;vc_box_shadow&#8221;][\/vc_column_inner][\/vc_row_inner][\/vc_column][vc_column][vc_empty_space][\/vc_column][\/vc_row]<\/p>\n<\/div>","protected":false},"excerpt":{"rendered":"<p>[vc_row full_width=&#8221;stretch_row_content&#8221; css=&#8221;.vc_custom_1603987701361{padding-bottom: 0px !important;background-image: url(https:\/\/www.dfi-geisler.com\/wp-content\/uploads\/2020\/10\/DFI_GEISLER_099-scaled.jpg?id=20706) !important;background-position: center !important;background-repeat: no-repeat !important;background-size: cover !important;}&#8221;][vc_column css=&#8221;.vc_custom_1603984345981{padding-top: 0px !important;}&#8221;][vc_empty_space height=&#8221;450&#8243;][vc_custom_heading text=&#8221;VI TAR HAND OM VARANDRA OCH V\u00c5RT N\u00c4ROMR\u00c5DE&#8221; font_container=&#8221;tag:h2|font_size:70|text_align:center|color:%23ffffff|line_height:1&#8243;<\/p>\n","protected":false},"author":717,"featured_media":0,"parent":0,"menu_order":0,"comment_status":"closed","ping_status":"closed","template":"","meta":{"_monsterinsights_skip_tracking":false,"_monsterinsights_sitenote_active":false,"_monsterinsights_sitenote_note":"","_monsterinsights_sitenote_category":0,"footnotes":""},"class_list":["post-20694","page","type-page","status-publish","hentry"],"aioseo_notices":[],"_links":{"self":[{"href":"https:\/\/www.dfi-geisler.com\/sv\/wp-json\/wp\/v2\/pages\/20694","targetHints":{"allow":["GET"]}}],"collection":[{"href":"https:\/\/www.dfi-geisler.com\/sv\/wp-json\/wp\/v2\/pages"}],"about":[{"href":"https:\/\/www.dfi-geisler.com\/sv\/wp-json\/wp\/v2\/types\/page"}],"author":[{"embeddable":true,"href":"https:\/\/www.dfi-geisler.com\/sv\/wp-json\/wp\/v2\/users\/717"}],"replies":[{"embeddable":true,"href":"https:\/\/www.dfi-geisler.com\/sv\/wp-json\/wp\/v2\/comments?post=20694"}],"version-history":[{"count":95,"href":"https:\/\/www.dfi-geisler.com\/sv\/wp-json\/wp\/v2\/pages\/20694\/revisions"}],"predecessor-version":[{"id":30547,"href":"https:\/\/www.dfi-geisler.com\/sv\/wp-json\/wp\/v2\/pages\/20694\/revisions\/30547"}],"wp:attachment":[{"href":"https:\/\/www.dfi-geisler.com\/sv\/wp-json\/wp\/v2\/media?parent=20694"}],"curies":[{"name":"wp","href":"https:\/\/api.w.org\/{rel}","templated":true}]}}