
{"id":1787,"date":"2017-03-23T14:06:20","date_gmt":"2017-03-23T14:06:20","guid":{"rendered":"http:\/\/dfigeisler.grafikr.dk\/?page_id=1787"},"modified":"2024-04-26T09:15:03","modified_gmt":"2024-04-26T08:15:03","slug":"staal-sortiment","status":"publish","type":"page","link":"https:\/\/www.dfi-geisler.com\/sv\/staal-sortiment\/","title":{"rendered":"St\u00e5l Sortiment"},"content":{"rendered":"<div class=\"wpb-content-wrapper\"><p>[vc_row full_width=&#8221;stretch_row_content&#8221; css=&#8221;.vc_custom_1588681831247{padding-top: 100px !important;padding-bottom: 100px !important;background: #676767 url(https:\/\/www.dfi-geisler.com\/wp-content\/uploads\/2020\/05\/Laminat-arm-wide-m\u00f8rk-scaled.jpg?id=19666) !important;background-position: center !important;background-repeat: no-repeat !important;background-size: cover !important;}&#8221;][vc_column][vc_custom_heading text=&#8221;St\u00e5l&#8221; font_container=&#8221;tag:h2|text_align:center|color:%23ffffff&#8221; google_fonts=&#8221;font_family:Lato%3A100%2C100italic%2C300%2C300italic%2Cregular%2Citalic%2C700%2C700italic%2C900%2C900italic|font_style:400%20regular%3A400%3Anormal&#8221;][vc_column_text]<\/p>\n<h5 style=\"text-align: center;\"><span style=\"color: #ffffff;\">Handgjorda b\u00e4nkskivor i rostfritt st\u00e5l \u00e4r det moderna och hygieniska valet &#8211; en of\u00f6rg\u00e4nglig och stark helhet.<\/span><\/h5>\n<h5 style=\"text-align: center;\"><span style=\"color: #ffffff;\">Med sin matta och neutrala yta fungerar st\u00e5lb\u00e4nkskivor perfekt tillsammans med alla \u00f6vriga material. Det g\u00f6r st\u00e5l till en praktisk och sp\u00e4nnande l\u00f6sning,<\/span><\/h5>\n<h5 style=\"text-align: center;\"><span style=\"color: #ffffff;\">som b\u00e5de kan framh\u00e4va det moderna och understryka det klassiska och nostalgiska.<\/span><\/h5>\n<h5><\/h5>\n<p>[\/vc_column_text][\/vc_column][\/vc_row][vc_row][vc_column][vc_empty_space][vc_column_text]<div id=\"envira-gallery-wrap-2403_3\" class=\"envira-gallery-wrap envira-gallery-theme-base envira-lightbox-theme-base\" itemscope itemtype=\"http:\/\/schema.org\/ImageGallery\"><div data-row-height=\"\" data-justified-margins=\"\" data-gallery-theme=\"\" id=\"envira-gallery-2403_3\" class=\"envira-gallery-public  envira-gallery-2-columns envira-clear enviratope\" data-envira-columns=\"2\"><div id=\"envira-gallery-item-30382\" class=\"envira-gallery-item enviratope-item envira-gallery-item-1\" style=\"padding-left: 3px; padding-bottom: 30px; padding-right: 3px;\"  itemscope itemtype=\"http:\/\/schema.org\/ImageObject\"><div class=\"envira-gallery-item-inner\"><div class=\"envira-gallery-position-overlay  envira-gallery-top-left\"><\/div><div class=\"envira-gallery-position-overlay  envira-gallery-top-right\"><\/div><div class=\"envira-gallery-position-overlay  envira-gallery-bottom-left\"><\/div><div class=\"envira-gallery-position-overlay  envira-gallery-bottom-right\"><\/div><a  href=\"https:\/\/www.dfi-geisler.com\/wp-content\/uploads\/2017\/03\/Boerstet-scaled.jpg\" class=\"envira-gallery-2403_3 envira-gallery-link \" rel=\"enviragallery2403_3\" title=\"B\u00f8rstet\" data-envira-caption=\"B\u00f8rstet\" data-envira-retina=\"\" data-thumbnail=\"https:\/\/www.dfi-geisler.com\/wp-content\/uploads\/2017\/03\/Boerstet-scaled-150x100_c.jpg\" data-mobile-thumbnail=\"https:\/\/www.dfi-geisler.com\/wp-content\/uploads\/2017\/03\/Boerstet-scaled-150x100_c.jpg\"  itemprop=\"contentUrl\" ><img loading=\"lazy\" decoding=\"async\" id=\"envira-gallery-image-30382\" class=\"envira-gallery-image envira-lazy envira-gallery-image-1\" data-envira-index=\"1\" src=\"https:\/\/www.dfi-geisler.com\/wp-content\/uploads\/2017\/03\/Boerstet-300x130.jpg\" width=\"150\" height=\"150\" data-envira-src=\"https:\/\/www.dfi-geisler.com\/wp-content\/uploads\/2017\/03\/Boerstet-300x130.jpg\" data-envira-gallery-id=\"2403_3\" data-envira-item-id=\"30382\" data-envira-caption=\"\" alt=\"\" title=\"B\u00f8rstet\"  itemprop=\"thumbnailUrl\" data-envira-srcset=\"https:\/\/www.dfi-geisler.com\/wp-content\/uploads\/2017\/03\/Boerstet-300x130.jpg 1x,https:\/\/www.dfi-geisler.com\/wp-content\/uploads\/2017\/03\/Boerstet-scaled.jpg 2x\" srcset=\"https:\/\/www.dfi-geisler.com\/wp-content\/uploads\/2017\/03\/Boerstet-300x130.jpg 1x,https:\/\/www.dfi-geisler.com\/wp-content\/uploads\/2017\/03\/Boerstet-scaled.jpg 2x\" \/><\/a><span class=\"envira-title title-30382\">B\u00f8rstet<\/span><\/div><\/div><div id=\"envira-gallery-item-30451\" class=\"envira-gallery-item enviratope-item envira-gallery-item-2\" style=\"padding-left: 3px; padding-bottom: 30px; padding-right: 3px;\"  itemscope itemtype=\"http:\/\/schema.org\/ImageObject\"><div class=\"envira-gallery-item-inner\"><div class=\"envira-gallery-position-overlay  envira-gallery-top-left\"><\/div><div class=\"envira-gallery-position-overlay  envira-gallery-top-right\"><\/div><div class=\"envira-gallery-position-overlay  envira-gallery-bottom-left\"><\/div><div class=\"envira-gallery-position-overlay  envira-gallery-bottom-right\"><\/div><a  href=\"https:\/\/www.dfi-geisler.com\/wp-content\/uploads\/2017\/03\/Curlet_staal-scaled.jpg\" class=\"envira-gallery-2403_3 envira-gallery-link \" rel=\"enviragallery2403_3\" title=\"Curlet st\u00e5l\" data-envira-caption=\"Curlet st\u00e5l\" data-envira-retina=\"\" data-thumbnail=\"https:\/\/www.dfi-geisler.com\/wp-content\/uploads\/2017\/03\/Curlet_staal-scaled-150x100_c.jpg\" data-mobile-thumbnail=\"https:\/\/www.dfi-geisler.com\/wp-content\/uploads\/2017\/03\/Curlet_staal-scaled-150x100_c.jpg\"  itemprop=\"contentUrl\" ><img loading=\"lazy\" decoding=\"async\" id=\"envira-gallery-image-30451\" class=\"envira-gallery-image envira-lazy envira-gallery-image-2\" data-envira-index=\"2\" src=\"https:\/\/www.dfi-geisler.com\/wp-content\/uploads\/2017\/03\/Curlet_staal-225x300.jpg\" width=\"150\" height=\"150\" data-envira-src=\"https:\/\/www.dfi-geisler.com\/wp-content\/uploads\/2017\/03\/Curlet_staal-225x300.jpg\" data-envira-gallery-id=\"2403_3\" data-envira-item-id=\"30451\" data-envira-caption=\"\" alt=\"\" title=\"Curlet st\u00e5l\"  itemprop=\"thumbnailUrl\" data-envira-srcset=\"https:\/\/www.dfi-geisler.com\/wp-content\/uploads\/2017\/03\/Curlet_staal-225x300.jpg 1x,https:\/\/www.dfi-geisler.com\/wp-content\/uploads\/2017\/03\/Curlet_staal-scaled.jpg 2x\" srcset=\"https:\/\/www.dfi-geisler.com\/wp-content\/uploads\/2017\/03\/Curlet_staal-225x300.jpg 1x,https:\/\/www.dfi-geisler.com\/wp-content\/uploads\/2017\/03\/Curlet_staal-scaled.jpg 2x\" \/><\/a><span class=\"envira-title title-30451\">Curlet st\u00e5l<\/span><\/div><\/div><\/div><\/div><noscript><img decoding=\"async\" src=\"https:\/\/www.dfi-geisler.com\/wp-content\/uploads\/2017\/03\/Boerstet-scaled.jpg\" alt=\"\" \/><img decoding=\"async\" src=\"https:\/\/www.dfi-geisler.com\/wp-content\/uploads\/2017\/03\/Curlet_staal-scaled.jpg\" alt=\"\" \/><\/noscript><br \/>\n[\/vc_column_text][\/vc_column][\/vc_row]<\/p>\n<\/div>","protected":false},"excerpt":{"rendered":"<p>[vc_row full_width=&#8221;stretch_row_content&#8221; css=&#8221;.vc_custom_1588681831247{padding-top: 100px !important;padding-bottom: 100px !important;background: #676767 url(https:\/\/www.dfi-geisler.com\/wp-content\/uploads\/2020\/05\/Laminat-arm-wide-m\u00f8rk-scaled.jpg?id=19666) !important;background-position: center !important;background-repeat: no-repeat !important;background-size: cover !important;}&#8221;][vc_column][vc_custom_heading text=&#8221;St\u00e5l&#8221; font_container=&#8221;tag:h2|text_align:center|color:%23ffffff&#8221; google_fonts=&#8221;font_family:Lato%3A100%2C100italic%2C300%2C300italic%2Cregular%2Citalic%2C700%2C700italic%2C900%2C900italic|font_style:400%20regular%3A400%3Anormal&#8221;][vc_column_text] Handgjorda b\u00e4nkskivor i rostfritt st\u00e5l \u00e4r det<\/p>\n","protected":false},"author":1,"featured_media":0,"parent":0,"menu_order":0,"comment_status":"closed","ping_status":"closed","template":"","meta":{"_monsterinsights_skip_tracking":false,"_monsterinsights_sitenote_active":false,"_monsterinsights_sitenote_note":"","_monsterinsights_sitenote_category":0,"footnotes":""},"class_list":["post-1787","page","type-page","status-publish","hentry"],"aioseo_notices":[],"_links":{"self":[{"href":"https:\/\/www.dfi-geisler.com\/sv\/wp-json\/wp\/v2\/pages\/1787","targetHints":{"allow":["GET"]}}],"collection":[{"href":"https:\/\/www.dfi-geisler.com\/sv\/wp-json\/wp\/v2\/pages"}],"about":[{"href":"https:\/\/www.dfi-geisler.com\/sv\/wp-json\/wp\/v2\/types\/page"}],"author":[{"embeddable":true,"href":"https:\/\/www.dfi-geisler.com\/sv\/wp-json\/wp\/v2\/users\/1"}],"replies":[{"embeddable":true,"href":"https:\/\/www.dfi-geisler.com\/sv\/wp-json\/wp\/v2\/comments?post=1787"}],"version-history":[{"count":25,"href":"https:\/\/www.dfi-geisler.com\/sv\/wp-json\/wp\/v2\/pages\/1787\/revisions"}],"predecessor-version":[{"id":30453,"href":"https:\/\/www.dfi-geisler.com\/sv\/wp-json\/wp\/v2\/pages\/1787\/revisions\/30453"}],"wp:attachment":[{"href":"https:\/\/www.dfi-geisler.com\/sv\/wp-json\/wp\/v2\/media?parent=1787"}],"curies":[{"name":"wp","href":"https:\/\/api.w.org\/{rel}","templated":true}]}}