
{"id":1726,"date":"2017-03-23T13:28:07","date_gmt":"2017-03-23T13:28:07","guid":{"rendered":"http:\/\/dfigeisler.grafikr.dk\/?page_id=1726"},"modified":"2025-07-15T12:15:04","modified_gmt":"2025-07-15T11:15:04","slug":"profil-kant-til-ceramics","status":"publish","type":"page","link":"https:\/\/www.dfi-geisler.com\/sv\/profil-kant-til-ceramics\/","title":{"rendered":"Keramik Kantprofiler"},"content":{"rendered":"<div class=\"wpb-content-wrapper\"><p>[vc_row full_width=&#8221;stretch_row_content&#8221; css=&#8221;.vc_custom_1588669777972{padding-top: 100px !important;padding-bottom: 100px !important;background: #676767 url(https:\/\/www.dfi-geisler.com\/wp-content\/uploads\/2020\/05\/Sten-sk\u00e6rer-wide-m\u00f8rk-scaled.jpg?id=19636) !important;background-position: center !important;background-repeat: no-repeat !important;background-size: cover !important;}&#8221;][vc_column][vc_custom_heading text=&#8221;Kantprofiler&#8221; font_container=&#8221;tag:h2|text_align:center|color:%23ffffff&#8221; google_fonts=&#8221;font_family:Lato%3A100%2C100italic%2C300%2C300italic%2Cregular%2Citalic%2C700%2C700italic%2C900%2C900italic|font_style:400%20regular%3A400%3Anormal&#8221;][\/vc_column][\/vc_row][vc_row][vc_column][vc_empty_space height=&#8221;10px&#8221;][vc_column_text css=&#8221;&#8221;]<\/p>\n<div class=\"description\">\n<p style=\"text-align: center;\">F\u00f6ljande kantprofiler fr\u00e5n DFI-GEISLER, finns tilg\u00e4ngliga f\u00f6r Keramik og Dekton\u00ae<\/p>\n<\/div>\n<p>[\/vc_column_text][vc_column_text css=&#8221;&#8221;]<strong>Kanter f\u00f6r 12 mm<\/strong>[\/vc_column_text][vc_media_grid element_width=&#8221;3&#8243; gap=&#8221;20&#8243; item=&#8221;masonryMedia_SimpleOverlay&#8221; css=&#8221;.vc_custom_1752577227779{padding-bottom: px !important;}&#8221; grid_id=&#8221;vc_gid:1752577727836-6ca4be61-7eba-5&#8243; include=&#8221;36304,36305,36306,36314&#8243;][vc_column_text css=&#8221;&#8221;]<strong>Kanter f\u00f6r 20 mm<\/strong>[\/vc_column_text][vc_media_grid element_width=&#8221;3&#8243; gap=&#8221;20&#8243; item=&#8221;masonryMedia_SimpleOverlay&#8221; css=&#8221;.vc_custom_1752577252093{padding-bottom: px !important;}&#8221; grid_id=&#8221;vc_gid:1752577727851-0f21365d-e42d-0&#8243; include=&#8221;36315,36316,36317,36318&#8243;][vc_media_grid element_width=&#8221;6&#8243; gap=&#8221;20&#8243; item=&#8221;masonryMedia_SimpleOverlay&#8221; css=&#8221;.vc_custom_1752577203346{padding-bottom: px !important;}&#8221; grid_id=&#8221;vc_gid:1752577727878-745d8b6e-31b8-6&#8243; include=&#8221;17950,17949&#8243;][\/vc_column][\/vc_row][vc_row][vc_column][vc_empty_space][\/vc_column][\/vc_row]<\/p>\n<\/div>","protected":false},"excerpt":{"rendered":"<p>[vc_row full_width=&#8221;stretch_row_content&#8221; css=&#8221;.vc_custom_1588669777972{padding-top: 100px !important;padding-bottom: 100px !important;background: #676767 url(https:\/\/www.dfi-geisler.com\/wp-content\/uploads\/2020\/05\/Sten-sk\u00e6rer-wide-m\u00f8rk-scaled.jpg?id=19636) !important;background-position: center !important;background-repeat: no-repeat !important;background-size: cover !important;}&#8221;][vc_column][vc_custom_heading text=&#8221;Kantprofiler&#8221; font_container=&#8221;tag:h2|text_align:center|color:%23ffffff&#8221; google_fonts=&#8221;font_family:Lato%3A100%2C100italic%2C300%2C300italic%2Cregular%2Citalic%2C700%2C700italic%2C900%2C900italic|font_style:400%20regular%3A400%3Anormal&#8221;][\/vc_column][\/vc_row][vc_row][vc_column][vc_empty_space height=&#8221;10px&#8221;][vc_column_text css=&#8221;&#8221;] F\u00f6ljande kantprofiler fr\u00e5n DFI-GEISLER, finns<\/p>\n","protected":false},"author":1,"featured_media":0,"parent":0,"menu_order":0,"comment_status":"closed","ping_status":"closed","template":"","meta":{"_monsterinsights_skip_tracking":false,"_monsterinsights_sitenote_active":false,"_monsterinsights_sitenote_note":"","_monsterinsights_sitenote_category":0,"footnotes":""},"class_list":["post-1726","page","type-page","status-publish","hentry"],"aioseo_notices":[],"_links":{"self":[{"href":"https:\/\/www.dfi-geisler.com\/sv\/wp-json\/wp\/v2\/pages\/1726","targetHints":{"allow":["GET"]}}],"collection":[{"href":"https:\/\/www.dfi-geisler.com\/sv\/wp-json\/wp\/v2\/pages"}],"about":[{"href":"https:\/\/www.dfi-geisler.com\/sv\/wp-json\/wp\/v2\/types\/page"}],"author":[{"embeddable":true,"href":"https:\/\/www.dfi-geisler.com\/sv\/wp-json\/wp\/v2\/users\/1"}],"replies":[{"embeddable":true,"href":"https:\/\/www.dfi-geisler.com\/sv\/wp-json\/wp\/v2\/comments?post=1726"}],"version-history":[{"count":24,"href":"https:\/\/www.dfi-geisler.com\/sv\/wp-json\/wp\/v2\/pages\/1726\/revisions"}],"predecessor-version":[{"id":36321,"href":"https:\/\/www.dfi-geisler.com\/sv\/wp-json\/wp\/v2\/pages\/1726\/revisions\/36321"}],"wp:attachment":[{"href":"https:\/\/www.dfi-geisler.com\/sv\/wp-json\/wp\/v2\/media?parent=1726"}],"curies":[{"name":"wp","href":"https:\/\/api.w.org\/{rel}","templated":true}]}}