
{"id":1687,"date":"2017-03-23T12:46:39","date_gmt":"2017-03-23T12:46:39","guid":{"rendered":"http:\/\/dfigeisler.grafikr.dk\/?page_id=1687"},"modified":"2026-01-29T10:40:21","modified_gmt":"2026-01-29T09:40:21","slug":"profil-kant-til-kompositsten","status":"publish","type":"page","link":"https:\/\/www.dfi-geisler.com\/sv\/profil-kant-til-kompositsten\/","title":{"rendered":"Kompositsten Kantprofiler"},"content":{"rendered":"<div class=\"wpb-content-wrapper\"><p>[vc_row full_width=&#8221;stretch_row_content&#8221; css=&#8221;.vc_custom_1588676544618{padding-top: 100px !important;padding-bottom: 100px !important;background: #676767 url(https:\/\/www.dfi-geisler.com\/wp-content\/uploads\/2020\/05\/Sten-sk\u00e6rer-wide-m\u00f8rk-scaled.jpg?id=19636) !important;background-position: center !important;background-repeat: no-repeat !important;background-size: cover !important;}&#8221;][vc_column][vc_custom_heading text=&#8221;Kantprofiler&#8221; font_container=&#8221;tag:h2|text_align:center|color:%23ffffff&#8221; google_fonts=&#8221;font_family:Lato%3A100%2C100italic%2C300%2C300italic%2Cregular%2Citalic%2C700%2C700italic%2C900%2C900italic|font_style:400%20regular%3A400%3Anormal&#8221;][\/vc_column][\/vc_row][vc_row][vc_column][vc_empty_space height=&#8221;10px&#8221;][vc_column_text css=&#8221;&#8221;]<\/p>\n<p style=\"text-align: center;\">F\u00f6ljande kantprofiler fr\u00e5n DFI-GEISLER passar bra till b\u00e4nkskivor av kompositsten.<\/p>\n<p>[\/vc_column_text][vc_column_text css=&#8221;&#8221;]<strong>Kanter f\u00f6r 12 mm<\/strong>[\/vc_column_text][vc_media_grid element_width=&#8221;3&#8243; gap=&#8221;20&#8243; item=&#8221;masonryMedia_SimpleOverlay&#8221; css=&#8221;&#8221; grid_id=&#8221;vc_gid:1769679606098-1ea64700-e8f0-2&#8243; include=&#8221;36322,36323,36324,36325&#8243;][vc_column_text css=&#8221;&#8221;]<strong>Kanter f\u00f6r 20 mm<\/strong>[\/vc_column_text][vc_media_grid element_width=&#8221;3&#8243; gap=&#8221;20&#8243; item=&#8221;masonryMedia_SimpleOverlay&#8221; css=&#8221;&#8221; grid_id=&#8221;vc_gid:1769679606099-2a05ca94-06fc-3&#8243; include=&#8221;36326,36327,36328,36329,38380&#8243;][vc_column_text css=&#8221;&#8221;]<strong>Kanter f\u00f6r 30 mm<\/strong>[\/vc_column_text][vc_media_grid gap=&#8221;20&#8243; item=&#8221;masonryMedia_SimpleOverlay&#8221; css=&#8221;&#8221; grid_id=&#8221;vc_gid:1769679606099-b5e41f48-012b-1&#8243; include=&#8221;36330,36331,36332,36334,36333,36335,36336,36337,36339&#8243;][vc_column_text css=&#8221;&#8221;]<strong>Bakkantsprofil och sargkanter<\/strong>[\/vc_column_text][vc_media_grid gap=&#8221;20&#8243; item=&#8221;masonryMedia_SimpleOverlay&#8221; css=&#8221;&#8221; grid_id=&#8221;vc_gid:1769679606099-c4543b77-2e45-7&#8243; include=&#8221;36300,36299,31010&#8243;][\/vc_column][\/vc_row][vc_row][vc_column][vc_empty_space][\/vc_column][\/vc_row]<\/p>\n<\/div>","protected":false},"excerpt":{"rendered":"<p>[vc_row full_width=&#8221;stretch_row_content&#8221; css=&#8221;.vc_custom_1588676544618{padding-top: 100px !important;padding-bottom: 100px !important;background: #676767 url(https:\/\/www.dfi-geisler.com\/wp-content\/uploads\/2020\/05\/Sten-sk\u00e6rer-wide-m\u00f8rk-scaled.jpg?id=19636) !important;background-position: center !important;background-repeat: no-repeat !important;background-size: cover !important;}&#8221;][vc_column][vc_custom_heading text=&#8221;Kantprofiler&#8221; font_container=&#8221;tag:h2|text_align:center|color:%23ffffff&#8221; google_fonts=&#8221;font_family:Lato%3A100%2C100italic%2C300%2C300italic%2Cregular%2Citalic%2C700%2C700italic%2C900%2C900italic|font_style:400%20regular%3A400%3Anormal&#8221;][\/vc_column][\/vc_row][vc_row][vc_column][vc_empty_space height=&#8221;10px&#8221;][vc_column_text css=&#8221;&#8221;] F\u00f6ljande kantprofiler fr\u00e5n DFI-GEISLER passar<\/p>\n","protected":false},"author":1,"featured_media":0,"parent":0,"menu_order":0,"comment_status":"closed","ping_status":"closed","template":"","meta":{"_monsterinsights_skip_tracking":false,"_monsterinsights_sitenote_active":false,"_monsterinsights_sitenote_note":"","_monsterinsights_sitenote_category":0,"footnotes":""},"class_list":["post-1687","page","type-page","status-publish","hentry"],"aioseo_notices":[],"_links":{"self":[{"href":"https:\/\/www.dfi-geisler.com\/sv\/wp-json\/wp\/v2\/pages\/1687","targetHints":{"allow":["GET"]}}],"collection":[{"href":"https:\/\/www.dfi-geisler.com\/sv\/wp-json\/wp\/v2\/pages"}],"about":[{"href":"https:\/\/www.dfi-geisler.com\/sv\/wp-json\/wp\/v2\/types\/page"}],"author":[{"embeddable":true,"href":"https:\/\/www.dfi-geisler.com\/sv\/wp-json\/wp\/v2\/users\/1"}],"replies":[{"embeddable":true,"href":"https:\/\/www.dfi-geisler.com\/sv\/wp-json\/wp\/v2\/comments?post=1687"}],"version-history":[{"count":18,"href":"https:\/\/www.dfi-geisler.com\/sv\/wp-json\/wp\/v2\/pages\/1687\/revisions"}],"predecessor-version":[{"id":38381,"href":"https:\/\/www.dfi-geisler.com\/sv\/wp-json\/wp\/v2\/pages\/1687\/revisions\/38381"}],"wp:attachment":[{"href":"https:\/\/www.dfi-geisler.com\/sv\/wp-json\/wp\/v2\/media?parent=1687"}],"curies":[{"name":"wp","href":"https:\/\/api.w.org\/{rel}","templated":true}]}}