
{"id":1588,"date":"2017-03-23T10:14:35","date_gmt":"2017-03-23T10:14:35","guid":{"rendered":"http:\/\/dfigeisler.grafikr.dk\/?page_id=1588"},"modified":"2026-02-24T09:18:05","modified_gmt":"2026-02-24T08:18:05","slug":"massivtrae-inspiration","status":"publish","type":"page","link":"https:\/\/www.dfi-geisler.com\/sv\/massivtrae-inspiration\/","title":{"rendered":"Massivt tr\u00e4 inspiration"},"content":{"rendered":"<p class=\"qtranxs-available-languages-message qtranxs-available-languages-message-sv\">Tyv\u00e4rr \u00e4r denna artikel enbart tillg\u00e4nglig p\u00e5 <a href=\"https:\/\/www.dfi-geisler.com\/da\/wp-json\/wp\/v2\/pages\/1588\" class=\"qtranxs-available-language-link qtranxs-available-language-link-da\" title=\"Dansk\">Dansk<\/a>. For the sake of viewer convenience, the content is shown below in the alternative language. You may click the link to switch the active language.<\/p><div class=\"wpb-content-wrapper\"><p><\/p>\n<p>[vc_row full_width=&#8221;stretch_row&#8221; css=&#8221;.vc_custom_1588666557848{padding-top: 50px !important;padding-bottom: 50px !important;background: #676767 url(https:\/\/www.dfi-geisler.com\/wp-content\/uploads\/2020\/05\/Massivtr\u00e6-lager-wide-scaled.jpg?id=19548) !important;background-position: center !important;background-repeat: no-repeat !important;background-size: cover !important;}&#8221;][vc_column][vc_custom_heading text=&#8221;Inspiration&#8221; font_container=&#8221;tag:h1|font_size:64|text_align:center|color:%23ffffff&#8221; google_fonts=&#8221;font_family:Lato%3A100%2C100italic%2C300%2C300italic%2Cregular%2Citalic%2C700%2C700italic%2C900%2C900italic|font_style:400%20regular%3A400%3Anormal&#8221; css=&#8221;&#8221;][vc_empty_space height=&#8221;15px&#8221;][vc_column_text css=&#8221;&#8221;]<\/p>\n<h4 style=\"text-align: center;\"><span style=\"color: #ffffff;\">Massivtr\u00e6 \u2502 Solid wood<\/span><\/h4>\n<p>[\/vc_column_text][\/vc_column][\/vc_row][vc_row][vc_column][vc_masonry_media_grid element_width=&#8221;6&#8243; gap=&#8221;10&#8243; item=&#8221;masonryMedia_SimpleOverlay&#8221; css=&#8221;&#8221; grid_id=&#8221;vc_gid:1771920949728-c433e1b5-c897-6&#8243; include=&#8221;37146,37148,37147,37336,37337,33888,33887,33885,32504,38607,38606,27634,30835,36126,36127,36128,30838,30836,32501,32499,37535,37533,32506,32505,32502,32500,18507,18517,18514,18513,31471,31473,31470,31469,18512,18502,18501,18511,18510,18509,18498,18497,18494,18496,18495,19352,19414,19432,19436,19437,19784,19783,19812,19862,22334,23043,23300,24359,24797,30012,30001,30007,29799,29785,29768,38397,38396,38394,38391&#8243;][\/vc_column][\/vc_row][vc_row disable_element=&#8221;yes&#8221;][vc_column][vc_empty_space][vc_media_grid element_width=&#8221;6&#8243; gap=&#8221;10&#8243; item=&#8221;masonryMedia_SimpleOverlay&#8221; css=&#8221;&#8221; grid_id=&#8221;vc_gid:1771920949729-751038b2-6051-3&#8243; include=&#8221;33888,33887,33885,32505,32504,32506,27634,30835,30838,30836,32501,32499,32500,32502,18507,18517,18514,18513,31479,31473,31470,31469,18512,18502,18511,18501,18510,18509,19814,18498,18497,18494,18496,18495,19352,19414,19432,19436,19437,19784,19783,19812,19862,22334,23043,23300,24359,24797,30012,30001,30007,29799,29785,29768,18515,18503,18504,18505,18506,18500&#8243;][\/vc_column][\/vc_row]<\/p>\n<p><\/p>\n<\/div>","protected":false},"excerpt":{"rendered":"<p>Tyv\u00e4rr \u00e4r denna artikel enbart tillg\u00e4nglig p\u00e5 Dansk. For the sake of viewer convenience, the content is shown below in the alternative language. You may click<\/p>\n","protected":false},"author":1,"featured_media":0,"parent":0,"menu_order":0,"comment_status":"closed","ping_status":"closed","template":"","meta":{"_monsterinsights_skip_tracking":false,"_monsterinsights_sitenote_active":false,"_monsterinsights_sitenote_note":"","_monsterinsights_sitenote_category":0,"footnotes":""},"class_list":["post-1588","page","type-page","status-publish","hentry"],"aioseo_notices":[],"_links":{"self":[{"href":"https:\/\/www.dfi-geisler.com\/sv\/wp-json\/wp\/v2\/pages\/1588","targetHints":{"allow":["GET"]}}],"collection":[{"href":"https:\/\/www.dfi-geisler.com\/sv\/wp-json\/wp\/v2\/pages"}],"about":[{"href":"https:\/\/www.dfi-geisler.com\/sv\/wp-json\/wp\/v2\/types\/page"}],"author":[{"embeddable":true,"href":"https:\/\/www.dfi-geisler.com\/sv\/wp-json\/wp\/v2\/users\/1"}],"replies":[{"embeddable":true,"href":"https:\/\/www.dfi-geisler.com\/sv\/wp-json\/wp\/v2\/comments?post=1588"}],"version-history":[{"count":75,"href":"https:\/\/www.dfi-geisler.com\/sv\/wp-json\/wp\/v2\/pages\/1588\/revisions"}],"predecessor-version":[{"id":38610,"href":"https:\/\/www.dfi-geisler.com\/sv\/wp-json\/wp\/v2\/pages\/1588\/revisions\/38610"}],"wp:attachment":[{"href":"https:\/\/www.dfi-geisler.com\/sv\/wp-json\/wp\/v2\/media?parent=1588"}],"curies":[{"name":"wp","href":"https:\/\/api.w.org\/{rel}","templated":true}]}}