
{"id":1516,"date":"2017-03-22T15:37:28","date_gmt":"2017-03-22T15:37:28","guid":{"rendered":"http:\/\/dfigeisler.grafikr.dk\/?page_id=1516"},"modified":"2021-03-18T12:09:47","modified_gmt":"2021-03-18T11:09:47","slug":"kompaktlaminat-sortiment","status":"publish","type":"page","link":"https:\/\/www.dfi-geisler.com\/sv\/kompaktlaminat-sortiment\/","title":{"rendered":"Kompaktlaminat sortimentet"},"content":{"rendered":"<div class=\"wpb-content-wrapper\"><p>[vc_row full_width=&#8221;stretch_row_content&#8221; css=&#8221;.vc_custom_1588685352999{padding-top: 100px !important;padding-bottom: 100px !important;background: #676767 url(https:\/\/www.dfi-geisler.com\/wp-content\/uploads\/2020\/05\/Laminat-arm-wide-m\u00f8rk-scaled.jpg?id=19666) !important;background-position: center !important;background-repeat: no-repeat !important;background-size: cover !important;}&#8221;][vc_column][vc_custom_heading text=&#8221;Kompaktlaminat&#8221; font_container=&#8221;tag:h2|text_align:center|color:%23ffffff&#8221; google_fonts=&#8221;font_family:Lato%3A100%2C100italic%2C300%2C300italic%2Cregular%2Citalic%2C700%2C700italic%2C900%2C900italic|font_style:400%20regular%3A400%3Anormal&#8221;][vc_column_text]<\/p>\n<h5 class=\"p1\" style=\"text-align: center;\"><span class=\"s1\" style=\"color: #ffffff;\">Kompaktlaminat \u00e4r en ny exklusiv produkt f\u00f6r alla som vill ha en elegant och trendig b\u00e4nkskiva.<br \/>\n<\/span><span class=\"s1\" style=\"color: #ffffff;\">Kompaktlaminatets struktur ger ett starkt och h\u00e5llbart material som ocks\u00e5 \u00e4r l\u00e4tt att reng\u00f6ra och underh\u00e5lla.<br \/>\nDet g\u00f6r kompaktlaminatet idealiskt i k\u00f6ket d\u00e4r hygienen \u00e4r helt avg\u00f6rande. Kompaktlaminatets k\u00e4rna \u00e4r genomf\u00e4rgad och ytan \u00e4r fast.<\/span><\/h5>\n<h5><\/h5>\n<p>&nbsp;<\/p>\n<p>[\/vc_column_text][\/vc_column][\/vc_row][vc_row][vc_column][vc_empty_space][vc_column_text]<div id=\"envira-gallery-wrap-1820_3\" class=\"envira-gallery-wrap envira-gallery-theme-base envira-lightbox-theme-base\" itemscope itemtype=\"http:\/\/schema.org\/ImageGallery\"><div data-row-height=\"\" data-justified-margins=\"\" data-gallery-theme=\"\" id=\"envira-gallery-1820_3\" class=\"envira-gallery-public  envira-gallery-5-columns envira-clear\" data-envira-columns=\"5\"><div id=\"envira-gallery-item-10827\" class=\"envira-gallery-item enviratope-item envira-gallery-item-1\" style=\"padding-left: 3px; padding-bottom: 50px; padding-right: 3px;\"  itemscope itemtype=\"http:\/\/schema.org\/ImageObject\"><div class=\"envira-gallery-item-inner\"><div class=\"envira-gallery-position-overlay  envira-gallery-top-left\"><\/div><div class=\"envira-gallery-position-overlay  envira-gallery-top-right\"><\/div><div class=\"envira-gallery-position-overlay  envira-gallery-bottom-left\"><\/div><div class=\"envira-gallery-position-overlay  envira-gallery-bottom-right\"><\/div><a  href=\"https:\/\/www.dfi-geisler.com\/wp-content\/uploads\/2017\/03\/114.jpg\" class=\"envira-gallery-1820_3 envira-gallery-link \" rel=\"enviragallery1820_3\" title=\"114 (m. sort kerne)\" data-envira-caption=\"114 (m. sort kerne)\" data-envira-retina=\"\" data-thumbnail=\"https:\/\/www.dfi-geisler.com\/wp-content\/uploads\/2017\/03\/114-150x100_c.jpg\" data-mobile-thumbnail=\"https:\/\/www.dfi-geisler.com\/wp-content\/uploads\/2017\/03\/114-150x100_c.jpg\"  itemprop=\"contentUrl\" ><img loading=\"lazy\" decoding=\"async\" id=\"envira-gallery-image-10827\" class=\"envira-gallery-image envira-lazy envira-gallery-image-1\" data-envira-index=\"1\" src=\"https:\/\/www.dfi-geisler.com\/wp-content\/uploads\/2017\/03\/114-300x141.jpg\" width=\"150\" height=\"150\" data-envira-src=\"https:\/\/www.dfi-geisler.com\/wp-content\/uploads\/2017\/03\/114-300x141.jpg\" data-envira-gallery-id=\"1820_3\" data-envira-item-id=\"10827\" data-envira-caption=\"\" alt=\"\" title=\"114 (m. sort kerne)\"  itemprop=\"thumbnailUrl\" data-envira-srcset=\"https:\/\/www.dfi-geisler.com\/wp-content\/uploads\/2017\/03\/114-300x141.jpg 1x,https:\/\/www.dfi-geisler.com\/wp-content\/uploads\/2017\/03\/114.jpg 2x\" srcset=\"https:\/\/www.dfi-geisler.com\/wp-content\/uploads\/2017\/03\/114-300x141.jpg 1x,https:\/\/www.dfi-geisler.com\/wp-content\/uploads\/2017\/03\/114.jpg 2x\" \/><\/a><span class=\"envira-title title-10827\">114 (m. sort kerne)<\/span><\/div><\/div><div id=\"envira-gallery-item-1914\" class=\"envira-gallery-item enviratope-item envira-gallery-item-2\" style=\"padding-left: 3px; padding-bottom: 50px; padding-right: 3px;\"  itemscope itemtype=\"http:\/\/schema.org\/ImageObject\"><div class=\"envira-gallery-item-inner\"><div class=\"envira-gallery-position-overlay  envira-gallery-top-left\"><\/div><div class=\"envira-gallery-position-overlay  envira-gallery-top-right\"><\/div><div class=\"envira-gallery-position-overlay  envira-gallery-bottom-left\"><\/div><div class=\"envira-gallery-position-overlay  envira-gallery-bottom-right\"><\/div><a  href=\"https:\/\/www.dfi-geisler.com\/wp-content\/uploads\/2017\/03\/119-m.-hvid-kerne.jpg\" class=\"envira-gallery-1820_3 envira-gallery-link \" rel=\"enviragallery1820_3\" title=\"119 (med hvid kerne)\" data-envira-caption=\"119 (med hvid kerne)\" data-envira-retina=\"\" data-thumbnail=\"https:\/\/www.dfi-geisler.com\/wp-content\/uploads\/2017\/03\/119-m.-hvid-kerne-150x100_c.jpg\" data-mobile-thumbnail=\"https:\/\/www.dfi-geisler.com\/wp-content\/uploads\/2017\/03\/119-m.-hvid-kerne-150x100_c.jpg\"  itemprop=\"contentUrl\" ><img loading=\"lazy\" decoding=\"async\" id=\"envira-gallery-image-1914\" class=\"envira-gallery-image envira-lazy envira-gallery-image-2\" data-envira-index=\"2\" src=\"https:\/\/www.dfi-geisler.com\/wp-content\/uploads\/2017\/03\/119-m.-hvid-kerne-300x84.jpg\" width=\"150\" height=\"150\" data-envira-src=\"https:\/\/www.dfi-geisler.com\/wp-content\/uploads\/2017\/03\/119-m.-hvid-kerne-300x84.jpg\" data-envira-gallery-id=\"1820_3\" data-envira-item-id=\"1914\" data-envira-caption=\"\" alt=\"\" title=\"119 (med hvid kerne)\"  itemprop=\"thumbnailUrl\" data-envira-srcset=\"https:\/\/www.dfi-geisler.com\/wp-content\/uploads\/2017\/03\/119-m.-hvid-kerne-300x84.jpg 1x,https:\/\/www.dfi-geisler.com\/wp-content\/uploads\/2017\/03\/119-m.-hvid-kerne.jpg 2x\" srcset=\"https:\/\/www.dfi-geisler.com\/wp-content\/uploads\/2017\/03\/119-m.-hvid-kerne-300x84.jpg 1x,https:\/\/www.dfi-geisler.com\/wp-content\/uploads\/2017\/03\/119-m.-hvid-kerne.jpg 2x\" \/><\/a><span class=\"envira-title title-1914\">119 (med hvid kerne)<\/span><\/div><\/div><div id=\"envira-gallery-item-7617\" class=\"envira-gallery-item enviratope-item envira-gallery-item-3\" style=\"padding-left: 3px; padding-bottom: 50px; padding-right: 3px;\"  itemscope itemtype=\"http:\/\/schema.org\/ImageObject\"><div class=\"envira-gallery-item-inner\"><div class=\"envira-gallery-position-overlay  envira-gallery-top-left\"><\/div><div class=\"envira-gallery-position-overlay  envira-gallery-top-right\"><\/div><div class=\"envira-gallery-position-overlay  envira-gallery-bottom-left\"><\/div><div class=\"envira-gallery-position-overlay  envira-gallery-bottom-right\"><\/div><a  href=\"https:\/\/www.dfi-geisler.com\/wp-content\/uploads\/2017\/03\/415.jpg\" class=\"envira-gallery-1820_3 envira-gallery-link \" rel=\"enviragallery1820_3\" title=\"415 (ruflet, m.hvid kerne)\" data-envira-caption=\"415 (ruflet, m.hvid kerne)\" data-envira-retina=\"\" data-thumbnail=\"https:\/\/www.dfi-geisler.com\/wp-content\/uploads\/2017\/03\/415-150x100_c.jpg\" data-mobile-thumbnail=\"https:\/\/www.dfi-geisler.com\/wp-content\/uploads\/2017\/03\/415-150x100_c.jpg\"  itemprop=\"contentUrl\" ><img loading=\"lazy\" decoding=\"async\" id=\"envira-gallery-image-7617\" class=\"envira-gallery-image envira-lazy envira-gallery-image-3\" data-envira-index=\"3\" src=\"https:\/\/www.dfi-geisler.com\/wp-content\/uploads\/2017\/03\/415-300x84.jpg\" width=\"150\" height=\"150\" data-envira-src=\"https:\/\/www.dfi-geisler.com\/wp-content\/uploads\/2017\/03\/415-300x84.jpg\" data-envira-gallery-id=\"1820_3\" data-envira-item-id=\"7617\" data-envira-caption=\"\" alt=\"\" title=\"415 (ruflet, m.hvid kerne)\"  itemprop=\"thumbnailUrl\" data-envira-srcset=\"https:\/\/www.dfi-geisler.com\/wp-content\/uploads\/2017\/03\/415-300x84.jpg 1x,https:\/\/www.dfi-geisler.com\/wp-content\/uploads\/2017\/03\/415.jpg 2x\" srcset=\"https:\/\/www.dfi-geisler.com\/wp-content\/uploads\/2017\/03\/415-300x84.jpg 1x,https:\/\/www.dfi-geisler.com\/wp-content\/uploads\/2017\/03\/415.jpg 2x\" \/><\/a><span class=\"envira-title title-7617\">415 (ruflet, m.hvid kerne)<\/span><\/div><\/div><\/div><\/div><noscript><img decoding=\"async\" src=\"https:\/\/www.dfi-geisler.com\/wp-content\/uploads\/2017\/03\/114.jpg\" alt=\"\" \/><img decoding=\"async\" src=\"https:\/\/www.dfi-geisler.com\/wp-content\/uploads\/2017\/03\/119-m.-hvid-kerne.jpg\" alt=\"\" \/><img decoding=\"async\" src=\"https:\/\/www.dfi-geisler.com\/wp-content\/uploads\/2017\/03\/415.jpg\" alt=\"\" \/><\/noscript><br \/>\n[\/vc_column_text][\/vc_column][\/vc_row]<\/p>\n<\/div>","protected":false},"excerpt":{"rendered":"<p>[vc_row full_width=&#8221;stretch_row_content&#8221; css=&#8221;.vc_custom_1588685352999{padding-top: 100px !important;padding-bottom: 100px !important;background: #676767 url(https:\/\/www.dfi-geisler.com\/wp-content\/uploads\/2020\/05\/Laminat-arm-wide-m\u00f8rk-scaled.jpg?id=19666) !important;background-position: center !important;background-repeat: no-repeat !important;background-size: cover !important;}&#8221;][vc_column][vc_custom_heading text=&#8221;Kompaktlaminat&#8221; font_container=&#8221;tag:h2|text_align:center|color:%23ffffff&#8221; google_fonts=&#8221;font_family:Lato%3A100%2C100italic%2C300%2C300italic%2Cregular%2Citalic%2C700%2C700italic%2C900%2C900italic|font_style:400%20regular%3A400%3Anormal&#8221;][vc_column_text] Kompaktlaminat \u00e4r en ny exklusiv produkt f\u00f6r<\/p>\n","protected":false},"author":1,"featured_media":0,"parent":0,"menu_order":0,"comment_status":"closed","ping_status":"closed","template":"","meta":{"_monsterinsights_skip_tracking":false,"_monsterinsights_sitenote_active":false,"_monsterinsights_sitenote_note":"","_monsterinsights_sitenote_category":0,"footnotes":""},"class_list":["post-1516","page","type-page","status-publish","hentry"],"aioseo_notices":[],"_links":{"self":[{"href":"https:\/\/www.dfi-geisler.com\/sv\/wp-json\/wp\/v2\/pages\/1516","targetHints":{"allow":["GET"]}}],"collection":[{"href":"https:\/\/www.dfi-geisler.com\/sv\/wp-json\/wp\/v2\/pages"}],"about":[{"href":"https:\/\/www.dfi-geisler.com\/sv\/wp-json\/wp\/v2\/types\/page"}],"author":[{"embeddable":true,"href":"https:\/\/www.dfi-geisler.com\/sv\/wp-json\/wp\/v2\/users\/1"}],"replies":[{"embeddable":true,"href":"https:\/\/www.dfi-geisler.com\/sv\/wp-json\/wp\/v2\/comments?post=1516"}],"version-history":[{"count":19,"href":"https:\/\/www.dfi-geisler.com\/sv\/wp-json\/wp\/v2\/pages\/1516\/revisions"}],"predecessor-version":[{"id":23062,"href":"https:\/\/www.dfi-geisler.com\/sv\/wp-json\/wp\/v2\/pages\/1516\/revisions\/23062"}],"wp:attachment":[{"href":"https:\/\/www.dfi-geisler.com\/sv\/wp-json\/wp\/v2\/media?parent=1516"}],"curies":[{"name":"wp","href":"https:\/\/api.w.org\/{rel}","templated":true}]}}