
{"id":1368,"date":"2017-03-16T12:50:03","date_gmt":"2017-03-16T12:50:03","guid":{"rendered":"http:\/\/dfigeisler.grafikr.dk\/?page_id=1368"},"modified":"2023-12-07T11:11:22","modified_gmt":"2023-12-07T10:11:22","slug":"presse","status":"publish","type":"page","link":"https:\/\/www.dfi-geisler.com\/sv\/presse\/","title":{"rendered":"Presse"},"content":{"rendered":"<div class=\"wpb-content-wrapper\"><p>[vc_row full_width=&#8221;stretch_row&#8221; css=&#8221;.vc_custom_1661251333389{padding-top: 100px !important;padding-bottom: 100px !important;background: #676767 url(https:\/\/www.dfi-geisler.com\/wp-content\/uploads\/2021\/03\/aviser-cover-scaled.jpg?id=23149) !important;background-position: center !important;background-repeat: no-repeat !important;background-size: cover !important;}&#8221;][vc_column][vc_custom_heading text=&#8221;Presse&#8221; font_container=&#8221;tag:h2|text_align:center|color:%23ffffff&#8221; google_fonts=&#8221;font_family:Lato%3A100%2C100italic%2C300%2C300italic%2Cregular%2Citalic%2C700%2C700italic%2C900%2C900italic|font_style:400%20regular%3A400%3Anormal&#8221;][\/vc_column][\/vc_row][vc_row][vc_column][vc_custom_heading text=&#8221;Presse&#8221; google_fonts=&#8221;font_family:Lato%3A100%2C100italic%2C300%2C300italic%2Cregular%2Citalic%2C700%2C700italic%2C900%2C900italic|font_style:400%20regular%3A400%3Anormal&#8221;][vc_column_text]<\/p>\n<h5 style=\"text-align: left;\"><span style=\"color: #000000;\">Bilder<br \/>\nLadda ner v\u00e5r logotyp f\u00f6r professionell anv\u00e4ndning i artiklar, bloggar och liknande.<br \/>\nUpphovsr\u00e4tten till bilder och illustrationer p\u00e5 denna webbplats tillh\u00f6r DFI-Geisler eller har l\u00e5nats ut till DFI-Geisler av v\u00e5ra aff\u00e4rspartners.<\/span><\/h5>\n<h5 style=\"text-align: left;\"><span style=\"color: #000000;\">Kopiering eller anv\u00e4ndning av bilder och illustrationer fr\u00e5n hemsidan f\u00e5r d\u00e4rf\u00f6r endast ske med skriftligt godk\u00e4nnande fr\u00e5n DFI-Geisler. Kontakta oss g\u00e4rna p\u00e5: +45 72 312 312 eller <strong><a href=\"mailto:info@dfi-geisler.com\" target=\"_blank\" rel=\"noopener\"><span style=\"color: #187bcd;\">info@dfi-geisler.com<\/span><\/a><\/strong><\/span><\/h5>\n<p>[\/vc_column_text][\/vc_column][\/vc_row][vc_row][vc_column][vc_separator][vc_empty_space height=&#8221;20&#8243;][\/vc_column][\/vc_row][vc_row][vc_column width=&#8221;1\/3&#8243;]<div data-id=\"mpc_image-816a03a1b971c9b\" onclick=\"\" class=\"mpc-image mpc-init \" ><div class=\"mpc-item mpc-transition\"><img loading=\"lazy\" decoding=\"async\" width=\"300\" height=\"62\" src=\"https:\/\/www.dfi-geisler.com\/wp-content\/uploads\/2020\/02\/1-300x62.png\" class=\"mpc-transition attachment-medium\" alt=\"\" title=\"1\" srcset=\"https:\/\/www.dfi-geisler.com\/wp-content\/uploads\/2020\/02\/1-300x62.png 300w, https:\/\/www.dfi-geisler.com\/wp-content\/uploads\/2020\/02\/1-600x124.png 600w, https:\/\/www.dfi-geisler.com\/wp-content\/uploads\/2020\/02\/1-1024x211.png 1024w, https:\/\/www.dfi-geisler.com\/wp-content\/uploads\/2020\/02\/1-768x159.png 768w, https:\/\/www.dfi-geisler.com\/wp-content\/uploads\/2020\/02\/1-1536x317.png 1536w, https:\/\/www.dfi-geisler.com\/wp-content\/uploads\/2020\/02\/1-2048x423.png 2048w, https:\/\/www.dfi-geisler.com\/wp-content\/uploads\/2020\/02\/1-260x54.png 260w, https:\/\/www.dfi-geisler.com\/wp-content\/uploads\/2020\/02\/1-50x10.png 50w, https:\/\/www.dfi-geisler.com\/wp-content\/uploads\/2020\/02\/1-150x31.png 150w, https:\/\/www.dfi-geisler.com\/wp-content\/uploads\/2020\/02\/1-100x21.png 100w\" sizes=\"(max-width: 300px) 100vw, 300px\" \/><\/div><\/div>[vc_column_text]<a href=\"http:\/\/www.dfi-geisler.com\/wp-content\/uploads\/2018\/07\/DFI-Geisler_logo_final_blue-01.png\">PNG<\/a>[\/vc_column_text][\/vc_column][vc_column width=&#8221;1\/3&#8243;]<div data-id=\"mpc_image-326a03a1b97201f\" onclick=\"\" class=\"mpc-image mpc-init \" ><div class=\"mpc-item mpc-transition\"><img decoding=\"async\" width=\"300\" height=\"62\" src=\"https:\/\/www.dfi-geisler.com\/wp-content\/uploads\/2018\/07\/DFI-Geisler_logo_final_white-01-1-300x62.png\" class=\"mpc-transition attachment-medium\" alt=\"\" title=\"DFI-Geisler_logo_final_white-01\" srcset=\"https:\/\/www.dfi-geisler.com\/wp-content\/uploads\/2018\/07\/DFI-Geisler_logo_final_white-01-1-300x62.png 300w, https:\/\/www.dfi-geisler.com\/wp-content\/uploads\/2018\/07\/DFI-Geisler_logo_final_white-01-1-600x124.png 600w, https:\/\/www.dfi-geisler.com\/wp-content\/uploads\/2018\/07\/DFI-Geisler_logo_final_white-01-1-768x159.png 768w, https:\/\/www.dfi-geisler.com\/wp-content\/uploads\/2018\/07\/DFI-Geisler_logo_final_white-01-1-1024x211.png 1024w, https:\/\/www.dfi-geisler.com\/wp-content\/uploads\/2018\/07\/DFI-Geisler_logo_final_white-01-1-260x54.png 260w, https:\/\/www.dfi-geisler.com\/wp-content\/uploads\/2018\/07\/DFI-Geisler_logo_final_white-01-1-50x10.png 50w, https:\/\/www.dfi-geisler.com\/wp-content\/uploads\/2018\/07\/DFI-Geisler_logo_final_white-01-1-150x31.png 150w, https:\/\/www.dfi-geisler.com\/wp-content\/uploads\/2018\/07\/DFI-Geisler_logo_final_white-01-1-100x21.png 100w\" sizes=\"(max-width: 300px) 100vw, 300px\" \/><\/div><\/div>[vc_column_text]<a href=\"http:\/\/www.dfi-geisler.com\/wp-content\/uploads\/2018\/07\/DFI-Geisler_logo_final_white-01.png\">PNG<\/a>[\/vc_column_text][\/vc_column][vc_column width=&#8221;1\/3&#8243;]<div data-id=\"mpc_image-826a03a1b97224e\" onclick=\"\" class=\"mpc-image mpc-init \" ><div class=\"mpc-item mpc-transition\"><img decoding=\"async\" width=\"300\" height=\"62\" src=\"https:\/\/www.dfi-geisler.com\/wp-content\/uploads\/2018\/07\/DFI-Geisler_logo_final_black-01-300x62.png\" class=\"mpc-transition attachment-medium\" alt=\"\" title=\"DFI-Geisler_logo_final_black-01\" srcset=\"https:\/\/www.dfi-geisler.com\/wp-content\/uploads\/2018\/07\/DFI-Geisler_logo_final_black-01-300x62.png 300w, https:\/\/www.dfi-geisler.com\/wp-content\/uploads\/2018\/07\/DFI-Geisler_logo_final_black-01-600x124.png 600w, https:\/\/www.dfi-geisler.com\/wp-content\/uploads\/2018\/07\/DFI-Geisler_logo_final_black-01-768x159.png 768w, https:\/\/www.dfi-geisler.com\/wp-content\/uploads\/2018\/07\/DFI-Geisler_logo_final_black-01-1024x211.png 1024w, https:\/\/www.dfi-geisler.com\/wp-content\/uploads\/2018\/07\/DFI-Geisler_logo_final_black-01-260x54.png 260w, https:\/\/www.dfi-geisler.com\/wp-content\/uploads\/2018\/07\/DFI-Geisler_logo_final_black-01-50x10.png 50w, https:\/\/www.dfi-geisler.com\/wp-content\/uploads\/2018\/07\/DFI-Geisler_logo_final_black-01-150x31.png 150w, https:\/\/www.dfi-geisler.com\/wp-content\/uploads\/2018\/07\/DFI-Geisler_logo_final_black-01-100x21.png 100w\" sizes=\"(max-width: 300px) 100vw, 300px\" \/><\/div><\/div>[vc_column_text]<a href=\"http:\/\/www.dfi-geisler.com\/wp-content\/uploads\/2018\/07\/DFI-Geisler_logo_final_black-01.png\">PNG<\/a>[\/vc_column_text][\/vc_column][\/vc_row][vc_row][vc_column width=&#8221;1\/3&#8243;]<div data-id=\"mpc_image-126a03a1b9723e3\" onclick=\"\" class=\"mpc-image mpc-init \" ><div class=\"mpc-item mpc-transition\"><img loading=\"lazy\" decoding=\"async\" width=\"104\" height=\"110\" src=\"https:\/\/www.dfi-geisler.com\/wp-content\/uploads\/2018\/07\/Klods-sort.png\" class=\"mpc-transition attachment-medium\" alt=\"\" title=\"Klods sort\" srcset=\"https:\/\/www.dfi-geisler.com\/wp-content\/uploads\/2018\/07\/Klods-sort.png 104w, https:\/\/www.dfi-geisler.com\/wp-content\/uploads\/2018\/07\/Klods-sort-47x50.png 47w, https:\/\/www.dfi-geisler.com\/wp-content\/uploads\/2018\/07\/Klods-sort-71x75.png 71w, https:\/\/www.dfi-geisler.com\/wp-content\/uploads\/2018\/07\/Klods-sort-100x106.png 100w\" sizes=\"(max-width: 104px) 100vw, 104px\" \/><\/div><\/div>[vc_column_text]<a href=\"http:\/\/www.dfi-geisler.com\/wp-content\/uploads\/2018\/07\/DFI-Geisler_5.element_final_black-01.png\">PNG<\/a>[\/vc_column_text][\/vc_column][vc_column width=&#8221;1\/3&#8243;]<div data-id=\"mpc_image-616a03a1b9725a4\" onclick=\"\" class=\"mpc-image mpc-init \" ><div class=\"mpc-item mpc-transition\"><img loading=\"lazy\" decoding=\"async\" width=\"104\" height=\"110\" src=\"https:\/\/www.dfi-geisler.com\/wp-content\/uploads\/2018\/07\/KLods-bl\u00e5.png\" class=\"mpc-transition attachment-medium\" alt=\"\" title=\"KLods bl\u00e5\" srcset=\"https:\/\/www.dfi-geisler.com\/wp-content\/uploads\/2018\/07\/KLods-bl\u00e5.png 104w, https:\/\/www.dfi-geisler.com\/wp-content\/uploads\/2018\/07\/KLods-bl\u00e5-47x50.png 47w, https:\/\/www.dfi-geisler.com\/wp-content\/uploads\/2018\/07\/KLods-bl\u00e5-71x75.png 71w, https:\/\/www.dfi-geisler.com\/wp-content\/uploads\/2018\/07\/KLods-bl\u00e5-100x106.png 100w\" sizes=\"(max-width: 104px) 100vw, 104px\" \/><\/div><\/div>[vc_column_text]<a href=\"http:\/\/www.dfi-geisler.com\/wp-content\/uploads\/2018\/07\/DFI-Geisler_5.element_final_blue-01.png\" target=\"_blank\" rel=\"noopener noreferrer\">PNG<\/a>[\/vc_column_text][\/vc_column][vc_column width=&#8221;1\/3&#8243;]<div data-id=\"mpc_image-626a03a1b972741\" onclick=\"\" class=\"mpc-image mpc-init \" ><div class=\"mpc-item mpc-transition\"><img loading=\"lazy\" decoding=\"async\" width=\"104\" height=\"110\" src=\"https:\/\/www.dfi-geisler.com\/wp-content\/uploads\/2018\/07\/Klods-hvid.png\" class=\"mpc-transition attachment-medium\" alt=\"\" title=\"Klods hvid\" srcset=\"https:\/\/www.dfi-geisler.com\/wp-content\/uploads\/2018\/07\/Klods-hvid.png 104w, https:\/\/www.dfi-geisler.com\/wp-content\/uploads\/2018\/07\/Klods-hvid-47x50.png 47w, https:\/\/www.dfi-geisler.com\/wp-content\/uploads\/2018\/07\/Klods-hvid-71x75.png 71w, https:\/\/www.dfi-geisler.com\/wp-content\/uploads\/2018\/07\/Klods-hvid-100x106.png 100w\" sizes=\"(max-width: 104px) 100vw, 104px\" \/><\/div><\/div>[vc_column_text]<a href=\"http:\/\/www.dfi-geisler.com\/wp-content\/uploads\/2018\/07\/DFI-Geisler_5.element_final_white-01.png\" target=\"_blank\" rel=\"noopener noreferrer\">PNG<\/a><\/p>\n<p>[\/vc_column_text][\/vc_column][\/vc_row][vc_row][vc_column width=&#8221;1\/3&#8243;]<div data-id=\"mpc_image-276a03a1b972947\" onclick=\"\" class=\"mpc-image mpc-init \" ><div class=\"mpc-item mpc-transition\"><img loading=\"lazy\" decoding=\"async\" width=\"300\" height=\"87\" src=\"https:\/\/www.dfi-geisler.com\/wp-content\/uploads\/2020\/02\/7-300x87.png\" class=\"mpc-transition attachment-medium\" alt=\"\" title=\"7\" srcset=\"https:\/\/www.dfi-geisler.com\/wp-content\/uploads\/2020\/02\/7-300x87.png 300w, https:\/\/www.dfi-geisler.com\/wp-content\/uploads\/2020\/02\/7-600x174.png 600w, https:\/\/www.dfi-geisler.com\/wp-content\/uploads\/2020\/02\/7-1024x296.png 1024w, https:\/\/www.dfi-geisler.com\/wp-content\/uploads\/2020\/02\/7-768x222.png 768w, https:\/\/www.dfi-geisler.com\/wp-content\/uploads\/2020\/02\/7-1536x444.png 1536w, https:\/\/www.dfi-geisler.com\/wp-content\/uploads\/2020\/02\/7-2048x592.png 2048w, https:\/\/www.dfi-geisler.com\/wp-content\/uploads\/2020\/02\/7-260x75.png 260w, https:\/\/www.dfi-geisler.com\/wp-content\/uploads\/2020\/02\/7-50x14.png 50w, https:\/\/www.dfi-geisler.com\/wp-content\/uploads\/2020\/02\/7-150x43.png 150w, https:\/\/www.dfi-geisler.com\/wp-content\/uploads\/2020\/02\/7-100x29.png 100w\" sizes=\"(max-width: 300px) 100vw, 300px\" \/><\/div><\/div>[vc_column_text]<a href=\"http:\/\/www.dfi-geisler.com\/wp-content\/uploads\/2018\/08\/DFI-Geisler-sort-m.-streg.png\" target=\"_blank\" rel=\"noopener noreferrer\">PNG<\/a>[\/vc_column_text][\/vc_column][vc_column width=&#8221;1\/3&#8243;][\/vc_column][vc_column width=&#8221;1\/3&#8243;][\/vc_column][\/vc_row]<\/p>\n<\/div>","protected":false},"excerpt":{"rendered":"<p>[vc_row full_width=&#8221;stretch_row&#8221; css=&#8221;.vc_custom_1661251333389{padding-top: 100px !important;padding-bottom: 100px !important;background: #676767 url(https:\/\/www.dfi-geisler.com\/wp-content\/uploads\/2021\/03\/aviser-cover-scaled.jpg?id=23149) !important;background-position: center !important;background-repeat: no-repeat !important;background-size: cover !important;}&#8221;][vc_column][vc_custom_heading text=&#8221;Presse&#8221; font_container=&#8221;tag:h2|text_align:center|color:%23ffffff&#8221; google_fonts=&#8221;font_family:Lato%3A100%2C100italic%2C300%2C300italic%2Cregular%2Citalic%2C700%2C700italic%2C900%2C900italic|font_style:400%20regular%3A400%3Anormal&#8221;][\/vc_column][\/vc_row][vc_row][vc_column][vc_custom_heading text=&#8221;Presse&#8221; google_fonts=&#8221;font_family:Lato%3A100%2C100italic%2C300%2C300italic%2Cregular%2Citalic%2C700%2C700italic%2C900%2C900italic|font_style:400%20regular%3A400%3Anormal&#8221;][vc_column_text] Bilder Ladda ner v\u00e5r logotyp<\/p>\n","protected":false},"author":1,"featured_media":0,"parent":0,"menu_order":0,"comment_status":"closed","ping_status":"closed","template":"","meta":{"_monsterinsights_skip_tracking":false,"_monsterinsights_sitenote_active":false,"_monsterinsights_sitenote_note":"","_monsterinsights_sitenote_category":0,"footnotes":""},"class_list":["post-1368","page","type-page","status-publish","hentry"],"aioseo_notices":[],"_links":{"self":[{"href":"https:\/\/www.dfi-geisler.com\/sv\/wp-json\/wp\/v2\/pages\/1368","targetHints":{"allow":["GET"]}}],"collection":[{"href":"https:\/\/www.dfi-geisler.com\/sv\/wp-json\/wp\/v2\/pages"}],"about":[{"href":"https:\/\/www.dfi-geisler.com\/sv\/wp-json\/wp\/v2\/types\/page"}],"author":[{"embeddable":true,"href":"https:\/\/www.dfi-geisler.com\/sv\/wp-json\/wp\/v2\/users\/1"}],"replies":[{"embeddable":true,"href":"https:\/\/www.dfi-geisler.com\/sv\/wp-json\/wp\/v2\/comments?post=1368"}],"version-history":[{"count":74,"href":"https:\/\/www.dfi-geisler.com\/sv\/wp-json\/wp\/v2\/pages\/1368\/revisions"}],"predecessor-version":[{"id":28717,"href":"https:\/\/www.dfi-geisler.com\/sv\/wp-json\/wp\/v2\/pages\/1368\/revisions\/28717"}],"wp:attachment":[{"href":"https:\/\/www.dfi-geisler.com\/sv\/wp-json\/wp\/v2\/media?parent=1368"}],"curies":[{"name":"wp","href":"https:\/\/api.w.org\/{rel}","templated":true}]}}