
{"id":1237,"date":"2017-03-06T15:26:51","date_gmt":"2017-03-06T15:26:51","guid":{"rendered":"http:\/\/dfigeisler.grafikr.dk\/?page_id=1237"},"modified":"2026-03-13T10:34:03","modified_gmt":"2026-03-13T09:34:03","slug":"montage-og-vedligeholdelse-af-laminat","status":"publish","type":"page","link":"https:\/\/www.dfi-geisler.com\/sv\/montage-og-vedligeholdelse-af-laminat\/","title":{"rendered":"Montering och underh\u00e5ll"},"content":{"rendered":"<div class=\"wpb-content-wrapper\"><p>[vc_row full_width=&#8221;stretch_row_content&#8221; css=&#8221;.vc_custom_1675408657807{padding-top: 100px !important;padding-bottom: 100px !important;background-image: url(https:\/\/www.dfi-geisler.com\/wp-content\/uploads\/2020\/05\/Boremaskine-wide-m\u00f8rk-scaled.jpg?id=19683) !important;}&#8221;][vc_column][vc_column_text]<\/p>\n<p style=\"text-align: center;\"><span style=\"font-size: 56px; line-height: 50px; color: #ffffff;\">Montering och underh\u00e5ll &#8211; Laminat<\/span><\/p>\n<p>&nbsp;<\/p>\n<p>[\/vc_column_text][\/vc_column][\/vc_row][vc_row][vc_column width=&#8221;1\/2&#8243;][vc_video link=&#8221;https:\/\/vimeo.com\/886431029&#8243; align=&#8221;center&#8221;][\/vc_column][vc_column width=&#8221;1\/2&#8243;][vc_column_text]<\/p>\n<p style=\"text-align: center;\"><span style=\"font-size: 36px; line-height: 40px;\"><span style=\"color: #000000;\">S\u00e5 monterar du din laminatb\u00e4nkskiva<\/span><\/span><\/p>\n<p>[\/vc_column_text][vc_column_text css=&#8221;&#8221;]<\/p>\n<h6 style=\"text-align: center;\"><a href=\"https:\/\/www.dfi-geisler.com\/wp-content\/uploads\/2025\/08\/Bankskiva-mot-heltackande-diskbank-MAV20203.pdf\"><span style=\"color: #000000;\">B\u00c4NKSKIVA MOT HELT\u00c4CKANDE DISKB\u00c4NK<\/span><\/a><\/h6>\n<p>[\/vc_column_text][vc_single_image image=&#8221;36841&#8243; img_size=&#8221;200&#215;135&#8243; alignment=&#8221;center&#8221; onclick=&#8221;custom_link&#8221; css=&#8221;&#8221; link=&#8221;https:\/\/www.dfi-geisler.com\/wp-content\/uploads\/2025\/08\/Bankskiva-mot-heltackande-diskbank-MAV20203.pdf&#8221;][\/vc_column][vc_column][vc_separator color=&#8221;black&#8221; border_width=&#8221;2&#8243; css=&#8221;&#8221;][\/vc_column][\/vc_row][vc_row][vc_column width=&#8221;1\/2&#8243;][vc_video link=&#8221;https:\/\/vimeo.com\/1172139799?fl=pl&amp;fe=sh&#8221; align=&#8221;center&#8221; css=&#8221;&#8221;][\/vc_column][vc_column width=&#8221;1\/2&#8243;][vc_column_text css=&#8221;&#8221;]<\/p>\n<p style=\"text-align: center;\"><span style=\"font-size: 36px; line-height: 40px;\"><span style=\"color: #000000;\">S\u00e5 monterar du dit st\u00e4nkskydd<\/span><\/span><\/p>\n<p>[\/vc_column_text][\/vc_column][vc_column][vc_separator color=&#8221;black&#8221; border_width=&#8221;2&#8243; css=&#8221;&#8221;][\/vc_column][\/vc_row][vc_row][vc_column width=&#8221;1\/2&#8243;][vc_video link=&#8221;https:\/\/vimeo.com\/1070990046&#8243; align=&#8221;center&#8221; css=&#8221;&#8221;][\/vc_column][vc_column width=&#8221;1\/2&#8243;][vc_column_text css=&#8221;&#8221;]<\/p>\n<p style=\"text-align: center;\"><span style=\"font-size: 36px; line-height: 40px;\"><span style=\"color: #000000;\">Brol\u00f6sning gerad<\/span><\/span><\/p>\n<p>[\/vc_column_text][\/vc_column][vc_column][vc_separator color=&#8221;black&#8221; border_width=&#8221;2&#8243; css=&#8221;&#8221;][\/vc_column][\/vc_row][vc_row][vc_column width=&#8221;1\/2&#8243;][vc_video link=&#8221;https:\/\/vimeo.com\/1072154928&#8243; align=&#8221;center&#8221; css=&#8221;&#8221;][\/vc_column][vc_column width=&#8221;1\/2&#8243;][vc_column_text css=&#8221;&#8221;]<\/p>\n<p style=\"text-align: center;\"><span style=\"font-size: 36px; line-height: 40px;\"><span style=\"color: #000000;\">Brol\u00f6sning enkel<\/span><\/span><\/p>\n<p>[\/vc_column_text][\/vc_column][vc_column][vc_separator color=&#8221;black&#8221; border_width=&#8221;2&#8243; css=&#8221;&#8221;][\/vc_column][\/vc_row][vc_row][vc_column width=&#8221;1\/2&#8243;][vc_video link=&#8221;https:\/\/vimeo.com\/368250495&#8243; align=&#8221;center&#8221;][\/vc_column][vc_column width=&#8221;1\/2&#8243;][vc_column_text]<\/p>\n<p style=\"text-align: center;\"><span style=\"font-size: 36px; line-height: 40px;\"><span style=\"color: #000000;\">S\u00e5 monterar du din spish\u00e4ll<\/span><\/span><\/p>\n<p>[\/vc_column_text][\/vc_column][vc_column][vc_separator color=&#8221;black&#8221; border_width=&#8221;2&#8243; css=&#8221;&#8221;][\/vc_column][\/vc_row][vc_row][vc_column width=&#8221;1\/2&#8243;][vc_video link=&#8221;https:\/\/vimeo.com\/999129657&#8243; align=&#8221;center&#8221; css=&#8221;&#8221;][\/vc_column][vc_column width=&#8221;1\/2&#8243;][vc_column_text css=&#8221;&#8221;]<\/p>\n<p style=\"text-align: center;\"><span style=\"font-size: 36px; line-height: 40px;\"><span style=\"color: #000000;\">S\u00e5 reng\u00f6r du din laminatb\u00e4nkskiva<\/span><\/span><\/p>\n<p>[\/vc_column_text][\/vc_column][vc_column][vc_separator color=&#8221;black&#8221; border_width=&#8221;2&#8243; css=&#8221;&#8221;][\/vc_column][\/vc_row][vc_row][vc_column width=&#8221;1\/2&#8243;][vc_single_image image=&#8221;29909&#8243; img_size=&#8221;large&#8221; onclick=&#8221;custom_link&#8221; img_link_target=&#8221;_blank&#8221; css=&#8221;&#8221; link=&#8221;https:\/\/www.dfi-geisler.com\/wp-content\/uploads\/2024\/12\/Underhaall-laminat-SE_12_2024.pdf&#8221;][vc_empty_space height=&#8221;8px&#8221;][\/vc_column][vc_column width=&#8221;1\/2&#8243;][vc_column_text css=&#8221;&#8221;]<\/p>\n<p style=\"text-align: center;\"><span style=\"font-size: 36px; line-height: 40px;\"><span style=\"color: #000000;\">S\u00e5 underh\u00e5ller du din b\u00e4nkskiva och vask<\/span><\/span><\/p>\n<p>[\/vc_column_text][vc_btn title=&#8221;L\u00e4s om underh\u00e5ll&#8221; color=&#8221;black&#8221; size=&#8221;lg&#8221; align=&#8221;center&#8221; css=&#8221;&#8221; link=&#8221;url:https%3A%2F%2Fwww.dfi-geisler.com%2Fwp-content%2Fuploads%2F2024%2F12%2FUnderhaall-laminat-SE_12_2024.pdf|target:_blank&#8221;][\/vc_column][\/vc_row][vc_row][vc_column][vc_separator color=&#8221;black&#8221; border_width=&#8221;2&#8243;][\/vc_column][\/vc_row][vc_row][vc_column width=&#8221;1\/2&#8243;][vc_video link=&#8221;https:\/\/vimeo.com\/216989521&#8243; align=&#8221;center&#8221; css=&#8221;&#8221;][\/vc_column][vc_column width=&#8221;1\/2&#8243;][vc_column_text css=&#8221;&#8221;]<\/p>\n<p style=\"text-align: center;\"><span style=\"font-size: 36px; line-height: 40px;\"><span style=\"color: #000000;\">S\u00e5 reparerar du din kompositvask<\/span><\/span><\/p>\n<p>[\/vc_column_text][\/vc_column][\/vc_row]<\/p>\n<\/div>","protected":false},"excerpt":{"rendered":"<p>[vc_row full_width=&#8221;stretch_row_content&#8221; css=&#8221;.vc_custom_1675408657807{padding-top: 100px !important;padding-bottom: 100px !important;background-image: url(https:\/\/www.dfi-geisler.com\/wp-content\/uploads\/2020\/05\/Boremaskine-wide-m\u00f8rk-scaled.jpg?id=19683) !important;}&#8221;][vc_column][vc_column_text] Montering och underh\u00e5ll &#8211; Laminat &nbsp; [\/vc_column_text][\/vc_column][\/vc_row][vc_row][vc_column width=&#8221;1\/2&#8243;][vc_video link=&#8221;https:\/\/vimeo.com\/886431029&#8243; align=&#8221;center&#8221;][\/vc_column][vc_column width=&#8221;1\/2&#8243;][vc_column_text] S\u00e5 monterar du din laminatb\u00e4nkskiva [\/vc_column_text][vc_column_text<\/p>\n","protected":false},"author":1,"featured_media":0,"parent":0,"menu_order":0,"comment_status":"closed","ping_status":"closed","template":"","meta":{"_monsterinsights_skip_tracking":false,"_monsterinsights_sitenote_active":false,"_monsterinsights_sitenote_note":"","_monsterinsights_sitenote_category":0,"footnotes":""},"class_list":["post-1237","page","type-page","status-publish","hentry"],"aioseo_notices":[],"_links":{"self":[{"href":"https:\/\/www.dfi-geisler.com\/sv\/wp-json\/wp\/v2\/pages\/1237","targetHints":{"allow":["GET"]}}],"collection":[{"href":"https:\/\/www.dfi-geisler.com\/sv\/wp-json\/wp\/v2\/pages"}],"about":[{"href":"https:\/\/www.dfi-geisler.com\/sv\/wp-json\/wp\/v2\/types\/page"}],"author":[{"embeddable":true,"href":"https:\/\/www.dfi-geisler.com\/sv\/wp-json\/wp\/v2\/users\/1"}],"replies":[{"embeddable":true,"href":"https:\/\/www.dfi-geisler.com\/sv\/wp-json\/wp\/v2\/comments?post=1237"}],"version-history":[{"count":162,"href":"https:\/\/www.dfi-geisler.com\/sv\/wp-json\/wp\/v2\/pages\/1237\/revisions"}],"predecessor-version":[{"id":38767,"href":"https:\/\/www.dfi-geisler.com\/sv\/wp-json\/wp\/v2\/pages\/1237\/revisions\/38767"}],"wp:attachment":[{"href":"https:\/\/www.dfi-geisler.com\/sv\/wp-json\/wp\/v2\/media?parent=1237"}],"curies":[{"name":"wp","href":"https:\/\/api.w.org\/{rel}","templated":true}]}}